{"id":6061,"date":"2023-08-27T17:25:10","date_gmt":"2023-08-27T15:25:10","guid":{"rendered":"https:\/\/ekomfort.lu\/?post_type=product&#038;p=6061"},"modified":"2024-07-19T16:25:34","modified_gmt":"2024-07-19T14:25:34","slug":"bottines-chelsea-femme-cuir-pomme-sisi-black","status":"publish","type":"product","link":"https:\/\/ekomfort.lu\/lb\/shop\/bottines-chelsea-femme-cuir-pomme-sisi-black\/","title":{"rendered":"Sisi Black : Bottines Chelsea femme en cuir de pomme avec bout brogue wing tip en Apple Leather pour un style \u00e9co-responsable"},"content":{"rendered":"<style>.kb-row-layout-id6061_335045-cc > .kt-row-column-wrap{align-content:start;}:where(.kb-row-layout-id6061_335045-cc > .kt-row-column-wrap) > .wp-block-kadence-column{justify-content:start;}.kb-row-layout-id6061_335045-cc > .kt-row-column-wrap{column-gap:var(--global-kb-gap-md, 2rem);row-gap:var(--global-kb-gap-md, 2rem);max-width:940px;margin-left:auto;margin-right:auto;padding-top:var(--global-kb-spacing-sm, 1.5rem);padding-bottom:var(--global-kb-spacing-sm, 1.5rem);grid-template-columns:minmax(0, 1fr);}.kb-row-layout-id6061_335045-cc > .kt-row-layout-overlay{opacity:0.30;}@media all and (max-width: 1024px){.kb-row-layout-id6061_335045-cc > .kt-row-column-wrap{grid-template-columns:minmax(0, 1fr);}}@media all and (max-width: 767px){.kb-row-layout-id6061_335045-cc > .kt-row-column-wrap{grid-template-columns:minmax(0, 1fr);}}<\/style><div class=\"kb-row-layout-wrap kb-row-layout-id6061_335045-cc alignnone wp-block-kadence-rowlayout\"><div class=\"kt-row-column-wrap kt-has-1-columns kt-row-layout-equal kt-tab-layout-inherit kt-mobile-layout-row kt-row-valign-top\">\n<style>.kadence-column6061_ebcfda-f0 > .kt-inside-inner-col{padding-top:0px;padding-right:var(--global-kb-spacing-xs, 1rem);padding-bottom:0px;padding-left:var(--global-kb-spacing-xs, 1rem);}.kadence-column6061_ebcfda-f0 > .kt-inside-inner-col,.kadence-column6061_ebcfda-f0 > .kt-inside-inner-col:before{border-top-left-radius:0px;border-top-right-radius:0px;border-bottom-right-radius:0px;border-bottom-left-radius:0px;}.kadence-column6061_ebcfda-f0 > .kt-inside-inner-col{column-gap:var(--global-kb-gap-sm, 1rem);}.kadence-column6061_ebcfda-f0 > .kt-inside-inner-col{flex-direction:column;}.kadence-column6061_ebcfda-f0 > .kt-inside-inner-col > .aligncenter{width:100%;}.kadence-column6061_ebcfda-f0 > .kt-inside-inner-col:before{opacity:0.3;}.kadence-column6061_ebcfda-f0{position:relative;}.kadence-column6061_ebcfda-f0, .kt-inside-inner-col > .kadence-column6061_ebcfda-f0:not(.specificity){margin-top:0px;margin-right:0px;margin-bottom:0px;margin-left:0px;}@media all and (max-width: 1024px){.kadence-column6061_ebcfda-f0 > .kt-inside-inner-col{flex-direction:column;justify-content:center;}}@media all and (max-width: 767px){.kadence-column6061_ebcfda-f0 > .kt-inside-inner-col{flex-direction:column;justify-content:center;}}<\/style>\n<div class=\"wp-block-kadence-column kadence-column6061_ebcfda-f0\"><div class=\"kt-inside-inner-col\">\n<p>Vous \u00eates \u00e0 la recherche de <strong>bottines Chelsea femme<\/strong> en cuir de pomme qui allient style unique et responsabilit\u00e9 environnementale ? Vous aimez les designs classiques avec une touche contemporaine comme le <strong>bout brogue wing tip<\/strong> ?<\/p>\n\n\n\n<p>Ne cherchez plus, nous avons ce qu&#8217;il vous faut ! D\u00e9couvrez les <strong>Sisi Black<\/strong>, des bottines chelsea pour femme faites en <strong>Apple Leather<\/strong>. Ce mat\u00e9riau innovant est fabriqu\u00e9 \u00e0 partir de fibres provenant des r\u00e9sidus de la production industrielle de jus de pomme, offrant une alternative au cuir traditionnel \u00e0 la fois innovante, <strong>\u00e9co-responsable<\/strong> et sans cruaut\u00e9.<\/p>\n\n\n\n<p>En optant pour les <strong>Sisi Black<\/strong> :<\/p>\n\n\n<style>.wp-block-kadence-iconlist.kt-svg-icon-list-items6061_caebff-c6:not(.this-stops-third-party-issues){margin-top:0px;margin-bottom:0px;}.wp-block-kadence-iconlist.kt-svg-icon-list-items6061_caebff-c6 ul.kt-svg-icon-list:not(.this-prevents-issues):not(.this-stops-third-party-issues):not(.tijsloc){margin-top:var(--global-kb-spacing-sm, 1.5rem);margin-right:0px;margin-bottom:var(--global-kb-spacing-sm, 1.5rem);margin-left:0px;}.wp-block-kadence-iconlist.kt-svg-icon-list-items6061_caebff-c6 ul.kt-svg-icon-list{grid-row-gap:15px;}.wp-block-kadence-iconlist.kt-svg-icon-list-items6061_caebff-c6 .kb-svg-icon-wrap{font-size:18px;color:var(--global-palette1, #3182CE);}.wp-block-kadence-iconlist.kt-svg-icon-list-items6061_caebff-c6 ul.kt-svg-icon-list .kt-svg-icon-list-item-wrap .kt-svg-icon-list-single{margin-right:10px;}.kt-svg-icon-list-items6061_caebff-c6 ul.kt-svg-icon-list .kt-svg-icon-list-level-0 .kt-svg-icon-list-single svg{font-size:20px;}<\/style>\n<div class=\"wp-block-kadence-iconlist kt-svg-icon-list-items kt-svg-icon-list-items6061_caebff-c6 kt-svg-icon-list-columns-1 alignnone\"><ul class=\"kt-svg-icon-list\"><style>.kt-svg-icon-list-item-6061_07ed43-30 .kt-svg-icon-list-text mark.kt-highlight{background-color:unset;font-style:normal;color:#f76a0c;-webkit-box-decoration-break:clone;box-decoration-break:clone;padding-top:0px;padding-right:0px;padding-bottom:0px;padding-left:0px;}<\/style>\n<li class=\"wp-block-kadence-listitem kt-svg-icon-list-item-wrap kt-svg-icon-list-item-6061_07ed43-30\"><span class=\"kb-svg-icon-wrap kb-svg-icon-fe_checkCircle kt-svg-icon-list-single\"><svg viewBox=\"0 0 24 24\"  fill=\"none\" stroke=\"currentColor\" stroke-width=\"3\" stroke-linecap=\"round\" stroke-linejoin=\"round\" xmlns=\"http:\/\/www.w3.org\/2000\/svg\"  aria-hidden=\"true\"><path d=\"M22 11.08V12a10 10 0 1 1-5.93-9.14\"\/><polyline points=\"22 4 12 14.01 9 11.01\"\/><\/svg><\/span><span class=\"kt-svg-icon-list-text\">Apportez une touche d&#8217;\u00e9l\u00e9gance et d&#8217;originalit\u00e9 \u00e0 vos tenues gr\u00e2ce au <strong>bout brogue wing tip<\/strong>.<\/span><\/li>\n\n\n<style>.kt-svg-icon-list-item-6061_0f4c95-37 .kt-svg-icon-list-text mark.kt-highlight{background-color:unset;font-style:normal;color:#f76a0c;-webkit-box-decoration-break:clone;box-decoration-break:clone;padding-top:0px;padding-right:0px;padding-bottom:0px;padding-left:0px;}<\/style>\n<li class=\"wp-block-kadence-listitem kt-svg-icon-list-item-wrap kt-svg-icon-list-item-6061_0f4c95-37\"><span class=\"kb-svg-icon-wrap kb-svg-icon-fe_checkCircle kt-svg-icon-list-single\"><svg viewBox=\"0 0 24 24\"  fill=\"none\" stroke=\"currentColor\" stroke-width=\"3\" stroke-linecap=\"round\" stroke-linejoin=\"round\" xmlns=\"http:\/\/www.w3.org\/2000\/svg\"  aria-hidden=\"true\"><path d=\"M22 11.08V12a10 10 0 1 1-5.93-9.14\"\/><polyline points=\"22 4 12 14.01 9 11.01\"\/><\/svg><\/span><span class=\"kt-svg-icon-list-text\">Contribuez \u00e0 un futur plus durable en choisissant un mat\u00e9riau innovant et <strong>\u00e9co-responsable<\/strong>.<\/span><\/li>\n\n\n<style>.kt-svg-icon-list-item-6061_606cad-26 .kt-svg-icon-list-text mark.kt-highlight{background-color:unset;font-style:normal;color:#f76a0c;-webkit-box-decoration-break:clone;box-decoration-break:clone;padding-top:0px;padding-right:0px;padding-bottom:0px;padding-left:0px;}<\/style>\n<li class=\"wp-block-kadence-listitem kt-svg-icon-list-item-wrap kt-svg-icon-list-item-6061_606cad-26\"><span class=\"kb-svg-icon-wrap kb-svg-icon-fe_checkCircle kt-svg-icon-list-single\"><svg viewBox=\"0 0 24 24\"  fill=\"none\" stroke=\"currentColor\" stroke-width=\"3\" stroke-linecap=\"round\" stroke-linejoin=\"round\" xmlns=\"http:\/\/www.w3.org\/2000\/svg\"  aria-hidden=\"true\"><path d=\"M22 11.08V12a10 10 0 1 1-5.93-9.14\"\/><polyline points=\"22 4 12 14.01 9 11.01\"\/><\/svg><\/span><span class=\"kt-svg-icon-list-text\">Profitez du confort et de la durabilit\u00e9 que seul l&#8217;<strong>Apple Leather<\/strong> peut offrir.<\/span><\/li>\n<\/ul><\/div>\n\n\n\n<p>Ne faites plus de compromis entre style et \u00e9thique. Les bottines chelsea femme en cuir pomme <strong>Sisi Black<\/strong> sont les <strong>bottines Chelsea pour femme<\/strong> qui r\u00e9pondent \u00e0 toutes vos attentes. Commandez d\u00e8s maintenant pour un style irr\u00e9prochable et \u00e9co-responsable !<\/p>\n<\/div><\/div>\n\n<\/div><\/div>","protected":false},"excerpt":{"rendered":"<p>Vous \u00eates \u00e0 la recherche de bottines Chelsea femme en cuir de pomme qui allient style unique et responsabilit\u00e9 environnementale ? Vous aimez les designs classiques avec une touche contemporaine comme le bout brogue wing tip ? Ne cherchez plus, nous avons ce qu&#8217;il vous faut ! D\u00e9couvrez les Sisi Black, des bottines chelsea pour&#8230;<\/p>\n","protected":false},"featured_media":6059,"comment_status":"open","ping_status":"closed","template":"","meta":{"_acf_changed":false,"_kad_blocks_custom_css":"","_kad_blocks_head_custom_js":"","_kad_blocks_body_custom_js":"","_kad_blocks_footer_custom_js":"","_kad_post_transparent":"","_kad_post_title":"","_kad_post_layout":"","_kad_post_sidebar_id":"","_kad_post_content_style":"","_kad_post_vertical_padding":"","_kad_post_feature":"","_kad_post_feature_position":"","_kad_post_header":false,"_kad_post_footer":false},"product_brand":[],"product_cat":[65,46],"product_tag":[],"product_brands":[28],"class_list":{"0":"post-6061","1":"product","2":"type-product","3":"status-publish","4":"has-post-thumbnail","6":"product_cat-bottes","7":"product_cat-chaussures","8":"product_brands-nae-vegan-shoes","10":"first","11":"outofstock","12":"taxable","13":"shipping-taxable","14":"purchasable","15":"product-type-variable","16":"has-default-attributes","17":"entry","18":"content-bg","19":"loop-entry"},"acf":{"avantages":"\ud83c\udf1f Mod\u00e8le polyvalent avec motif uni, bout rond et pointage d\u00e9coratif en design brogue habituel en aile. Adapt\u00e9 aux occasions d\u00e9contract\u00e9es et \u00e9l\u00e9gantes.\r\n\r\n\ud83d\udc63 Confortable \u00e0 porter avec une bride arri\u00e8re et une semelle matelass\u00e9e anti-humidit\u00e9. Adieu les frottements et les ampoules !\r\n\r\n\ud83d\udca6 R\u00e9sistantes \u00e0 l'eau, respirantes, antimicrobiennes et hypoallerg\u00e9niques. L'hygi\u00e8ne optimale et l'\u00e9limination des mauvaises odeurs sont garanties.\r\n\r\n\ud83c\udf4f Tige en Apple leather, fabriqu\u00e9e \u00e0 partir de fibres de r\u00e9sidus de production de jus de pomme. Une alternative \u00e9cologique pour un look tendance.\r\n\r\n\ud83c\udf31 Doublure en cuir v\u00e9gan OnSteam, respirant, antibact\u00e9rien, antimicrobien et \u00e9cologique. Du confort et de l'\u00e9thique en une seule chaussure.\r\n\r\n\ud83d\udca7 Semelle de propret\u00e9 en gomme EVA matelass\u00e9e et lamin\u00e9e avec microfibre anti-humidit\u00e9. Un confort optimal et une protection contre l'humidit\u00e9.\r\n\r\n\u26a1 Semelle d'usure en gomme TR Expanded longue vie avec profil antid\u00e9rapant. Pour une adh\u00e9rence et une durabilit\u00e9 optimales.\r\n\r\n\ud83d\udcaa Bandes \u00e9lastiques lat\u00e9rales en \u00e9lasthanne pour un bon maintien de la botte. Un confort et un ajustement parfaits.\r\n\r\n\ud83d\udc60 Hauteur du talon : 3 cm | Hauteur de la semelle : 2 cm. Le bon \u00e9quilibre et une d\u00e9marche confortable sont assur\u00e9s.\r\n\r\n\ud83c\uddf5\ud83c\uddf9 Fabriqu\u00e9es avec soin au Portugal en utilisant des mat\u00e9riaux de qualit\u00e9. Un","entretien":"1. Enlevez la poussi\u00e8re ou la boue avec une brosse douce ou un chiffon sec.\r\n\r\n2. Utilisez un chiffon humide pour nettoyer l'ensemble de la chaussure en frottant doucement d'un geste circulaire. Nettoyez r\u00e9guli\u00e8rement votre chiffon pour \u00e9viter de r\u00e9pandre la salet\u00e9.\r\n\r\n3. Pour les t\u00e2ches difficiles, utilisez une brosse \u00e0 poils doux et de l'eau en frottant d\u00e9licatement d'un geste circulaire.\r\n\r\n4. Laissez s\u00e9cher \u00e0 l'air libre avant d'appliquer une cr\u00e8me nettoyante.\r\n\r\n5. Appliquez une noisette de cr\u00e8me nettoyante sur une brosse ou un chiffon doux et sec, puis frottez d\u00e9licatement de mani\u00e8re circulaire jusqu'\u00e0 absorption compl\u00e8te.\r\n\r\n6. Laissez s\u00e9cher \u00e0 l'air libre pendant 24 heures, \u00e0 l'abri de la lumi\u00e8re directe du soleil.\r\n\r\n<strong>Attention<\/strong> :\r\n\r\n- Ne mettez pas vos chaussures en machine.\r\n\r\n- Ne les immergez pas dans l'eau, cela pourrait causer des dommages irr\u00e9versibles.\r\n\r\nLorsque vos chaussures v\u00e9ganes ont atteint leur dur\u00e9e de vie ou que vous n'en avez plus besoin, pensez \u00e0 leur donner une seconde vie. Utilisez-les pour vous-m\u00eame ou faites-en profiter une autre personne.","marque":""},"_wp_attached_file":null,"_wp_attachment_image_alt":null,"rank_math_facebook_image":null,"rank_math_facebook_image_id":null,"wpml_language":null,"_wp_attachment_metadata":null,"rank_math_focus_keyword":"Sisi Black, bottines chelsea femme cuir","rank_math_title":"Bottines Chelsea femme en cuir pomme Sisi Black - Confort et Style!","rank_math_description":"Optez pour l'\u00e9l\u00e9gance intemporelle avec les bottines Chelsea en cuir pomme Sisi Black pour femme. Ajoutez une touche de classe \u00e0 votre look d\u00e8s maintenant !","taxonomy_info":{"product_cat":[{"value":65,"label":"Bottes"},{"value":46,"label":"Chaussures"}],"product_brands":[{"value":28,"label":"NAE Vegan Shoes"}]},"featured_image_src_large":["https:\/\/ekomfort.lu\/wp-content\/uploads\/2023\/08\/sisi-black.jpg",700,700,false],"author_info":[],"comment_info":0,"_links":{"self":[{"href":"https:\/\/ekomfort.lu\/lb\/wp-json\/wp\/v2\/product\/6061","targetHints":{"allow":["GET"]}}],"collection":[{"href":"https:\/\/ekomfort.lu\/lb\/wp-json\/wp\/v2\/product"}],"about":[{"href":"https:\/\/ekomfort.lu\/lb\/wp-json\/wp\/v2\/types\/product"}],"replies":[{"embeddable":true,"href":"https:\/\/ekomfort.lu\/lb\/wp-json\/wp\/v2\/comments?post=6061"}],"wp:featuredmedia":[{"embeddable":true,"href":"https:\/\/ekomfort.lu\/lb\/wp-json\/wp\/v2\/media\/6059"}],"wp:attachment":[{"href":"https:\/\/ekomfort.lu\/lb\/wp-json\/wp\/v2\/media?parent=6061"}],"wp:term":[{"taxonomy":"product_brand","embeddable":true,"href":"https:\/\/ekomfort.lu\/lb\/wp-json\/wp\/v2\/product_brand?post=6061"},{"taxonomy":"product_cat","embeddable":true,"href":"https:\/\/ekomfort.lu\/lb\/wp-json\/wp\/v2\/product_cat?post=6061"},{"taxonomy":"product_tag","embeddable":true,"href":"https:\/\/ekomfort.lu\/lb\/wp-json\/wp\/v2\/product_tag?post=6061"},{"taxonomy":"product_brands","embeddable":true,"href":"https:\/\/ekomfort.lu\/lb\/wp-json\/wp\/v2\/product_brands?post=6061"}],"curies":[{"name":"wp","href":"https:\/\/api.w.org\/{rel}","templated":true}]}}