{"id":4575,"date":"2023-08-16T14:50:22","date_gmt":"2023-08-16T12:50:22","guid":{"rendered":"https:\/\/ekomfort.lu\/?post_type=product&#038;p=4575"},"modified":"2024-07-19T16:25:37","modified_gmt":"2024-07-19T14:25:37","slug":"portefeuille-femme-vegan-walletella-brown","status":"publish","type":"product","link":"https:\/\/ekomfort.lu\/lb\/shop\/portefeuille-femme-vegan-walletella-brown\/","title":{"rendered":"Ella Brown &#8211; Le portefeuille femme vegan : Pratique et \u00c9l\u00e9gant pour un Quotidien \u00c9thique"},"content":{"rendered":"\n<p>Vous d\u00e9sirez un <strong>portefeuille femme vegan<\/strong> pour \u00e9pouser un mode de vie respectueux de l&#8217;environnement tout en valorisant l&#8217;\u00e9l\u00e9gance et la praticit\u00e9 ? Vous \u00eates \u00e0 la recherche du parfait compagnon pour transporter vos essentiels ?<\/p>\n\n\n\n<p>D\u00e9couvrez <strong>Ella Brown<\/strong>, le <strong>portefeuille femme chic<\/strong> en cuir v\u00e9gan, un accessoire au design raffin\u00e9, l\u00e9ger et durable qui exc\u00e9dera toutes vos attentes.<\/p>\n\n\n\n<p>Avec <strong>Ella Brown<\/strong> \u00e0 vos c\u00f4t\u00e9s :<\/p>\n\n\n<style>.wp-block-kadence-iconlist.kt-svg-icon-list-items4575_7aba8d-4f:not(.this-stops-third-party-issues){margin-top:0px;margin-bottom:0px;}.wp-block-kadence-iconlist.kt-svg-icon-list-items4575_7aba8d-4f ul.kt-svg-icon-list:not(.this-prevents-issues):not(.this-stops-third-party-issues):not(.tijsloc){margin-top:0px;margin-right:0px;margin-bottom:var(--global-kb-spacing-sm, 1.5rem);margin-left:0px;}.wp-block-kadence-iconlist.kt-svg-icon-list-items4575_7aba8d-4f ul.kt-svg-icon-list{grid-row-gap:5px;}.wp-block-kadence-iconlist.kt-svg-icon-list-items4575_7aba8d-4f .kb-svg-icon-wrap{font-size:18px;color:var(--global-palette1, #3182CE);}.wp-block-kadence-iconlist.kt-svg-icon-list-items4575_7aba8d-4f ul.kt-svg-icon-list .kt-svg-icon-list-item-wrap .kt-svg-icon-list-single{margin-right:10px;}.kt-svg-icon-list-items4575_7aba8d-4f ul.kt-svg-icon-list .kt-svg-icon-list-level-0 .kt-svg-icon-list-single svg{font-size:20px;}<\/style>\n<div class=\"wp-block-kadence-iconlist kt-svg-icon-list-items kt-svg-icon-list-items4575_7aba8d-4f kt-svg-icon-list-columns-1 alignnone\"><ul class=\"kt-svg-icon-list\"><style>.kt-svg-icon-list-item-4575_47ac0c-a5 .kt-svg-icon-list-text mark.kt-highlight{background-color:unset;font-style:normal;color:#f76a0c;-webkit-box-decoration-break:clone;box-decoration-break:clone;padding-top:0px;padding-right:0px;padding-bottom:0px;padding-left:0px;}<\/style>\n<li class=\"wp-block-kadence-listitem kt-svg-icon-list-item-wrap kt-svg-icon-list-item-4575_47ac0c-a5\"><span class=\"kb-svg-icon-wrap kb-svg-icon-fe_checkCircle kt-svg-icon-list-single\"><svg viewBox=\"0 0 24 24\"  fill=\"none\" stroke=\"currentColor\" stroke-width=\"3\" stroke-linecap=\"round\" stroke-linejoin=\"round\" xmlns=\"http:\/\/www.w3.org\/2000\/svg\"  aria-hidden=\"true\"><path d=\"M22 11.08V12a10 10 0 1 1-5.93-9.14\"\/><polyline points=\"22 4 12 14.01 9 11.01\"\/><\/svg><\/span><span class=\"kt-svg-icon-list-text\">\n<p>Adoptez la l\u00e9g\u00e8ret\u00e9 avec un design fin et compact offrant un espace suffisant pour tous vos indispensables sans encombre.<\/p>\n<\/span><\/li>\n\n\n<style>.kt-svg-icon-list-item-4575_f2d10e-9b .kt-svg-icon-list-text mark.kt-highlight{background-color:unset;font-style:normal;color:#f76a0c;-webkit-box-decoration-break:clone;box-decoration-break:clone;padding-top:0px;padding-right:0px;padding-bottom:0px;padding-left:0px;}<\/style>\n<li class=\"wp-block-kadence-listitem kt-svg-icon-list-item-wrap kt-svg-icon-list-item-4575_f2d10e-9b\"><span class=\"kb-svg-icon-wrap kb-svg-icon-fe_checkCircle kt-svg-icon-list-single\"><svg viewBox=\"0 0 24 24\"  fill=\"none\" stroke=\"currentColor\" stroke-width=\"3\" stroke-linecap=\"round\" stroke-linejoin=\"round\" xmlns=\"http:\/\/www.w3.org\/2000\/svg\"  aria-hidden=\"true\"><path d=\"M22 11.08V12a10 10 0 1 1-5.93-9.14\"\/><polyline points=\"22 4 12 14.01 9 11.01\"\/><\/svg><\/span><span class=\"kt-svg-icon-list-text\">\n<p>G\u00e9rez efficacement vos biens gr\u00e2ce \u00e0 ses multiples compartiments : 12 emplacements pour cartes, deux porte-photos, deux compartiments pour billets et notes, un espace r\u00e9serv\u00e9 pour vos cl\u00e9s et tickets, et un compartiment pour la monnaie \u00e0 fermeture \u00e9clair.<\/p>\n<\/span><\/li>\n\n\n<style>.kt-svg-icon-list-item-4575_07845a-94 .kt-svg-icon-list-text mark.kt-highlight{background-color:unset;font-style:normal;color:#f76a0c;-webkit-box-decoration-break:clone;box-decoration-break:clone;padding-top:0px;padding-right:0px;padding-bottom:0px;padding-left:0px;}<\/style>\n<li class=\"wp-block-kadence-listitem kt-svg-icon-list-item-wrap kt-svg-icon-list-item-4575_07845a-94\"><span class=\"kb-svg-icon-wrap kb-svg-icon-fe_checkCircle kt-svg-icon-list-single\"><svg viewBox=\"0 0 24 24\"  fill=\"none\" stroke=\"currentColor\" stroke-width=\"3\" stroke-linecap=\"round\" stroke-linejoin=\"round\" xmlns=\"http:\/\/www.w3.org\/2000\/svg\"  aria-hidden=\"true\"><path d=\"M22 11.08V12a10 10 0 1 1-5.93-9.14\"\/><polyline points=\"22 4 12 14.01 9 11.01\"\/><\/svg><\/span><span class=\"kt-svg-icon-list-text\">\n<p>Prenez un virage \u00e9thique avec un <strong>portefeuille femme vegan<\/strong> en cuir, un mat\u00e9riau novateur et respectueux de l&#8217;environnement qui n&#8217;\u00e9met aucun CO2, ne gaspille ni eau ni \u00e9nergie, et qui est sans danger pour tout organisme.<\/p>\n<\/span><\/li>\n<\/ul><\/div>\n\n\n\n<p>Sans cruaut\u00e9, sans concession sur la qualit\u00e9, sans regrets&#8230;<\/p>\n\n\n\n<p>Choisissez le <strong>portefeuille femme vegan<\/strong> <strong>Ella Brown<\/strong>, et d\u00e9couvrez le potentiel d&#8217;un <strong>portefeuille femme tendance<\/strong> bien plus qu&#8217;un simple accessoire : c&#8217;est le reflet de vos convictions profondes. Cependant, cette opportunit\u00e9 ne sera pas \u00e9ternelle, les stocks sont limit\u00e9s et ce mod\u00e8le est tr\u00e8s appr\u00e9ci\u00e9. Saisissez l&#8217;occasion !<\/p>\n","protected":false},"excerpt":{"rendered":"<p>Vous d\u00e9sirez un portefeuille femme vegan pour \u00e9pouser un mode de vie respectueux de l&#8217;environnement tout en valorisant l&#8217;\u00e9l\u00e9gance et la praticit\u00e9 ? Vous \u00eates \u00e0 la recherche du parfait compagnon pour transporter vos essentiels ? D\u00e9couvrez Ella Brown, le portefeuille femme chic en cuir v\u00e9gan, un accessoire au design raffin\u00e9, l\u00e9ger et durable qui&#8230;<\/p>\n","protected":false},"featured_media":5675,"comment_status":"open","ping_status":"closed","template":"","meta":{"_acf_changed":false,"_kad_blocks_custom_css":"","_kad_blocks_head_custom_js":"","_kad_blocks_body_custom_js":"","_kad_blocks_footer_custom_js":"","_kad_post_transparent":"","_kad_post_title":"","_kad_post_layout":"","_kad_post_sidebar_id":"","_kad_post_content_style":"","_kad_post_vertical_padding":"","_kad_post_feature":"","_kad_post_feature_position":"","_kad_post_header":false,"_kad_post_footer":false},"product_brand":[],"product_cat":[128,48],"product_tag":[228],"product_brands":[28],"class_list":{"0":"post-4575","1":"product","2":"type-product","3":"status-publish","4":"has-post-thumbnail","6":"product_cat-portefeuilles","7":"product_cat-accessoires","8":"product_tag-femme","9":"product_brands-nae-vegan-shoes","11":"first","12":"instock","13":"taxable","14":"shipping-taxable","15":"purchasable","16":"product-type-simple","17":"entry","18":"content-bg","19":"loop-entry"},"acf":{"avantages":"<ul>\r\n \t<li>\r\n<h6>\ud83c\udf3f Mat\u00e9riau: Fabriqu\u00e9 en cuir v\u00e9gan \u00e0 partir de microfibres \u00e9co-responsables. Une alternative respectueuse de l'environnement au cuir traditionnel.<\/h6>\r\n<\/li>\r\n<\/ul>\r\n<h6><\/h6>\r\n<ul>\r\n \t<li>\r\n<h6>\ud83d\udd12 Fermeture: Les boutons pression et la fermeture \u00e9clair int\u00e9rieure sont en m\u00e9tal sans nickel. Pour une durabilit\u00e9 et une protection contre les allergies.<\/h6>\r\n<\/li>\r\n<\/ul>\r\n<h6><\/h6>\r\n<ul>\r\n \t<li>\r\n<h6>\ud83d\udc5c Taille: Unique mais spacieux, suffisamment grand pour contenir tous vos essentiels quotidiens.<\/h6>\r\n<\/li>\r\n<\/ul>\r\n<h6><\/h6>\r\n<ul>\r\n \t<li>\r\n<h6>\ud83d\udccf Dimensions: Mesure 6,9 x 4,3 x 1,6 pouces. Un \u00e9quilibre parfait entre compacit\u00e9 et espace de rangement.<\/h6>\r\n<\/li>\r\n<\/ul>\r\n<h6><\/h6>\r\n<ul>\r\n \t<li>\r\n<h6>\ud83c\uddea\ud83c\uddf8 Made in Spain: Fabriqu\u00e9 avec soin en Espagne, avec une attention particuli\u00e8re aux d\u00e9tails et \u00e0 la qualit\u00e9.<\/h6>\r\n<\/li>\r\n<\/ul>\r\n<h6><\/h6>\r\n<ul>\r\n \t<li>\r\n<h6>\u267b\ufe0f Mat\u00e9riaux et processus de fabrication durables: Fabriqu\u00e9 \u00e0 partir de mat\u00e9riaux respectueux de l'environnement et utilisant des processus de fabrication durables pour r\u00e9duire l'empreinte \u00e9cologique.<\/h6>\r\n<\/li>\r\n<\/ul>\r\n<h6><\/h6>\r\n<ul>\r\n \t<li>\r\n<h6>\ud83e\udd1dConditions de travail \u00e9quitables: Fabriqu\u00e9 dans des conditions de travail justes, garantissant des pratiques \u00e9thiques et respectueuses des droits des travailleurs.<\/h6>\r\n<\/li>\r\n<\/ul>","entretien":"1. Enlevez la poussi\u00e8re ou la boue avec une brosse douce ou un chiffon sec.\r\n\r\n&nbsp;\r\n\r\n2. Utilisez un chiffon humide pour nettoyer l'ensemble de votre produit en frottant doucement d'un geste circulaire.\r\n\r\n&nbsp;\r\n\r\n3. Nettoyez r\u00e9guli\u00e8rement votre chiffon pour \u00e9viter de r\u00e9pandre la salet\u00e9.\r\n\r\n&nbsp;\r\n\r\n4. Pour les t\u00e2ches difficiles, utilisez une brosse \u00e0 poils doux et de l'eau en frottant d\u00e9licatement d'un geste circulaire.\r\n\r\n&nbsp;\r\n\r\n5. Laissez s\u00e9cher \u00e0 l'air libre avant d'appliquer une cr\u00e8me nettoyante.\r\n\r\n&nbsp;\r\n\r\n6. Utilisez une cr\u00e8me nettoyante pour donner plus d'\u00e9clat \u00e0 votre produit. Mettez une noisette de produit sur une brosse ou un chiffon doux et sec, puis faites p\u00e9n\u00e9trer compl\u00e8tement dans le tissu en frottant d\u00e9licatement de mani\u00e8re circulaire jusqu'\u00e0 totale absorption.\r\n\r\n&nbsp;\r\n\r\n7. Enfin, laissez s\u00e9cher \u00e0 l'air libre pendant 24 heures, \u00e0 l'abri de la lumi\u00e8re directe du soleil.\r\n\r\n&nbsp;\r\n\r\n<strong>Attention<\/strong> :\r\n\r\n&nbsp;\r\n\r\n\u2022 Ne mettez pas votre produit en machine.\r\n\r\n&nbsp;\r\n\r\n\u2022 Ne l'immergez pas dans l'eau, cela pourrait causer des dommages irr\u00e9versibles.\r\n\r\n&nbsp;\r\n\r\nLorsque vos chaussures v\u00e9ganes ont atteint leur dur\u00e9e de vie ou que vous n'en avez plus besoin, envisagez de leur donner une seconde vie.\r\n\r\n&nbsp;\r\n\r\nDonnez-leur un autre usage pour vous-m\u00eame ou offrez-les \u00e0 quelqu","marque":""},"_wp_attached_file":null,"_wp_attachment_image_alt":null,"rank_math_facebook_image":null,"rank_math_facebook_image_id":null,"wpml_language":null,"_wp_attachment_metadata":null,"rank_math_focus_keyword":"Ella Brown, portefeuille femme vegan","rank_math_title":"Portefeuille WalletElla Brown pour femme - \u00c9thique et V\u00e9gane","rank_math_description":"Optez pour notre portefeuille WalletElla Brown vegan pour femme. Associez style et \u00e9thique avec cet accessoire tendance. Achetez-le maintenant !","taxonomy_info":{"product_cat":[{"value":128,"label":"Portefeuilles"},{"value":48,"label":"Accessoires"}],"product_tag":[{"value":228,"label":"Boutique femme"}],"product_brands":[{"value":28,"label":"NAE Vegan Shoes"}]},"featured_image_src_large":["https:\/\/ekomfort.lu\/wp-content\/uploads\/2023\/08\/wallet-ella-brown-1024x1024.jpg",1024,1024,true],"author_info":[],"comment_info":0,"_links":{"self":[{"href":"https:\/\/ekomfort.lu\/lb\/wp-json\/wp\/v2\/product\/4575","targetHints":{"allow":["GET"]}}],"collection":[{"href":"https:\/\/ekomfort.lu\/lb\/wp-json\/wp\/v2\/product"}],"about":[{"href":"https:\/\/ekomfort.lu\/lb\/wp-json\/wp\/v2\/types\/product"}],"replies":[{"embeddable":true,"href":"https:\/\/ekomfort.lu\/lb\/wp-json\/wp\/v2\/comments?post=4575"}],"wp:featuredmedia":[{"embeddable":true,"href":"https:\/\/ekomfort.lu\/lb\/wp-json\/wp\/v2\/media\/5675"}],"wp:attachment":[{"href":"https:\/\/ekomfort.lu\/lb\/wp-json\/wp\/v2\/media?parent=4575"}],"wp:term":[{"taxonomy":"product_brand","embeddable":true,"href":"https:\/\/ekomfort.lu\/lb\/wp-json\/wp\/v2\/product_brand?post=4575"},{"taxonomy":"product_cat","embeddable":true,"href":"https:\/\/ekomfort.lu\/lb\/wp-json\/wp\/v2\/product_cat?post=4575"},{"taxonomy":"product_tag","embeddable":true,"href":"https:\/\/ekomfort.lu\/lb\/wp-json\/wp\/v2\/product_tag?post=4575"},{"taxonomy":"product_brands","embeddable":true,"href":"https:\/\/ekomfort.lu\/lb\/wp-json\/wp\/v2\/product_brands?post=4575"}],"curies":[{"name":"wp","href":"https:\/\/api.w.org\/{rel}","templated":true}]}}