{"id":4559,"date":"2023-08-16T14:50:20","date_gmt":"2023-08-16T12:50:20","guid":{"rendered":"https:\/\/ekomfort.lu\/?post_type=product&#038;p=4559"},"modified":"2024-07-04T17:42:37","modified_gmt":"2024-07-04T15:42:37","slug":"botte-mi-haute-seasheapherd-black-nae","status":"publish","type":"product","link":"https:\/\/ekomfort.lu\/lb\/shop\/botte-mi-haute-seasheapherd-black-nae\/","title":{"rendered":"Bottes mi-hautes SeaSheapherd Black de Nae : Confort, Chaleur et Style \u00c9thique Unisexe"},"content":{"rendered":"\n<p>\u00c0 la recherche de <strong>bottes mi-hautes<\/strong> qui allient esth\u00e9tique et \u00e9thique ? Envie d&#8217;une paire de <strong>bottes mi-hautes pour femme et homme<\/strong> qui fait la part belle aux mat\u00e9riaux organiques, tout en garantissant un confort in\u00e9gal\u00e9 durant les journ\u00e9es fra\u00eeches ?<\/p>\n\n\n\n<p>Partez \u00e0 la d\u00e9couverte des <strong>SeaSheapherd Black<\/strong> : des <strong>bottes mi-hautes noires<\/strong> unisexes, \u00e9labor\u00e9es en Pi\u00f1atex et doubl\u00e9es de coton biologique, pour un style intemporel et une douceur comparable aux matins d&#8217;hiver les plus agr\u00e9ables.<\/p>\n\n\n\n<p>Chaussez les bottes v\u00e9gans <strong>SeaSheapherd Black<\/strong> et :<\/p>\n\n\n<style>.wp-block-kadence-iconlist.kt-svg-icon-list-items4559_7472c6-b5:not(.this-stops-third-party-issues){margin-top:0px;margin-bottom:0px;}.wp-block-kadence-iconlist.kt-svg-icon-list-items4559_7472c6-b5 ul.kt-svg-icon-list:not(.this-prevents-issues):not(.this-stops-third-party-issues):not(.tijsloc){margin-top:0px;margin-right:0px;margin-bottom:var(--global-kb-spacing-sm, 1.5rem);margin-left:0px;}.wp-block-kadence-iconlist.kt-svg-icon-list-items4559_7472c6-b5 ul.kt-svg-icon-list{grid-row-gap:5px;}.wp-block-kadence-iconlist.kt-svg-icon-list-items4559_7472c6-b5 .kb-svg-icon-wrap{font-size:18px;color:var(--global-palette1, #3182CE);}.wp-block-kadence-iconlist.kt-svg-icon-list-items4559_7472c6-b5 ul.kt-svg-icon-list .kt-svg-icon-list-item-wrap .kt-svg-icon-list-single{margin-right:10px;}.kt-svg-icon-list-items4559_7472c6-b5 ul.kt-svg-icon-list .kt-svg-icon-list-level-0 .kt-svg-icon-list-single svg{font-size:20px;}<\/style>\n<div class=\"wp-block-kadence-iconlist kt-svg-icon-list-items kt-svg-icon-list-items4559_7472c6-b5 kt-svg-icon-list-columns-1 alignnone\"><ul class=\"kt-svg-icon-list\"><style>.kt-svg-icon-list-item-4559_0f559b-a7 .kt-svg-icon-list-text mark.kt-highlight{background-color:unset;font-style:normal;color:#f76a0c;-webkit-box-decoration-break:clone;box-decoration-break:clone;padding-top:0px;padding-right:0px;padding-bottom:0px;padding-left:0px;}<\/style>\n<li class=\"wp-block-kadence-listitem kt-svg-icon-list-item-wrap kt-svg-icon-list-item-4559_0f559b-a7\"><span class=\"kb-svg-icon-wrap kb-svg-icon-fe_checkCircle kt-svg-icon-list-single\"><svg viewBox=\"0 0 24 24\"  fill=\"none\" stroke=\"currentColor\" stroke-width=\"3\" stroke-linecap=\"round\" stroke-linejoin=\"round\" xmlns=\"http:\/\/www.w3.org\/2000\/svg\"  aria-hidden=\"true\"><path d=\"M22 11.08V12a10 10 0 1 1-5.93-9.14\"\/><polyline points=\"22 4 12 14.01 9 11.01\"\/><\/svg><\/span><span class=\"kt-svg-icon-list-text\">Savourez la douce chaleur qui enveloppe vos pieds, gr\u00e2ce \u00e0 la remarquable doublure en coton biologique. Ces bottes, \u00e0 la fois respirantes et antibact\u00e9riennes, pr\u00e9servent la fra\u00eecheur de vos pieds au quotidien.<\/span><\/li>\n\n\n<style>.kt-svg-icon-list-item-4559_23fc12-d6 .kt-svg-icon-list-text mark.kt-highlight{background-color:unset;font-style:normal;color:#f76a0c;-webkit-box-decoration-break:clone;box-decoration-break:clone;padding-top:0px;padding-right:0px;padding-bottom:0px;padding-left:0px;}<\/style>\n<li class=\"wp-block-kadence-listitem kt-svg-icon-list-item-wrap kt-svg-icon-list-item-4559_23fc12-d6\"><span class=\"kb-svg-icon-wrap kb-svg-icon-fe_checkCircle kt-svg-icon-list-single\"><svg viewBox=\"0 0 24 24\"  fill=\"none\" stroke=\"currentColor\" stroke-width=\"3\" stroke-linecap=\"round\" stroke-linejoin=\"round\" xmlns=\"http:\/\/www.w3.org\/2000\/svg\"  aria-hidden=\"true\"><path d=\"M22 11.08V12a10 10 0 1 1-5.93-9.14\"\/><polyline points=\"22 4 12 14.01 9 11.01\"\/><\/svg><\/span><span class=\"kt-svg-icon-list-text\">Appr\u00e9ciez un design relax et ind\u00e9modable. Ces bottes noires s&#8217;harmonisent avec n&#8217;importe quelle tenue, restant toujours une excellente option.<\/span><\/li>\n\n\n<style>.kt-svg-icon-list-item-4559_3b02d0-7e .kt-svg-icon-list-text mark.kt-highlight{background-color:unset;font-style:normal;color:#f76a0c;-webkit-box-decoration-break:clone;box-decoration-break:clone;padding-top:0px;padding-right:0px;padding-bottom:0px;padding-left:0px;}<\/style>\n<li class=\"wp-block-kadence-listitem kt-svg-icon-list-item-wrap kt-svg-icon-list-item-4559_3b02d0-7e\"><span class=\"kb-svg-icon-wrap kb-svg-icon-fe_checkCircle kt-svg-icon-list-single\"><svg viewBox=\"0 0 24 24\"  fill=\"none\" stroke=\"currentColor\" stroke-width=\"3\" stroke-linecap=\"round\" stroke-linejoin=\"round\" xmlns=\"http:\/\/www.w3.org\/2000\/svg\"  aria-hidden=\"true\"><path d=\"M22 11.08V12a10 10 0 1 1-5.93-9.14\"\/><polyline points=\"22 4 12 14.01 9 11.01\"\/><\/svg><\/span><span class=\"kt-svg-icon-list-text\">Int\u00e9grez un mouvement engag\u00e9, en choisissant une paire fabriqu\u00e9e en Pi\u00f1atex, un substitut \u00e9co-responsable qui exploite les fibres des feuilles d&#8217;ananas.<\/span><\/li>\n<\/ul><\/div>\n\n\n\n<p>sans mat\u00e9riau toxique, sans cruaut\u00e9 animale, et un engagement fort envers votre propre style&#8230;<\/p>\n\n\n\n<p>\u00c9valuez ces chaussures de qualit\u00e9 au m\u00eame rang que celles de marques haut de gamme, mais avec un plus : leur aspect \u00e9thique et respectueux de l&#8217;environnement.<\/p>\n\n\n\n<p>Alors, pr\u00eat(e) \u00e0 affronter les journ\u00e9es les plus fra\u00eeches avec style et conscience \u00e9cologique ? Les <strong>bottes mi-hautes SeaSheapherd Black<\/strong> sont tr\u00e8s pris\u00e9es, alors passez rapidement commande avant la rupture de stock !<\/p>\n","protected":false},"excerpt":{"rendered":"<p>\u00c0 la recherche de bottes mi-hautes qui allient esth\u00e9tique et \u00e9thique ? Envie d&#8217;une paire de bottes mi-hautes pour femme et homme qui fait la part belle aux mat\u00e9riaux organiques, tout en garantissant un confort in\u00e9gal\u00e9 durant les journ\u00e9es fra\u00eeches ? Partez \u00e0 la d\u00e9couverte des SeaSheapherd Black : des bottes mi-hautes noires unisexes, \u00e9labor\u00e9es&#8230;<\/p>\n","protected":false},"featured_media":6070,"comment_status":"open","ping_status":"closed","template":"","meta":{"_acf_changed":false,"_kad_blocks_custom_css":"","_kad_blocks_head_custom_js":"","_kad_blocks_body_custom_js":"","_kad_blocks_footer_custom_js":"","_kad_post_transparent":"","_kad_post_title":"","_kad_post_layout":"","_kad_post_sidebar_id":"","_kad_post_content_style":"","_kad_post_vertical_padding":"","_kad_post_feature":"","_kad_post_feature_position":"","_kad_post_header":false,"_kad_post_footer":false},"product_brand":[],"product_cat":[65,46],"product_tag":[229],"product_brands":[28],"class_list":{"0":"post-4559","1":"product","2":"type-product","3":"status-publish","4":"has-post-thumbnail","6":"product_cat-bottes","7":"product_cat-chaussures","8":"product_tag-unisexe","9":"product_brands-nae-vegan-shoes","11":"first","12":"outofstock","13":"taxable","14":"shipping-taxable","15":"purchasable","16":"product-type-variable","17":"has-default-attributes","18":"entry","19":"content-bg","20":"loop-entry"},"acf":{"avantages":"<ul>\r\n \t<li>\r\n<h6>\ud83d\udca7 R\u00e9sistantes \u00e0 l'eau pour garder les pieds au sec.<\/h6>\r\n<\/li>\r\n<\/ul>\r\n&nbsp;\r\n<ul>\r\n \t<li>\r\n<h6>\ud83c\udf2c\ufe0f Respirantes pour une circulation d'air optimale et des pieds frais.<\/h6>\r\n<\/li>\r\n<\/ul>\r\n&nbsp;\r\n<ul>\r\n \t<li>\r\n<h6>\ud83c\udf3f Antimicrobiennes et hypoallerg\u00e9niques pour une hygi\u00e8ne impeccable et minimiser les r\u00e9actions allergiques.<\/h6>\r\n<\/li>\r\n<\/ul>\r\n&nbsp;\r\n<ul>\r\n \t<li>\r\n<h6>\ud83d\udeab Mat\u00e9riaux s\u00fbrs pour la sant\u00e9, sans risques pour le consommateur et la consommatrice.<\/h6>\r\n<\/li>\r\n<\/ul>\r\n&nbsp;\r\n<ul>\r\n \t<li>\r\n<h6>\ud83c\udf4d Tige en Pi\u00f1atex, fait \u00e0 partir de fibres de feuille d'ananas et de PLA, une alternative \u00e9co-durable.<\/h6>\r\n<\/li>\r\n<\/ul>\r\n&nbsp;\r\n<ul>\r\n \t<li>\r\n<h6>\ud83c\udf31 Doublure en coton organique certifi\u00e9 GOTS, respectueux de l'environnement.<\/h6>\r\n<\/li>\r\n<\/ul>\r\n&nbsp;\r\n<ul>\r\n \t<li>\r\n<h6>\u267b\ufe0f Lacets en polyester recycl\u00e9 pour une r\u00e9duction des d\u00e9chets.<\/h6>\r\n<\/li>\r\n<\/ul>\r\n&nbsp;\r\n<ul>\r\n \t<li>\r\n<h6>\ud83d\udd90\ufe0f Semelle de propret\u00e9 matelass\u00e9e avec de la gomme EVA et lamin\u00e9e avec de la microfibre anti-humidit\u00e9, pour un confort optimal et une protection contre l'humidit\u00e9.<\/h6>\r\n<\/li>\r\n<\/ul>\r\n&nbsp;\r\n<ul>\r\n \t<li>\r\n<h6>\ud83e\uddb6 Semelle d'usure en gomme SBR durable et antid\u00e9rapante, pour une adh\u00e9rence optimale.<\/h6>\r\n<\/li>\r\n \t<li>\r\n<h6>\ud83c\uddf5\ud83c\uddf9 Made in Portugal: Fabriqu\u00e9es avec soin dans des conditions de travail \u00e9quitables et des mat\u00e9riaux et processus durables pour l'environnement.<\/h6>\r\n<\/li>\r\n<\/ul>","entretien":"<h6>1. Enlevez la poussi\u00e8re ou la boue avec une brosse douce ou un chiffon sec avant de les mouiller.<\/h6>\r\n<h6><\/h6>\r\n&nbsp;\r\n<h6>2. Utilisez un chiffon humide en frottant doucement d'un geste circulaire pour nettoyer l'ensemble de la chaussure.<\/h6>\r\n<h6><\/h6>\r\n&nbsp;\r\n<h6>3. Nettoyez r\u00e9guli\u00e8rement votre chiffon pour \u00e9viter de r\u00e9pandre la salet\u00e9.<\/h6>\r\n<h6><\/h6>\r\n&nbsp;\r\n<h6>4. Pour les t\u00e2ches difficiles, utilisez une brosse \u00e0 poils doux et de l'eau en frottant d\u00e9licatement d'un geste circulaire.<\/h6>\r\n<h6><\/h6>\r\n&nbsp;\r\n<h6>5. Appliquez r\u00e9guli\u00e8rement une cr\u00e8me type cirage pour pr\u00e9server la couleur et la durabilit\u00e9 du tissu de la tige.<\/h6>\r\n<h6><\/h6>\r\n&nbsp;\r\n<h6>6. Laissez s\u00e9cher \u00e0 l'air libre avant d'appliquer une cr\u00e8me nettoyante.<\/h6>\r\n<h6><\/h6>\r\n&nbsp;\r\n<h6>7. Utilisez une cr\u00e8me nettoyante pour donner plus d'\u00e9clat \u00e0 vos chaussures. Mettez une noisette de produit sur une brosse ou un chiffon doux et sec, puis faites p\u00e9n\u00e9trer compl\u00e8tement dans le tissu en frottant d\u00e9licatement de mani\u00e8re circulaire jusqu'\u00e0 totale absorption.<\/h6>\r\n<h6><\/h6>\r\n&nbsp;\r\n<h6>8. Laissez s\u00e9cher \u00e0 l'air libre pendant 24 heures, loin de la lumi\u00e8re directe du soleil.<\/h6>\r\n&nbsp;\r\n<h6><\/h6>\r\n<h6><strong>Attention :<\/strong><\/h6>\r\n&nbsp;\r\n<h6>\u2022 Ne mettez pas vos chaussures en machine.<\/h6>\r\n&nbsp;\r\n<h6>\u2022 Ne les immergez pas dans l'eau, cela pourrait causer des dommages irr\u00e9versibles.<\/h6>","marque":""},"_wp_attached_file":null,"_wp_attachment_image_alt":null,"rank_math_facebook_image":null,"rank_math_facebook_image_id":null,"wpml_language":null,"_wp_attachment_metadata":null,"rank_math_focus_keyword":"SeaSheapherd Black, Bottes mi-hautes","rank_math_title":"Bottes mi-hautes SeaSheapherd Black - Confort et Style","rank_math_description":"style intemporel avec nos bottes SeaSheapherd Black. Confortables et tendances, elles vous accompagneront en toute saison. ","taxonomy_info":{"product_cat":[{"value":65,"label":"Bottes"},{"value":46,"label":"Chaussures"}],"product_tag":[{"value":229,"label":"Boutique unisexe"}],"product_brands":[{"value":28,"label":"NAE Vegan Shoes"}]},"featured_image_src_large":["https:\/\/ekomfort.lu\/wp-content\/uploads\/2023\/08\/seasheapherd-black-bottes-genoux.jpg",700,700,false],"author_info":[],"comment_info":0,"_links":{"self":[{"href":"https:\/\/ekomfort.lu\/lb\/wp-json\/wp\/v2\/product\/4559","targetHints":{"allow":["GET"]}}],"collection":[{"href":"https:\/\/ekomfort.lu\/lb\/wp-json\/wp\/v2\/product"}],"about":[{"href":"https:\/\/ekomfort.lu\/lb\/wp-json\/wp\/v2\/types\/product"}],"replies":[{"embeddable":true,"href":"https:\/\/ekomfort.lu\/lb\/wp-json\/wp\/v2\/comments?post=4559"}],"wp:featuredmedia":[{"embeddable":true,"href":"https:\/\/ekomfort.lu\/lb\/wp-json\/wp\/v2\/media\/6070"}],"wp:attachment":[{"href":"https:\/\/ekomfort.lu\/lb\/wp-json\/wp\/v2\/media?parent=4559"}],"wp:term":[{"taxonomy":"product_brand","embeddable":true,"href":"https:\/\/ekomfort.lu\/lb\/wp-json\/wp\/v2\/product_brand?post=4559"},{"taxonomy":"product_cat","embeddable":true,"href":"https:\/\/ekomfort.lu\/lb\/wp-json\/wp\/v2\/product_cat?post=4559"},{"taxonomy":"product_tag","embeddable":true,"href":"https:\/\/ekomfort.lu\/lb\/wp-json\/wp\/v2\/product_tag?post=4559"},{"taxonomy":"product_brands","embeddable":true,"href":"https:\/\/ekomfort.lu\/lb\/wp-json\/wp\/v2\/product_brands?post=4559"}],"curies":[{"name":"wp","href":"https:\/\/api.w.org\/{rel}","templated":true}]}}