{"id":4555,"date":"2023-08-16T14:50:20","date_gmt":"2023-08-16T12:50:20","guid":{"rendered":"https:\/\/ekomfort.lu\/?post_type=product&#038;p=4555"},"modified":"2024-07-20T10:18:16","modified_gmt":"2024-07-20T08:18:16","slug":"sandales-lanieres-noires-quince-black-veganes","status":"publish","type":"product","link":"https:\/\/ekomfort.lu\/lb\/shop\/sandales-lanieres-noires-quince-black-veganes\/","title":{"rendered":"Sandales \u00e0 lani\u00e8res noires Quince Black : Un Mariage Harmonieux entre Confort Style et Durabilit\u00e9"},"content":{"rendered":"\n<p>Vous \u00eates une femme soucieuse de son impact environnemental, cherchant \u00e0 combiner esth\u00e9tisme et engagement \u00e9thique ? Vous r\u00eavez d&#8217;une <strong>sandale bout ouvert femme<\/strong> qui allie confort et \u00e9l\u00e9gance ?<\/p>\n\n\n\n<p>D\u00e9couvrez les <strong>Sandales \u00e0 lani\u00e8res noires<\/strong> <strong>Quince Black<\/strong>, des <strong>sandales plates \u00e0 talon<\/strong> avec des lani\u00e8res crois\u00e9es chic et une semelle amortissante, sp\u00e9cialement cr\u00e9es pour respecter vos pieds et notre ch\u00e8re plan\u00e8te.<\/p>\n\n\n\n<p>Craquez pour les <strong>sandales \u00e0 lani\u00e8res Quince Black<\/strong> et :<\/p>\n\n\n<style>.wp-block-kadence-iconlist.kt-svg-icon-list-items4555_d3e2e6-e2:not(.this-stops-third-party-issues){margin-top:0px;margin-bottom:0px;}.wp-block-kadence-iconlist.kt-svg-icon-list-items4555_d3e2e6-e2 ul.kt-svg-icon-list:not(.this-prevents-issues):not(.this-stops-third-party-issues):not(.tijsloc){margin-top:0px;margin-right:0px;margin-bottom:var(--global-kb-spacing-sm, 1.5rem);margin-left:0px;}.wp-block-kadence-iconlist.kt-svg-icon-list-items4555_d3e2e6-e2 ul.kt-svg-icon-list{grid-row-gap:5px;}.wp-block-kadence-iconlist.kt-svg-icon-list-items4555_d3e2e6-e2 .kb-svg-icon-wrap{font-size:18px;color:var(--global-palette1, #3182CE);}.wp-block-kadence-iconlist.kt-svg-icon-list-items4555_d3e2e6-e2 ul.kt-svg-icon-list .kt-svg-icon-list-item-wrap .kt-svg-icon-list-single{margin-right:10px;}.kt-svg-icon-list-items4555_d3e2e6-e2 ul.kt-svg-icon-list .kt-svg-icon-list-level-0 .kt-svg-icon-list-single svg{font-size:20px;}<\/style>\n<div class=\"wp-block-kadence-iconlist kt-svg-icon-list-items kt-svg-icon-list-items4555_d3e2e6-e2 kt-svg-icon-list-columns-1 alignnone\"><ul class=\"kt-svg-icon-list\"><style>.kt-svg-icon-list-item-4555_bb1ea2-39 .kt-svg-icon-list-text mark.kt-highlight{background-color:unset;font-style:normal;color:#f76a0c;-webkit-box-decoration-break:clone;box-decoration-break:clone;padding-top:0px;padding-right:0px;padding-bottom:0px;padding-left:0px;}<\/style>\n<li class=\"wp-block-kadence-listitem kt-svg-icon-list-item-wrap kt-svg-icon-list-item-4555_bb1ea2-39\"><span class=\"kb-svg-icon-wrap kb-svg-icon-fe_checkCircle kt-svg-icon-list-single\"><svg viewBox=\"0 0 24 24\"  fill=\"none\" stroke=\"currentColor\" stroke-width=\"3\" stroke-linecap=\"round\" stroke-linejoin=\"round\" xmlns=\"http:\/\/www.w3.org\/2000\/svg\"  aria-hidden=\"true\"><path d=\"M22 11.08V12a10 10 0 1 1-5.93-9.14\"\/><polyline points=\"22 4 12 14.01 9 11.01\"\/><\/svg><\/span><span class=\"kt-svg-icon-list-text\">Valorisez vos pieds avec un design \u00e9pur\u00e9 et \u00e9l\u00e9gant, id\u00e9al pour compl\u00e9ter vos tenues, qu&#8217;elles soient d\u00e9contract\u00e9es ou plus formelles.<\/span><\/li>\n\n\n<style>.kt-svg-icon-list-item-4555_6301c2-47 .kt-svg-icon-list-text mark.kt-highlight{background-color:unset;font-style:normal;color:#f76a0c;-webkit-box-decoration-break:clone;box-decoration-break:clone;padding-top:0px;padding-right:0px;padding-bottom:0px;padding-left:0px;}<\/style>\n<li class=\"wp-block-kadence-listitem kt-svg-icon-list-item-wrap kt-svg-icon-list-item-4555_6301c2-47\"><span class=\"kb-svg-icon-wrap kb-svg-icon-fe_checkCircle kt-svg-icon-list-single\"><svg viewBox=\"0 0 24 24\"  fill=\"none\" stroke=\"currentColor\" stroke-width=\"3\" stroke-linecap=\"round\" stroke-linejoin=\"round\" xmlns=\"http:\/\/www.w3.org\/2000\/svg\"  aria-hidden=\"true\"><path d=\"M22 11.08V12a10 10 0 1 1-5.93-9.14\"\/><polyline points=\"22 4 12 14.01 9 11.01\"\/><\/svg><\/span><span class=\"kt-svg-icon-list-text\">C\u00e9l\u00e9brez le confort gr\u00e2ce \u00e0 une semelle innovante, douce et r\u00e9siliente, faite de li\u00e8ge organique et de pneus recycl\u00e9s.<\/span><\/li>\n\n\n<style>.kt-svg-icon-list-item-4555_dd842d-82 .kt-svg-icon-list-text mark.kt-highlight{background-color:unset;font-style:normal;color:#f76a0c;-webkit-box-decoration-break:clone;box-decoration-break:clone;padding-top:0px;padding-right:0px;padding-bottom:0px;padding-left:0px;}<\/style>\n<li class=\"wp-block-kadence-listitem kt-svg-icon-list-item-wrap kt-svg-icon-list-item-4555_dd842d-82\"><span class=\"kb-svg-icon-wrap kb-svg-icon-fe_checkCircle kt-svg-icon-list-single\"><svg viewBox=\"0 0 24 24\"  fill=\"none\" stroke=\"currentColor\" stroke-width=\"3\" stroke-linecap=\"round\" stroke-linejoin=\"round\" xmlns=\"http:\/\/www.w3.org\/2000\/svg\"  aria-hidden=\"true\"><path d=\"M22 11.08V12a10 10 0 1 1-5.93-9.14\"\/><polyline points=\"22 4 12 14.01 9 11.01\"\/><\/svg><\/span><span class=\"kt-svg-icon-list-text\">Faites un choix responsable en optant pour un cuir v\u00e9gan hypoallerg\u00e9nique, respirant et durable, garantissant des sandales qui respectent votre bien-\u00eatre et celui de la plan\u00e8te.<\/span><\/li>\n<\/ul><\/div>\n\n\n\n<p>Sans cruaut\u00e9, sans composants toxiques, mais avec un style incomparable&#8230;<\/p>\n\n\n\n<p>Et ceci \u00e0 un prix abordable, contrairement \u00e0 d&#8217;autres marques qui ne partagent pas nos valeurs \u00e9thiques.<\/p>\n\n\n\n<p>Alors, avec gr\u00e2ce \u00e0 ces <strong>Sandales \u00e0 lani\u00e8res noires<\/strong> \u00eates-vous pr\u00eates \u00e0 marcher avec confiance et conscience ? Nos stocks de <strong>Quince Black<\/strong> diminuent rapidement \u00e9tant donn\u00e9 une demande croissante. N&#8217;attendez plus pour les faire v\u00f4tres !<\/p>\n","protected":false},"excerpt":{"rendered":"<p>Vous \u00eates une femme soucieuse de son impact environnemental, cherchant \u00e0 combiner esth\u00e9tisme et engagement \u00e9thique ? Vous r\u00eavez d&#8217;une sandale bout ouvert femme qui allie confort et \u00e9l\u00e9gance ? D\u00e9couvrez les Sandales \u00e0 lani\u00e8res noires Quince Black, des sandales plates \u00e0 talon avec des lani\u00e8res crois\u00e9es chic et une semelle amortissante, sp\u00e9cialement cr\u00e9es pour&#8230;<\/p>\n","protected":false},"featured_media":6039,"comment_status":"open","ping_status":"closed","template":"","meta":{"_acf_changed":false,"_kad_blocks_custom_css":"","_kad_blocks_head_custom_js":"","_kad_blocks_body_custom_js":"","_kad_blocks_footer_custom_js":"","_kad_post_transparent":"","_kad_post_title":"","_kad_post_layout":"","_kad_post_sidebar_id":"","_kad_post_content_style":"","_kad_post_vertical_padding":"","_kad_post_feature":"","_kad_post_feature_position":"","_kad_post_header":false,"_kad_post_footer":false},"product_brand":[],"product_cat":[72,46],"product_tag":[228],"product_brands":[28],"class_list":{"0":"post-4555","1":"product","2":"type-product","3":"status-publish","4":"has-post-thumbnail","6":"product_cat-sandales","7":"product_cat-chaussures","8":"product_tag-femme","9":"product_brands-nae-vegan-shoes","11":"first","12":"instock","13":"taxable","14":"shipping-taxable","15":"purchasable","16":"product-type-variable","17":"has-default-attributes","18":"entry","19":"content-bg","20":"loop-entry"},"acf":{"avantages":"<ul>\r\n \t<li>\r\n<h6>\ud83c\udf2c\ufe0f Respirantes: Permettent une bonne circulation de l'air pour des pieds frais et secs.<\/h6>\r\n<\/li>\r\n<\/ul>\r\n&nbsp;\r\n<ul>\r\n \t<li>\r\n<h6>\ud83c\udf0d \u00c9co-responsables: Mat\u00e9riaux et processus de fabrication respectueux de l'environnement pour r\u00e9duire l'empreinte \u00e9cologique.<\/h6>\r\n<\/li>\r\n<\/ul>\r\n&nbsp;\r\n<ul>\r\n \t<li>\r\n<h6>\ud83e\udda0 Antimicrobiennes: Traitement pour inhiber la croissance des bact\u00e9ries et microbes, pour une hygi\u00e8ne optimale et pas d'odeurs.<\/h6>\r\n<\/li>\r\n<\/ul>\r\n&nbsp;\r\n<ul>\r\n \t<li>\r\n<h6>\ud83c\udf3f Hypoallerg\u00e9niques: Mat\u00e9riaux con\u00e7us pour minimiser les r\u00e9actions allergiques et irritations de la peau.<\/h6>\r\n<\/li>\r\n<\/ul>\r\n&nbsp;\r\n<ul>\r\n \t<li>\r\n<h6>\ud83d\udc63 Lani\u00e8res en cuir v\u00e9gan \u00e9co-responsables: Fabriqu\u00e9es \u00e0 partir de cuir v\u00e9gan synth\u00e9tique respectueux de l'environnement et des animaux.<\/h6>\r\n<\/li>\r\n<\/ul>\r\n&nbsp;\r\n<ul>\r\n \t<li>\r\n<h6>\ud83c\udf1f Doublure en microfibres et PU (polyur\u00e9thane) : Douce, confortable et durable pour un confort optimal.<\/h6>\r\n<\/li>\r\n<\/ul>\r\n&nbsp;\r\n<ul>\r\n \t<li>\r\n<h6>\ud83d\ude97\ud83c\udf33 Semelle d'usure en gomme de pneu recycl\u00e9 et caoutchouc lamin\u00e9 avec du li\u00e8ge: Fabriqu\u00e9e \u00e0 partir de mat\u00e9riaux recycl\u00e9s pour une d\u00e9marche \u00e9coresponsable.<\/h6>\r\n<\/li>\r\n<\/ul>","entretien":"<h6>1. Enlevez la poussi\u00e8re ou la boue avec une brosse douce ou un chiffon sec.<\/h6>\r\n<h6><\/h6>\r\n&nbsp;\r\n<h6>2. Utilisez un chiffon humide en frottant doucement d'un geste circulaire pour nettoyer l'ensemble de la chaussure. Nettoyez r\u00e9guli\u00e8rement votre chiffon pour ne pas r\u00e9pandre la salet\u00e9.<\/h6>\r\n<h6><\/h6>\r\n&nbsp;\r\n<h6>3. Pour les t\u00e2ches difficiles, utilisez une brosse \u00e0 poils doux et de l'eau, en frottant d\u00e9licatement d'un geste circulaire.<\/h6>\r\n<h6><\/h6>\r\n&nbsp;\r\n<h6>4. Laissez s\u00e9cher \u00e0 l'air libre avant d'appliquer une cr\u00e8me nettoyante.<\/h6>\r\n<h6><\/h6>\r\n&nbsp;\r\n<h6>5. Utilisez une cr\u00e8me nettoyante pour donner plus d'\u00e9clat \u00e0 vos chaussures. Mettez une noisette de produit sur une brosse ou un chiffon doux et sec, puis faites p\u00e9n\u00e9trer compl\u00e8tement dans le tissu en frottant d\u00e9licatement de mani\u00e8re circulaire, jusqu'\u00e0 totale absorption.<\/h6>\r\n<h6><\/h6>\r\n&nbsp;\r\n<h6>6. Laissez s\u00e9cher \u00e0 l'air libre pendant 24 heures, loin de la lumi\u00e8re directe du soleil.<\/h6>\r\n&nbsp;\r\n<h6><\/h6>\r\n<h6><strong>Attention :<\/strong><\/h6>\r\n&nbsp;\r\n<h6>\u2022 Ne mettez pas vos chaussures en machine.<\/h6>\r\n&nbsp;\r\n<h6>\u2022 Ne les immergez pas dans l'eau, elles pourraient souffrir des dommages irr\u00e9versibles.<\/h6>\r\n&nbsp;\r\n<h6>Lorsque vos chaussures v\u00e9ganes ont atteint leur dur\u00e9e de vie ou que vous n'en avez plus besoin, pensez \u00e0 leur offrir une seconde vie. Donnez-leur un autre usage pour vous-m\u00eame, ou offrez-les \u00e0 quelqu<\/h6>","marque":""},"_wp_attached_file":null,"_wp_attachment_image_alt":null,"rank_math_facebook_image":null,"rank_math_facebook_image_id":null,"wpml_language":null,"_wp_attachment_metadata":null,"rank_math_focus_keyword":"Quince Black, Sandales \u00e0 lani\u00e8res noires","rank_math_title":"Sandales \u00e0 lani\u00e8res noires Quince Black - Tendance et Confortables","rank_math_description":"Optez pour un style moderne et sophistiqu\u00e9 avec nos sandales \u00e0 lani\u00e8res noires Quince Black. Ajoutez une touche d'\u00e9l\u00e9gance \u00e0 votre tenue. Commandez d\u00e8s maintenant !","taxonomy_info":{"product_cat":[{"value":72,"label":"Sandales"},{"value":46,"label":"Chaussures"}],"product_tag":[{"value":228,"label":"Boutique femme"}],"product_brands":[{"value":28,"label":"NAE Vegan Shoes"}]},"featured_image_src_large":["https:\/\/ekomfort.lu\/wp-content\/uploads\/2023\/08\/quince-black-sandales-paltes-criss-cross.jpg",700,700,false],"author_info":[],"comment_info":0,"_links":{"self":[{"href":"https:\/\/ekomfort.lu\/lb\/wp-json\/wp\/v2\/product\/4555","targetHints":{"allow":["GET"]}}],"collection":[{"href":"https:\/\/ekomfort.lu\/lb\/wp-json\/wp\/v2\/product"}],"about":[{"href":"https:\/\/ekomfort.lu\/lb\/wp-json\/wp\/v2\/types\/product"}],"replies":[{"embeddable":true,"href":"https:\/\/ekomfort.lu\/lb\/wp-json\/wp\/v2\/comments?post=4555"}],"wp:featuredmedia":[{"embeddable":true,"href":"https:\/\/ekomfort.lu\/lb\/wp-json\/wp\/v2\/media\/6039"}],"wp:attachment":[{"href":"https:\/\/ekomfort.lu\/lb\/wp-json\/wp\/v2\/media?parent=4555"}],"wp:term":[{"taxonomy":"product_brand","embeddable":true,"href":"https:\/\/ekomfort.lu\/lb\/wp-json\/wp\/v2\/product_brand?post=4555"},{"taxonomy":"product_cat","embeddable":true,"href":"https:\/\/ekomfort.lu\/lb\/wp-json\/wp\/v2\/product_cat?post=4555"},{"taxonomy":"product_tag","embeddable":true,"href":"https:\/\/ekomfort.lu\/lb\/wp-json\/wp\/v2\/product_tag?post=4555"},{"taxonomy":"product_brands","embeddable":true,"href":"https:\/\/ekomfort.lu\/lb\/wp-json\/wp\/v2\/product_brands?post=4555"}],"curies":[{"name":"wp","href":"https:\/\/api.w.org\/{rel}","templated":true}]}}