{"id":4554,"date":"2023-08-16T14:50:20","date_gmt":"2023-08-16T12:50:20","guid":{"rendered":"https:\/\/ekomfort.lu\/?post_type=product&#038;p=4554"},"modified":"2024-07-04T17:39:04","modified_gmt":"2024-07-04T15:39:04","slug":"bottes-noires-ecoresponsables-paris-black-nae","status":"publish","type":"product","link":"https:\/\/ekomfort.lu\/lb\/shop\/bottes-noires-ecoresponsables-paris-black-nae\/","title":{"rendered":"Bottes noires \u00e9co-responsables Paris Black de Nae : \u00c9l\u00e9gance Responsable \u00e0 Chaque Pas"},"content":{"rendered":"\n<p>Vous r\u00eavez d&#8217;une paire de <strong>Bottes hautes en cuir v\u00e9gan<\/strong> qui exprime votre style tout en restant fid\u00e8le \u00e0 vos valeurs \u00e9thiques ? Vous recherchez le parfait \u00e9quilibre entre confort, durabilit\u00e9 et conscience \u00e9cologique ?<\/p>\n\n\n\n<p>Rencontrez les <strong>Paris Black Bottes noires \u00e9co-responsables<\/strong> de Nae : une fusion harmonieuse du cuir v\u00e9gan doux comme la peau de chamois, combin\u00e9 \u00e0 une allure audacieuse et s\u00e9duisante.<\/p>\n\n\n\n<p>Avec ces bottes hautes <strong>Paris Black<\/strong>, vous pouvez :<\/p>\n\n\n<style>.wp-block-kadence-iconlist.kt-svg-icon-list-items4554_43a18c-5d:not(.this-stops-third-party-issues){margin-top:0px;margin-bottom:0px;}.wp-block-kadence-iconlist.kt-svg-icon-list-items4554_43a18c-5d ul.kt-svg-icon-list:not(.this-prevents-issues):not(.this-stops-third-party-issues):not(.tijsloc){margin-top:0px;margin-right:0px;margin-bottom:var(--global-kb-spacing-sm, 1.5rem);margin-left:0px;}.wp-block-kadence-iconlist.kt-svg-icon-list-items4554_43a18c-5d ul.kt-svg-icon-list{grid-row-gap:5px;}.wp-block-kadence-iconlist.kt-svg-icon-list-items4554_43a18c-5d .kb-svg-icon-wrap{font-size:18px;color:var(--global-palette1, #3182CE);}.wp-block-kadence-iconlist.kt-svg-icon-list-items4554_43a18c-5d ul.kt-svg-icon-list .kt-svg-icon-list-item-wrap .kt-svg-icon-list-single{margin-right:10px;}.kt-svg-icon-list-items4554_43a18c-5d ul.kt-svg-icon-list .kt-svg-icon-list-level-0 .kt-svg-icon-list-single svg{font-size:20px;}<\/style>\n<div class=\"wp-block-kadence-iconlist kt-svg-icon-list-items kt-svg-icon-list-items4554_43a18c-5d kt-svg-icon-list-columns-1 alignnone\"><ul class=\"kt-svg-icon-list\"><style>.kt-svg-icon-list-item-4554_3de13f-f7 .kt-svg-icon-list-text mark.kt-highlight{background-color:unset;font-style:normal;color:#f76a0c;-webkit-box-decoration-break:clone;box-decoration-break:clone;padding-top:0px;padding-right:0px;padding-bottom:0px;padding-left:0px;}<\/style>\n<li class=\"wp-block-kadence-listitem kt-svg-icon-list-item-wrap kt-svg-icon-list-item-4554_3de13f-f7\"><span class=\"kb-svg-icon-wrap kb-svg-icon-fe_checkCircle kt-svg-icon-list-single\"><svg viewBox=\"0 0 24 24\"  fill=\"none\" stroke=\"currentColor\" stroke-width=\"3\" stroke-linecap=\"round\" stroke-linejoin=\"round\" xmlns=\"http:\/\/www.w3.org\/2000\/svg\"  aria-hidden=\"true\"><path d=\"M22 11.08V12a10 10 0 1 1-5.93-9.14\"\/><polyline points=\"22 4 12 14.01 9 11.01\"\/><\/svg><\/span><span class=\"kt-svg-icon-list-text\">Affirmez votre \u00e9clat et votre assurance avec une botte qui marie le confort du cuir v\u00e9gan \u00e0 la robustesse d&#8217;une pointe et d&#8217;un contrefort renforc\u00e9s.<\/span><\/li>\n\n\n<style>.kt-svg-icon-list-item-4554_fae151-c3 .kt-svg-icon-list-text mark.kt-highlight{background-color:unset;font-style:normal;color:#f76a0c;-webkit-box-decoration-break:clone;box-decoration-break:clone;padding-top:0px;padding-right:0px;padding-bottom:0px;padding-left:0px;}<\/style>\n<li class=\"wp-block-kadence-listitem kt-svg-icon-list-item-wrap kt-svg-icon-list-item-4554_fae151-c3\"><span class=\"kb-svg-icon-wrap kb-svg-icon-fe_checkCircle kt-svg-icon-list-single\"><svg viewBox=\"0 0 24 24\"  fill=\"none\" stroke=\"currentColor\" stroke-width=\"3\" stroke-linecap=\"round\" stroke-linejoin=\"round\" xmlns=\"http:\/\/www.w3.org\/2000\/svg\"  aria-hidden=\"true\"><path d=\"M22 11.08V12a10 10 0 1 1-5.93-9.14\"\/><polyline points=\"22 4 12 14.01 9 11.01\"\/><\/svg><\/span><span class=\"kt-svg-icon-list-text\">Profitez pleinement du luxe que procure une botte qui s&#8217;adapte parfaitement \u00e0 votre morphologie gr\u00e2ce \u00e0 une tige <strong>\u00e9lastique<\/strong>, tout en \u00e9tant l\u00e9g\u00e8re et r\u00e9sistante.<\/span><\/li>\n\n\n<style>.kt-svg-icon-list-item-4554_2b84a3-c8 .kt-svg-icon-list-text mark.kt-highlight{background-color:unset;font-style:normal;color:#f76a0c;-webkit-box-decoration-break:clone;box-decoration-break:clone;padding-top:0px;padding-right:0px;padding-bottom:0px;padding-left:0px;}<\/style>\n<li class=\"wp-block-kadence-listitem kt-svg-icon-list-item-wrap kt-svg-icon-list-item-4554_2b84a3-c8\"><span class=\"kb-svg-icon-wrap kb-svg-icon-fe_checkCircle kt-svg-icon-list-single\"><svg viewBox=\"0 0 24 24\"  fill=\"none\" stroke=\"currentColor\" stroke-width=\"3\" stroke-linecap=\"round\" stroke-linejoin=\"round\" xmlns=\"http:\/\/www.w3.org\/2000\/svg\"  aria-hidden=\"true\"><path d=\"M22 11.08V12a10 10 0 1 1-5.93-9.14\"\/><polyline points=\"22 4 12 14.01 9 11.01\"\/><\/svg><\/span><span class=\"kt-svg-icon-list-text\">Imaginez la facilit\u00e9 avec laquelle ces bottes \u00e0 fermeture \u00e0 glissi\u00e8re se marieront \u00e0 votre garde-robe, que vous privil\u00e9giez un look \u00e0 la mode ou plus traditionnel.<\/span><\/li>\n<\/ul><\/div>\n\n\n\n<p>Sans cruaut\u00e9, sans produits toxiques, et sans compromis sur le confort ou l&#8217;esth\u00e9tique&#8230;<\/p>\n\n\n\n<p>Pour le prix d&#8217;une sortie au th\u00e9\u00e2tre, investissez dans une paire de bottes qui non seulement \u00e9l\u00e8ve votre style, mais contribue \u00e9galement \u00e0 une d\u00e9marche plus responsable.<\/p>\n\n\n\n<p>Alors, \u00eates-vous pr\u00eate \u00e0 franchir le pas avec audace vers un style de vie plus \u00e9thique et \u00e9l\u00e9gant avec les <strong>Paris Black<\/strong> ? Ces bottes sont tr\u00e8s pris\u00e9es et les stocks diminuent rapidement. Ne manquez pas l&#8217;occasion de les adopter !<\/p>\n","protected":false},"excerpt":{"rendered":"<p>Vous r\u00eavez d&#8217;une paire de Bottes hautes en cuir v\u00e9gan qui exprime votre style tout en restant fid\u00e8le \u00e0 vos valeurs \u00e9thiques ? Vous recherchez le parfait \u00e9quilibre entre confort, durabilit\u00e9 et conscience \u00e9cologique ? Rencontrez les Paris Black Bottes noires \u00e9co-responsables de Nae : une fusion harmonieuse du cuir v\u00e9gan doux comme la peau&#8230;<\/p>\n","protected":false},"featured_media":6033,"comment_status":"open","ping_status":"closed","template":"","meta":{"_acf_changed":false,"_kad_blocks_custom_css":"","_kad_blocks_head_custom_js":"","_kad_blocks_body_custom_js":"","_kad_blocks_footer_custom_js":"","_kad_post_transparent":"","_kad_post_title":"","_kad_post_layout":"","_kad_post_sidebar_id":"","_kad_post_content_style":"","_kad_post_vertical_padding":"","_kad_post_feature":"","_kad_post_feature_position":"","_kad_post_header":false,"_kad_post_footer":false},"product_brand":[],"product_cat":[65,46],"product_tag":[228],"product_brands":[28],"class_list":{"0":"post-4554","1":"product","2":"type-product","3":"status-publish","4":"has-post-thumbnail","6":"product_cat-bottes","7":"product_cat-chaussures","8":"product_tag-femme","9":"product_brands-nae-vegan-shoes","11":"first","12":"outofstock","13":"taxable","14":"shipping-taxable","15":"purchasable","16":"product-type-variable","17":"has-default-attributes","18":"entry","19":"content-bg","20":"loop-entry"},"acf":{"avantages":"<ul>\r\n \t<li>\r\n<h6>\ud83c\udf3f Tige et doublure en microfibre pour une sant\u00e9 environnementale garantie.<\/h6>\r\n<\/li>\r\n<\/ul>\r\n&nbsp;\r\n<ul>\r\n \t<li>\r\n<h6>\ud83d\udca7 R\u00e9sistantes \u00e0 l'eau, respirantes, antimicrobiennes et hypoallerg\u00e9niques pour un confort et une hygi\u00e8ne optimale.<\/h6>\r\n<\/li>\r\n<\/ul>\r\n&nbsp;\r\n<ul>\r\n \t<li>\r\n<h6>\ud83d\udd12 Fermetures \u00e9clair en m\u00e9tal sans nickel pour \u00e9viter les irritations et les r\u00e9actions allergiques.<\/h6>\r\n<\/li>\r\n<\/ul>\r\n&nbsp;\r\n<ul>\r\n \t<li>\r\n<h6>\ud83d\udc5f Semelle de propret\u00e9 matelass\u00e9e en gomme EVA anti-humidit\u00e9 pour un meilleur amorti et une protection contre l'humidit\u00e9.<\/h6>\r\n<\/li>\r\n<\/ul>\r\n&nbsp;\r\n<ul>\r\n \t<li>\r\n<h6>\u2b50 Semelle d'usure longue vie en gomme TR au dessin antid\u00e9rapant pour une adh\u00e9rence et une durabilit\u00e9 optimale.<\/h6>\r\n<\/li>\r\n<\/ul>\r\n&nbsp;\r\n<ul>\r\n \t<li>\r\n<h6>\ud83d\udcaa Talon large de 3 cm pour plus de stabilit\u00e9 et de confort.<\/h6>\r\n<\/li>\r\n<\/ul>\r\n&nbsp;\r\n<ul>\r\n \t<li>\r\n<h6>\ud83c\uddf5\ud83c\uddf9 Fabriqu\u00e9es avec amour et expertise au Portugal dans des conditions de travail justes. Utilisation de mat\u00e9riaux respectueux de l'environnement.<\/h6>\r\n<\/li>\r\n<\/ul>","entretien":"<h6><strong>Conseils d'entretien :<\/strong><\/h6>\r\n&nbsp;\r\n<h6>1. Enlevez d\u00e9licatement la poussi\u00e8re et la salet\u00e9 de vos bottes v\u00e9ganes avec un chiffon sec.<\/h6>\r\n&nbsp;\r\n<h6><\/h6>\r\n<h6>2. Nettoyez-les \u00e0 l'aide d'un chiffon imbib\u00e9 d'eau savonneuse. Ne les submergez jamais compl\u00e8tement car cela pourrait causer des dommages irr\u00e9versibles.<\/h6>\r\n<h6><\/h6>\r\n&nbsp;\r\n<h6>3. Laissez s\u00e9cher naturellement pendant 24 heures.<\/h6>\r\n<h6><\/h6>\r\n&nbsp;\r\n<h6>4. N'utilisez pas de cr\u00e8me nettoyante.<\/h6>\r\n<h6><\/h6>\r\n&nbsp;\r\n<h6><strong>Esp\u00e9rance de vie du produit :<\/strong><\/h6>\r\n&nbsp;\r\n<h6>Lorsque vous estimez que vos bottes v\u00e9ganes ont atteint leur dur\u00e9e de vie ou que vous n'en avez plus besoin, envisagez de leur donner une seconde vie.<\/h6>\r\n&nbsp;\r\n<h6>Donnez-leur un autre usage pour vous-m\u00eame ou offrez-les \u00e0 quelqu'un d'autre.<\/h6>","marque":""},"_wp_attached_file":null,"_wp_attachment_image_alt":null,"rank_math_facebook_image":null,"rank_math_facebook_image_id":null,"wpml_language":null,"_wp_attachment_metadata":null,"rank_math_focus_keyword":"Paris Black, Bottes noires \u00e9co-responsables","rank_math_title":"Bottes noires Paris Black - Collection \u00c9thique","rank_math_description":"Optez pour des bottes noires \u00e9co-responsables Paris Black. Associez style et respect de l'environnement. Paris Black Commandez-les maintenant !","taxonomy_info":{"product_cat":[{"value":65,"label":"Bottes"},{"value":46,"label":"Chaussures"}],"product_tag":[{"value":228,"label":"Boutique femme"}],"product_brands":[{"value":28,"label":"NAE Vegan Shoes"}]},"featured_image_src_large":["https:\/\/ekomfort.lu\/wp-content\/uploads\/2023\/08\/Paris_Black-bottes-genoux-daim-vegan.jpg",700,700,false],"author_info":[],"comment_info":0,"_links":{"self":[{"href":"https:\/\/ekomfort.lu\/lb\/wp-json\/wp\/v2\/product\/4554","targetHints":{"allow":["GET"]}}],"collection":[{"href":"https:\/\/ekomfort.lu\/lb\/wp-json\/wp\/v2\/product"}],"about":[{"href":"https:\/\/ekomfort.lu\/lb\/wp-json\/wp\/v2\/types\/product"}],"replies":[{"embeddable":true,"href":"https:\/\/ekomfort.lu\/lb\/wp-json\/wp\/v2\/comments?post=4554"}],"wp:featuredmedia":[{"embeddable":true,"href":"https:\/\/ekomfort.lu\/lb\/wp-json\/wp\/v2\/media\/6033"}],"wp:attachment":[{"href":"https:\/\/ekomfort.lu\/lb\/wp-json\/wp\/v2\/media?parent=4554"}],"wp:term":[{"taxonomy":"product_brand","embeddable":true,"href":"https:\/\/ekomfort.lu\/lb\/wp-json\/wp\/v2\/product_brand?post=4554"},{"taxonomy":"product_cat","embeddable":true,"href":"https:\/\/ekomfort.lu\/lb\/wp-json\/wp\/v2\/product_cat?post=4554"},{"taxonomy":"product_tag","embeddable":true,"href":"https:\/\/ekomfort.lu\/lb\/wp-json\/wp\/v2\/product_tag?post=4554"},{"taxonomy":"product_brands","embeddable":true,"href":"https:\/\/ekomfort.lu\/lb\/wp-json\/wp\/v2\/product_brands?post=4554"}],"curies":[{"name":"wp","href":"https:\/\/api.w.org\/{rel}","templated":true}]}}