{"id":4519,"date":"2023-08-16T14:50:15","date_gmt":"2023-08-16T12:50:15","guid":{"rendered":"https:\/\/ekomfort.lu\/?post_type=product&#038;p=4519"},"modified":"2024-07-04T17:25:36","modified_gmt":"2024-07-04T15:25:36","slug":"sandales-talons-carres-holly-orange","status":"publish","type":"product","link":"https:\/\/ekomfort.lu\/shop\/sandales-talons-carres-holly-orange\/","title":{"rendered":"Holly Orange de Nae : Chaussures habill\u00e9es femme \u00e0 talon &#8211; Exprimez votre F\u00e9minit\u00e9 \u00c9co-responsable"},"content":{"rendered":"\n<p>Vous \u00eates \u00e0 la recherche de <strong>sandales talons carr\u00e9s<\/strong> qui viendront sublimer votre allure tout en respectant vos id\u00e9ologies \u00e9thiques ? Vous voulez conjuguer aisance, design et durabilit\u00e9 sans compromettre votre style ?<\/p>\n\n\n\n<p>Faites l&#8217;exp\u00e9rience des <strong>Holly Orange<\/strong>, des sandales v\u00e9ganes \u00e0 talon pour femme qui magnifient votre f\u00e9minit\u00e9 tout en rendant hommage \u00e0 notre belle plan\u00e8te.<\/p>\n\n\n\n<p>Optez pour les <strong>Holly Orange<\/strong> et :<\/p>\n\n\n<style>.wp-block-kadence-iconlist.kt-svg-icon-list-items4519_be481d-a2:not(.this-stops-third-party-issues){margin-top:0px;margin-bottom:0px;}.wp-block-kadence-iconlist.kt-svg-icon-list-items4519_be481d-a2 ul.kt-svg-icon-list:not(.this-prevents-issues):not(.this-stops-third-party-issues):not(.tijsloc){margin-top:0px;margin-right:0px;margin-bottom:var(--global-kb-spacing-sm, 1.5rem);margin-left:0px;}.wp-block-kadence-iconlist.kt-svg-icon-list-items4519_be481d-a2 ul.kt-svg-icon-list{grid-row-gap:5px;}.wp-block-kadence-iconlist.kt-svg-icon-list-items4519_be481d-a2 .kb-svg-icon-wrap{font-size:18px;color:var(--global-palette1, #3182CE);}.wp-block-kadence-iconlist.kt-svg-icon-list-items4519_be481d-a2 ul.kt-svg-icon-list .kt-svg-icon-list-item-wrap .kt-svg-icon-list-single{margin-right:10px;}.kt-svg-icon-list-items4519_be481d-a2 ul.kt-svg-icon-list .kt-svg-icon-list-level-0 .kt-svg-icon-list-single svg{font-size:20px;}<\/style>\n<div class=\"wp-block-kadence-iconlist kt-svg-icon-list-items kt-svg-icon-list-items4519_be481d-a2 kt-svg-icon-list-columns-1 alignnone\"><ul class=\"kt-svg-icon-list\"><style>.kt-svg-icon-list-item-4519_6185f2-72 .kt-svg-icon-list-text mark.kt-highlight{background-color:unset;font-style:normal;color:#f76a0c;-webkit-box-decoration-break:clone;box-decoration-break:clone;padding-top:0px;padding-right:0px;padding-bottom:0px;padding-left:0px;}<\/style>\n<li class=\"wp-block-kadence-listitem kt-svg-icon-list-item-wrap kt-svg-icon-list-item-4519_6185f2-72\"><span class=\"kb-svg-icon-wrap kb-svg-icon-fe_checkCircle kt-svg-icon-list-single\"><svg viewBox=\"0 0 24 24\"  fill=\"none\" stroke=\"currentColor\" stroke-width=\"3\" stroke-linecap=\"round\" stroke-linejoin=\"round\" xmlns=\"http:\/\/www.w3.org\/2000\/svg\"  aria-hidden=\"true\"><path d=\"M22 11.08V12a10 10 0 1 1-5.93-9.14\"\/><polyline points=\"22 4 12 14.01 9 11.01\"\/><\/svg><\/span><span class=\"kt-svg-icon-list-text\">Parcourez votre quotidien avec l\u00e9g\u00e8ret\u00e9 et confort, gr\u00e2ce \u00e0 une semelle anti-humidit\u00e9 et matelass\u00e9e en gomme EVA, ainsi qu&#8217;un talon carr\u00e9 qui assure \u00e0 la fois stabilit\u00e9 et soutien \u00e0 votre pied.<\/span><\/li>\n\n\n<style>.kt-svg-icon-list-item-4519_dc70e9-02 .kt-svg-icon-list-text mark.kt-highlight{background-color:unset;font-style:normal;color:#f76a0c;-webkit-box-decoration-break:clone;box-decoration-break:clone;padding-top:0px;padding-right:0px;padding-bottom:0px;padding-left:0px;}<\/style>\n<li class=\"wp-block-kadence-listitem kt-svg-icon-list-item-wrap kt-svg-icon-list-item-4519_dc70e9-02\"><span class=\"kb-svg-icon-wrap kb-svg-icon-fe_checkCircle kt-svg-icon-list-single\"><svg viewBox=\"0 0 24 24\"  fill=\"none\" stroke=\"currentColor\" stroke-width=\"3\" stroke-linecap=\"round\" stroke-linejoin=\"round\" xmlns=\"http:\/\/www.w3.org\/2000\/svg\"  aria-hidden=\"true\"><path d=\"M22 11.08V12a10 10 0 1 1-5.93-9.14\"\/><polyline points=\"22 4 12 14.01 9 11.01\"\/><\/svg><\/span><span class=\"kt-svg-icon-list-text\">Affirmez votre unicit\u00e9 avec un design ouvert et d\u00e9contract\u00e9, mari\u00e9 \u00e0 l&#8217;aspect sophistiqu\u00e9 et harmonieux du cuir v\u00e9gan de type daim.<\/span><\/li>\n\n\n<style>.kt-svg-icon-list-item-4519_9f2b9a-c5 .kt-svg-icon-list-text mark.kt-highlight{background-color:unset;font-style:normal;color:#f76a0c;-webkit-box-decoration-break:clone;box-decoration-break:clone;padding-top:0px;padding-right:0px;padding-bottom:0px;padding-left:0px;}<\/style>\n<li class=\"wp-block-kadence-listitem kt-svg-icon-list-item-wrap kt-svg-icon-list-item-4519_9f2b9a-c5\"><span class=\"kb-svg-icon-wrap kb-svg-icon-fe_checkCircle kt-svg-icon-list-single\"><svg viewBox=\"0 0 24 24\"  fill=\"none\" stroke=\"currentColor\" stroke-width=\"3\" stroke-linecap=\"round\" stroke-linejoin=\"round\" xmlns=\"http:\/\/www.w3.org\/2000\/svg\"  aria-hidden=\"true\"><path d=\"M22 11.08V12a10 10 0 1 1-5.93-9.14\"\/><polyline points=\"22 4 12 14.01 9 11.01\"\/><\/svg><\/span><span class=\"kt-svg-icon-list-text\">Choisissez un mode de vie respectueux de l&#8217;environnement avec ces <strong>Sandales en li\u00e8ge pour femme<\/strong> confectionn\u00e9es avec des mat\u00e9riaux \u00e9co-responsables, innovants et durables, sans cruaut\u00e9 et hypoallerg\u00e9niques.<\/span><\/li>\n<\/ul><\/div>\n\n\n\n<p>Oubliez les odeurs d\u00e9sagr\u00e9ables, dites adieu \u00e0 l&#8217;inconfort, et dites oui \u00e0 une mode consciente\u2026<\/p>\n\n\n\n<p>Pour le prix d&#8217;une sortie au restaurant, offrez-vous une paire de sandales \u00e9thiques avec une touche de style qui vous accompagnera tout au long de vos escapades estivales.<\/p>\n\n\n\n<p>Alors, \u00eates-vous pr\u00eate \u00e0 faire briller votre \u00e9thique \u00e0 travers votre style ? Les <strong>Holly Orange<\/strong> sont tr\u00e8s demand\u00e9es et les stocks fondent \u00e0 vue d\u2019\u0153il. Ne manquez pas cette opportunit\u00e9 !<\/p>\n","protected":false},"excerpt":{"rendered":"<p>Vous \u00eates \u00e0 la recherche de sandales talons carr\u00e9s qui viendront sublimer votre allure tout en respectant vos id\u00e9ologies \u00e9thiques ? Vous voulez conjuguer aisance, design et durabilit\u00e9 sans compromettre votre style ? Faites l&#8217;exp\u00e9rience des Holly Orange, des sandales v\u00e9ganes \u00e0 talon pour femme qui magnifient votre f\u00e9minit\u00e9 tout en rendant hommage \u00e0 notre&#8230;<\/p>\n","protected":false},"featured_media":6844,"comment_status":"open","ping_status":"closed","template":"","meta":{"_acf_changed":false,"_kad_blocks_custom_css":"","_kad_blocks_head_custom_js":"","_kad_blocks_body_custom_js":"","_kad_blocks_footer_custom_js":"","_kad_post_transparent":"","_kad_post_title":"","_kad_post_layout":"","_kad_post_sidebar_id":"","_kad_post_content_style":"","_kad_post_vertical_padding":"","_kad_post_feature":"","_kad_post_feature_position":"","_kad_post_header":false,"_kad_post_footer":false,"_kad_post_classname":""},"product_brand":[],"product_cat":[72,46],"product_tag":[228],"product_brands":[28],"class_list":{"0":"post-4519","1":"product","2":"type-product","3":"status-publish","4":"has-post-thumbnail","6":"product_cat-sandales","7":"product_cat-chaussures","8":"product_tag-femme","9":"product_brands-nae-vegan-shoes","11":"first","12":"outofstock","13":"taxable","14":"shipping-taxable","15":"purchasable","16":"product-type-variable","17":"has-default-attributes","18":"entry","19":"content-bg","20":"loop-entry"},"acf":{"avantages":"<ul>\r\n \t<li>\r\n<h6>\ud83c\udf2c\ufe0f Respirantes: favorisent une bonne circulation de l'air pour des pieds frais et secs.<\/h6>\r\n<\/li>\r\n<\/ul>\r\n&nbsp;\r\n<ul>\r\n \t<li>\r\n<h6>\ud83c\udf31 \u00c9co-responsables: mat\u00e9riaux et processus de fabrication respectueux de l'environnement pour une empreinte \u00e9cologique r\u00e9duite.<\/h6>\r\n<\/li>\r\n<\/ul>\r\n&nbsp;\r\n<ul>\r\n \t<li>\r\n<h6>\ud83e\udda0 Antimicrobiennes: traitement inhibant la croissance des bact\u00e9ries et des microbes pour une meilleure hygi\u00e8ne et pr\u00e9vention des odeurs.<\/h6>\r\n<\/li>\r\n<\/ul>\r\n&nbsp;\r\n<ul>\r\n \t<li>\r\n<h6>\ud83e\udd27 Hypoallerg\u00e9niques: mat\u00e9riaux minimisant les r\u00e9actions allergiques et les irritations de la peau.<\/h6>\r\n<\/li>\r\n<\/ul>\r\n&nbsp;\r\n<ul>\r\n \t<li>\r\n<h6>\ud83c\udf3f Lacets en li\u00e8ge naturel (variante orange) et microfibre de type daim (variante noire): alternative \u00e9cologique avec des mat\u00e9riaux durables.<\/h6>\r\n<\/li>\r\n<\/ul>\r\n&nbsp;\r\n<ul>\r\n \t<li>\r\n<h6>\ud83d\udc5c Rev\u00eatement ext\u00e9rieur en cuir v\u00e9gan de type daim fait avec des microfibres \u00e9co-responsables: imite l'apparence et la texture du cuir tout en pr\u00e9servant les animaux et l'environnement.<\/h6>\r\n<\/li>\r\n<\/ul>\r\n&nbsp;\r\n<ul>\r\n \t<li>\r\n<h6>\ud83d\udc86 Doublure en microfibre et laminage avec du PU: int\u00e9rieur doux et confortable pour une bonne durabilit\u00e9.<\/h6>\r\n<\/li>\r\n<\/ul>","entretien":"<h6>1. Nettoyez les chaussures avec un chiffon impr\u00e9gn\u00e9 d'eau savonneuse.<\/h6>\r\n<h6><\/h6>\r\n<h6>2. Utilisez une brosse \u00e0 chaussures douce impr\u00e9gn\u00e9e d'eau savonneuse pour les t\u00e2ches difficiles, en frottant d\u00e9licatement d'un geste circulaire.<\/h6>\r\n<h6><\/h6>\r\n<h6>3. Retirez le savon avec un chiffon humide.<\/h6>\r\n<h6><\/h6>\r\n<h6>4. Laissez s\u00e9cher \u00e0 l'air libre pendant 24 heures, sans exposition directe au soleil.<\/h6>\r\n<h6><\/h6>\r\n<h6><\/h6>\r\n<h6><strong>Attention<\/strong> :<\/h6>\r\n<h6><\/h6>\r\n<h6>- N'utilisez pas de cr\u00e8me nettoyante.<\/h6>\r\n&nbsp;\r\n<h6>- Ne mettez pas vos chaussures en machine.<\/h6>\r\n&nbsp;\r\n<h6>- Ne les immergez pas dans l'eau, elles pourraient souffrir des dommages irr\u00e9versibles.<\/h6>\r\n&nbsp;\r\n<h6>Lorsque vous estimez que vos chaussures v\u00e9ganes ont fait leur temps ou bien que vous n'en avez plus l'utilit\u00e9, pensez \u00e0 leur offrir une seconde vie.<\/h6>\r\n<h6><\/h6>\r\n<h6>Donnez-leur un autre usage pour vous-m\u00edme, ou faites-en profiter une autre personne.<\/h6>","marque":""},"taxonomy_info":{"product_cat":[{"value":72,"label":"Sandales"},{"value":46,"label":"Chaussures"}],"product_tag":[{"value":228,"label":"Boutique femme"}],"product_brands":[{"value":28,"label":"NAE Vegan Shoes"}]},"featured_image_src_large":["https:\/\/ekomfort.lu\/wp-content\/uploads\/2023\/09\/holly-orange-2.jpg",700,700,false],"author_info":[],"comment_info":0,"_links":{"self":[{"href":"https:\/\/ekomfort.lu\/wp-json\/wp\/v2\/product\/4519","targetHints":{"allow":["GET"]}}],"collection":[{"href":"https:\/\/ekomfort.lu\/wp-json\/wp\/v2\/product"}],"about":[{"href":"https:\/\/ekomfort.lu\/wp-json\/wp\/v2\/types\/product"}],"replies":[{"embeddable":true,"href":"https:\/\/ekomfort.lu\/wp-json\/wp\/v2\/comments?post=4519"}],"wp:featuredmedia":[{"embeddable":true,"href":"https:\/\/ekomfort.lu\/wp-json\/wp\/v2\/media\/6844"}],"wp:attachment":[{"href":"https:\/\/ekomfort.lu\/wp-json\/wp\/v2\/media?parent=4519"}],"wp:term":[{"taxonomy":"product_brand","embeddable":true,"href":"https:\/\/ekomfort.lu\/wp-json\/wp\/v2\/product_brand?post=4519"},{"taxonomy":"product_cat","embeddable":true,"href":"https:\/\/ekomfort.lu\/wp-json\/wp\/v2\/product_cat?post=4519"},{"taxonomy":"product_tag","embeddable":true,"href":"https:\/\/ekomfort.lu\/wp-json\/wp\/v2\/product_tag?post=4519"},{"taxonomy":"product_brands","embeddable":true,"href":"https:\/\/ekomfort.lu\/wp-json\/wp\/v2\/product_brands?post=4519"}],"curies":[{"name":"wp","href":"https:\/\/api.w.org\/{rel}","templated":true}]}}