{"id":4502,"date":"2023-08-16T14:50:12","date_gmt":"2023-08-16T12:50:12","guid":{"rendered":"https:\/\/ekomfort.lu\/?post_type=product&#038;p=4502"},"modified":"2024-07-01T12:04:10","modified_gmt":"2024-07-01T10:04:10","slug":"blucher-eco-responsable-semelle-antiderapante-fede-brown","status":"publish","type":"product","link":"https:\/\/ekomfort.lu\/lb\/shop\/blucher-eco-responsable-semelle-antiderapante-fede-brown\/","title":{"rendered":"Chaussures homme vegan Marron Fede Brown de Nae : L&#8217;Art Du Confort \u00c9thique"},"content":{"rendered":"\n<p>Vous aspirez \u00e0 des <strong>chaussures<\/strong> qui incarnent le confort, long\u00e9vit\u00e9, tout en respectant l&#8217;environnement ? Vous ne voulez plus des mod\u00e8les qui perdent leur \u00e9clat apr\u00e8s quelques mois d&#8217;utilisation ?<\/p>\n\n\n\n<p>D\u00e9couvrez les <strong>Fede Brown<\/strong>: des <strong>chaussures blucher en daim<\/strong> v\u00e9gan qui allient confort optimal, durabilit\u00e9 sans faille et une v\u00e9ritable conscience \u00e9cologique.<\/p>\n\n\n\n<p>Misez sur les chaussures <strong>Blucher \u00e9co-responsable \u00e0 semelle antid\u00e9rapante<\/strong> <strong>Fede Brown<\/strong> et :<\/p>\n\n\n<style>.wp-block-kadence-iconlist.kt-svg-icon-list-items4502_a65ad9-d8:not(.this-stops-third-party-issues){margin-top:0px;margin-bottom:0px;}.wp-block-kadence-iconlist.kt-svg-icon-list-items4502_a65ad9-d8 ul.kt-svg-icon-list:not(.this-prevents-issues):not(.this-stops-third-party-issues):not(.tijsloc){margin-top:0px;margin-right:0px;margin-bottom:var(--global-kb-spacing-sm, 1.5rem);margin-left:0px;}.wp-block-kadence-iconlist.kt-svg-icon-list-items4502_a65ad9-d8 ul.kt-svg-icon-list{grid-row-gap:5px;}.wp-block-kadence-iconlist.kt-svg-icon-list-items4502_a65ad9-d8 .kb-svg-icon-wrap{font-size:18px;color:var(--global-palette1, #3182CE);}.wp-block-kadence-iconlist.kt-svg-icon-list-items4502_a65ad9-d8 ul.kt-svg-icon-list .kt-svg-icon-list-item-wrap .kt-svg-icon-list-single{margin-right:10px;}.kt-svg-icon-list-items4502_a65ad9-d8 ul.kt-svg-icon-list .kt-svg-icon-list-level-0 .kt-svg-icon-list-single svg{font-size:20px;}<\/style>\n<div class=\"wp-block-kadence-iconlist kt-svg-icon-list-items kt-svg-icon-list-items4502_a65ad9-d8 kt-svg-icon-list-columns-1 alignnone\"><ul class=\"kt-svg-icon-list\"><style>.kt-svg-icon-list-item-4502_253fa1-d8 .kt-svg-icon-list-text mark.kt-highlight{background-color:unset;font-style:normal;color:#f76a0c;-webkit-box-decoration-break:clone;box-decoration-break:clone;padding-top:0px;padding-right:0px;padding-bottom:0px;padding-left:0px;}<\/style>\n<li class=\"wp-block-kadence-listitem kt-svg-icon-list-item-wrap kt-svg-icon-list-item-4502_253fa1-d8\"><span class=\"kb-svg-icon-wrap kb-svg-icon-fe_checkCircle kt-svg-icon-list-single\"><svg viewBox=\"0 0 24 24\"  fill=\"none\" stroke=\"currentColor\" stroke-width=\"3\" stroke-linecap=\"round\" stroke-linejoin=\"round\" xmlns=\"http:\/\/www.w3.org\/2000\/svg\"  aria-hidden=\"true\"><path d=\"M22 11.08V12a10 10 0 1 1-5.93-9.14\"\/><polyline points=\"22 4 12 14.01 9 11.01\"\/><\/svg><\/span><span class=\"kt-svg-icon-list-text\">Parcourez la ville avec audace, gr\u00e2ce \u00e0 une semelle crant\u00e9e antid\u00e9rapante qui s\u00e9curise chaque pas que vous faites.<\/span><\/li>\n\n\n<style>.kt-svg-icon-list-item-4502_f442a2-1d .kt-svg-icon-list-text mark.kt-highlight{background-color:unset;font-style:normal;color:#f76a0c;-webkit-box-decoration-break:clone;box-decoration-break:clone;padding-top:0px;padding-right:0px;padding-bottom:0px;padding-left:0px;}<\/style>\n<li class=\"wp-block-kadence-listitem kt-svg-icon-list-item-wrap kt-svg-icon-list-item-4502_f442a2-1d\"><span class=\"kb-svg-icon-wrap kb-svg-icon-fe_checkCircle kt-svg-icon-list-single\"><svg viewBox=\"0 0 24 24\"  fill=\"none\" stroke=\"currentColor\" stroke-width=\"3\" stroke-linecap=\"round\" stroke-linejoin=\"round\" xmlns=\"http:\/\/www.w3.org\/2000\/svg\"  aria-hidden=\"true\"><path d=\"M22 11.08V12a10 10 0 1 1-5.93-9.14\"\/><polyline points=\"22 4 12 14.01 9 11.01\"\/><\/svg><\/span><span class=\"kt-svg-icon-list-text\">Savourez le confort ultime gr\u00e2ce \u00e0 une doublure On Steam BioEco, un mat\u00e9riau innovant qui assure \u00e0 la fois respirabilit\u00e9 et souplesse pour des journ\u00e9es actives sans contraintes.<\/span><\/li>\n\n\n<style>.kt-svg-icon-list-item-4502_0079bc-56 .kt-svg-icon-list-text mark.kt-highlight{background-color:unset;font-style:normal;color:#f76a0c;-webkit-box-decoration-break:clone;box-decoration-break:clone;padding-top:0px;padding-right:0px;padding-bottom:0px;padding-left:0px;}<\/style>\n<li class=\"wp-block-kadence-listitem kt-svg-icon-list-item-wrap kt-svg-icon-list-item-4502_0079bc-56\"><span class=\"kb-svg-icon-wrap kb-svg-icon-fe_checkCircle kt-svg-icon-list-single\"><svg viewBox=\"0 0 24 24\"  fill=\"none\" stroke=\"currentColor\" stroke-width=\"3\" stroke-linecap=\"round\" stroke-linejoin=\"round\" xmlns=\"http:\/\/www.w3.org\/2000\/svg\"  aria-hidden=\"true\"><path d=\"M22 11.08V12a10 10 0 1 1-5.93-9.14\"\/><polyline points=\"22 4 12 14.01 9 11.01\"\/><\/svg><\/span><span class=\"kt-svg-icon-list-text\">Exprimez votre engagement pour une mode responsable avec un style \u00e0 la fois moderne et d\u00e9contract\u00e9, qui s&#8217;adapte \u00e0 votre rythme de vie et refl\u00e8te votre d\u00e9sir d&#8217;une mode plus \u00e9thique.<\/span><\/li>\n<\/ul><\/div>\n\n\n\n<p>sans cruaut\u00e9 animale, sans les produits nuisibles, et place au style irr\u00e9prochable&#8230;<\/p>\n\n\n\n<p>Pour le prix d&#8217;une paire de chaussures ordinaires \u00e0 dur\u00e9e de vie limit\u00e9e, choisissez la durabilit\u00e9, l&#8217;\u00e9co-responsabilit\u00e9, et un style qui m\u00eale \u00e0 la fois d\u00e9contraction et sophistication avec ces <strong>Blucher \u00e9co-responsable \u00e0 semelle antid\u00e9rapante<\/strong>.<\/p>\n\n\n\n<p>Alors, \u00eates-vous pr\u00eat \u00e0 faire de chaque pas un v\u00e9ritable hommage \u00e0 la Terre ? Les <strong>Fede Brown<\/strong> sont fortement pris\u00e9es et nos stocks diminuent rapidement. Ne manquez pas cette occasion !<\/p>\n","protected":false},"excerpt":{"rendered":"<p>Vous aspirez \u00e0 des chaussures qui incarnent le confort, long\u00e9vit\u00e9, tout en respectant l&#8217;environnement ? Vous ne voulez plus des mod\u00e8les qui perdent leur \u00e9clat apr\u00e8s quelques mois d&#8217;utilisation ? D\u00e9couvrez les Fede Brown: des chaussures blucher en daim v\u00e9gan qui allient confort optimal, durabilit\u00e9 sans faille et une v\u00e9ritable conscience \u00e9cologique. Misez sur les&#8230;<\/p>\n","protected":false},"featured_media":6855,"comment_status":"open","ping_status":"closed","template":"","meta":{"_acf_changed":false,"_kad_blocks_custom_css":"","_kad_blocks_head_custom_js":"","_kad_blocks_body_custom_js":"","_kad_blocks_footer_custom_js":"","_kad_post_transparent":"","_kad_post_title":"","_kad_post_layout":"","_kad_post_sidebar_id":"","_kad_post_content_style":"","_kad_post_vertical_padding":"","_kad_post_feature":"","_kad_post_feature_position":"","_kad_post_header":false,"_kad_post_footer":false},"product_brand":[],"product_cat":[270,46],"product_tag":[242],"product_brands":[28],"class_list":{"0":"post-4502","1":"product","2":"type-product","3":"status-publish","4":"has-post-thumbnail","6":"product_cat-chaussures-basses","7":"product_cat-chaussures","8":"product_tag-homme","9":"product_brands-nae-vegan-shoes","11":"first","12":"outofstock","13":"taxable","14":"shipping-taxable","15":"purchasable","16":"product-type-variable","17":"has-default-attributes","18":"entry","19":"content-bg","20":"loop-entry"},"acf":{"avantages":"<ul>\r\n \t<li>\r\n<h6>\"\ud83d\udca6 R\u00e9sistantes \u00e0 l'eau: Prot\u00e8gent les pieds de l'humidit\u00e9.<\/h6>\r\n<\/li>\r\n<\/ul>\r\n&nbsp;\r\n<ul>\r\n \t<li>\r\n<h6>\ud83c\udf2c\ufe0f Respirantes: Favorisent une bonne circulation de l'air pour garder les pieds frais et secs.<\/h6>\r\n<\/li>\r\n<\/ul>\r\n&nbsp;\r\n<ul>\r\n \t<li>\r\n<h6>\ud83e\udd27 Antimicrobiennes et hypoallerg\u00e9niques: Maintiennent une hygi\u00e8ne optimale et minimisent les r\u00e9actions allergiques.<\/h6>\r\n<\/li>\r\n<\/ul>\r\n&nbsp;\r\n<ul>\r\n \t<li>\r\n<h6>\ud83e\ude79 Mat\u00e9riaux s\u00fbrs: Pr\u00e9occup\u00e9s par la sant\u00e9 des consommateurs et des clientes.<\/h6>\r\n<\/li>\r\n<\/ul>\r\n&nbsp;\r\n<ul>\r\n \t<li>\r\n<h6>\ud83d\udc5f Tige en cuir vegan: Fabriqu\u00e9e \u00e0 partir de microfibres \u00e9co-responsables, une alternative respectueuse des animaux.<\/h6>\r\n<\/li>\r\n<\/ul>\r\n&nbsp;\r\n<ul>\r\n \t<li>\r\n<h6>\ud83c\udf31 Doublure en BioEco: Compos\u00e9e de polyester recycl\u00e9 et de fibres provenant de la fermentation de la plante de ma\u00efs, une option \u00e9cologique.<\/h6>\r\n<\/li>\r\n<\/ul>\r\n&nbsp;\r\n<ul>\r\n \t<li>\r\n<h6>\ud83c\udf80 Fermeture avec des lacets en coton cir\u00e9: Une alternative v\u00e9g\u00e9talienne \u00e0 la cire traditionnelle.<\/h6>\r\n<\/li>\r\n<\/ul>\r\n&nbsp;\r\n<ul>\r\n \t<li>\r\n<h6>\u2601\ufe0f Semelle de propret\u00e9 matelass\u00e9e: En gomme EVA et lamin\u00e9e avec de la microfibre anti-humidit\u00e9, pour un confort optimal et une protection contre l'humidit\u00e9.<\/h6>\r\n<\/li>\r\n<\/ul>\r\n&nbsp;\r\n<ul>\r\n \t<li>\r\n<h6>\ud83d\udc63 Semelle d'usure en gomme TR expans\u00e9e: Longue dur\u00e9e de vie avec un profil antid\u00e9rapant, offrant une adh\u00e9rence et une durabilit\u00e9 optimales.<\/h6>\r\n<\/li>\r\n<\/ul>\r\n&nbsp;\r\n<ul>\r\n \t<li>\r\n<h6>\ud83c\uddf5\ud83c\uddf9 Made in Portugal: Fabriqu\u00e9es avec grand soin au Portugal en utilisant des mat\u00e9riaux et des processus de fabrication respectueux de l'environnement.\"<\/h6>\r\n<\/li>\r\n<\/ul>","entretien":"<h6>\"1. Nettoyez les chaussures avec un chiffon impr\u00e9gn\u00e9 d'eau savonneuse.<\/h6>\r\n<h6><\/h6>\r\n<h6>2. Utilisez une brosse \u00e0 chaussures douce impr\u00e9gn\u00e9e d'eau savonneuse pour les t\u00e2ches difficiles, en frottant d\u00e9licatement d'un geste circulaire.<\/h6>\r\n<h6><\/h6>\r\n<h6>3. Retirez le savon avec un chiffon humide.<\/h6>\r\n<h6><\/h6>\r\n<h6>4. Laissez s\u00e9cher \u00e0 l'air libre pendant 24 heures, sans exposition directe au soleil.<\/h6>\r\n&nbsp;\r\n\r\n&nbsp;\r\n<h6><strong>Attention :<\/strong><\/h6>\r\n&nbsp;\r\n<h6><strong>\u2022 N'utilisez pas de cr\u00e8me nettoyante.<\/strong><\/h6>\r\n<h6><\/h6>\r\n<h6><\/h6>\r\n<h6><strong>\u2022 Ne mettez pas vos chaussures en machine.<\/strong><\/h6>\r\n&nbsp;\r\n<h6><\/h6>\r\n<h6><strong>\u2022 Ne les immergez pas dans l'eau, cela pourrait causer des dommages irr\u00e9versibles.<\/strong><\/h6>\r\n&nbsp;\r\n<h6><\/h6>","marque":""},"_wp_attached_file":null,"_wp_attachment_image_alt":null,"rank_math_facebook_image":null,"rank_math_facebook_image_id":null,"wpml_language":null,"_wp_attachment_metadata":null,"rank_math_focus_keyword":"Fede Brown, Blucher \u00e9co-responsable \u00e0 semelle antid\u00e9rapante","rank_math_title":"Blucher Fede Brown - \u00c9co-responsable avec semelle antid\u00e9rapante","rank_math_description":"Optez pour le confort et la durabilit\u00e9 avec notre Blucher \u00e9co-responsable \u00e0 semelle antid\u00e9rapante Fede Brown. Ajoutez une touche de sophistication \u00e0 votre look d\u00e8s aujourd'hui !","taxonomy_info":{"product_cat":[{"value":270,"label":"Chaussures basses"},{"value":46,"label":"Chaussures"}],"product_tag":[{"value":242,"label":"Boutique homme"}],"product_brands":[{"value":28,"label":"NAE Vegan Shoes"}]},"featured_image_src_large":["https:\/\/ekomfort.lu\/wp-content\/uploads\/2023\/09\/site-revente-sneakers-14.jpg",700,700,false],"author_info":[],"comment_info":0,"_links":{"self":[{"href":"https:\/\/ekomfort.lu\/lb\/wp-json\/wp\/v2\/product\/4502","targetHints":{"allow":["GET"]}}],"collection":[{"href":"https:\/\/ekomfort.lu\/lb\/wp-json\/wp\/v2\/product"}],"about":[{"href":"https:\/\/ekomfort.lu\/lb\/wp-json\/wp\/v2\/types\/product"}],"replies":[{"embeddable":true,"href":"https:\/\/ekomfort.lu\/lb\/wp-json\/wp\/v2\/comments?post=4502"}],"wp:featuredmedia":[{"embeddable":true,"href":"https:\/\/ekomfort.lu\/lb\/wp-json\/wp\/v2\/media\/6855"}],"wp:attachment":[{"href":"https:\/\/ekomfort.lu\/lb\/wp-json\/wp\/v2\/media?parent=4502"}],"wp:term":[{"taxonomy":"product_brand","embeddable":true,"href":"https:\/\/ekomfort.lu\/lb\/wp-json\/wp\/v2\/product_brand?post=4502"},{"taxonomy":"product_cat","embeddable":true,"href":"https:\/\/ekomfort.lu\/lb\/wp-json\/wp\/v2\/product_cat?post=4502"},{"taxonomy":"product_tag","embeddable":true,"href":"https:\/\/ekomfort.lu\/lb\/wp-json\/wp\/v2\/product_tag?post=4502"},{"taxonomy":"product_brands","embeddable":true,"href":"https:\/\/ekomfort.lu\/lb\/wp-json\/wp\/v2\/product_brands?post=4502"}],"curies":[{"name":"wp","href":"https:\/\/api.w.org\/{rel}","templated":true}]}}