{"id":2168,"date":"2023-06-18T16:04:15","date_gmt":"2023-06-18T14:04:15","guid":{"rendered":"https:\/\/ekomfort.lu\/?post_type=product&#038;p=2168"},"modified":"2024-07-19T10:39:15","modified_gmt":"2024-07-19T08:39:15","slug":"sac-main-rectangulaire-saya-beige-bandouliere-nae","status":"publish","type":"product","link":"https:\/\/ekomfort.lu\/shop\/sac-main-rectangulaire-saya-beige-bandouliere-nae\/","title":{"rendered":"Sac \u00e0 Main De Luxe Tendance Saya Beige de Nae : L&#8217;\u00c9l\u00e9gance Responsable Red\u00e9finie"},"content":{"rendered":"\n<p>Vous \u00eates \u00e0 la recherche d&#8217;un <strong>sac \u00e0 main tote bag<\/strong> qui fusionne parfaitement style, fonctionnalit\u00e9, et respect de la nature ? Vous voulez un sac qui repr\u00e9sente votre \u00e9thique sans compromis sur l&#8217;\u00e9l\u00e9gance ?<\/p>\n\n\n\n<p>D\u00e9couvrez le <strong>Saya Beige<\/strong> : un <strong>tote bag femme<\/strong> en AppleSkin et coton organique, se distinguant par son esth\u00e9tique sophistiqu\u00e9e et son design ing\u00e9nieux.<\/p>\n\n\n\n<p>Avec le sac \u00e0 main <strong>Saya Beige<\/strong> vous :<\/p>\n\n\n<style>.wp-block-kadence-iconlist.kt-svg-icon-list-items2168_ae1fe3-29:not(.this-stops-third-party-issues){margin-top:0px;margin-bottom:0px;}.wp-block-kadence-iconlist.kt-svg-icon-list-items2168_ae1fe3-29 ul.kt-svg-icon-list:not(.this-prevents-issues):not(.this-stops-third-party-issues):not(.tijsloc){margin-top:0px;margin-right:0px;margin-bottom:var(--global-kb-spacing-sm, 1.5rem);margin-left:0px;}.wp-block-kadence-iconlist.kt-svg-icon-list-items2168_ae1fe3-29 ul.kt-svg-icon-list{grid-row-gap:0px;}.wp-block-kadence-iconlist.kt-svg-icon-list-items2168_ae1fe3-29 .kb-svg-icon-wrap{font-size:18px;color:var(--global-palette1, #3182CE);}.wp-block-kadence-iconlist.kt-svg-icon-list-items2168_ae1fe3-29 ul.kt-svg-icon-list .kt-svg-icon-list-item-wrap .kt-svg-icon-list-single{margin-right:10px;}.kt-svg-icon-list-items2168_ae1fe3-29 ul.kt-svg-icon-list .kt-svg-icon-list-level-0 .kt-svg-icon-list-single svg{font-size:20px;}<\/style>\n<div class=\"wp-block-kadence-iconlist kt-svg-icon-list-items kt-svg-icon-list-items2168_ae1fe3-29 kt-svg-icon-list-columns-1 alignnone\"><ul class=\"kt-svg-icon-list\"><style>.kt-svg-icon-list-item-2168_ad706b-50 .kt-svg-icon-list-text mark.kt-highlight{background-color:unset;font-style:normal;color:#f76a0c;-webkit-box-decoration-break:clone;box-decoration-break:clone;padding-top:0px;padding-right:0px;padding-bottom:0px;padding-left:0px;}<\/style>\n<li class=\"wp-block-kadence-listitem kt-svg-icon-list-item-wrap kt-svg-icon-list-item-2168_ad706b-50\"><span class=\"kb-svg-icon-wrap kb-svg-icon-fe_checkCircle kt-svg-icon-list-single\"><svg viewBox=\"0 0 24 24\"  fill=\"none\" stroke=\"currentColor\" stroke-width=\"3\" stroke-linecap=\"round\" stroke-linejoin=\"round\" xmlns=\"http:\/\/www.w3.org\/2000\/svg\"  aria-hidden=\"true\"><path d=\"M22 11.08V12a10 10 0 1 1-5.93-9.14\"\/><polyline points=\"22 4 12 14.01 9 11.01\"\/><\/svg><\/span><span class=\"kt-svg-icon-list-text\">\n<p>Adoptez l&#8217;\u00e9thique en toute tranquillit\u00e9, avec un sac con\u00e7u \u00e0 partir de restes de la production industrielle de jus de pomme, m\u00e9tamorphos\u00e9s en une alternative au cuir tout aussi durable et \u00e9l\u00e9gante.<\/p>\n<\/span><\/li>\n\n\n<style>.kt-svg-icon-list-item-2168_9e3be6-15 .kt-svg-icon-list-text mark.kt-highlight{background-color:unset;font-style:normal;color:#f76a0c;-webkit-box-decoration-break:clone;box-decoration-break:clone;padding-top:0px;padding-right:0px;padding-bottom:0px;padding-left:0px;}<\/style>\n<li class=\"wp-block-kadence-listitem kt-svg-icon-list-item-wrap kt-svg-icon-list-item-2168_9e3be6-15\"><span class=\"kb-svg-icon-wrap kb-svg-icon-fe_checkCircle kt-svg-icon-list-single\"><svg viewBox=\"0 0 24 24\"  fill=\"none\" stroke=\"currentColor\" stroke-width=\"3\" stroke-linecap=\"round\" stroke-linejoin=\"round\" xmlns=\"http:\/\/www.w3.org\/2000\/svg\"  aria-hidden=\"true\"><path d=\"M22 11.08V12a10 10 0 1 1-5.93-9.14\"\/><polyline points=\"22 4 12 14.01 9 11.01\"\/><\/svg><\/span><span class=\"kt-svg-icon-list-text\">\n<p>Profitez du luxe de l&#8217;espace avec de multiples compartiments pour garder tous vos indispensables \u00e0 port\u00e9e de main, compl\u00e9t\u00e9 par une bandouli\u00e8re pour un port confortable sur l&#8217;\u00e9paule.<\/p>\n<\/span><\/li>\n\n\n<style>.kt-svg-icon-list-item-2168_e36fea-2a .kt-svg-icon-list-text mark.kt-highlight{background-color:unset;font-style:normal;color:#f76a0c;-webkit-box-decoration-break:clone;box-decoration-break:clone;padding-top:0px;padding-right:0px;padding-bottom:0px;padding-left:0px;}<\/style>\n<li class=\"wp-block-kadence-listitem kt-svg-icon-list-item-wrap kt-svg-icon-list-item-2168_e36fea-2a\"><span class=\"kb-svg-icon-wrap kb-svg-icon-fe_checkCircle kt-svg-icon-list-single\"><svg viewBox=\"0 0 24 24\"  fill=\"none\" stroke=\"currentColor\" stroke-width=\"3\" stroke-linecap=\"round\" stroke-linejoin=\"round\" xmlns=\"http:\/\/www.w3.org\/2000\/svg\"  aria-hidden=\"true\"><path d=\"M22 11.08V12a10 10 0 1 1-5.93-9.14\"\/><polyline points=\"22 4 12 14.01 9 11.01\"\/><\/svg><\/span><span class=\"kt-svg-icon-list-text\">\n<p>Affirmez votre amour pour le style et l&#8217;\u00e9co-responsabilit\u00e9 gr\u00e2ce \u00e0 un design chic en beige, sublim\u00e9 par des d\u00e9tails m\u00e9talliques raffin\u00e9s, et la discr\u00e8te signature Nae \u00e0 l&#8217;ext\u00e9rieur et \u00e0 l&#8217;int\u00e9rieur du sac.<\/p>\n<\/span><\/li>\n<\/ul><\/div>\n\n\n\n<p>sans cruaut\u00e9, sans substances n\u00e9fastes, bonjour l&#8217;\u00e9l\u00e9gance intemporelle&#8230;<\/p>\n\n\n\n<p>Pour un prix inf\u00e9rieur \u00e0 une sortie restaurant haut de gamme, investissez dans un sac \u00e0 main \u00e9thique qui vous accompagnera fid\u00e8lement tout en faisant tourner les t\u00eates.<\/p>\n\n\n\n<p>Alors, pr\u00eate \u00e0 adopter une touche d&#8217;\u00e9l\u00e9gance respectueuse avec le <strong>Saya Beige<\/strong> ? Ce mod\u00e8le est pris\u00e9 et notre stock diminue rapidement. Agissez vite !<\/p>\n","protected":false},"excerpt":{"rendered":"<p>\u00d4 merveille qu&#8217;est le sac \u00e0 main rectangulaire Saya Beige, symbole de style et d&#8217;\u00e9l\u00e9gance sans \u00e9gal ! Tel un \u00e9crin pr\u00e9cieux, cet accessoire gracieux fa\u00e7onn\u00e9 par les mains habiles de Nea Vegan Shoes incarne l&#8217;essence m\u00eame du raffinement f\u00e9minin. \u00c0 la crois\u00e9e des chemins entre fonctionnalit\u00e9 et esth\u00e9tisme, le sac Saya Beige offre un design saisissant, mettant en avant ses lignes d\u00e9licates et ses contours impeccables. Son cuir souple et d\u00e9licatement teint\u00e9 en beige, choisi avec une minutie artistique, caresse les yeux tels les vers d&#8217;un po\u00e8me d\u00e9licieusement envo\u00fbtant. Par-del\u00e0 sa beaut\u00e9 ext\u00e9rieure, ce sac \u00e0 main est dot\u00e9 d&#8217;une ing\u00e9nieuse disposition int\u00e9rieure. Il se fait complice de l&#8217;organisation de vos essentiels, offrant une exp\u00e9rience de port des plus commodes. Laissez-vous envo\u00fbter par l&#8217;harmonie de ses dimensions parfaitement ajust\u00e9es, symphonie \u00e9blouissante de proportions. Tel un astre lumineux dans la galaxie des accessoires, le sac \u00e0 main Saya Beige illumine votre allure, offrant une touche de gr\u00e2ce \u00e0 chacun de vos pas. Qu&#8217;il s&#8217;agisse d&#8217;une soir\u00e9e mondaine ou d&#8217;une promenade sous les ombrages, son charme envo\u00fbtant saura \u00e9merveiller les regards admiratifs. En unissant le g\u00e9nie de la mode \u00e0 l&#8217;expertise d&#8217;Ekomfort, le sac Saya Beige est l&#8217;\u00e9pitome de l&#8217;\u00e9l\u00e9gance contemporaine. Affirmez votre personnalit\u00e9 avec cet accessoire unique qui deviendra votre alli\u00e9 ind\u00e9fectible, l&#8217;ami fid\u00e8le qui transcendera le temps et les tendances. Osez le luxe abordable, \u00e9clatant dans chaque d\u00e9tail de ce chef-d&#8217;\u0153uvre sign\u00e9 Ekomfort. Le sac \u00e0 main Saya Beige vous invite \u00e0 p\u00e9n\u00e9trer un univers o\u00f9 l&#8217;opulence du style se conjugue harmonieusement avec la sobri\u00e9t\u00e9 du bon go\u00fbt. Adoptez-le, et laissez le charme de Victor Hugo enlacer votre quotidien d&#8217;une po\u00e9sie insoup\u00e7onn\u00e9e.<\/p>\n","protected":false},"featured_media":2169,"comment_status":"open","ping_status":"closed","template":"","meta":{"_acf_changed":false,"_kad_blocks_custom_css":"","_kad_blocks_head_custom_js":"","_kad_blocks_body_custom_js":"","_kad_blocks_footer_custom_js":"","_kad_post_transparent":"","_kad_post_title":"","_kad_post_layout":"","_kad_post_sidebar_id":"","_kad_post_content_style":"","_kad_post_vertical_padding":"","_kad_post_feature":"","_kad_post_feature_position":"","_kad_post_header":false,"_kad_post_footer":false,"_kad_post_classname":""},"product_brand":[],"product_cat":[52,48],"product_tag":[228,104],"product_brands":[28],"class_list":{"0":"post-2168","1":"product","2":"type-product","3":"status-publish","4":"has-post-thumbnail","6":"product_cat-sacs","7":"product_cat-accessoires","8":"product_tag-femme","9":"product_tag-made-in-espagne","10":"product_brands-nae-vegan-shoes","12":"first","13":"instock","14":"taxable","15":"shipping-taxable","16":"purchasable","17":"product-type-simple","18":"entry","19":"content-bg","20":"loop-entry"},"acf":{"avantages":"<ul>\r\n \t<li>\r\n<h6><strong>R\u00e9sistant \u00e0 l'eau<\/strong> pour prot\u00e9ger son contenu des intemp\u00e9ries.<\/h6>\r\n<\/li>\r\n \t<li>\r\n<h6><strong>Respirant<\/strong> pour \u00e9viter la condensation et l'accumulation d'humidit\u00e9 \u00e0 l'int\u00e9rieur.<\/h6>\r\n<\/li>\r\n \t<li>\r\n<h6><strong>\u00c9co-responsable<\/strong>, mettant en avant l'utilisation de mat\u00e9riaux durables et respectueux de l'environnement.<\/h6>\r\n<\/li>\r\n \t<li>\r\n<h6><strong>Antimicrobien<\/strong>, assurant une hygi\u00e8ne accrue en inhibant la croissance des bact\u00e9ries et des microbes.<\/h6>\r\n<\/li>\r\n \t<li>\r\n<h6><strong>S\u00fbr<\/strong> pour la sant\u00e9 du consommateur et de la consommatrice, garantissant l'absence de substances nocives pour la sant\u00e9.<\/h6>\r\n<\/li>\r\n \t<li>\r\n<h6><strong>Hypoallerg\u00e9nique<\/strong>, minimisant les risques de r\u00e9actions allergiques.<\/h6>\r\n<\/li>\r\n \t<li>\r\n<h6><strong>Mat\u00e9riaux utilis\u00e9s<\/strong> : cuir v\u00e9gan fabriqu\u00e9 \u00e0 partir d'AppleSkin, un mat\u00e9riau issu des r\u00e9sidus de la production de jus de pomme, et coton organique certifi\u00e9 GOTS, favorisant une approche respectueuse de l'environnement.<\/h6>\r\n<\/li>\r\n \t<li>\r\n<h6><strong>Fermetures \u00e9clair en m\u00e9tal garanties sans nickel<\/strong>, assurant une utilisation sans risques pour les personnes allergiques.<\/h6>\r\n<\/li>\r\n \t<li>\r\n<h6><strong>Taille unique moyenne<\/strong> pour convenir \u00e0 un large \u00e9ventail d'utilisateurs.<\/h6>\r\n<\/li>\r\n \t<li>\r\n<h6><strong>Dimensions<\/strong> : largeur x hauteur x profondeur de 33 x 23 x 14 cm (13 x 9 x 5,5 pouces), offrant une capacit\u00e9 de stockage pratique.<\/h6>\r\n<\/li>\r\n \t<li>\r\n<h6><strong>Longueur maximale de la bandouli\u00e8re<\/strong> : 120 cm (47,2 pouces), permettant un ajustement personnalis\u00e9.<\/h6>\r\n<\/li>\r\n \t<li>\r\n<h6><strong>Longueur des anses<\/strong> de 36 cm (14,2 pouces) pour un port confortable.<\/h6>\r\n<\/li>\r\n \t<li>\r\n<h6><strong>Fabriqu\u00e9 avec grand soin en Espagne<\/strong>, en utilisant des mat\u00e9riaux et des proc\u00e9d\u00e9s de fabrication \u00e9co-responsables, dans le respect d'un environnement de travail \u00e9quitable.<\/h6>\r\n<\/li>\r\n<\/ul>","entretien":"<ol>\r\n \t<li>\r\n<h6>Nettoyez le produit avec un chiffon impr\u00e9gn\u00e9 d'eau savonneuse.<\/h6>\r\n<\/li>\r\n \t<li>\r\n<h6>Ensuite, laissez s\u00e9cher \u00e0 l'air libre avant d'appliquer une cr\u00e8me nettoyante.<\/h6>\r\n<\/li>\r\n \t<li>\r\n<h6>Vous pouvez utiliser une cr\u00e8me nettoyante pour donner plus d'\u00e9clat. Mettez une noisette de produit sur une brosse ou un chiffon doux et sec, puis faites p\u00e9n\u00e9trer compl\u00e8tement dans le tissu en frottant d\u00e9licatement de mani\u00e8re circulaire, jusqu'\u00e0 totale absorption.<\/h6>\r\n<\/li>\r\n \t<li>\r\n<h6>Enfin, laissez s\u00e9cher \u00e0 l'air libre pendant 24 heures, loin de la lumi\u00e8re directe du soleil.<\/h6>\r\n<\/li>\r\n<\/ol>\r\n<h6><strong>COTON ORGANIQUE<\/strong>:<\/h6>\r\n<ol>\r\n \t<li>\r\n<h6>\u00c9liminez d\u00e9licatement la poussi\u00e8re et la salet\u00e9 \u00e0 l'aide d'un chiffon sec.<\/h6>\r\n<\/li>\r\n \t<li>\r\n<h6>Nettoyez le produit \u00e0 l'aide d'un chiffon impr\u00e9gn\u00e9 d'eau savonneuse.<\/h6>\r\n<\/li>\r\n \t<li>\r\n<h6>Enfin, laissez s\u00e9cher \u00e0 l'air libre pendant 24 heures, sans l'exposer directement au soleil.<\/h6>\r\n<\/li>\r\n<\/ol>\r\n<h6><strong>Attention: ne mettez pas les produits en machine. Ne les immergez pas dans l'eau, car cela pourrait causer des dommages irr\u00e9versibles.<\/strong><\/h6>\r\n<h6>Lorsque vous estimez que vos chaussures v\u00e9ganes ont fait leur temps ou que vous n'en avez plus l'utilit\u00e9, pensez \u00e0 leur offrir une seconde vie. Donnez-leur un autre usage pour vous-m\u00eame, ou faites-en profiter une autre personne.<\/h6>","marque":"<h6>Nae Vegan Shoes est une marque portugaise de chaussures v\u00e9g\u00e9taliennes, ax\u00e9e sur la durabilit\u00e9 environnementale. <a href=\"https:\/\/ekomfort.lu\/marques\/nae-vegan-shoes\/\" target=\"_new\">En savoir plus<\/a><\/h6>"},"taxonomy_info":{"product_cat":[{"value":52,"label":"Sacs"},{"value":48,"label":"Accessoires"}],"product_tag":[{"value":228,"label":"Boutique femme"},{"value":104,"label":"Fabriqu\u00e9 en Espagne"}],"product_brands":[{"value":28,"label":"NAE Vegan Shoes"}]},"featured_image_src_large":["https:\/\/ekomfort.lu\/wp-content\/uploads\/2023\/06\/sac-a-main-rectangulaire-saya-beige-ekomfort-1024x1024.jpg",1024,1024,true],"author_info":[],"comment_info":0,"_links":{"self":[{"href":"https:\/\/ekomfort.lu\/wp-json\/wp\/v2\/product\/2168","targetHints":{"allow":["GET"]}}],"collection":[{"href":"https:\/\/ekomfort.lu\/wp-json\/wp\/v2\/product"}],"about":[{"href":"https:\/\/ekomfort.lu\/wp-json\/wp\/v2\/types\/product"}],"replies":[{"embeddable":true,"href":"https:\/\/ekomfort.lu\/wp-json\/wp\/v2\/comments?post=2168"}],"wp:featuredmedia":[{"embeddable":true,"href":"https:\/\/ekomfort.lu\/wp-json\/wp\/v2\/media\/2169"}],"wp:attachment":[{"href":"https:\/\/ekomfort.lu\/wp-json\/wp\/v2\/media?parent=2168"}],"wp:term":[{"taxonomy":"product_brand","embeddable":true,"href":"https:\/\/ekomfort.lu\/wp-json\/wp\/v2\/product_brand?post=2168"},{"taxonomy":"product_cat","embeddable":true,"href":"https:\/\/ekomfort.lu\/wp-json\/wp\/v2\/product_cat?post=2168"},{"taxonomy":"product_tag","embeddable":true,"href":"https:\/\/ekomfort.lu\/wp-json\/wp\/v2\/product_tag?post=2168"},{"taxonomy":"product_brands","embeddable":true,"href":"https:\/\/ekomfort.lu\/wp-json\/wp\/v2\/product_brands?post=2168"}],"curies":[{"name":"wp","href":"https:\/\/api.w.org\/{rel}","templated":true}]}}