{"id":17893,"date":"2024-05-29T09:26:38","date_gmt":"2024-05-29T07:26:38","guid":{"rendered":"https:\/\/ekomfort.lu\/?post_type=product&#038;p=17893"},"modified":"2024-07-04T17:47:20","modified_gmt":"2024-07-04T15:47:20","slug":"zinnia-black-sandales-veganes-a-talon-ouvert-avec-talon","status":"publish","type":"product","link":"https:\/\/ekomfort.lu\/lb\/shop\/zinnia-black-sandales-veganes-a-talon-ouvert-avec-talon\/","title":{"rendered":"Zinnia Black sandales v\u00e9ganes \u00e0 talon ouvert avec talon"},"content":{"rendered":"\n<p>Voici les Zinnia Black, une paire de sandales ouvertes \u00e0 talon moyen con\u00e7ues pour la fashionista moderne et soucieuse de l&#8217;environnement. Dot\u00e9es de brides \u00e0 la cheville et d&#8217;une fermeture \u00e0 boucle, ces sandales sont fabriqu\u00e9es en cuir de pomme, un mat\u00e9riau r\u00e9volutionnaire d\u00e9riv\u00e9 des fibres issues de la production industrielle de jus de pomme. Cette mati\u00e8re innovante offre non seulement un look \u00e9l\u00e9gant et polyvalent, mais favorise \u00e9galement l&#8217;\u00e9co-responsabilit\u00e9 et un mode de vie sans cruaut\u00e9. Les sandales Zinnia Black allient harmonieusement \u00e9l\u00e9gance et d\u00e9contraction, ce qui en fait un \u00e9l\u00e9ment essentiel de votre garde-robe printani\u00e8re.<\/p>\n\n\n<style>.wp-block-kadence-iconlist.kt-svg-icon-list-items17893_721d37-a6:not(.this-stops-third-party-issues){margin-top:0px;margin-bottom:0px;}.wp-block-kadence-iconlist.kt-svg-icon-list-items17893_721d37-a6 ul.kt-svg-icon-list:not(.this-prevents-issues):not(.this-stops-third-party-issues):not(.tijsloc){margin-top:0px;margin-right:0px;margin-bottom:var(--global-kb-spacing-sm, 1.5rem);margin-left:0px;}.wp-block-kadence-iconlist.kt-svg-icon-list-items17893_721d37-a6 ul.kt-svg-icon-list{grid-row-gap:5px;}.wp-block-kadence-iconlist.kt-svg-icon-list-items17893_721d37-a6 .kb-svg-icon-wrap{font-size:18px;color:var(--global-palette1, #3182CE);}.wp-block-kadence-iconlist.kt-svg-icon-list-items17893_721d37-a6 ul.kt-svg-icon-list .kt-svg-icon-list-item-wrap .kt-svg-icon-list-single{margin-right:10px;}.kt-svg-icon-list-items17893_721d37-a6 ul.kt-svg-icon-list .kt-svg-icon-list-level-0 .kt-svg-icon-list-single svg{font-size:20px;}<\/style>\n<div class=\"wp-block-kadence-iconlist kt-svg-icon-list-items kt-svg-icon-list-items17893_721d37-a6 kt-svg-icon-list-columns-1 alignnone\"><ul class=\"kt-svg-icon-list\"><style>.kt-svg-icon-list-item-17893_ae7cca-6b .kt-svg-icon-list-text mark.kt-highlight{background-color:unset;font-style:normal;color:#f76a0c;-webkit-box-decoration-break:clone;box-decoration-break:clone;padding-top:0px;padding-right:0px;padding-bottom:0px;padding-left:0px;}<\/style>\n<li class=\"wp-block-kadence-listitem kt-svg-icon-list-item-wrap kt-svg-icon-list-item-17893_ae7cca-6b\"><span class=\"kb-svg-icon-wrap kb-svg-icon-fe_checkCircle kt-svg-icon-list-single\"><svg viewBox=\"0 0 24 24\"  fill=\"none\" stroke=\"currentColor\" stroke-width=\"3\" stroke-linecap=\"round\" stroke-linejoin=\"round\" xmlns=\"http:\/\/www.w3.org\/2000\/svg\"  aria-hidden=\"true\"><path d=\"M22 11.08V12a10 10 0 1 1-5.93-9.14\"\/><polyline points=\"22 4 12 14.01 9 11.01\"\/><\/svg><\/span><span class=\"kt-svg-icon-list-text\">Fabriqu\u00e9es en cuir de pomme, une alternative \u00e9cologique et sans cruaut\u00e9 au cuir traditionnel, pour que votre style ne compromette pas la plan\u00e8te.<\/span><\/li>\n\n\n<style>.kt-svg-icon-list-item-17893_c631f1-53 .kt-svg-icon-list-text mark.kt-highlight{background-color:unset;font-style:normal;color:#f76a0c;-webkit-box-decoration-break:clone;box-decoration-break:clone;padding-top:0px;padding-right:0px;padding-bottom:0px;padding-left:0px;}<\/style>\n<li class=\"wp-block-kadence-listitem kt-svg-icon-list-item-wrap kt-svg-icon-list-item-17893_c631f1-53\"><span class=\"kb-svg-icon-wrap kb-svg-icon-fe_checkCircle kt-svg-icon-list-single\"><svg viewBox=\"0 0 24 24\"  fill=\"none\" stroke=\"currentColor\" stroke-width=\"3\" stroke-linecap=\"round\" stroke-linejoin=\"round\" xmlns=\"http:\/\/www.w3.org\/2000\/svg\"  aria-hidden=\"true\"><path d=\"M22 11.08V12a10 10 0 1 1-5.93-9.14\"\/><polyline points=\"22 4 12 14.01 9 11.01\"\/><\/svg><\/span><span class=\"kt-svg-icon-list-text\">Dot\u00e9es d&#8217;un talon large pour une stabilit\u00e9 parfaite et un soutien de la vo\u00fbte plantaire, ces sandales sont \u00e9galement munies d&#8217;une fermeture \u00e0 boucle r\u00e9glable qui garantit un ajustement s\u00fbr et personnalis\u00e9.<\/span><\/li>\n\n\n<style>.kt-svg-icon-list-item-17893_6c3c4a-ee .kt-svg-icon-list-text mark.kt-highlight{background-color:unset;font-style:normal;color:#f76a0c;-webkit-box-decoration-break:clone;box-decoration-break:clone;padding-top:0px;padding-right:0px;padding-bottom:0px;padding-left:0px;}<\/style>\n<li class=\"wp-block-kadence-listitem kt-svg-icon-list-item-wrap kt-svg-icon-list-item-17893_6c3c4a-ee\"><span class=\"kb-svg-icon-wrap kb-svg-icon-fe_checkCircle kt-svg-icon-list-single\"><svg viewBox=\"0 0 24 24\"  fill=\"none\" stroke=\"currentColor\" stroke-width=\"3\" stroke-linecap=\"round\" stroke-linejoin=\"round\" xmlns=\"http:\/\/www.w3.org\/2000\/svg\"  aria-hidden=\"true\"><path d=\"M22 11.08V12a10 10 0 1 1-5.93-9.14\"\/><polyline points=\"22 4 12 14.01 9 11.01\"\/><\/svg><\/span><span class=\"kt-svg-icon-list-text\">Fabriqu\u00e9es \u00e0 partir de mat\u00e9riaux hypoallerg\u00e9niques et respirants qui emp\u00eachent la transpiration excessive des pieds, ces sandales ont \u00e9galement des propri\u00e9t\u00e9s antimicrobiennes qui tiennent les odeurs d\u00e9sagr\u00e9ables \u00e0 distance.<\/span><\/li>\n<\/ul><\/div>\n\n\n\n<p>Rehaussez votre tenue avec les sandales Zinnia Black, une combinaison parfaite de style, de confort et de durabilit\u00e9. Qu&#8217;elles soient associ\u00e9es \u00e0 une robe d\u00e9contract\u00e9e ou \u00e0 un ensemble chic, ces sandales vous promettent de rester \u00e0 la mode et de vous sentir bien tout au long de la journ\u00e9e. Faites-vous remarquer avec vos chaussures, et choisissez une paire qui refl\u00e8te vos valeurs et votre go\u00fbt impeccable.<\/p>\n","protected":false},"excerpt":{"rendered":"<p>Voici les Zinnia Black, une paire de sandales ouvertes \u00e0 talon moyen con\u00e7ues pour la fashionista moderne et soucieuse de l&#8217;environnement. Dot\u00e9es de brides \u00e0 la cheville et d&#8217;une fermeture \u00e0 boucle, ces sandales sont fabriqu\u00e9es en cuir de pomme, un mat\u00e9riau r\u00e9volutionnaire d\u00e9riv\u00e9 des fibres issues de la production industrielle de jus de pomme&#8230;.<\/p>\n","protected":false},"featured_media":17890,"comment_status":"open","ping_status":"closed","template":"","meta":{"_acf_changed":false,"_kad_blocks_custom_css":"","_kad_blocks_head_custom_js":"","_kad_blocks_body_custom_js":"","_kad_blocks_footer_custom_js":"","_kad_post_transparent":"","_kad_post_title":"","_kad_post_layout":"","_kad_post_sidebar_id":"","_kad_post_content_style":"","_kad_post_vertical_padding":"","_kad_post_feature":"","_kad_post_feature_position":"","_kad_post_header":false,"_kad_post_footer":false},"product_brand":[],"product_cat":[72,46],"product_tag":[],"product_brands":[],"class_list":{"0":"post-17893","1":"product","2":"type-product","3":"status-publish","4":"has-post-thumbnail","6":"product_cat-sandales","7":"product_cat-chaussures","9":"first","10":"outofstock","11":"taxable","12":"shipping-taxable","13":"purchasable","14":"product-type-variable","15":"entry","16":"content-bg","17":"loop-entry"},"acf":{"avantages":"<img class=\"emoji\" role=\"img\" src=\"https:\/\/s.w.org\/images\/core\/emoji\/14.0.0\/svg\/1f5a4.svg\" alt=\"\ud83d\udda4\" \/> Les sandales sont fabriqu\u00e9es en cuir de pomme, une alternative innovante et \u00e9cologique au cuir traditionnel, fabriqu\u00e9e \u00e0 partir de fibres issues de la production de jus de pomme. Elles constituent donc un choix durable et sans cruaut\u00e9.\r\n\r\n<img class=\"emoji\" role=\"img\" src=\"https:\/\/s.w.org\/images\/core\/emoji\/14.0.0\/svg\/1f31f.svg\" alt=\"\ud83c\udf1f\" \/> La conception comprend un talon large pour une stabilit\u00e9 parfaite et un soutien de la vo\u00fbte plantaire, ainsi qu'une fermeture \u00e0 boucle qui s'adapte \u00e0 la forme de la cheville, offrant un excellent soutien.\r\n\r\n<img class=\"emoji\" role=\"img\" src=\"https:\/\/s.w.org\/images\/core\/emoji\/14.0.0\/svg\/1f30d.svg\" alt=\"\ud83c\udf0d\" \/> Les sandales sont fabriqu\u00e9es \u00e0 partir de mat\u00e9riaux hypoallerg\u00e9niques qui ne contiennent pas de toxines environnementales. Elles sont respirantes pour \u00e9viter la transpiration excessive des pieds et antimicrobiennes pour emp\u00eacher le d\u00e9veloppement de mauvaises odeurs.","entretien":"1. Enlevez La Poussi\u00e8re Ou La Boue Avec Une Brosse Douce Ou Un Chiffon Sec.\r\n\r\n2. Utilisez Un Chiffon Humide Pour Nettoyer L\u2019ensemble De Votre Produit En Frottant Doucement D\u2019un Geste Circulaire.\r\n\r\n3. Nettoyez R\u00e9guli\u00e8rement Votre Chiffon Pour \u00c9viter De R\u00e9pandre La Salet\u00e9\r\n\r\n4. Pour Les T\u00e2ches Difficiles, Utilisez Une Brosse \u00c0 Poils Doux Et De L\u2019eau En Frottant D\u00e9licatement D\u2019un Geste Circulaire.\r\n\r\n5. Laissez S\u00e9cher \u00c0 L\u2019air Libre Avant D\u2019appliquer Une Cr\u00e8me Nettoyante.\r\n\r\n6. Utilisez Une Cr\u00e8me Nettoyante Pour Donner Plus D\u2019\u00e9clat \u00c0 Votre Produit. Mettez Une Noisette De Produit Sur Une Brosse Ou Un Chiffon Doux Et Sec, Puis Faites P\u00e9n\u00e9trer Compl\u00e8tement Dans Le Tissu En Frottant D\u00e9licatement De Mani\u00e8re Circulaire Jusqu\u2019\u00e0 Totale Absorption.\r\n\r\n7. Enfin, Laissez S\u00e9cher \u00c0 L\u2019air Libre Pendant 24 Heures, \u00c0 L\u2019abri De La Lumi\u00e8re Directe Du Soleil.\r\n\r\n<strong>Attention<\/strong>\u00a0:\r\n\r\n\u2022 Ne Mettez Pas Votre Produit En Machine.\r\n\r\n\u2022 Ne L\u2019immergez Pas Dans L\u2019eau, Cela Pourrait Causer Des Dommages Irr\u00e9versibles.\r\n\r\nLorsque Vos Chaussures V\u00e9ganes Ont Atteint Leur Dur\u00e9e De Vie Ou Que Vous N\u2019en Avez Plus Besoin, Envisagez De Leur Donner Une Seconde Vie.\r\n\r\nDonnez-Leur Un Autre Usage Pour Vous-M\u00eame Ou Offrez-Les \u00c0 Quelqu","marque":""},"_wp_attached_file":null,"_wp_attachment_image_alt":null,"rank_math_facebook_image":null,"rank_math_facebook_image_id":null,"wpml_language":null,"_wp_attachment_metadata":null,"rank_math_focus_keyword":null,"rank_math_title":null,"rank_math_description":null,"taxonomy_info":{"product_cat":[{"value":72,"label":"Sandales"},{"value":46,"label":"Chaussures"}]},"featured_image_src_large":["https:\/\/ekomfort.lu\/wp-content\/uploads\/2024\/05\/Zinnia_Black.jpg",700,700,false],"author_info":[],"comment_info":0,"_links":{"self":[{"href":"https:\/\/ekomfort.lu\/lb\/wp-json\/wp\/v2\/product\/17893","targetHints":{"allow":["GET"]}}],"collection":[{"href":"https:\/\/ekomfort.lu\/lb\/wp-json\/wp\/v2\/product"}],"about":[{"href":"https:\/\/ekomfort.lu\/lb\/wp-json\/wp\/v2\/types\/product"}],"replies":[{"embeddable":true,"href":"https:\/\/ekomfort.lu\/lb\/wp-json\/wp\/v2\/comments?post=17893"}],"wp:featuredmedia":[{"embeddable":true,"href":"https:\/\/ekomfort.lu\/lb\/wp-json\/wp\/v2\/media\/17890"}],"wp:attachment":[{"href":"https:\/\/ekomfort.lu\/lb\/wp-json\/wp\/v2\/media?parent=17893"}],"wp:term":[{"taxonomy":"product_brand","embeddable":true,"href":"https:\/\/ekomfort.lu\/lb\/wp-json\/wp\/v2\/product_brand?post=17893"},{"taxonomy":"product_cat","embeddable":true,"href":"https:\/\/ekomfort.lu\/lb\/wp-json\/wp\/v2\/product_cat?post=17893"},{"taxonomy":"product_tag","embeddable":true,"href":"https:\/\/ekomfort.lu\/lb\/wp-json\/wp\/v2\/product_tag?post=17893"},{"taxonomy":"product_brands","embeddable":true,"href":"https:\/\/ekomfort.lu\/lb\/wp-json\/wp\/v2\/product_brands?post=17893"}],"curies":[{"name":"wp","href":"https:\/\/api.w.org\/{rel}","templated":true}]}}