{"id":17815,"date":"2024-05-29T09:23:31","date_gmt":"2024-05-29T07:23:31","guid":{"rendered":"https:\/\/ekomfort.lu\/?post_type=product&#038;p=17815"},"modified":"2024-07-19T16:29:30","modified_gmt":"2024-07-19T14:29:30","slug":"ella-brown-portefeuille-vegan-porte-monnaie-porte-cartes","status":"publish","type":"product","link":"https:\/\/ekomfort.lu\/lb\/shop\/ella-brown-portefeuille-vegan-porte-monnaie-porte-cartes\/","title":{"rendered":"Ella Brown portefeuille v\u00e9gan porte-monnaie porte-cartes"},"content":{"rendered":"\n<p>Voici l&#8217;Ella Brown, un porte-monnaie v\u00e9gane sophistiqu\u00e9 et pratique, m\u00e9ticuleusement con\u00e7u pour la femme moderne. Con\u00e7u dans un souci de commodit\u00e9 et de durabilit\u00e9, ce petit portefeuille de style sac \u00e0 main offre un syst\u00e8me d&#8217;organisation complet qui allie harmonieusement fonctionnalit\u00e9 et \u00e9l\u00e9gance. Fabriqu\u00e9 en cuir v\u00e9g\u00e9talien \u00e9co-responsable, l&#8217;Ella Brown incarne un engagement en faveur d&#8217;une mode \u00e9thique, offrant une alternative sans cruaut\u00e9 sans compromis sur le style ou la durabilit\u00e9. Son style de livre de poche intemporel pr\u00e9sente tout ce dont vous avez besoin, r\u00e9parti de mani\u00e8re pratique entre ses deux rabats principaux et un espace suppl\u00e9mentaire sur le c\u00f4t\u00e9, ce qui en fait le compagnon id\u00e9al pour transporter vos documents essentiels en toute simplicit\u00e9.<\/p>\n\n\n<style>.wp-block-kadence-iconlist.kt-svg-icon-list-items17815_f39ae7-4b:not(.this-stops-third-party-issues){margin-top:0px;margin-bottom:0px;}.wp-block-kadence-iconlist.kt-svg-icon-list-items17815_f39ae7-4b ul.kt-svg-icon-list:not(.this-prevents-issues):not(.this-stops-third-party-issues):not(.tijsloc){margin-top:0px;margin-right:0px;margin-bottom:var(--global-kb-spacing-sm, 1.5rem);margin-left:0px;}.wp-block-kadence-iconlist.kt-svg-icon-list-items17815_f39ae7-4b ul.kt-svg-icon-list{grid-row-gap:5px;}.wp-block-kadence-iconlist.kt-svg-icon-list-items17815_f39ae7-4b .kb-svg-icon-wrap{font-size:18px;color:var(--global-palette1, #3182CE);}.wp-block-kadence-iconlist.kt-svg-icon-list-items17815_f39ae7-4b ul.kt-svg-icon-list .kt-svg-icon-list-item-wrap .kt-svg-icon-list-single{margin-right:10px;}.kt-svg-icon-list-items17815_f39ae7-4b ul.kt-svg-icon-list .kt-svg-icon-list-level-0 .kt-svg-icon-list-single svg{font-size:20px;}<\/style>\n<div class=\"wp-block-kadence-iconlist kt-svg-icon-list-items kt-svg-icon-list-items17815_f39ae7-4b kt-svg-icon-list-columns-1 alignnone\"><ul class=\"kt-svg-icon-list\"><style>.kt-svg-icon-list-item-17815_578280-bd .kt-svg-icon-list-text mark.kt-highlight{background-color:unset;font-style:normal;color:#f76a0c;-webkit-box-decoration-break:clone;box-decoration-break:clone;padding-top:0px;padding-right:0px;padding-bottom:0px;padding-left:0px;}<\/style>\n<li class=\"wp-block-kadence-listitem kt-svg-icon-list-item-wrap kt-svg-icon-list-item-17815_578280-bd\"><span class=\"kb-svg-icon-wrap kb-svg-icon-fe_checkCircle kt-svg-icon-list-single\"><svg viewBox=\"0 0 24 24\"  fill=\"none\" stroke=\"currentColor\" stroke-width=\"3\" stroke-linecap=\"round\" stroke-linejoin=\"round\" xmlns=\"http:\/\/www.w3.org\/2000\/svg\"  aria-hidden=\"true\"><path d=\"M22 11.08V12a10 10 0 1 1-5.93-9.14\"\/><polyline points=\"22 4 12 14.01 9 11.01\"\/><\/svg><\/span><span class=\"kt-svg-icon-list-text\">Avec 12 fentes pour cartes de cr\u00e9dit, deux porte-photos transparents, plusieurs compartiments pour les billets et les pi\u00e8ces de monnaie, et des sections s\u00e9par\u00e9es pour les cl\u00e9s et les billets, l&#8217;Ella Brown garantit que tous les \u00e9l\u00e9ments essentiels sont bien organis\u00e9s.<\/span><\/li>\n\n\n<style>.kt-svg-icon-list-item-17815_d38e70-cd .kt-svg-icon-list-text mark.kt-highlight{background-color:unset;font-style:normal;color:#f76a0c;-webkit-box-decoration-break:clone;box-decoration-break:clone;padding-top:0px;padding-right:0px;padding-bottom:0px;padding-left:0px;}<\/style>\n<li class=\"wp-block-kadence-listitem kt-svg-icon-list-item-wrap kt-svg-icon-list-item-17815_d38e70-cd\"><span class=\"kb-svg-icon-wrap kb-svg-icon-fe_checkCircle kt-svg-icon-list-single\"><svg viewBox=\"0 0 24 24\"  fill=\"none\" stroke=\"currentColor\" stroke-width=\"3\" stroke-linecap=\"round\" stroke-linejoin=\"round\" xmlns=\"http:\/\/www.w3.org\/2000\/svg\"  aria-hidden=\"true\"><path d=\"M22 11.08V12a10 10 0 1 1-5.93-9.14\"\/><polyline points=\"22 4 12 14.01 9 11.01\"\/><\/svg><\/span><span class=\"kt-svg-icon-list-text\">Fabriqu\u00e9 en cuir v\u00e9g\u00e9talien, ce portefeuille encourage le d\u00e9veloppement durable et les choix de mode \u00e9thiques, offrant une alternative sans cruaut\u00e9 aux mat\u00e9riaux en cuir traditionnels.<\/span><\/li>\n\n\n<style>.kt-svg-icon-list-item-17815_1acac7-aa .kt-svg-icon-list-text mark.kt-highlight{background-color:unset;font-style:normal;color:#f76a0c;-webkit-box-decoration-break:clone;box-decoration-break:clone;padding-top:0px;padding-right:0px;padding-bottom:0px;padding-left:0px;}<\/style>\n<li class=\"wp-block-kadence-listitem kt-svg-icon-list-item-wrap kt-svg-icon-list-item-17815_1acac7-aa\"><span class=\"kb-svg-icon-wrap kb-svg-icon-fe_checkCircle kt-svg-icon-list-single\"><svg viewBox=\"0 0 24 24\"  fill=\"none\" stroke=\"currentColor\" stroke-width=\"3\" stroke-linecap=\"round\" stroke-linejoin=\"round\" xmlns=\"http:\/\/www.w3.org\/2000\/svg\"  aria-hidden=\"true\"><path d=\"M22 11.08V12a10 10 0 1 1-5.93-9.14\"\/><polyline points=\"22 4 12 14.01 9 11.01\"\/><\/svg><\/span><span class=\"kt-svg-icon-list-text\">Dot\u00e9 de coutures p\u00e9rim\u00e9triques renforc\u00e9es pour plus de style et de durabilit\u00e9, le portefeuille Ella Brown est con\u00e7u pour durer tout en restant l\u00e9ger et fin pour un transport pratique au quotidien.<\/span><\/li>\n<\/ul><\/div>\n\n\n\n<p>Rehaussez votre collection d&#8217;accessoires avec le porte-monnaie porte-cartes Ella Brown, qui allie praticit\u00e9 et sophistication. Que vous fassiez vos courses ou que vous assistiez \u00e0 une soir\u00e9e, ce compagnon polyvalent vous permet d&#8217;\u00eatre toujours pr\u00eate avec style. Choisissez la durabilit\u00e9 sans sacrifier l&#8217;\u00e9l\u00e9gance et la commodit\u00e9 avec l&#8217;Ella Brown, votre solution pour une organisation sans effort et une mode intemporelle.<\/p>\n","protected":false},"excerpt":{"rendered":"<p>Voici l&#8217;Ella Brown, un porte-monnaie v\u00e9gane sophistiqu\u00e9 et pratique, m\u00e9ticuleusement con\u00e7u pour la femme moderne. Con\u00e7u dans un souci de commodit\u00e9 et de durabilit\u00e9, ce petit portefeuille de style sac \u00e0 main offre un syst\u00e8me d&#8217;organisation complet qui allie harmonieusement fonctionnalit\u00e9 et \u00e9l\u00e9gance. Fabriqu\u00e9 en cuir v\u00e9g\u00e9talien \u00e9co-responsable, l&#8217;Ella Brown incarne un engagement en faveur&#8230;<\/p>\n","protected":false},"featured_media":17812,"comment_status":"open","ping_status":"closed","template":"","meta":{"_acf_changed":false,"_kad_blocks_custom_css":"","_kad_blocks_head_custom_js":"","_kad_blocks_body_custom_js":"","_kad_blocks_footer_custom_js":"","_kad_post_transparent":"","_kad_post_title":"","_kad_post_layout":"","_kad_post_sidebar_id":"","_kad_post_content_style":"","_kad_post_vertical_padding":"","_kad_post_feature":"","_kad_post_feature_position":"","_kad_post_header":false,"_kad_post_footer":false},"product_brand":[],"product_cat":[48,128],"product_tag":[],"product_brands":[],"class_list":{"0":"post-17815","1":"product","2":"type-product","3":"status-publish","4":"has-post-thumbnail","6":"product_cat-accessoires","7":"product_cat-portefeuilles","9":"first","10":"outofstock","11":"taxable","12":"shipping-taxable","13":"purchasable","14":"product-type-simple","15":"entry","16":"content-bg","17":"loop-entry"},"acf":{"avantages":"Le portefeuille Ella Brown offre une pl\u00e9thore de compartiments et de fentes, dont 12 fentes pour cartes de cr\u00e9dit, deux porte-photos transparents, plusieurs compartiments pour les billets et les pi\u00e8ces de monnaie, et des sections s\u00e9par\u00e9es pour les cl\u00e9s et les billets, garantissant ainsi que tous les \u00e9l\u00e9ments essentiels sont bien organis\u00e9s.\r\n\r\nFabriqu\u00e9 en cuir v\u00e9g\u00e9talien, le portefeuille Ella Brown incarne les principes de la mode \u00e9thique, offrant une alternative durable et sans cruaut\u00e9 aux mat\u00e9riaux en cuir traditionnels.\r\n\r\nMalgr\u00e9 sa taille compacte, le portefeuille Ella Brown est con\u00e7u pour durer, avec des coutures p\u00e9riph\u00e9riques renforc\u00e9es pour le style et la durabilit\u00e9, tout en restant l\u00e9ger et mince pour un transport pratique au quotidien.","entretien":"<div id=\"tab-global-tab-1687\" class=\"woocommerce-Tabs-panel woocommerce-Tabs-panel--global-tab-1687 panel entry-content wc-tab active\" role=\"tabpanel\" aria-labelledby=\"tab-title-global-tab-1687\">\r\n\r\n1. Enlevez La Poussi\u00e8re Ou La Boue Avec Une Brosse Douce Ou Un Chiffon Sec.\r\n\r\n2. Utilisez Un Chiffon Humide Pour Nettoyer L\u2019ensemble De Votre Produit En Frottant Doucement D\u2019un Geste Circulaire.\r\n\r\n3. Nettoyez R\u00e9guli\u00e8rement Votre Chiffon Pour \u00c9viter De R\u00e9pandre La Salet\u00e9\r\n\r\n4. Pour Les T\u00e2ches Difficiles, Utilisez Une Brosse \u00c0 Poils Doux Et De L\u2019eau En Frottant D\u00e9licatement D\u2019un Geste Circulaire.\r\n\r\n5. Laissez S\u00e9cher \u00c0 L\u2019air Libre Avant D\u2019appliquer Une Cr\u00e8me Nettoyante.\r\n\r\n6. Utilisez Une Cr\u00e8me Nettoyante Pour Donner Plus D\u2019\u00e9clat \u00c0 Votre Produit. Mettez Une Noisette De Produit Sur Une Brosse Ou Un Chiffon Doux Et Sec, Puis Faites P\u00e9n\u00e9trer Compl\u00e8tement Dans Le Tissu En Frottant D\u00e9licatement De Mani\u00e8re Circulaire Jusqu\u2019\u00e0 Totale Absorption.\r\n\r\n7. Enfin, Laissez S\u00e9cher \u00c0 L\u2019air Libre Pendant 24 Heures, \u00c0 L\u2019abri De La Lumi\u00e8re Directe Du Soleil.\r\n\r\n<strong>Attention<\/strong>\u00a0:\r\n\r\n\u2022 Ne Mettez Pas Votre Produit En Machine.\r\n\r\n\u2022 Ne L\u2019immergez Pas Dans L\u2019eau, Cela Pourrait Causer Des Dommages Irr\u00e9versibles.\r\n\r\nLorsque Vos Chaussures V\u00e9ganes Ont Atteint Leur Dur\u00e9e De Vie Ou Que Vous N\u2019en Avez Plus Besoin, Envisagez De Leur Donner Une Seconde Vie.\r\n\r\nDonnez-Leur Un Autre Usage Pour Vous-M\u00eame Ou Offrez-Les \u00c0 Quelqu\r\n\r\n<\/div>","marque":""},"_wp_attached_file":null,"_wp_attachment_image_alt":null,"rank_math_facebook_image":null,"rank_math_facebook_image_id":null,"wpml_language":null,"_wp_attachment_metadata":null,"rank_math_focus_keyword":null,"rank_math_title":null,"rank_math_description":null,"taxonomy_info":{"product_cat":[{"value":48,"label":"Accessoires"},{"value":128,"label":"Portefeuilles"}]},"featured_image_src_large":["https:\/\/ekomfort.lu\/wp-content\/uploads\/2024\/05\/WalletElla_Brown.jpg",700,700,false],"author_info":[],"comment_info":0,"_links":{"self":[{"href":"https:\/\/ekomfort.lu\/lb\/wp-json\/wp\/v2\/product\/17815","targetHints":{"allow":["GET"]}}],"collection":[{"href":"https:\/\/ekomfort.lu\/lb\/wp-json\/wp\/v2\/product"}],"about":[{"href":"https:\/\/ekomfort.lu\/lb\/wp-json\/wp\/v2\/types\/product"}],"replies":[{"embeddable":true,"href":"https:\/\/ekomfort.lu\/lb\/wp-json\/wp\/v2\/comments?post=17815"}],"wp:featuredmedia":[{"embeddable":true,"href":"https:\/\/ekomfort.lu\/lb\/wp-json\/wp\/v2\/media\/17812"}],"wp:attachment":[{"href":"https:\/\/ekomfort.lu\/lb\/wp-json\/wp\/v2\/media?parent=17815"}],"wp:term":[{"taxonomy":"product_brand","embeddable":true,"href":"https:\/\/ekomfort.lu\/lb\/wp-json\/wp\/v2\/product_brand?post=17815"},{"taxonomy":"product_cat","embeddable":true,"href":"https:\/\/ekomfort.lu\/lb\/wp-json\/wp\/v2\/product_cat?post=17815"},{"taxonomy":"product_tag","embeddable":true,"href":"https:\/\/ekomfort.lu\/lb\/wp-json\/wp\/v2\/product_tag?post=17815"},{"taxonomy":"product_brands","embeddable":true,"href":"https:\/\/ekomfort.lu\/lb\/wp-json\/wp\/v2\/product_brands?post=17815"}],"curies":[{"name":"wp","href":"https:\/\/api.w.org\/{rel}","templated":true}]}}