{"id":17792,"date":"2024-05-29T09:23:14","date_gmt":"2024-05-29T07:23:14","guid":{"rendered":"https:\/\/ekomfort.lu\/?post_type=product&#038;p=17792"},"modified":"2024-07-19T16:29:34","modified_gmt":"2024-07-19T14:29:34","slug":"bea-grey-porte-monnaie-vegan-a-fermeture-zippee","status":"publish","type":"product","link":"https:\/\/ekomfort.lu\/lb\/shop\/bea-grey-porte-monnaie-vegan-a-fermeture-zippee\/","title":{"rendered":"Bea Grey porte-monnaie v\u00e9gan \u00e0 fermeture zipp\u00e9e"},"content":{"rendered":"\n<p>Le Bea Grey est un portefeuille zipp\u00e9 sophistiqu\u00e9 et pratique, con\u00e7u pour les personnes modernes. Fabriqu\u00e9 en cuir v\u00e9g\u00e9tal luxueux, ce portefeuille respire l&#8217;\u00e9l\u00e9gance tout en offrant une alternative sans culpabilit\u00e9 aux options de cuir traditionnelles. Le Bea Grey se distingue non seulement par son design \u00e9l\u00e9gant, mais aussi par son engagement en faveur d&#8217;une mode \u00e9thique, offrant un accessoire sans cruaut\u00e9 qui ne fait aucun compromis sur la qualit\u00e9 ou la durabilit\u00e9. Gr\u00e2ce \u00e0 sa fermeture zipp\u00e9e s\u00e9curis\u00e9e, ce portefeuille garantit que vos objets de valeur sont en s\u00e9curit\u00e9 et prot\u00e9g\u00e9s, o\u00f9 que vous alliez dans la journ\u00e9e.<\/p>\n\n\n<style>.wp-block-kadence-iconlist.kt-svg-icon-list-items17792_fa7574-fe:not(.this-stops-third-party-issues){margin-top:0px;margin-bottom:0px;}.wp-block-kadence-iconlist.kt-svg-icon-list-items17792_fa7574-fe ul.kt-svg-icon-list:not(.this-prevents-issues):not(.this-stops-third-party-issues):not(.tijsloc){margin-top:0px;margin-right:0px;margin-bottom:var(--global-kb-spacing-sm, 1.5rem);margin-left:0px;}.wp-block-kadence-iconlist.kt-svg-icon-list-items17792_fa7574-fe ul.kt-svg-icon-list{grid-row-gap:5px;}.wp-block-kadence-iconlist.kt-svg-icon-list-items17792_fa7574-fe .kb-svg-icon-wrap{font-size:18px;color:var(--global-palette1, #3182CE);}.wp-block-kadence-iconlist.kt-svg-icon-list-items17792_fa7574-fe ul.kt-svg-icon-list .kt-svg-icon-list-item-wrap .kt-svg-icon-list-single{margin-right:10px;}.kt-svg-icon-list-items17792_fa7574-fe ul.kt-svg-icon-list .kt-svg-icon-list-level-0 .kt-svg-icon-list-single svg{font-size:20px;}<\/style>\n<div class=\"wp-block-kadence-iconlist kt-svg-icon-list-items kt-svg-icon-list-items17792_fa7574-fe kt-svg-icon-list-columns-1 alignnone\"><ul class=\"kt-svg-icon-list\"><style>.kt-svg-icon-list-item-17792_72a06c-fc .kt-svg-icon-list-text mark.kt-highlight{background-color:unset;font-style:normal;color:#f76a0c;-webkit-box-decoration-break:clone;box-decoration-break:clone;padding-top:0px;padding-right:0px;padding-bottom:0px;padding-left:0px;}<\/style>\n<li class=\"wp-block-kadence-listitem kt-svg-icon-list-item-wrap kt-svg-icon-list-item-17792_72a06c-fc\"><span class=\"kb-svg-icon-wrap kb-svg-icon-fe_checkCircle kt-svg-icon-list-single\"><svg viewBox=\"0 0 24 24\"  fill=\"none\" stroke=\"currentColor\" stroke-width=\"3\" stroke-linecap=\"round\" stroke-linejoin=\"round\" xmlns=\"http:\/\/www.w3.org\/2000\/svg\"  aria-hidden=\"true\"><path d=\"M22 11.08V12a10 10 0 1 1-5.93-9.14\"\/><polyline points=\"22 4 12 14.01 9 11.01\"\/><\/svg><\/span><span class=\"kt-svg-icon-list-text\">Fabriqu\u00e9 en cuir v\u00e9g\u00e9talien, le portefeuille Bea Grey est un choix compatissant pour ceux qui privil\u00e9gient la mode \u00e9thique et le bien-\u00eatre des animaux.<\/span><\/li>\n\n\n<style>.kt-svg-icon-list-item-17792_73590a-50 .kt-svg-icon-list-text mark.kt-highlight{background-color:unset;font-style:normal;color:#f76a0c;-webkit-box-decoration-break:clone;box-decoration-break:clone;padding-top:0px;padding-right:0px;padding-bottom:0px;padding-left:0px;}<\/style>\n<li class=\"wp-block-kadence-listitem kt-svg-icon-list-item-wrap kt-svg-icon-list-item-17792_73590a-50\"><span class=\"kb-svg-icon-wrap kb-svg-icon-fe_checkCircle kt-svg-icon-list-single\"><svg viewBox=\"0 0 24 24\"  fill=\"none\" stroke=\"currentColor\" stroke-width=\"3\" stroke-linecap=\"round\" stroke-linejoin=\"round\" xmlns=\"http:\/\/www.w3.org\/2000\/svg\"  aria-hidden=\"true\"><path d=\"M22 11.08V12a10 10 0 1 1-5.93-9.14\"\/><polyline points=\"22 4 12 14.01 9 11.01\"\/><\/svg><\/span><span class=\"kt-svg-icon-list-text\">Fabriqu\u00e9 \u00e0 partir de mat\u00e9riaux de haute qualit\u00e9, ce portefeuille est con\u00e7u pour durer, r\u00e9sister \u00e0 une utilisation quotidienne et conserver son apparence \u00e9l\u00e9gante au fil du temps.<\/span><\/li>\n\n\n<style>.kt-svg-icon-list-item-17792_e30d3c-7e .kt-svg-icon-list-text mark.kt-highlight{background-color:unset;font-style:normal;color:#f76a0c;-webkit-box-decoration-break:clone;box-decoration-break:clone;padding-top:0px;padding-right:0px;padding-bottom:0px;padding-left:0px;}<\/style>\n<li class=\"wp-block-kadence-listitem kt-svg-icon-list-item-wrap kt-svg-icon-list-item-17792_e30d3c-7e\"><span class=\"kb-svg-icon-wrap kb-svg-icon-fe_checkCircle kt-svg-icon-list-single\"><svg viewBox=\"0 0 24 24\"  fill=\"none\" stroke=\"currentColor\" stroke-width=\"3\" stroke-linecap=\"round\" stroke-linejoin=\"round\" xmlns=\"http:\/\/www.w3.org\/2000\/svg\"  aria-hidden=\"true\"><path d=\"M22 11.08V12a10 10 0 1 1-5.93-9.14\"\/><polyline points=\"22 4 12 14.01 9 11.01\"\/><\/svg><\/span><span class=\"kt-svg-icon-list-text\">Dot\u00e9 d&#8217;une fermeture zipp\u00e9e fiable, le portefeuille Bea Grey vous offre la tranquillit\u00e9 d&#8217;esprit en gardant vos cartes, votre argent et vos autres objets essentiels en s\u00e9curit\u00e9.<\/span><\/li>\n<\/ul><\/div>\n\n\n\n<p>Le portefeuille zipp\u00e9 Bea Grey, o\u00f9 le style rencontre la durabilit\u00e9, rehausse la qualit\u00e9 de vos d\u00e9placements quotidiens. Que vous fassiez vos courses ou que vous assistiez \u00e0 un \u00e9v\u00e9nement officiel, cet accessoire polyvalent vous permet d&#8217;\u00eatre pr\u00e9par\u00e9 avec sophistication et conscience. Choisissez le Bea Grey pour un portefeuille qui ne refl\u00e8te pas seulement vos valeurs, mais qui rehausse \u00e9galement votre sens du style et de la praticit\u00e9.<\/p>\n","protected":false},"excerpt":{"rendered":"<p>Le Bea Grey est un portefeuille zipp\u00e9 sophistiqu\u00e9 et pratique, con\u00e7u pour les personnes modernes. Fabriqu\u00e9 en cuir v\u00e9g\u00e9tal luxueux, ce portefeuille respire l&#8217;\u00e9l\u00e9gance tout en offrant une alternative sans culpabilit\u00e9 aux options de cuir traditionnelles. Le Bea Grey se distingue non seulement par son design \u00e9l\u00e9gant, mais aussi par son engagement en faveur d&#8217;une&#8230;<\/p>\n","protected":false},"featured_media":17789,"comment_status":"open","ping_status":"closed","template":"","meta":{"_acf_changed":false,"_kad_blocks_custom_css":"","_kad_blocks_head_custom_js":"","_kad_blocks_body_custom_js":"","_kad_blocks_footer_custom_js":"","_kad_post_transparent":"","_kad_post_title":"","_kad_post_layout":"","_kad_post_sidebar_id":"","_kad_post_content_style":"","_kad_post_vertical_padding":"","_kad_post_feature":"","_kad_post_feature_position":"","_kad_post_header":false,"_kad_post_footer":false},"product_brand":[],"product_cat":[128,48],"product_tag":[],"product_brands":[],"class_list":{"0":"post-17792","1":"product","2":"type-product","3":"status-publish","4":"has-post-thumbnail","6":"product_cat-portefeuilles","7":"product_cat-accessoires","9":"first","10":"outofstock","11":"taxable","12":"shipping-taxable","13":"purchasable","14":"product-type-simple","15":"entry","16":"content-bg","17":"loop-entry"},"acf":{"avantages":"Le portefeuille Bea Grey est fabriqu\u00e9 \u00e0 partir de cuir v\u00e9g\u00e9talien, offrant une alternative sans cruaut\u00e9 aux portefeuilles en cuir traditionnels, ce qui en fait un choix compatissant pour les amoureux des animaux.\r\n\r\nFabriqu\u00e9 en cuir v\u00e9g\u00e9talien de haute qualit\u00e9, ce portefeuille est con\u00e7u pour r\u00e9sister \u00e0 l'usure quotidienne, garantissant long\u00e9vit\u00e9 et durabilit\u00e9 pour une utilisation prolong\u00e9e.\r\n\r\nDot\u00e9 d'une fermeture zipp\u00e9e, le portefeuille Bea Grey offre une s\u00e9curit\u00e9 accrue pour vos objets de valeur, gardant vos cartes, votre argent et vos autres objets essentiels en s\u00e9curit\u00e9 et prot\u00e9g\u00e9s lors de vos d\u00e9placements.","entretien":"<div id=\"tab-global-tab-1687\" class=\"woocommerce-Tabs-panel woocommerce-Tabs-panel--global-tab-1687 panel entry-content wc-tab active\" role=\"tabpanel\" aria-labelledby=\"tab-title-global-tab-1687\">\r\n\r\n1. Enlevez La Poussi\u00e8re Ou La Boue Avec Une Brosse Douce Ou Un Chiffon Sec.\r\n\r\n2. Utilisez Un Chiffon Humide Pour Nettoyer L\u2019ensemble De Votre Produit En Frottant Doucement D\u2019un Geste Circulaire.\r\n\r\n3. Nettoyez R\u00e9guli\u00e8rement Votre Chiffon Pour \u00c9viter De R\u00e9pandre La Salet\u00e9\r\n\r\n4. Pour Les T\u00e2ches Difficiles, Utilisez Une Brosse \u00c0 Poils Doux Et De L\u2019eau En Frottant D\u00e9licatement D\u2019un Geste Circulaire.\r\n\r\n5. Laissez S\u00e9cher \u00c0 L\u2019air Libre Avant D\u2019appliquer Une Cr\u00e8me Nettoyante.\r\n\r\n6. Utilisez Une Cr\u00e8me Nettoyante Pour Donner Plus D\u2019\u00e9clat \u00c0 Votre Produit. Mettez Une Noisette De Produit Sur Une Brosse Ou Un Chiffon Doux Et Sec, Puis Faites P\u00e9n\u00e9trer Compl\u00e8tement Dans Le Tissu En Frottant D\u00e9licatement De Mani\u00e8re Circulaire Jusqu\u2019\u00e0 Totale Absorption.\r\n\r\n7. Enfin, Laissez S\u00e9cher \u00c0 L\u2019air Libre Pendant 24 Heures, \u00c0 L\u2019abri De La Lumi\u00e8re Directe Du Soleil.\r\n\r\n<strong>Attention<\/strong>\u00a0:\r\n\r\n\u2022 Ne Mettez Pas Votre Produit En Machine.\r\n\r\n\u2022 Ne L\u2019immergez Pas Dans L\u2019eau, Cela Pourrait Causer Des Dommages Irr\u00e9versibles.\r\n\r\nLorsque Vos Chaussures V\u00e9ganes Ont Atteint Leur Dur\u00e9e De Vie Ou Que Vous N\u2019en Avez Plus Besoin, Envisagez De Leur Donner Une Seconde Vie.\r\n\r\nDonnez-Leur Un Autre Usage Pour Vous-M\u00eame Ou Offrez-Les \u00c0 Quelqu\r\n\r\n<\/div>","marque":""},"_wp_attached_file":null,"_wp_attachment_image_alt":null,"rank_math_facebook_image":null,"rank_math_facebook_image_id":null,"wpml_language":null,"_wp_attachment_metadata":null,"rank_math_focus_keyword":null,"rank_math_title":null,"rank_math_description":null,"taxonomy_info":{"product_cat":[{"value":128,"label":"Portefeuilles"},{"value":48,"label":"Accessoires"}]},"featured_image_src_large":["https:\/\/ekomfort.lu\/wp-content\/uploads\/2024\/05\/Bea.jpg",700,700,false],"author_info":[],"comment_info":0,"_links":{"self":[{"href":"https:\/\/ekomfort.lu\/lb\/wp-json\/wp\/v2\/product\/17792","targetHints":{"allow":["GET"]}}],"collection":[{"href":"https:\/\/ekomfort.lu\/lb\/wp-json\/wp\/v2\/product"}],"about":[{"href":"https:\/\/ekomfort.lu\/lb\/wp-json\/wp\/v2\/types\/product"}],"replies":[{"embeddable":true,"href":"https:\/\/ekomfort.lu\/lb\/wp-json\/wp\/v2\/comments?post=17792"}],"wp:featuredmedia":[{"embeddable":true,"href":"https:\/\/ekomfort.lu\/lb\/wp-json\/wp\/v2\/media\/17789"}],"wp:attachment":[{"href":"https:\/\/ekomfort.lu\/lb\/wp-json\/wp\/v2\/media?parent=17792"}],"wp:term":[{"taxonomy":"product_brand","embeddable":true,"href":"https:\/\/ekomfort.lu\/lb\/wp-json\/wp\/v2\/product_brand?post=17792"},{"taxonomy":"product_cat","embeddable":true,"href":"https:\/\/ekomfort.lu\/lb\/wp-json\/wp\/v2\/product_cat?post=17792"},{"taxonomy":"product_tag","embeddable":true,"href":"https:\/\/ekomfort.lu\/lb\/wp-json\/wp\/v2\/product_tag?post=17792"},{"taxonomy":"product_brands","embeddable":true,"href":"https:\/\/ekomfort.lu\/lb\/wp-json\/wp\/v2\/product_brands?post=17792"}],"curies":[{"name":"wp","href":"https:\/\/api.w.org\/{rel}","templated":true}]}}