{"id":17606,"date":"2024-05-29T09:18:57","date_gmt":"2024-05-29T07:18:57","guid":{"rendered":"https:\/\/ekomfort.lu\/?post_type=product&#038;p=17606"},"modified":"2024-07-04T17:31:25","modified_gmt":"2024-07-04T15:31:25","slug":"london-baskets-veganes-rouges","status":"publish","type":"product","link":"https:\/\/ekomfort.lu\/lb\/shop\/london-baskets-veganes-rouges\/","title":{"rendered":"London Baskets v\u00e9ganes rouges"},"content":{"rendered":"\n<p>Voici les London Red Vegan Trainers, un t\u00e9moignage de durabilit\u00e9 et de style. Rehaussez votre collection de chaussures avec ces chaussures montantes \u00e9cologiques, m\u00e9ticuleusement fabriqu\u00e9es \u00e0 partir de mat\u00e9riaux innovants qui donnent la priorit\u00e9 \u00e0 la mode et \u00e0 la responsabilit\u00e9 environnementale. Des d\u00e9tails rouges vibrants en Pi\u00f1atex au cuir souple de pomme, chaque \u00e9l\u00e9ment de ces baskets incarne un engagement en faveur de pratiques \u00e9thiques et \u00e9cologiques, vous permettant de marcher en toute confiance en sachant que vos choix stylistiques ont un impact positif sur la plan\u00e8te.<\/p>\n\n\n<style>.wp-block-kadence-iconlist.kt-svg-icon-list-items17606_6a2fb0-27:not(.this-stops-third-party-issues){margin-top:0px;margin-bottom:0px;}.wp-block-kadence-iconlist.kt-svg-icon-list-items17606_6a2fb0-27 ul.kt-svg-icon-list:not(.this-prevents-issues):not(.this-stops-third-party-issues):not(.tijsloc){margin-top:0px;margin-right:0px;margin-bottom:var(--global-kb-spacing-sm, 1.5rem);margin-left:0px;}.wp-block-kadence-iconlist.kt-svg-icon-list-items17606_6a2fb0-27 ul.kt-svg-icon-list{grid-row-gap:5px;}.wp-block-kadence-iconlist.kt-svg-icon-list-items17606_6a2fb0-27 .kb-svg-icon-wrap{font-size:18px;color:var(--global-palette1, #3182CE);}.wp-block-kadence-iconlist.kt-svg-icon-list-items17606_6a2fb0-27 ul.kt-svg-icon-list .kt-svg-icon-list-item-wrap .kt-svg-icon-list-single{margin-right:10px;}.kt-svg-icon-list-items17606_6a2fb0-27 ul.kt-svg-icon-list .kt-svg-icon-list-level-0 .kt-svg-icon-list-single svg{font-size:20px;}<\/style>\n<div class=\"wp-block-kadence-iconlist kt-svg-icon-list-items kt-svg-icon-list-items17606_6a2fb0-27 kt-svg-icon-list-columns-1 alignnone\"><ul class=\"kt-svg-icon-list\"><style>.kt-svg-icon-list-item-17606_87740b-54 .kt-svg-icon-list-text mark.kt-highlight{background-color:unset;font-style:normal;color:#f76a0c;-webkit-box-decoration-break:clone;box-decoration-break:clone;padding-top:0px;padding-right:0px;padding-bottom:0px;padding-left:0px;}<\/style>\n<li class=\"wp-block-kadence-listitem kt-svg-icon-list-item-wrap kt-svg-icon-list-item-17606_87740b-54\"><span class=\"kb-svg-icon-wrap kb-svg-icon-fe_checkCircle kt-svg-icon-list-single\"><svg viewBox=\"0 0 24 24\"  fill=\"none\" stroke=\"currentColor\" stroke-width=\"3\" stroke-linecap=\"round\" stroke-linejoin=\"round\" xmlns=\"http:\/\/www.w3.org\/2000\/svg\"  aria-hidden=\"true\"><path d=\"M22 11.08V12a10 10 0 1 1-5.93-9.14\"\/><polyline points=\"22 4 12 14.01 9 11.01\"\/><\/svg><\/span><span class=\"kt-svg-icon-list-text\">Adoptez une mode \u00e9cologique gr\u00e2ce au Pi\u00f1atex et au cuir de pomme, qui r\u00e9duisent la d\u00e9pendance \u00e0 l&#8217;\u00e9gard des mat\u00e9riaux traditionnels et favorisent les alternatives durables.<\/span><\/li>\n\n\n<style>.kt-svg-icon-list-item-17606_5b8ae2-82 .kt-svg-icon-list-text mark.kt-highlight{background-color:unset;font-style:normal;color:#f76a0c;-webkit-box-decoration-break:clone;box-decoration-break:clone;padding-top:0px;padding-right:0px;padding-bottom:0px;padding-left:0px;}<\/style>\n<li class=\"wp-block-kadence-listitem kt-svg-icon-list-item-wrap kt-svg-icon-list-item-17606_5b8ae2-82\"><span class=\"kb-svg-icon-wrap kb-svg-icon-fe_checkCircle kt-svg-icon-list-single\"><svg viewBox=\"0 0 24 24\"  fill=\"none\" stroke=\"currentColor\" stroke-width=\"3\" stroke-linecap=\"round\" stroke-linejoin=\"round\" xmlns=\"http:\/\/www.w3.org\/2000\/svg\"  aria-hidden=\"true\"><path d=\"M22 11.08V12a10 10 0 1 1-5.93-9.14\"\/><polyline points=\"22 4 12 14.01 9 11.01\"\/><\/svg><\/span><span class=\"kt-svg-icon-list-text\">Profitez d&#8217;un confort durable gr\u00e2ce \u00e0 une semelle en caoutchouc recycl\u00e9 fabriqu\u00e9e \u00e0 partir de balles de tennis r\u00e9utilis\u00e9es, offrant un soutien tout en minimisant les d\u00e9chets environnementaux.<\/span><\/li>\n\n\n<style>.kt-svg-icon-list-item-17606_218e25-0a .kt-svg-icon-list-text mark.kt-highlight{background-color:unset;font-style:normal;color:#f76a0c;-webkit-box-decoration-break:clone;box-decoration-break:clone;padding-top:0px;padding-right:0px;padding-bottom:0px;padding-left:0px;}<\/style>\n<li class=\"wp-block-kadence-listitem kt-svg-icon-list-item-wrap kt-svg-icon-list-item-17606_218e25-0a\"><span class=\"kb-svg-icon-wrap kb-svg-icon-fe_checkCircle kt-svg-icon-list-single\"><svg viewBox=\"0 0 24 24\"  fill=\"none\" stroke=\"currentColor\" stroke-width=\"3\" stroke-linecap=\"round\" stroke-linejoin=\"round\" xmlns=\"http:\/\/www.w3.org\/2000\/svg\"  aria-hidden=\"true\"><path d=\"M22 11.08V12a10 10 0 1 1-5.93-9.14\"\/><polyline points=\"22 4 12 14.01 9 11.01\"\/><\/svg><\/span><span class=\"kt-svg-icon-list-text\">Avec les London Red Vegan Trainers, le style rencontre la durabilit\u00e9, offrant une option sans culpabilit\u00e9 pour ceux qui appr\u00e9cient \u00e0 la fois la mode et la conscience environnementale.<\/span><\/li>\n<\/ul><\/div>\n\n\n\n<p>Entrez dans un monde o\u00f9 la durabilit\u00e9 rencontre la mode avec les London Red Vegan Trainers. Rejoignez-nous pour adopter une approche plus \u00e9cologique de la chaussure, o\u00f9 chaque pas en avant est un pas vers un avenir plus vert.<\/p>\n","protected":false},"excerpt":{"rendered":"<p>Voici les London Red Vegan Trainers, un t\u00e9moignage de durabilit\u00e9 et de style. Rehaussez votre collection de chaussures avec ces chaussures montantes \u00e9cologiques, m\u00e9ticuleusement fabriqu\u00e9es \u00e0 partir de mat\u00e9riaux innovants qui donnent la priorit\u00e9 \u00e0 la mode et \u00e0 la responsabilit\u00e9 environnementale. Des d\u00e9tails rouges vibrants en Pi\u00f1atex au cuir souple de pomme, chaque \u00e9l\u00e9ment&#8230;<\/p>\n","protected":false},"featured_media":17603,"comment_status":"open","ping_status":"closed","template":"","meta":{"_acf_changed":false,"_kad_blocks_custom_css":"","_kad_blocks_head_custom_js":"","_kad_blocks_body_custom_js":"","_kad_blocks_footer_custom_js":"","_kad_post_transparent":"","_kad_post_title":"","_kad_post_layout":"","_kad_post_sidebar_id":"","_kad_post_content_style":"","_kad_post_vertical_padding":"","_kad_post_feature":"","_kad_post_feature_position":"","_kad_post_header":false,"_kad_post_footer":false},"product_brand":[],"product_cat":[70,46],"product_tag":[],"product_brands":[],"class_list":{"0":"post-17606","1":"product","2":"type-product","3":"status-publish","4":"has-post-thumbnail","6":"product_cat-sneakers","7":"product_cat-chaussures","9":"first","10":"outofstock","11":"taxable","12":"shipping-taxable","13":"purchasable","14":"product-type-variable","15":"entry","16":"content-bg","17":"loop-entry"},"acf":{"avantages":"","entretien":"","marque":""},"_wp_attached_file":null,"_wp_attachment_image_alt":null,"rank_math_facebook_image":null,"rank_math_facebook_image_id":null,"wpml_language":null,"_wp_attachment_metadata":null,"rank_math_focus_keyword":null,"rank_math_title":null,"rank_math_description":null,"taxonomy_info":{"product_cat":[{"value":70,"label":"Sneakers"},{"value":46,"label":"Chaussures"}]},"featured_image_src_large":["https:\/\/ekomfort.lu\/wp-content\/uploads\/2024\/05\/London_Red.jpg",700,700,false],"author_info":[],"comment_info":0,"_links":{"self":[{"href":"https:\/\/ekomfort.lu\/lb\/wp-json\/wp\/v2\/product\/17606","targetHints":{"allow":["GET"]}}],"collection":[{"href":"https:\/\/ekomfort.lu\/lb\/wp-json\/wp\/v2\/product"}],"about":[{"href":"https:\/\/ekomfort.lu\/lb\/wp-json\/wp\/v2\/types\/product"}],"replies":[{"embeddable":true,"href":"https:\/\/ekomfort.lu\/lb\/wp-json\/wp\/v2\/comments?post=17606"}],"wp:featuredmedia":[{"embeddable":true,"href":"https:\/\/ekomfort.lu\/lb\/wp-json\/wp\/v2\/media\/17603"}],"wp:attachment":[{"href":"https:\/\/ekomfort.lu\/lb\/wp-json\/wp\/v2\/media?parent=17606"}],"wp:term":[{"taxonomy":"product_brand","embeddable":true,"href":"https:\/\/ekomfort.lu\/lb\/wp-json\/wp\/v2\/product_brand?post=17606"},{"taxonomy":"product_cat","embeddable":true,"href":"https:\/\/ekomfort.lu\/lb\/wp-json\/wp\/v2\/product_cat?post=17606"},{"taxonomy":"product_tag","embeddable":true,"href":"https:\/\/ekomfort.lu\/lb\/wp-json\/wp\/v2\/product_tag?post=17606"},{"taxonomy":"product_brands","embeddable":true,"href":"https:\/\/ekomfort.lu\/lb\/wp-json\/wp\/v2\/product_brands?post=17606"}],"curies":[{"name":"wp","href":"https:\/\/api.w.org\/{rel}","templated":true}]}}