{"id":17554,"date":"2024-05-29T09:18:20","date_gmt":"2024-05-29T07:18:20","guid":{"rendered":"https:\/\/ekomfort.lu\/?post_type=product&#038;p=17554"},"modified":"2024-07-04T17:25:55","modified_gmt":"2024-07-04T15:25:55","slug":"itaca-sandale-style-gladiateur","status":"publish","type":"product","link":"https:\/\/ekomfort.lu\/lb\/shop\/itaca-sandale-style-gladiateur\/","title":{"rendered":"Itaca &#8211; sandale style gladiateur"},"content":{"rendered":"\n<p>Entrez dans l&#8217;\u00e9t\u00e9 avec l&#8217;\u00e9l\u00e9gance intemporelle d&#8217;Itaca &#8211; la sandale gladiateur de style romain r\u00e9imagin\u00e9e pour le porteur moderne soucieux de l&#8217;environnement. Fabriqu\u00e9e avec un soin m\u00e9ticuleux au Portugal, chaque paire est dot\u00e9e d&#8217;une microfibre durable certifi\u00e9e par OEKO-TEX, garantissant non seulement le style, mais aussi un engagement en faveur d&#8217;une mode \u00e9thique. Ces sandales minimalistes, disponibles en noir classique, sont dot\u00e9es de boucles en or antique sans nickel, pour assurer \u00e0 la fois le style et le confort. Glissez-vous dans le confort des semelles en gomme n\u00e9olite lorsque vous vous promenez pendant les chaudes journ\u00e9es d&#8217;\u00e9t\u00e9, en sachant que votre choix soutient les pratiques de travail \u00e9quitables et la durabilit\u00e9 environnementale.<\/p>\n\n\n<style>.wp-block-kadence-iconlist.kt-svg-icon-list-items17554_6dd682-38:not(.this-stops-third-party-issues){margin-top:0px;margin-bottom:0px;}.wp-block-kadence-iconlist.kt-svg-icon-list-items17554_6dd682-38 ul.kt-svg-icon-list:not(.this-prevents-issues):not(.this-stops-third-party-issues):not(.tijsloc){margin-top:0px;margin-right:0px;margin-bottom:var(--global-kb-spacing-sm, 1.5rem);margin-left:0px;}.wp-block-kadence-iconlist.kt-svg-icon-list-items17554_6dd682-38 ul.kt-svg-icon-list{grid-row-gap:5px;}.wp-block-kadence-iconlist.kt-svg-icon-list-items17554_6dd682-38 .kb-svg-icon-wrap{font-size:18px;color:var(--global-palette1, #3182CE);}.wp-block-kadence-iconlist.kt-svg-icon-list-items17554_6dd682-38 ul.kt-svg-icon-list .kt-svg-icon-list-item-wrap .kt-svg-icon-list-single{margin-right:10px;}.kt-svg-icon-list-items17554_6dd682-38 ul.kt-svg-icon-list .kt-svg-icon-list-level-0 .kt-svg-icon-list-single svg{font-size:20px;}<\/style>\n<div class=\"wp-block-kadence-iconlist kt-svg-icon-list-items kt-svg-icon-list-items17554_6dd682-38 kt-svg-icon-list-columns-1 alignnone\"><ul class=\"kt-svg-icon-list\"><style>.kt-svg-icon-list-item-17554_89e5d6-d9 .kt-svg-icon-list-text mark.kt-highlight{background-color:unset;font-style:normal;color:#f76a0c;-webkit-box-decoration-break:clone;box-decoration-break:clone;padding-top:0px;padding-right:0px;padding-bottom:0px;padding-left:0px;}<\/style>\n<li class=\"wp-block-kadence-listitem kt-svg-icon-list-item-wrap kt-svg-icon-list-item-17554_89e5d6-d9\"><span class=\"kb-svg-icon-wrap kb-svg-icon-fe_checkCircle kt-svg-icon-list-single\"><svg viewBox=\"0 0 24 24\"  fill=\"none\" stroke=\"currentColor\" stroke-width=\"3\" stroke-linecap=\"round\" stroke-linejoin=\"round\" xmlns=\"http:\/\/www.w3.org\/2000\/svg\"  aria-hidden=\"true\"><path d=\"M22 11.08V12a10 10 0 1 1-5.93-9.14\"\/><polyline points=\"22 4 12 14.01 9 11.01\"\/><\/svg><\/span><span class=\"kt-svg-icon-list-text\">Fabriqu\u00e9es en microfibre certifi\u00e9e OEKO-TEX, ces sandales offrent une option sans cruaut\u00e9 avec un impact minimal sur l&#8217;environnement.<\/span><\/li>\n\n\n<style>.kt-svg-icon-list-item-17554_4eef31-04 .kt-svg-icon-list-text mark.kt-highlight{background-color:unset;font-style:normal;color:#f76a0c;-webkit-box-decoration-break:clone;box-decoration-break:clone;padding-top:0px;padding-right:0px;padding-bottom:0px;padding-left:0px;}<\/style>\n<li class=\"wp-block-kadence-listitem kt-svg-icon-list-item-wrap kt-svg-icon-list-item-17554_4eef31-04\"><span class=\"kb-svg-icon-wrap kb-svg-icon-fe_checkCircle kt-svg-icon-list-single\"><svg viewBox=\"0 0 24 24\"  fill=\"none\" stroke=\"currentColor\" stroke-width=\"3\" stroke-linecap=\"round\" stroke-linejoin=\"round\" xmlns=\"http:\/\/www.w3.org\/2000\/svg\"  aria-hidden=\"true\"><path d=\"M22 11.08V12a10 10 0 1 1-5.93-9.14\"\/><polyline points=\"22 4 12 14.01 9 11.01\"\/><\/svg><\/span><span class=\"kt-svg-icon-list-text\">Les boucles en or antique sans nickel assurent le confort des personnes \u00e0 la peau sensible, en leur apportant du style sans irritation.<\/span><\/li>\n\n\n<style>.kt-svg-icon-list-item-17554_c64a01-53 .kt-svg-icon-list-text mark.kt-highlight{background-color:unset;font-style:normal;color:#f76a0c;-webkit-box-decoration-break:clone;box-decoration-break:clone;padding-top:0px;padding-right:0px;padding-bottom:0px;padding-left:0px;}<\/style>\n<li class=\"wp-block-kadence-listitem kt-svg-icon-list-item-wrap kt-svg-icon-list-item-17554_c64a01-53\"><span class=\"kb-svg-icon-wrap kb-svg-icon-fe_checkCircle kt-svg-icon-list-single\"><svg viewBox=\"0 0 24 24\"  fill=\"none\" stroke=\"currentColor\" stroke-width=\"3\" stroke-linecap=\"round\" stroke-linejoin=\"round\" xmlns=\"http:\/\/www.w3.org\/2000\/svg\"  aria-hidden=\"true\"><path d=\"M22 11.08V12a10 10 0 1 1-5.93-9.14\"\/><polyline points=\"22 4 12 14.01 9 11.01\"\/><\/svg><\/span><span class=\"kt-svg-icon-list-text\">Fabriqu\u00e9e au Portugal dans des conditions de travail \u00e9quitables, chaque paire repr\u00e9sente un engagement envers des pratiques de production \u00e9thiques, promouvant la responsabilit\u00e9 sociale \u00e0 chaque \u00e9tape.<\/span><\/li>\n<\/ul><\/div>\n\n\n\n<p>La sandale Itaca Gladiator est un m\u00e9lange parfait de style, de confort et de conscience. Embrassez un \u00e9t\u00e9 de durabilit\u00e9 tout en faisant une d\u00e9claration de sophistication et de mode \u00e9thique.<\/p>\n","protected":false},"excerpt":{"rendered":"<p>Entrez dans l&#8217;\u00e9t\u00e9 avec l&#8217;\u00e9l\u00e9gance intemporelle d&#8217;Itaca &#8211; la sandale gladiateur de style romain r\u00e9imagin\u00e9e pour le porteur moderne soucieux de l&#8217;environnement. Fabriqu\u00e9e avec un soin m\u00e9ticuleux au Portugal, chaque paire est dot\u00e9e d&#8217;une microfibre durable certifi\u00e9e par OEKO-TEX, garantissant non seulement le style, mais aussi un engagement en faveur d&#8217;une mode \u00e9thique. Ces sandales&#8230;<\/p>\n","protected":false},"featured_media":17551,"comment_status":"open","ping_status":"closed","template":"","meta":{"_acf_changed":false,"_kad_blocks_custom_css":"","_kad_blocks_head_custom_js":"","_kad_blocks_body_custom_js":"","_kad_blocks_footer_custom_js":"","_kad_post_transparent":"","_kad_post_title":"","_kad_post_layout":"","_kad_post_sidebar_id":"","_kad_post_content_style":"","_kad_post_vertical_padding":"","_kad_post_feature":"","_kad_post_feature_position":"","_kad_post_header":false,"_kad_post_footer":false},"product_brand":[],"product_cat":[72,46],"product_tag":[],"product_brands":[],"class_list":{"0":"post-17554","1":"product","2":"type-product","3":"status-publish","4":"has-post-thumbnail","6":"product_cat-sandales","7":"product_cat-chaussures","9":"first","10":"outofstock","11":"taxable","12":"shipping-taxable","13":"purchasable","14":"product-type-variable","15":"entry","16":"content-bg","17":"loop-entry"},"acf":{"avantages":"Fabriqu\u00e9 en microfibre \u00e9cologique certifi\u00e9e par OEKO-TEX, il offre une alternative sans cruaut\u00e9 avec un impact minimal sur l'environnement.\r\n\r\nLes boucles en or antique sans nickel garantissent confort et style sans risque d'irritation ou de r\u00e9action allergique.\r\n\r\nFabriqu\u00e9 au Portugal dans un environnement de travail \u00e9quitable, promouvant des pratiques de fabrication \u00e9thiques pour une consommation socialement responsable.","entretien":"1. Enlevez La Poussi\u00e8re Ou La Boue Avec Une Brosse Douce Ou Un Chiffon Sec.\r\n\r\n2. Utilisez Un Chiffon Humide Pour Nettoyer L\u2019ensemble De Votre Produit En Frottant Doucement D\u2019un Geste Circulaire.\r\n\r\n3. Nettoyez R\u00e9guli\u00e8rement Votre Chiffon Pour \u00c9viter De R\u00e9pandre La Salet\u00e9\r\n\r\n4. Pour Les T\u00e2ches Difficiles, Utilisez Une Brosse \u00c0 Poils Doux Et De L\u2019eau En Frottant D\u00e9licatement D\u2019un Geste Circulaire.\r\n\r\n5. Laissez S\u00e9cher \u00c0 L\u2019air Libre Avant D\u2019appliquer Une Cr\u00e8me Nettoyante.\r\n\r\n6. Utilisez Une Cr\u00e8me Nettoyante Pour Donner Plus D\u2019\u00e9clat \u00c0 Votre Produit. Mettez Une Noisette De Produit Sur Une Brosse Ou Un Chiffon Doux Et Sec, Puis Faites P\u00e9n\u00e9trer Compl\u00e8tement Dans Le Tissu En Frottant D\u00e9licatement De Mani\u00e8re Circulaire Jusqu\u2019\u00e0 Totale Absorption.\r\n\r\n7. Enfin, Laissez S\u00e9cher \u00c0 L\u2019air Libre Pendant 24 Heures, \u00c0 L\u2019abri De La Lumi\u00e8re Directe Du Soleil.\r\n\r\n<strong>Attention<\/strong>\u00a0:\r\n\r\n\u2022 Ne Mettez Pas Votre Produit En Machine.\r\n\r\n\u2022 Ne L\u2019immergez Pas Dans L\u2019eau, Cela Pourrait Causer Des Dommages Irr\u00e9versibles.\r\n\r\nLorsque Vos Chaussures V\u00e9ganes Ont Atteint Leur Dur\u00e9e De Vie Ou Que Vous N\u2019en Avez Plus Besoin, Envisagez De Leur Donner Une Seconde Vie.\r\n\r\nDonnez-Leur Un Autre Usage Pour Vous-M\u00eame Ou Offrez-Les \u00c0 Quelqu","marque":""},"_wp_attached_file":null,"_wp_attachment_image_alt":null,"rank_math_facebook_image":null,"rank_math_facebook_image_id":null,"wpml_language":null,"_wp_attachment_metadata":null,"rank_math_focus_keyword":null,"rank_math_title":null,"rank_math_description":null,"taxonomy_info":{"product_cat":[{"value":72,"label":"Sandales"},{"value":46,"label":"Chaussures"}]},"featured_image_src_large":["https:\/\/ekomfort.lu\/wp-content\/uploads\/2024\/05\/Itaca_Black-1.jpg",700,700,false],"author_info":[],"comment_info":0,"_links":{"self":[{"href":"https:\/\/ekomfort.lu\/lb\/wp-json\/wp\/v2\/product\/17554","targetHints":{"allow":["GET"]}}],"collection":[{"href":"https:\/\/ekomfort.lu\/lb\/wp-json\/wp\/v2\/product"}],"about":[{"href":"https:\/\/ekomfort.lu\/lb\/wp-json\/wp\/v2\/types\/product"}],"replies":[{"embeddable":true,"href":"https:\/\/ekomfort.lu\/lb\/wp-json\/wp\/v2\/comments?post=17554"}],"wp:featuredmedia":[{"embeddable":true,"href":"https:\/\/ekomfort.lu\/lb\/wp-json\/wp\/v2\/media\/17551"}],"wp:attachment":[{"href":"https:\/\/ekomfort.lu\/lb\/wp-json\/wp\/v2\/media?parent=17554"}],"wp:term":[{"taxonomy":"product_brand","embeddable":true,"href":"https:\/\/ekomfort.lu\/lb\/wp-json\/wp\/v2\/product_brand?post=17554"},{"taxonomy":"product_cat","embeddable":true,"href":"https:\/\/ekomfort.lu\/lb\/wp-json\/wp\/v2\/product_cat?post=17554"},{"taxonomy":"product_tag","embeddable":true,"href":"https:\/\/ekomfort.lu\/lb\/wp-json\/wp\/v2\/product_tag?post=17554"},{"taxonomy":"product_brands","embeddable":true,"href":"https:\/\/ekomfort.lu\/lb\/wp-json\/wp\/v2\/product_brands?post=17554"}],"curies":[{"name":"wp","href":"https:\/\/api.w.org\/{rel}","templated":true}]}}