{"id":17206,"date":"2024-05-29T08:39:13","date_gmt":"2024-05-29T06:39:13","guid":{"rendered":"https:\/\/ekomfort.lu\/?post_type=product&#038;p=17206"},"modified":"2024-07-04T17:39:30","modified_gmt":"2024-07-04T15:39:30","slug":"redo-grey-baskets-montants-vegans-a-lacets","status":"publish","type":"product","link":"https:\/\/ekomfort.lu\/lb\/shop\/redo-grey-baskets-montants-vegans-a-lacets\/","title":{"rendered":"Redo Grey baskets montants v\u00e9gans \u00e0 lacets"},"content":{"rendered":"\n<p>Pr\u00e9sentation des baskets \u00e0 lacets Redo Grey Vegan, o\u00f9 la durabilit\u00e9 rencontre le style dans un m\u00e9lange harmonieux d&#8217;innovation et d&#8217;\u00e9co-responsabilit\u00e9. Ces baskets montantes modernes et minimalistes red\u00e9finissent les chaussures avec leur design intemporel et leur savoir-faire \u00e9thique. Fabriqu\u00e9es \u00e0 partir de PET recycl\u00e9, un mat\u00e9riau certifi\u00e9 GRS, ces baskets sont plus que de simples chaussures : elles t\u00e9moignent de votre engagement en faveur d&#8217;un monde plus vert et plus compatissant.<\/p>\n\n\n<style>.wp-block-kadence-iconlist.kt-svg-icon-list-items17206_053dcc-5b:not(.this-stops-third-party-issues){margin-top:0px;margin-bottom:0px;}.wp-block-kadence-iconlist.kt-svg-icon-list-items17206_053dcc-5b ul.kt-svg-icon-list:not(.this-prevents-issues):not(.this-stops-third-party-issues):not(.tijsloc){margin-top:0px;margin-right:0px;margin-bottom:var(--global-kb-spacing-sm, 1.5rem);margin-left:0px;}.wp-block-kadence-iconlist.kt-svg-icon-list-items17206_053dcc-5b ul.kt-svg-icon-list{grid-row-gap:5px;}.wp-block-kadence-iconlist.kt-svg-icon-list-items17206_053dcc-5b .kb-svg-icon-wrap{font-size:18px;color:var(--global-palette1, #3182CE);}.wp-block-kadence-iconlist.kt-svg-icon-list-items17206_053dcc-5b ul.kt-svg-icon-list .kt-svg-icon-list-item-wrap .kt-svg-icon-list-single{margin-right:10px;}.kt-svg-icon-list-items17206_053dcc-5b ul.kt-svg-icon-list .kt-svg-icon-list-level-0 .kt-svg-icon-list-single svg{font-size:20px;}<\/style>\n<div class=\"wp-block-kadence-iconlist kt-svg-icon-list-items kt-svg-icon-list-items17206_053dcc-5b kt-svg-icon-list-columns-1 alignnone\"><ul class=\"kt-svg-icon-list\"><style>.kt-svg-icon-list-item-17206_d55294-4b .kt-svg-icon-list-text mark.kt-highlight{background-color:unset;font-style:normal;color:#f76a0c;-webkit-box-decoration-break:clone;box-decoration-break:clone;padding-top:0px;padding-right:0px;padding-bottom:0px;padding-left:0px;}<\/style>\n<li class=\"wp-block-kadence-listitem kt-svg-icon-list-item-wrap kt-svg-icon-list-item-17206_d55294-4b\"><span class=\"kb-svg-icon-wrap kb-svg-icon-fe_checkCircle kt-svg-icon-list-single\"><svg viewBox=\"0 0 24 24\"  fill=\"none\" stroke=\"currentColor\" stroke-width=\"3\" stroke-linecap=\"round\" stroke-linejoin=\"round\" xmlns=\"http:\/\/www.w3.org\/2000\/svg\"  aria-hidden=\"true\"><path d=\"M22 11.08V12a10 10 0 1 1-5.93-9.14\"\/><polyline points=\"22 4 12 14.01 9 11.01\"\/><\/svg><\/span><span class=\"kt-svg-icon-list-text\">Entrez dans le futur de la mode avec les baskets \u00e0 lacets Redo Grey Vegan, fabriqu\u00e9es \u00e0 partir de PET recycl\u00e9 pour minimiser l&#8217;impact sur l&#8217;environnement. Chaque paire repr\u00e9sente une \u00e9tape vers un style de vie plus durable sans compromettre le style ou la performance.<\/span><\/li>\n\n\n<style>.kt-svg-icon-list-item-17206_36f158-8d .kt-svg-icon-list-text mark.kt-highlight{background-color:unset;font-style:normal;color:#f76a0c;-webkit-box-decoration-break:clone;box-decoration-break:clone;padding-top:0px;padding-right:0px;padding-bottom:0px;padding-left:0px;}<\/style>\n<li class=\"wp-block-kadence-listitem kt-svg-icon-list-item-wrap kt-svg-icon-list-item-17206_36f158-8d\"><span class=\"kb-svg-icon-wrap kb-svg-icon-fe_checkCircle kt-svg-icon-list-single\"><svg viewBox=\"0 0 24 24\"  fill=\"none\" stroke=\"currentColor\" stroke-width=\"3\" stroke-linecap=\"round\" stroke-linejoin=\"round\" xmlns=\"http:\/\/www.w3.org\/2000\/svg\"  aria-hidden=\"true\"><path d=\"M22 11.08V12a10 10 0 1 1-5.93-9.14\"\/><polyline points=\"22 4 12 14.01 9 11.01\"\/><\/svg><\/span><span class=\"kt-svg-icon-list-text\">Profitez du confort de savoir que ces baskets sont enti\u00e8rement v\u00e9g\u00e9taliennes, fabriqu\u00e9es sans utiliser de mat\u00e9riaux d&#8217;origine animale. D\u00e9couvrez la mode \u00e9thique \u00e0 son meilleur, o\u00f9 chaque pas en avant est un pas vers un monde plus gentil et plus compatissant.<\/span><\/li>\n\n\n<style>.kt-svg-icon-list-item-17206_1b40d9-1b .kt-svg-icon-list-text mark.kt-highlight{background-color:unset;font-style:normal;color:#f76a0c;-webkit-box-decoration-break:clone;box-decoration-break:clone;padding-top:0px;padding-right:0px;padding-bottom:0px;padding-left:0px;}<\/style>\n<li class=\"wp-block-kadence-listitem kt-svg-icon-list-item-wrap kt-svg-icon-list-item-17206_1b40d9-1b\"><span class=\"kb-svg-icon-wrap kb-svg-icon-fe_checkCircle kt-svg-icon-list-single\"><svg viewBox=\"0 0 24 24\"  fill=\"none\" stroke=\"currentColor\" stroke-width=\"3\" stroke-linecap=\"round\" stroke-linejoin=\"round\" xmlns=\"http:\/\/www.w3.org\/2000\/svg\"  aria-hidden=\"true\"><path d=\"M22 11.08V12a10 10 0 1 1-5.93-9.14\"\/><polyline points=\"22 4 12 14.01 9 11.01\"\/><\/svg><\/span><span class=\"kt-svg-icon-list-text\">Con\u00e7ues pour l&#8217;aventurier moderne, ces baskets sont dot\u00e9es de semelles vulcanis\u00e9es antid\u00e9rapantes et de doubles coutures renforc\u00e9es pour une durabilit\u00e9 et des performances am\u00e9lior\u00e9es. Que vous parcouriez les rues de la ville ou exploriez les grands espaces, ces baskets sont pr\u00eates \u00e0 vous accompagner dans votre voyage avec style et r\u00e9silience.<\/span><\/li>\n<\/ul><\/div>\n\n\n\n<p>Am\u00e9liorez votre jeu de chaussures avec les baskets \u00e0 lacets v\u00e9g\u00e9taliennes Redo Grey, o\u00f9 durabilit\u00e9 et style convergent sans effort. Faites une d\u00e9claration qui r\u00e9sonne au-del\u00e0 de la mode, faisant \u00e9cho \u00e0 votre engagement en faveur d&#8217;un avenir meilleur et plus durable pour tous.<\/p>\n","protected":false},"excerpt":{"rendered":"<p>Pr\u00e9sentation des baskets \u00e0 lacets Redo Grey Vegan, o\u00f9 la durabilit\u00e9 rencontre le style dans un m\u00e9lange harmonieux d&#8217;innovation et d&#8217;\u00e9co-responsabilit\u00e9. Ces baskets montantes modernes et minimalistes red\u00e9finissent les chaussures avec leur design intemporel et leur savoir-faire \u00e9thique. Fabriqu\u00e9es \u00e0 partir de PET recycl\u00e9, un mat\u00e9riau certifi\u00e9 GRS, ces baskets sont plus que de simples&#8230;<\/p>\n","protected":false},"featured_media":17203,"comment_status":"open","ping_status":"closed","template":"","meta":{"_acf_changed":false,"_kad_blocks_custom_css":"","_kad_blocks_head_custom_js":"","_kad_blocks_body_custom_js":"","_kad_blocks_footer_custom_js":"","_kad_post_transparent":"","_kad_post_title":"","_kad_post_layout":"","_kad_post_sidebar_id":"","_kad_post_content_style":"","_kad_post_vertical_padding":"","_kad_post_feature":"","_kad_post_feature_position":"","_kad_post_header":false,"_kad_post_footer":false},"product_brand":[],"product_cat":[70,46],"product_tag":[],"product_brands":[],"class_list":{"0":"post-17206","1":"product","2":"type-product","3":"status-publish","4":"has-post-thumbnail","6":"product_cat-sneakers","7":"product_cat-chaussures","9":"first","10":"outofstock","11":"taxable","12":"shipping-taxable","13":"purchasable","14":"product-type-variable","15":"entry","16":"content-bg","17":"loop-entry"},"acf":{"avantages":"Fabriqu\u00e9es \u00e0 partir de PET recycl\u00e9, ces baskets offrent une option de chaussure durable qui r\u00e9duit l'impact sur l'environnement en r\u00e9utilisant les d\u00e9chets plastiques. L'utilisation de mat\u00e9riaux certifi\u00e9s GRS (Global Recycled Standard) t\u00e9moigne d'un engagement en faveur de pratiques de fabrication respectueuses de l'environnement.\r\n\r\nAdoptez une mode compatissante avec ces baskets v\u00e9g\u00e9taliennes, qui sont fabriqu\u00e9es sans utiliser de mat\u00e9riaux d'origine animale. Leur conception sans cruaut\u00e9 promeut un consum\u00e9risme \u00e9thique tout en offrant un style et un confort innovants.\r\n\r\nDot\u00e9es de semelles vulcanis\u00e9es antid\u00e9rapantes et de doubles coutures renforc\u00e9es, ces chaussures de sport sont con\u00e7ues pour durer et \u00eatre performantes. Elles offrent une traction fiable, une long\u00e9vit\u00e9 accrue et une grande libert\u00e9 de mouvement, ce qui les rend adapt\u00e9es \u00e0 diverses activit\u00e9s tout en conservant une apparence \u00e9l\u00e9gante.","entretien":"1. Enlevez La Poussi\u00e8re Ou La Boue Avec Une Brosse Douce Ou Un Chiffon Sec.\r\n\r\n2. Utilisez Un Chiffon Humide Pour Nettoyer L\u2019ensemble De Votre Produit En Frottant Doucement D\u2019un Geste Circulaire.\r\n\r\n3. Nettoyez R\u00e9guli\u00e8rement Votre Chiffon Pour \u00c9viter De R\u00e9pandre La Salet\u00e9\r\n\r\n4. Pour Les T\u00e2ches Difficiles, Utilisez Une Brosse \u00c0 Poils Doux Et De L\u2019eau En Frottant D\u00e9licatement D\u2019un Geste Circulaire.\r\n\r\n5. Laissez S\u00e9cher \u00c0 L\u2019air Libre Avant D\u2019appliquer Une Cr\u00e8me Nettoyante.\r\n\r\n6. Utilisez Une Cr\u00e8me Nettoyante Pour Donner Plus D\u2019\u00e9clat \u00c0 Votre Produit. Mettez Une Noisette De Produit Sur Une Brosse Ou Un Chiffon Doux Et Sec, Puis Faites P\u00e9n\u00e9trer Compl\u00e8tement Dans Le Tissu En Frottant D\u00e9licatement De Mani\u00e8re Circulaire Jusqu\u2019\u00e0 Totale Absorption.\r\n\r\n7. Enfin, Laissez S\u00e9cher \u00c0 L\u2019air Libre Pendant 24 Heures, \u00c0 L\u2019abri De La Lumi\u00e8re Directe Du Soleil.\r\n\r\n<strong>Attention<\/strong>\u00a0:\r\n\r\n\u2022 Ne Mettez Pas Votre Produit En Machine.\r\n\r\n\u2022 Ne L\u2019immergez Pas Dans L\u2019eau, Cela Pourrait Causer Des Dommages Irr\u00e9versibles.\r\n\r\nLorsque Vos Chaussures V\u00e9ganes Ont Atteint Leur Dur\u00e9e De Vie Ou Que Vous N\u2019en Avez Plus Besoin, Envisagez De Leur Donner Une Seconde Vie.\r\n\r\nDonnez-Leur Un Autre Usage Pour Vous-M\u00eame Ou Offrez-Les \u00c0 Quelqu\r\n","marque":""},"_wp_attached_file":null,"_wp_attachment_image_alt":null,"rank_math_facebook_image":null,"rank_math_facebook_image_id":null,"wpml_language":null,"_wp_attachment_metadata":null,"rank_math_focus_keyword":null,"rank_math_title":null,"rank_math_description":null,"taxonomy_info":{"product_cat":[{"value":70,"label":"Sneakers"},{"value":46,"label":"Chaussures"}]},"featured_image_src_large":["https:\/\/ekomfort.lu\/wp-content\/uploads\/2024\/05\/Redo20Grey.jpg",700,700,false],"author_info":[],"comment_info":0,"_links":{"self":[{"href":"https:\/\/ekomfort.lu\/lb\/wp-json\/wp\/v2\/product\/17206","targetHints":{"allow":["GET"]}}],"collection":[{"href":"https:\/\/ekomfort.lu\/lb\/wp-json\/wp\/v2\/product"}],"about":[{"href":"https:\/\/ekomfort.lu\/lb\/wp-json\/wp\/v2\/types\/product"}],"replies":[{"embeddable":true,"href":"https:\/\/ekomfort.lu\/lb\/wp-json\/wp\/v2\/comments?post=17206"}],"wp:featuredmedia":[{"embeddable":true,"href":"https:\/\/ekomfort.lu\/lb\/wp-json\/wp\/v2\/media\/17203"}],"wp:attachment":[{"href":"https:\/\/ekomfort.lu\/lb\/wp-json\/wp\/v2\/media?parent=17206"}],"wp:term":[{"taxonomy":"product_brand","embeddable":true,"href":"https:\/\/ekomfort.lu\/lb\/wp-json\/wp\/v2\/product_brand?post=17206"},{"taxonomy":"product_cat","embeddable":true,"href":"https:\/\/ekomfort.lu\/lb\/wp-json\/wp\/v2\/product_cat?post=17206"},{"taxonomy":"product_tag","embeddable":true,"href":"https:\/\/ekomfort.lu\/lb\/wp-json\/wp\/v2\/product_tag?post=17206"},{"taxonomy":"product_brands","embeddable":true,"href":"https:\/\/ekomfort.lu\/lb\/wp-json\/wp\/v2\/product_brands?post=17206"}],"curies":[{"name":"wp","href":"https:\/\/api.w.org\/{rel}","templated":true}]}}