{"id":16791,"date":"2024-05-30T14:40:55","date_gmt":"2024-05-30T12:40:55","guid":{"rendered":"https:\/\/ekomfort.lu\/?post_type=product&#038;p=16791"},"modified":"2025-03-05T23:08:34","modified_gmt":"2025-03-05T22:08:34","slug":"aran-brown-ceinture-brune-homme-par-nae-vegan-durable","status":"publish","type":"product","link":"https:\/\/ekomfort.lu\/lb\/shop\/aran-brown-ceinture-brune-homme-par-nae-vegan-durable\/","title":{"rendered":"Aran Brown: Ceinture homme tress\u00e9e brune par Nae &#8211; \u00c9co-responsable, Sans Cruaut\u00e9, R\u00e9sistante \u00e0 l&#8217;eau"},"content":{"rendered":"\n<p>Vous recherchez une ceinture \u00e9l\u00e9gante et \u00e9thique qui allie style et durabilit\u00e9 ?<br><br>D\u00e9couvrez l&#8217; <strong>Aran Brown: Ceinture homme tress\u00e9e brune par Nae<\/strong> \u2013 la parfaite alliance entre mode et responsabilit\u00e9.<\/p>\n\n\n\n<h2 class=\"wp-block-heading\">Caract\u00e9ristiques principales :<\/h2>\n\n\n<style>.wp-block-kadence-iconlist.kt-svg-icon-list-items16791_e70b18-6a:not(.this-stops-third-party-issues){margin-top:0px;margin-bottom:0px;}.wp-block-kadence-iconlist.kt-svg-icon-list-items16791_e70b18-6a ul.kt-svg-icon-list:not(.this-prevents-issues):not(.this-stops-third-party-issues):not(.tijsloc){margin-top:var(--global-kb-spacing-sm, 1.5rem);margin-right:0px;margin-bottom:var(--global-kb-spacing-sm, 1.5rem);margin-left:0px;}.wp-block-kadence-iconlist.kt-svg-icon-list-items16791_e70b18-6a ul.kt-svg-icon-list{grid-row-gap:7px;}.wp-block-kadence-iconlist.kt-svg-icon-list-items16791_e70b18-6a .kb-svg-icon-wrap{color:var(--global-palette1, #3182CE);}.wp-block-kadence-iconlist.kt-svg-icon-list-items16791_e70b18-6a ul.kt-svg-icon-list .kt-svg-icon-list-item-wrap .kt-svg-icon-list-single{margin-right:10px;}.kt-svg-icon-list-items16791_e70b18-6a ul.kt-svg-icon-list .kt-svg-icon-list-level-0 .kt-svg-icon-list-single svg{font-size:20px;}<\/style>\n<div class=\"wp-block-kadence-iconlist kt-svg-icon-list-items kt-svg-icon-list-items16791_e70b18-6a kt-svg-icon-list-columns-1 alignnone\"><ul class=\"kt-svg-icon-list\"><style>.kt-svg-icon-list-item-16791_ad20eb-3f .kt-svg-icon-list-text mark.kt-highlight{background-color:unset;font-style:normal;color:#f76a0c;-webkit-box-decoration-break:clone;box-decoration-break:clone;padding-top:0px;padding-right:0px;padding-bottom:0px;padding-left:0px;}<\/style>\n<li class=\"wp-block-kadence-listitem kt-svg-icon-list-item-wrap kt-svg-icon-list-item-16791_ad20eb-3f\"><span class=\"kb-svg-icon-wrap kb-svg-icon-fe_checkCircle kt-svg-icon-list-single\"><svg viewBox=\"0 0 24 24\"  fill=\"none\" stroke=\"currentColor\" stroke-width=\"2\" stroke-linecap=\"round\" stroke-linejoin=\"round\" xmlns=\"http:\/\/www.w3.org\/2000\/svg\"  aria-hidden=\"true\"><path d=\"M22 11.08V12a10 10 0 1 1-5.93-9.14\"\/><polyline points=\"22 4 12 14.01 9 11.01\"\/><\/svg><\/span><span class=\"kt-svg-icon-list-text\">Fabriqu\u00e9e en <strong>cuir v\u00e9gan<\/strong> de haute qualit\u00e9<\/span><\/li>\n\n\n<style>.kt-svg-icon-list-item-16791_4e29d0-fd .kt-svg-icon-list-text mark.kt-highlight{background-color:unset;font-style:normal;color:#f76a0c;-webkit-box-decoration-break:clone;box-decoration-break:clone;padding-top:0px;padding-right:0px;padding-bottom:0px;padding-left:0px;}<\/style>\n<li class=\"wp-block-kadence-listitem kt-svg-icon-list-item-wrap kt-svg-icon-list-item-16791_4e29d0-fd\"><span class=\"kb-svg-icon-wrap kb-svg-icon-fe_checkCircle kt-svg-icon-list-single\"><svg viewBox=\"0 0 24 24\"  fill=\"none\" stroke=\"currentColor\" stroke-width=\"2\" stroke-linecap=\"round\" stroke-linejoin=\"round\" xmlns=\"http:\/\/www.w3.org\/2000\/svg\"  aria-hidden=\"true\"><path d=\"M22 11.08V12a10 10 0 1 1-5.93-9.14\"\/><polyline points=\"22 4 12 14.01 9 11.01\"\/><\/svg><\/span><span class=\"kt-svg-icon-list-text\"><strong>Sans cruaut\u00e9<\/strong> et <strong>\u00e9co-responsable<\/strong><\/span><\/li>\n\n\n<style>.kt-svg-icon-list-item-16791_816cfb-bd .kt-svg-icon-list-text mark.kt-highlight{background-color:unset;font-style:normal;color:#f76a0c;-webkit-box-decoration-break:clone;box-decoration-break:clone;padding-top:0px;padding-right:0px;padding-bottom:0px;padding-left:0px;}<\/style>\n<li class=\"wp-block-kadence-listitem kt-svg-icon-list-item-wrap kt-svg-icon-list-item-16791_816cfb-bd\"><span class=\"kb-svg-icon-wrap kb-svg-icon-fe_checkCircle kt-svg-icon-list-single\"><svg viewBox=\"0 0 24 24\"  fill=\"none\" stroke=\"currentColor\" stroke-width=\"2\" stroke-linecap=\"round\" stroke-linejoin=\"round\" xmlns=\"http:\/\/www.w3.org\/2000\/svg\"  aria-hidden=\"true\"><path d=\"M22 11.08V12a10 10 0 1 1-5.93-9.14\"\/><polyline points=\"22 4 12 14.01 9 11.01\"\/><\/svg><\/span><span class=\"kt-svg-icon-list-text\"><strong>R\u00e9sistante \u00e0 l\u2019eau<\/strong>, l\u00e9g\u00e8re et durable<\/span><\/li>\n\n\n<style>.kt-svg-icon-list-item-16791_a4076f-96 .kt-svg-icon-list-text mark.kt-highlight{background-color:unset;font-style:normal;color:#f76a0c;-webkit-box-decoration-break:clone;box-decoration-break:clone;padding-top:0px;padding-right:0px;padding-bottom:0px;padding-left:0px;}<\/style>\n<li class=\"wp-block-kadence-listitem kt-svg-icon-list-item-wrap kt-svg-icon-list-item-16791_a4076f-96\"><span class=\"kb-svg-icon-wrap kb-svg-icon-fe_checkCircle kt-svg-icon-list-single\"><svg viewBox=\"0 0 24 24\"  fill=\"none\" stroke=\"currentColor\" stroke-width=\"2\" stroke-linecap=\"round\" stroke-linejoin=\"round\" xmlns=\"http:\/\/www.w3.org\/2000\/svg\"  aria-hidden=\"true\"><path d=\"M22 11.08V12a10 10 0 1 1-5.93-9.14\"\/><polyline points=\"22 4 12 14.01 9 11.01\"\/><\/svg><\/span><span class=\"kt-svg-icon-list-text\">Boucle carr\u00e9e avec bout en <strong>trap\u00e8ze<\/strong><\/span><\/li>\n\n\n<style>.kt-svg-icon-list-item-16791_0044d0-a4 .kt-svg-icon-list-text mark.kt-highlight{background-color:unset;font-style:normal;color:#f76a0c;-webkit-box-decoration-break:clone;box-decoration-break:clone;padding-top:0px;padding-right:0px;padding-bottom:0px;padding-left:0px;}<\/style>\n<li class=\"wp-block-kadence-listitem kt-svg-icon-list-item-wrap kt-svg-icon-list-item-16791_0044d0-a4\"><span class=\"kb-svg-icon-wrap kb-svg-icon-fe_checkCircle kt-svg-icon-list-single\"><svg viewBox=\"0 0 24 24\"  fill=\"none\" stroke=\"currentColor\" stroke-width=\"2\" stroke-linecap=\"round\" stroke-linejoin=\"round\" xmlns=\"http:\/\/www.w3.org\/2000\/svg\"  aria-hidden=\"true\"><path d=\"M22 11.08V12a10 10 0 1 1-5.93-9.14\"\/><polyline points=\"22 4 12 14.01 9 11.01\"\/><\/svg><\/span><span class=\"kt-svg-icon-list-text\">\u00c9l\u00e9gante composition de tons <strong>bruns<\/strong><\/span><\/li>\n<\/ul><\/div>\n\n\n\n<p>Adoptez un look chic tout en respectant la plan\u00e8te avec notre <strong>ceinture tress\u00e9e Aran Brown<\/strong>. <strong>Commandez maintenant pour seulement 49,90 \u20ac<\/strong> et faites un geste pour un futur plus vert. \ud83c\udf3f<\/p>\n","protected":false},"excerpt":{"rendered":"<p>Vous recherchez une ceinture \u00e9l\u00e9gante et \u00e9thique qui allie style et durabilit\u00e9 ? D\u00e9couvrez l&#8217; Aran Brown: Ceinture homme tress\u00e9e brune par Nae \u2013 la parfaite alliance entre mode et responsabilit\u00e9. Caract\u00e9ristiques principales : Adoptez un look chic tout en respectant la plan\u00e8te avec notre ceinture tress\u00e9e Aran Brown. Commandez maintenant pour seulement 49,90 \u20ac&#8230;<\/p>\n","protected":false},"featured_media":19064,"comment_status":"open","ping_status":"closed","template":"","meta":{"_acf_changed":false,"_kad_blocks_custom_css":"","_kad_blocks_head_custom_js":"","_kad_blocks_body_custom_js":"","_kad_blocks_footer_custom_js":"","_kad_post_transparent":"","_kad_post_title":"","_kad_post_layout":"","_kad_post_sidebar_id":"","_kad_post_content_style":"","_kad_post_vertical_padding":"","_kad_post_feature":"","_kad_post_feature_position":"","_kad_post_header":false,"_kad_post_footer":false},"product_brand":[],"product_cat":[129,48],"product_tag":[242],"product_brands":[28],"class_list":{"0":"post-16791","1":"product","2":"type-product","3":"status-publish","4":"has-post-thumbnail","6":"product_cat-ceintures","7":"product_cat-accessoires","8":"product_tag-homme","9":"product_brands-nae-vegan-shoes","11":"first","12":"outofstock","13":"taxable","14":"shipping-taxable","15":"purchasable","16":"product-type-variable","17":"has-default-attributes","18":"entry","19":"content-bg","20":"loop-entry"},"acf":{"avantages":"Fabriqu\u00e9 \u00c0 Partir De Microfibres Durables, Il Garantit Une Utilisation Durable Et Un Impact Minimal Sur L\u2019environnement.\r\n\r\nFabriqu\u00e9 Sans Nuire Aux Animaux Et Con\u00e7u Pour R\u00e9sister \u00c0 Diverses Conditions M\u00e9t\u00e9orologiques.\r\n\r\nOffre Un Confort Et Une Facilit\u00e9 D\u2019utilisation Tout En Ajoutant Une Touche Sophistiqu\u00e9e \u00c0 N\u2019importe Quelle Tenue.","entretien":"<ul>\r\n \t<li>Essuyez la ceinture avec un chiffon humide pour enlever la salet\u00e9 et les taches.<\/li>\r\n \t<li>Conservez la courroie \u00e0 l'abri de la lumi\u00e8re directe du soleil pour \u00e9viter que sa couleur ne se d\u00e9colore et ne s'ab\u00eeme.<\/li>\r\n \t<li>Appliquez r\u00e9guli\u00e8rement un conditionneur sp\u00e9cialis\u00e9 pour cuir v\u00e9g\u00e9talien afin de conserver la souplesse et l'aspect de la mati\u00e8re.<\/li>\r\n<\/ul>","marque":""},"_wp_attached_file":null,"_wp_attachment_image_alt":null,"rank_math_facebook_image":null,"rank_math_facebook_image_id":null,"wpml_language":null,"_wp_attachment_metadata":null,"rank_math_focus_keyword":"Aran Brown, ceinture tress\u00e9e homme cuir v\u00e9gan","rank_math_title":"Aran Brown : Ceinture Brune Homme par Nae - Vegan, Durable","rank_math_description":"Ceinture Aran Brown de Nae : \u00e9l\u00e9gance et durabilit\u00e9 en cuir v\u00e9gan. R\u00e9sistante \u00e0 l'eau, sans cruaut\u00e9 et \u00e9co-responsable. Commandez la v\u00f4tre d\u00e8s aujourd'hui !","taxonomy_info":{"product_cat":[{"value":129,"label":"Ceintures"},{"value":48,"label":"Accessoires"}],"product_tag":[{"value":242,"label":"Boutique homme"}],"product_brands":[{"value":28,"label":"NAE Vegan Shoes"}]},"featured_image_src_large":["https:\/\/ekomfort.lu\/wp-content\/uploads\/2024\/07\/BeltAran_Brown.jpg",700,700,false],"author_info":[],"comment_info":0,"_links":{"self":[{"href":"https:\/\/ekomfort.lu\/lb\/wp-json\/wp\/v2\/product\/16791","targetHints":{"allow":["GET"]}}],"collection":[{"href":"https:\/\/ekomfort.lu\/lb\/wp-json\/wp\/v2\/product"}],"about":[{"href":"https:\/\/ekomfort.lu\/lb\/wp-json\/wp\/v2\/types\/product"}],"replies":[{"embeddable":true,"href":"https:\/\/ekomfort.lu\/lb\/wp-json\/wp\/v2\/comments?post=16791"}],"wp:featuredmedia":[{"embeddable":true,"href":"https:\/\/ekomfort.lu\/lb\/wp-json\/wp\/v2\/media\/19064"}],"wp:attachment":[{"href":"https:\/\/ekomfort.lu\/lb\/wp-json\/wp\/v2\/media?parent=16791"}],"wp:term":[{"taxonomy":"product_brand","embeddable":true,"href":"https:\/\/ekomfort.lu\/lb\/wp-json\/wp\/v2\/product_brand?post=16791"},{"taxonomy":"product_cat","embeddable":true,"href":"https:\/\/ekomfort.lu\/lb\/wp-json\/wp\/v2\/product_cat?post=16791"},{"taxonomy":"product_tag","embeddable":true,"href":"https:\/\/ekomfort.lu\/lb\/wp-json\/wp\/v2\/product_tag?post=16791"},{"taxonomy":"product_brands","embeddable":true,"href":"https:\/\/ekomfort.lu\/lb\/wp-json\/wp\/v2\/product_brands?post=16791"}],"curies":[{"name":"wp","href":"https:\/\/api.w.org\/{rel}","templated":true}]}}