{"id":16647,"date":"2024-05-24T12:40:13","date_gmt":"2024-05-24T10:40:13","guid":{"rendered":"https:\/\/ekomfort.lu\/?post_type=product&#038;p=16647"},"modified":"2025-03-05T23:15:42","modified_gmt":"2025-03-05T22:15:42","slug":"adar-grey-bottes-de-montagne-grises","status":"publish","type":"product","link":"https:\/\/ekomfort.lu\/lb\/shop\/adar-grey-bottes-de-montagne-grises\/","title":{"rendered":"Adar Grey: Chaussures V\u00e9ganes de Montagne Grises par Nae"},"content":{"rendered":"\n<p>Vous cherchez \u00e0 allier aventure, durabilit\u00e9 et \u00e9thique ?<br><br>D\u00e9couvrez les <strong>Adar Grey de Nae<\/strong>, des <em>chaussures de randonn\u00e9e v\u00e9ganes<\/em> con\u00e7ues pour les amoureux de la nature engag\u00e9s. Fabriqu\u00e9es en cuir v\u00e9gan de grande qualit\u00e9, ces <em>bottes de montagne \u00e9co-responsables<\/em> allient robustesse et l\u00e9g\u00e8ret\u00e9.<\/p>\n\n\n\n<h2 class=\"wp-block-heading\">Pourquoi choisir les bottes Adar Grey ?<\/h2>\n\n\n<style>.wp-block-kadence-iconlist.kt-svg-icon-list-items16647_f2c847-c4:not(.this-stops-third-party-issues){margin-top:0px;margin-bottom:0px;}.wp-block-kadence-iconlist.kt-svg-icon-list-items16647_f2c847-c4 ul.kt-svg-icon-list:not(.this-prevents-issues):not(.this-stops-third-party-issues):not(.tijsloc){margin-top:var(--global-kb-spacing-sm, 1.5rem);margin-right:0px;margin-bottom:var(--global-kb-spacing-sm, 1.5rem);margin-left:0px;}.wp-block-kadence-iconlist.kt-svg-icon-list-items16647_f2c847-c4 ul.kt-svg-icon-list{grid-row-gap:7px;}.wp-block-kadence-iconlist.kt-svg-icon-list-items16647_f2c847-c4 .kb-svg-icon-wrap{color:var(--global-palette1, #3182CE);}.wp-block-kadence-iconlist.kt-svg-icon-list-items16647_f2c847-c4 ul.kt-svg-icon-list .kt-svg-icon-list-item-wrap .kt-svg-icon-list-single{margin-right:10px;}.kt-svg-icon-list-items16647_f2c847-c4 ul.kt-svg-icon-list .kt-svg-icon-list-level-0 .kt-svg-icon-list-single svg{font-size:20px;}<\/style>\n<div class=\"wp-block-kadence-iconlist kt-svg-icon-list-items kt-svg-icon-list-items16647_f2c847-c4 kt-svg-icon-list-columns-1 alignnone\"><ul class=\"kt-svg-icon-list\"><style>.kt-svg-icon-list-item-16647_a41fba-83 .kt-svg-icon-list-text mark.kt-highlight{background-color:unset;font-style:normal;color:#f76a0c;-webkit-box-decoration-break:clone;box-decoration-break:clone;padding-top:0px;padding-right:0px;padding-bottom:0px;padding-left:0px;}<\/style>\n<li class=\"wp-block-kadence-listitem kt-svg-icon-list-item-wrap kt-svg-icon-list-item-16647_a41fba-83\"><span class=\"kb-svg-icon-wrap kb-svg-icon-fe_checkCircle kt-svg-icon-list-single\"><svg viewBox=\"0 0 24 24\"  fill=\"none\" stroke=\"currentColor\" stroke-width=\"2\" stroke-linecap=\"round\" stroke-linejoin=\"round\" xmlns=\"http:\/\/www.w3.org\/2000\/svg\"  aria-hidden=\"true\"><path d=\"M22 11.08V12a10 10 0 1 1-5.93-9.14\"\/><polyline points=\"22 4 12 14.01 9 11.01\"\/><\/svg><\/span><span class=\"kt-svg-icon-list-text\">Durabilit\u00e9 exceptionnelle gr\u00e2ce \u00e0 leur mat\u00e9riau \u00e9co-responsable sans cruaut\u00e9<\/span><\/li>\n\n\n<style>.kt-svg-icon-list-item-16647_77875f-cb .kt-svg-icon-list-text mark.kt-highlight{background-color:unset;font-style:normal;color:#f76a0c;-webkit-box-decoration-break:clone;box-decoration-break:clone;padding-top:0px;padding-right:0px;padding-bottom:0px;padding-left:0px;}<\/style>\n<li class=\"wp-block-kadence-listitem kt-svg-icon-list-item-wrap kt-svg-icon-list-item-16647_77875f-cb\"><span class=\"kb-svg-icon-wrap kb-svg-icon-fe_checkCircle kt-svg-icon-list-single\"><svg viewBox=\"0 0 24 24\"  fill=\"none\" stroke=\"currentColor\" stroke-width=\"2\" stroke-linecap=\"round\" stroke-linejoin=\"round\" xmlns=\"http:\/\/www.w3.org\/2000\/svg\"  aria-hidden=\"true\"><path d=\"M22 11.08V12a10 10 0 1 1-5.93-9.14\"\/><polyline points=\"22 4 12 14.01 9 11.01\"\/><\/svg><\/span><span class=\"kt-svg-icon-list-text\"><em>Confort des bottes v\u00e9ganes<\/em> avec leur l\u00e9g\u00e8ret\u00e9, vous permettant de marcher des heures sans fatigue<\/span><\/li>\n\n\n<style>.kt-svg-icon-list-item-16647_2545ee-29 .kt-svg-icon-list-text mark.kt-highlight{background-color:unset;font-style:normal;color:#f76a0c;-webkit-box-decoration-break:clone;box-decoration-break:clone;padding-top:0px;padding-right:0px;padding-bottom:0px;padding-left:0px;}<\/style>\n<li class=\"wp-block-kadence-listitem kt-svg-icon-list-item-wrap kt-svg-icon-list-item-16647_2545ee-29\"><span class=\"kb-svg-icon-wrap kb-svg-icon-fe_checkCircle kt-svg-icon-list-single\"><svg viewBox=\"0 0 24 24\"  fill=\"none\" stroke=\"currentColor\" stroke-width=\"2\" stroke-linecap=\"round\" stroke-linejoin=\"round\" xmlns=\"http:\/\/www.w3.org\/2000\/svg\"  aria-hidden=\"true\"><path d=\"M22 11.08V12a10 10 0 1 1-5.93-9.14\"\/><polyline points=\"22 4 12 14.01 9 11.01\"\/><\/svg><\/span><span class=\"kt-svg-icon-list-text\">Style intemporel avec leur couleur grise, parfaite pour le plein air et le quotidien<\/span><\/li>\n<\/ul><\/div>\n\n\n\n<p>Imaginez-vous gravissant des sentiers escarp\u00e9s, chaque pas soutenu par la robustesse des <em>bottes de randonn\u00e9e l\u00e9g\u00e8res et durables<\/em> Adar Grey, tout en respectant la plan\u00e8te.<\/p>\n\n\n\n<blockquote class=\"wp-block-quote is-style-default has-theme-palette-8-background-color has-background is-layout-flow wp-block-quote-is-layout-flow\">\n<p>&#8220;Confortables, styl\u00e9es et \u00e9thiques ! Les bottes Adar Grey m&#8217;accompagnent dans toutes mes randonn\u00e9es.&#8221; <\/p>\n<cite>&#8211; Marc, client ravi<\/cite><\/blockquote>\n\n\n\n<p>\u00c0 134,9 \u20ac, investissez dans des <em>bottes de randonn\u00e9e \u00e9co-responsables<\/em> qui respectent vos valeurs \u00e9thiques et votre amour pour la nature. Compar\u00e9es \u00e0 d&#8217;autres options, les Adar Grey offrent une qualit\u00e9 sup\u00e9rieure et une conscience tranquille.<br><br><strong>Ne laissez pas cette opportunit\u00e9 s&#8217;\u00e9chapper.<\/strong> <a href=\"#\">Commandez vos Adar Grey d\u00e8s maintenant<\/a> et partez \u00e0 l&#8217;aventure avec style et responsabilit\u00e9 !<\/p>\n","protected":false},"excerpt":{"rendered":"<p>Vous cherchez \u00e0 allier aventure, durabilit\u00e9 et \u00e9thique ? D\u00e9couvrez les Adar Grey de Nae, des chaussures de randonn\u00e9e v\u00e9ganes con\u00e7ues pour les amoureux de la nature engag\u00e9s. Fabriqu\u00e9es en cuir v\u00e9gan de grande qualit\u00e9, ces bottes de montagne \u00e9co-responsables allient robustesse et l\u00e9g\u00e8ret\u00e9. Pourquoi choisir les bottes Adar Grey ? Imaginez-vous gravissant des sentiers&#8230;<\/p>\n","protected":false},"featured_media":19048,"comment_status":"open","ping_status":"closed","template":"","meta":{"_acf_changed":false,"_kad_blocks_custom_css":"","_kad_blocks_head_custom_js":"","_kad_blocks_body_custom_js":"","_kad_blocks_footer_custom_js":"","_kad_post_transparent":"","_kad_post_title":"","_kad_post_layout":"","_kad_post_sidebar_id":"","_kad_post_content_style":"","_kad_post_vertical_padding":"","_kad_post_feature":"","_kad_post_feature_position":"","_kad_post_header":false,"_kad_post_footer":false},"product_brand":[],"product_cat":[65,46],"product_tag":[229],"product_brands":[28],"class_list":{"0":"post-16647","1":"product","2":"type-product","3":"status-publish","4":"has-post-thumbnail","6":"product_cat-bottes","7":"product_cat-chaussures","8":"product_tag-unisexe","9":"product_brands-nae-vegan-shoes","11":"first","12":"instock","13":"taxable","14":"shipping-taxable","15":"purchasable","16":"product-type-variable","17":"has-default-attributes","18":"entry","19":"content-bg","20":"loop-entry"},"acf":{"avantages":"<img class=\"emoji\" role=\"img\" draggable=\"false\" src=\"https:\/\/s.w.org\/images\/core\/emoji\/14.0.0\/svg\/1f33f.svg\" alt=\"\ud83c\udf3f\" \/> Fabriqu\u00e9 en daim v\u00e9g\u00e9talien, il favorise l'\u00e9coconscience en r\u00e9duisant la d\u00e9pendance \u00e0 l'\u00e9gard de la production traditionnelle de cuir.\r\n\r\n<img class=\"emoji\" role=\"img\" draggable=\"false\" src=\"https:\/\/s.w.org\/images\/core\/emoji\/14.0.0\/svg\/1f4ab.svg\" alt=\"\ud83d\udcab\" \/> Repr\u00e9sente une approche moderne de la conception de chaussures, mettant en valeur l'innovation dans les mat\u00e9riaux et les techniques de fabrication.\r\n\r\n<img class=\"emoji\" role=\"img\" draggable=\"false\" src=\"https:\/\/s.w.org\/images\/core\/emoji\/14.0.0\/svg\/1f30d.svg\" alt=\"\ud83c\udf0d\" \/> Offre un choix compatissant aux consommateurs en \u00e9vitant l'utilisation de mat\u00e9riaux d\u00e9riv\u00e9s d'animaux, s'alignant ainsi sur les valeurs \u00e9thiques.\r\n\r\n<img class=\"emoji\" role=\"img\" draggable=\"false\" src=\"https:\/\/s.w.org\/images\/core\/emoji\/14.0.0\/svg\/1f331.svg\" alt=\"\ud83c\udf31\" \/> La construction l\u00e9g\u00e8re de la chaussure assure le confort des randonneurs et leur permet de se d\u00e9placer facilement sur les terrains accident\u00e9s.","entretien":"1. \u00c0 L\u2019aide D\u2019un Chiffon Impr\u00e9gn\u00e9 D\u2019eau Savonneuse, Nettoyez Le Produit. Ne Le Submergez Jamais Compl\u00e8tement, Cela Pourrait Causer Des Dommages Irr\u00e9versibles.\r\n2. Laissez S\u00e9cher Naturellement Pendant 24 Heures.\r\n3. L\u2019application D\u2019une Cr\u00e8me De Polissage Neutre Est Fortement Recommand\u00e9e. Appliquez Une Noisette \u00c0 L\u2019aide D\u2019un Chiffon Sec Et Doux, Puis Frottez Avec Parcimonie Sur Le Textile D\u2019un Geste Circulaire Jusqu\u2019\u00e0 L\u2019absorption Compl\u00e8te De La Cire.\r\n4. Laissez S\u00e9cher Naturellement Pendant 24 Heures Apr\u00e8s Application.\r\n\r\nEsp\u00e9rance De Vie Du Produit :\r\n\r\nLorsque Vous Estimez Que Vos Chaussures V\u00e9ganes Ont Atteint Leur Dur\u00e9e De Vie Ou Que Vous N\u2019en Avez Plus Besoin, Pensez \u00c0 Leur Offrir Une Seconde Vie. Donnez-Leur Un Autre Usage Pour Vous-M\u00eame Ou Faites-En Profiter Une Autre Personne.","marque":""},"_wp_attached_file":null,"_wp_attachment_image_alt":null,"rank_math_facebook_image":null,"rank_math_facebook_image_id":null,"wpml_language":null,"_wp_attachment_metadata":null,"rank_math_focus_keyword":"Adar Grey, Chaussures V\u00e9ganes de Montagne","rank_math_title":null,"rank_math_description":"Randonnez avec style ! Les bottes Adar Grey de Nae sont en daim v\u00e9gan, et durables. Profitez d\u2019un confort \u00e9co-responsable. Commandez d\u00e8s aujourd'hui !","taxonomy_info":{"product_cat":[{"value":65,"label":"Bottes"},{"value":46,"label":"Chaussures"}],"product_tag":[{"value":229,"label":"Boutique unisexe"}],"product_brands":[{"value":28,"label":"NAE Vegan Shoes"}]},"featured_image_src_large":["https:\/\/ekomfort.lu\/wp-content\/uploads\/2024\/07\/Adar_Grey_1.jpg",700,700,false],"author_info":[],"comment_info":0,"_links":{"self":[{"href":"https:\/\/ekomfort.lu\/lb\/wp-json\/wp\/v2\/product\/16647","targetHints":{"allow":["GET"]}}],"collection":[{"href":"https:\/\/ekomfort.lu\/lb\/wp-json\/wp\/v2\/product"}],"about":[{"href":"https:\/\/ekomfort.lu\/lb\/wp-json\/wp\/v2\/types\/product"}],"replies":[{"embeddable":true,"href":"https:\/\/ekomfort.lu\/lb\/wp-json\/wp\/v2\/comments?post=16647"}],"wp:featuredmedia":[{"embeddable":true,"href":"https:\/\/ekomfort.lu\/lb\/wp-json\/wp\/v2\/media\/19048"}],"wp:attachment":[{"href":"https:\/\/ekomfort.lu\/lb\/wp-json\/wp\/v2\/media?parent=16647"}],"wp:term":[{"taxonomy":"product_brand","embeddable":true,"href":"https:\/\/ekomfort.lu\/lb\/wp-json\/wp\/v2\/product_brand?post=16647"},{"taxonomy":"product_cat","embeddable":true,"href":"https:\/\/ekomfort.lu\/lb\/wp-json\/wp\/v2\/product_cat?post=16647"},{"taxonomy":"product_tag","embeddable":true,"href":"https:\/\/ekomfort.lu\/lb\/wp-json\/wp\/v2\/product_tag?post=16647"},{"taxonomy":"product_brands","embeddable":true,"href":"https:\/\/ekomfort.lu\/lb\/wp-json\/wp\/v2\/product_brands?post=16647"}],"curies":[{"name":"wp","href":"https:\/\/api.w.org\/{rel}","templated":true}]}}