{"id":9886,"date":"2023-08-16T14:50:18","date_gmt":"2023-08-16T12:50:18","guid":{"rendered":"https:\/\/ekomfort.lu\/shop\/megan-black-de-nae-derby-shoes-for-women-made-of-black-apple-leather-responsible-and-trendy-elegance"},"modified":"2024-07-01T12:12:10","modified_gmt":"2024-07-01T10:12:10","slug":"megan-black-de-nae-derby-shoes-for-women-made-of-black-apple-leather-responsible-and-trendy-elegance","status":"publish","type":"product","link":"https:\/\/ekomfort.lu\/en\/shop\/megan-black-de-nae-derby-shoes-for-women-made-of-black-apple-leather-responsible-and-trendy-elegance\/","title":{"rendered":"Megan Black de Nae: Derby Shoes for Women, made of black apple leather. Responsible and Trendy Elegance."},"content":{"rendered":"\n<p>Do you aspire to <strong>timeless black shoes for women<\/strong> that also respect our environment? Are you attracted to innovations that honor nature?<\/p>\n\n\n\n<p>Embrace the future of eco-responsible fashion with <strong>Megan Black<\/strong>: a casual derby designed with apple leather, combining style and ethics with every step.<\/p>\n\n\n\n<p>Crack for <strong>Megan Black<\/strong>, the new <strong>women&#8217;s heeled brogues<\/strong>:<\/p>\n\n\n<style>.wp-block-kadence-iconlist.kt-svg-icon-list-items9886_39355b-9b:not(.this-stops-third-party-issues){margin-top:0px;margin-bottom:0px;}.wp-block-kadence-iconlist.kt-svg-icon-list-items9886_39355b-9b ul.kt-svg-icon-list:not(.this-prevents-issues):not(.this-stops-third-party-issues):not(.tijsloc){margin-top:0px;margin-right:0px;margin-bottom:var(--global-kb-spacing-sm, 1.5rem);margin-left:0px;}.wp-block-kadence-iconlist.kt-svg-icon-list-items9886_39355b-9b ul.kt-svg-icon-list{grid-row-gap:5px;}.wp-block-kadence-iconlist.kt-svg-icon-list-items9886_39355b-9b .kb-svg-icon-wrap{font-size:18px;color:var(--global-palette1, #3182CE);}.wp-block-kadence-iconlist.kt-svg-icon-list-items9886_39355b-9b ul.kt-svg-icon-list .kt-svg-icon-list-item-wrap .kt-svg-icon-list-single{margin-right:10px;}.kt-svg-icon-list-items9886_39355b-9b ul.kt-svg-icon-list .kt-svg-icon-list-level-0 .kt-svg-icon-list-single svg{font-size:20px;}<\/style>\n<div class=\"wp-block-kadence-iconlist kt-svg-icon-list-items kt-svg-icon-list-items9886_39355b-9b kt-svg-icon-list-columns-1 alignnone\"><ul class=\"kt-svg-icon-list\"><style>.kt-svg-icon-list-item-4539_bd156d-f7 .kt-svg-icon-list-text mark.kt-highlight{background-color:unset;font-style:normal;color:#f76a0c;-webkit-box-decoration-break:clone;box-decoration-break:clone;padding-top:0px;padding-right:0px;padding-bottom:0px;padding-left:0px;}<\/style>\n<li class=\"wp-block-kadence-listitem kt-svg-icon-list-item-wrap kt-svg-icon-list-item-4539_bd156d-f7\"><span class=\"kb-svg-icon-wrap kb-svg-icon-fe_checkCircle kt-svg-icon-list-single\"><svg viewBox=\"0 0 24 24\"  fill=\"none\" stroke=\"currentColor\" stroke-width=\"3\" stroke-linecap=\"round\" stroke-linejoin=\"round\" xmlns=\"http:\/\/www.w3.org\/2000\/svg\"  aria-hidden=\"true\"><path d=\"M22 11.08V12a10 10 0 1 1-5.93-9.14\"\/><polyline points=\"22 4 12 14.01 9 11.01\"\/><\/svg><\/span><span class=\"kt-svg-icon-list-text\">Enjoy the authentic elegance of this derby, with a chunky sole and a clean line that will stylishly enhance all your outfits, from the most casual to the most sophisticated.<\/span><\/li>\n\n\n<style>.kt-svg-icon-list-item-4539_ba469e-c6 .kt-svg-icon-list-text mark.kt-highlight{background-color:unset;font-style:normal;color:#f76a0c;-webkit-box-decoration-break:clone;box-decoration-break:clone;padding-top:0px;padding-right:0px;padding-bottom:0px;padding-left:0px;}<\/style>\n<li class=\"wp-block-kadence-listitem kt-svg-icon-list-item-wrap kt-svg-icon-list-item-4539_ba469e-c6\"><span class=\"kb-svg-icon-wrap kb-svg-icon-fe_checkCircle kt-svg-icon-list-single\"><svg viewBox=\"0 0 24 24\"  fill=\"none\" stroke=\"currentColor\" stroke-width=\"3\" stroke-linecap=\"round\" stroke-linejoin=\"round\" xmlns=\"http:\/\/www.w3.org\/2000\/svg\"  aria-hidden=\"true\"><path d=\"M22 11.08V12a10 10 0 1 1-5.93-9.14\"\/><polyline points=\"22 4 12 14.01 9 11.01\"\/><\/svg><\/span><span class=\"kt-svg-icon-list-text\">Experience the comfort and lightness of a shoe designed in Apple Leather, a revolutionary material produced from apple juice manufacturing residues.<\/span><\/li>\n\n\n<style>.kt-svg-icon-list-item-4539_276c9b-7c .kt-svg-icon-list-text mark.kt-highlight{background-color:unset;font-style:normal;color:#f76a0c;-webkit-box-decoration-break:clone;box-decoration-break:clone;padding-top:0px;padding-right:0px;padding-bottom:0px;padding-left:0px;}<\/style>\n<li class=\"wp-block-kadence-listitem kt-svg-icon-list-item-wrap kt-svg-icon-list-item-4539_276c9b-7c\"><span class=\"kb-svg-icon-wrap kb-svg-icon-fe_checkCircle kt-svg-icon-list-single\"><svg viewBox=\"0 0 24 24\"  fill=\"none\" stroke=\"currentColor\" stroke-width=\"3\" stroke-linecap=\"round\" stroke-linejoin=\"round\" xmlns=\"http:\/\/www.w3.org\/2000\/svg\"  aria-hidden=\"true\"><path d=\"M22 11.08V12a10 10 0 1 1-5.93-9.14\"\/><polyline points=\"22 4 12 14.01 9 11.01\"\/><\/svg><\/span><span class=\"kt-svg-icon-list-text\">Actively participate in the sustainable fashion revolution by choosing a 100% vegan shoe, designed with an eco-conscious mindset and without any cruelty.<\/span><\/li>\n<\/ul><\/div>\n\n\n\n<p>Say goodbye to the inconveniences associated with traditional leather, no longer compromise on your style, and live in harmony with your environmental values&#8230;<\/p>\n\n\n\n<p>Consider the acquisition of <strong>Megan Black<\/strong> not only as an investment in a pair of shoes, but also as your commitment to a more sustainable and respectful world.<\/p>\n\n\n\n<p>So, are you ready to walk towards a more conscious and elegant fashion with <strong>Megan Black<\/strong>? Act quickly, these vegan shoes are in high demand and stocks are depleting rapidly.<\/p>\n","protected":false},"excerpt":{"rendered":"<p>Do you aspire to timeless black shoes for women that also respect our environment? Are you attracted to innovations that honor nature? Embrace the future of eco-responsible fashion with Megan Black: a casual derby designed with apple leather, combining style and ethics with every step. Crack for Megan Black, the new women&#8217;s heeled brogues: Say&#8230;<\/p>\n","protected":false},"featured_media":8221,"comment_status":"open","ping_status":"closed","template":"","meta":{"_acf_changed":false,"_kad_blocks_custom_css":"","_kad_blocks_head_custom_js":"","_kad_blocks_body_custom_js":"","_kad_blocks_footer_custom_js":"","_kad_post_transparent":"","_kad_post_title":"","_kad_post_layout":"","_kad_post_sidebar_id":"","_kad_post_content_style":"","_kad_post_vertical_padding":"","_kad_post_feature":"","_kad_post_feature_position":"","_kad_post_header":false,"_kad_post_footer":false,"_kad_post_classname":""},"product_brand":[],"product_cat":[352,340],"product_tag":[367],"product_brands":[686],"class_list":{"0":"post-9886","1":"product","2":"type-product","3":"status-publish","4":"has-post-thumbnail","6":"product_cat-flat-shoes","7":"product_cat-shoes","8":"product_tag-womens","9":"product_brands-nae-vegan-shoes-en","11":"first","12":"outofstock","13":"taxable","14":"shipping-taxable","15":"purchasable","16":"product-type-variable","17":"has-default-attributes","18":"entry","19":"content-bg","20":"loop-entry"},"acf":{"avantages":"\ud83d\udc5f Comfort and Style: A model that is both comfortable and attractive, suitable for all occasions.\r\n\r\n\ud83c\udf31 Hypoallergenic Materials: Made without toxic substances for the environment.\r\n\r\n\ud83c\udf2c\ufe0f Breathable and Antibacterial: To prevent excessive sweating and bad odors.\r\n\r\n\ud83d\udca7 Water-resistant: To keep feet dry.\r\n\r\n\ud83c\udf4f Eco-friendly Material: Made from apple juice residue fibers.\r\n\r\n\ud83d\udc56 Lace-up Closure: For a secure fit.\r\n\r\n\ud83e\uddb6 Extra Comfort: Cushioned EVA rubber insole with OnSteam vegan leather lining.\r\n\r\n\ud83d\udd1d Non-slip Outsole: For optimal grip.\r\n\r\n\ud83c\uddf5\ud83c\uddf9 Made in Portugal: In a fair working environment, using eco-responsible materials.","entretien":"1. Reinigen Sie die Schuhe mit einem in Seifenwasser getr\u00e4nkten Tuch.\r\n2. Lassen Sie die Schuhe an der Luft trocknen, bevor Sie eine Reinigungscreme auftragen.\r\n3. Verwenden Sie eine weiche B\u00fcrste oder ein trockenes Tuch, um eine kleine Menge Reinigungscreme auf Ihre Schuhe aufzutragen.\r\n4. Reiben Sie sanft in kreisenden Bewegungen, bis die Creme vollst\u00e4ndig eingezogen ist.\r\n5. Lassen Sie die Schuhe 24 Stunden lang an der Luft trocknen, ohne sie direkter Sonneneinstrahlung auszusetzen.\r\n\r\nAchtung:\r\n\u2022 Geben Sie Ihre Schuhe nicht in die Waschmaschine.\r\n\u2022 Tauchen Sie sie nicht in Wasser ein, da dies zu irreparablen Sch\u00e4den f\u00fchren k\u00f6nnte.\r\n\r\nWenn Ihre veganen Schuhe das Ende ihrer Lebensdauer erreicht haben oder Sie sie nicht mehr ben\u00f6tigen, erw\u00e4gen Sie, ihnen ein zweites Leben zu geben. Verwenden Sie sie auf eine andere Weise selbst oder geben Sie sie jemand anderem.","marque":""},"taxonomy_info":{"product_cat":[{"value":352,"label":"Flat Shoes"},{"value":340,"label":"Shoes"}],"product_tag":[{"value":367,"label":"womens boutique"}],"product_brands":[{"value":686,"label":"NAE Vegan Shoes"}]},"featured_image_src_large":["https:\/\/ekomfort.lu\/wp-content\/uploads\/2023\/08\/megan-black.jpg",700,700,false],"author_info":[],"comment_info":0,"_links":{"self":[{"href":"https:\/\/ekomfort.lu\/en\/wp-json\/wp\/v2\/product\/9886","targetHints":{"allow":["GET"]}}],"collection":[{"href":"https:\/\/ekomfort.lu\/en\/wp-json\/wp\/v2\/product"}],"about":[{"href":"https:\/\/ekomfort.lu\/en\/wp-json\/wp\/v2\/types\/product"}],"replies":[{"embeddable":true,"href":"https:\/\/ekomfort.lu\/en\/wp-json\/wp\/v2\/comments?post=9886"}],"wp:featuredmedia":[{"embeddable":true,"href":"https:\/\/ekomfort.lu\/en\/wp-json\/wp\/v2\/media\/8221"}],"wp:attachment":[{"href":"https:\/\/ekomfort.lu\/en\/wp-json\/wp\/v2\/media?parent=9886"}],"wp:term":[{"taxonomy":"product_brand","embeddable":true,"href":"https:\/\/ekomfort.lu\/en\/wp-json\/wp\/v2\/product_brand?post=9886"},{"taxonomy":"product_cat","embeddable":true,"href":"https:\/\/ekomfort.lu\/en\/wp-json\/wp\/v2\/product_cat?post=9886"},{"taxonomy":"product_tag","embeddable":true,"href":"https:\/\/ekomfort.lu\/en\/wp-json\/wp\/v2\/product_tag?post=9886"},{"taxonomy":"product_brands","embeddable":true,"href":"https:\/\/ekomfort.lu\/en\/wp-json\/wp\/v2\/product_brands?post=9886"}],"curies":[{"name":"wp","href":"https:\/\/api.w.org\/{rel}","templated":true}]}}