{"id":9542,"date":"2023-09-05T20:50:04","date_gmt":"2023-09-05T18:50:04","guid":{"rendered":"https:\/\/ekomfort.lu\/shop\/brown-lace-up-boots-lore-by-nae-an-eco-responsible-classic-for-the-modern-and-conscious-man"},"modified":"2024-05-23T13:30:20","modified_gmt":"2024-05-23T11:30:20","slug":"brown-lace-up-boots-lore-by-nae","status":"publish","type":"product","link":"https:\/\/ekomfort.lu\/en\/shop\/brown-lace-up-boots-lore-by-nae\/","title":{"rendered":"Brown lace-up boots Lore by Nae: An eco-responsible classic for the modern and conscious man"},"content":{"rendered":"\n<p>Are you a refined man for whom well-being should not compromise environmental values? Vous recherchez une paire de bottes \u00e0 lacets <strong>en cuir v\u00e9g\u00e9talien<\/strong> coloris marron comme <strong>Lore <\/strong>qui \u00e9l\u00e8vera votre style et r\u00e9sistera \u00e0 l&#8217;\u00e9preuve du temps ?<\/p>\n\n\n\n<p>Discover the <strong>Eco-friendly Lore derby shoes<\/strong>: a perfect harmony between style, comfort, and environmentally conscious commitment.<\/p>\n\n\n\n<p>With the Vegan Derby Boots <strong>Lore<\/strong>, you will enjoy:<\/p>\n\n\n<style>.wp-block-kadence-iconlist.kt-svg-icon-list-items9542_166afd-b0:not(.this-stops-third-party-issues){margin-top:0px;margin-bottom:0px;}.wp-block-kadence-iconlist.kt-svg-icon-list-items9542_166afd-b0 ul.kt-svg-icon-list:not(.this-prevents-issues):not(.this-stops-third-party-issues):not(.tijsloc){margin-top:0px;margin-right:0px;margin-bottom:var(--global-kb-spacing-sm, 1.5rem);margin-left:0px;}.wp-block-kadence-iconlist.kt-svg-icon-list-items9542_166afd-b0 ul.kt-svg-icon-list{grid-row-gap:15px;}.wp-block-kadence-iconlist.kt-svg-icon-list-items9542_166afd-b0 .kb-svg-icon-wrap{font-size:20px;color:var(--global-palette1, #3182CE);}.wp-block-kadence-iconlist.kt-svg-icon-list-items9542_166afd-b0 ul.kt-svg-icon-list .kt-svg-icon-list-item-wrap .kt-svg-icon-list-single{margin-right:10px;}.kt-svg-icon-list-items9542_166afd-b0 ul.kt-svg-icon-list .kt-svg-icon-list-level-0 .kt-svg-icon-list-single svg{font-size:20px;}<\/style>\n<div class=\"wp-block-kadence-iconlist kt-svg-icon-list-items kt-svg-icon-list-items9542_166afd-b0 kt-svg-icon-list-columns-1 alignnone\"><ul class=\"kt-svg-icon-list\"><style>.kt-svg-icon-list-item-6200_8d7cc2-76 .kt-svg-icon-list-text mark.kt-highlight{background-color:unset;font-style:normal;color:#f76a0c;-webkit-box-decoration-break:clone;box-decoration-break:clone;padding-top:0px;padding-right:0px;padding-bottom:0px;padding-left:0px;}<\/style>\n<li class=\"wp-block-kadence-listitem kt-svg-icon-list-item-wrap kt-svg-icon-list-item-6200_8d7cc2-76\"><span class=\"kb-svg-icon-wrap kb-svg-icon-fe_checkCircle kt-svg-icon-list-single\"><svg viewBox=\"0 0 24 24\"  fill=\"none\" stroke=\"currentColor\" stroke-width=\"3\" stroke-linecap=\"round\" stroke-linejoin=\"round\" xmlns=\"http:\/\/www.w3.org\/2000\/svg\"  aria-hidden=\"true\"><path d=\"M22 11.08V12a10 10 0 1 1-5.93-9.14\"\/><polyline points=\"22 4 12 14.01 9 11.01\"\/><\/svg><\/span><span class=\"kt-svg-icon-list-text\">From the pride of walking with complete serenity in high-quality vegan leather boots, water-resistant and designed to last.<\/span><\/li>\n\n\n<style>.kt-svg-icon-list-item-6200_d99f0f-b3 .kt-svg-icon-list-text mark.kt-highlight{background-color:unset;font-style:normal;color:#f76a0c;-webkit-box-decoration-break:clone;box-decoration-break:clone;padding-top:0px;padding-right:0px;padding-bottom:0px;padding-left:0px;}<\/style>\n<li class=\"wp-block-kadence-listitem kt-svg-icon-list-item-wrap kt-svg-icon-list-item-6200_d99f0f-b3\"><span class=\"kb-svg-icon-wrap kb-svg-icon-fe_checkCircle kt-svg-icon-list-single\"><svg viewBox=\"0 0 24 24\"  fill=\"none\" stroke=\"currentColor\" stroke-width=\"3\" stroke-linecap=\"round\" stroke-linejoin=\"round\" xmlns=\"http:\/\/www.w3.org\/2000\/svg\"  aria-hidden=\"true\"><path d=\"M22 11.08V12a10 10 0 1 1-5.93-9.14\"\/><polyline points=\"22 4 12 14.01 9 11.01\"\/><\/svg><\/span><span class=\"kt-svg-icon-list-text\">From the charm of a timeless boot enhanced by a touch of elegance with its aged golden hooks, perfect for any man in search of a <strong>brown lace-up boot<\/strong> that makes a difference.<\/span><\/li>\n\n\n<style>.kt-svg-icon-list-item-6200_220370-be .kt-svg-icon-list-text mark.kt-highlight{background-color:unset;font-style:normal;color:#f76a0c;-webkit-box-decoration-break:clone;box-decoration-break:clone;padding-top:0px;padding-right:0px;padding-bottom:0px;padding-left:0px;}<\/style>\n<li class=\"wp-block-kadence-listitem kt-svg-icon-list-item-wrap kt-svg-icon-list-item-6200_220370-be\"><span class=\"kb-svg-icon-wrap kb-svg-icon-fe_checkCircle kt-svg-icon-list-single\"><svg viewBox=\"0 0 24 24\"  fill=\"none\" stroke=\"currentColor\" stroke-width=\"3\" stroke-linecap=\"round\" stroke-linejoin=\"round\" xmlns=\"http:\/\/www.w3.org\/2000\/svg\"  aria-hidden=\"true\"><path d=\"M22 11.08V12a10 10 0 1 1-5.93-9.14\"\/><polyline points=\"22 4 12 14.01 9 11.01\"\/><\/svg><\/span><span class=\"kt-svg-icon-list-text\">From the well-being provided by a moisture-resistant cushioned insole that molds to your foot, preventing friction and undesirable blisters.<\/span><\/li>\n<\/ul><\/div>\n\n\n\n<p>Cruelty-free, rejection of toxic substances, and affirmation of an elegant style&#8230;<\/p>\n\n\n\n<p>For the price of a standard pair of boots, treat yourself to eco-friendly brown <strong>derby shoes<\/strong> that combine distinctive design and optimal comfort, while also honoring your commitments to our planet.<\/p>\n\n\n\n<p>So, are you ready to assert your style with an increased environmental consciousness? Choisissez votre taille et cliquez sur le bouton ci-dessus pour avoir les votres d\u00e8s aujourd&#8217;hui. Nos stocks de <strong>Lore <\/strong>s&#8217;\u00e9puisent et ces bottes \u00e0 lacets marrones rencontrent un vif succ\u00e8s.<\/p>\n","protected":false},"excerpt":{"rendered":"<p>Are you a refined man for whom well-being should not compromise environmental values? Vous recherchez une paire de bottes \u00e0 lacets en cuir v\u00e9g\u00e9talien coloris marron comme Lore qui \u00e9l\u00e8vera votre style et r\u00e9sistera \u00e0 l&#8217;\u00e9preuve du temps ? Discover the Eco-friendly Lore derby shoes: a perfect harmony between style, comfort, and environmentally conscious commitment&#8230;.<\/p>\n","protected":false},"featured_media":8175,"comment_status":"open","ping_status":"closed","template":"","meta":{"_acf_changed":false,"_kad_blocks_custom_css":"","_kad_blocks_head_custom_js":"","_kad_blocks_body_custom_js":"","_kad_blocks_footer_custom_js":"","_kad_post_transparent":"","_kad_post_title":"","_kad_post_layout":"","_kad_post_sidebar_id":"","_kad_post_content_style":"","_kad_post_vertical_padding":"","_kad_post_feature":"","_kad_post_feature_position":"","_kad_post_header":false,"_kad_post_footer":false,"_kad_post_classname":""},"product_brand":[],"product_cat":[341,340],"product_tag":[342],"product_brands":[686],"class_list":{"0":"post-9542","1":"product","2":"type-product","3":"status-publish","4":"has-post-thumbnail","6":"product_cat-boots","7":"product_cat-shoes","8":"product_tag-men","9":"product_brands-nae-vegan-shoes-en","11":"first","12":"outofstock","13":"taxable","14":"shipping-taxable","15":"purchasable","16":"product-type-variable","17":"entry","18":"content-bg","19":"loop-entry"},"acf":{"avantages":"\ud83d\udc5f Microfiber Upper and Lining for environmental health.\r\n\r\n\ud83d\udca6 Water-resistant, breathable, antimicrobial, and hypoallergenic for protected feet and optimal hygiene.\r\n\r\n\ud83d\udd1d Cushioned EVA Rubber Insole with moisture-wicking for superior comfort and moisture protection.\r\n\r\n\ud83d\udc63 Long-lasting TRU Rubber Outsole for optimal grip and maximum durability.\r\n\r\n\ud83d\udd25 2.5 cm flat heel for increased comfort and stability.\r\n\r\n\ud83c\udf80 Waxed Cotton Laces, a natural and durable material.\r\n\r\n\ud83c\uddf5\ud83c\uddf9 Made with love and expertise in Portugal. Environmentally friendly materials and manufacturing processes, and fair working conditions.","entretien":"1. Clean the product with a cloth soaked in soapy water. Never fully submerge it, as this could cause irreversible damage.\r\n\r\n2. Let it air dry naturally for 24 hours.\r\n\r\n3. Applying a neutral polishing cream is highly recommended. Apply a small amount with a dry, soft cloth, then gently rub in a circular motion on the fabric until the wax is completely absorbed.\r\n\r\n4. Let it air dry naturally for 24 hours after application.Product Lifespan:When you feel that your vegan shoes have reached their lifespan or you no longer need them, consider giving them a second life. Repurpose them for yourself or pass them on to someone else.","marque":""},"taxonomy_info":{"product_cat":[{"value":341,"label":"Boots"},{"value":340,"label":"Shoes"}],"product_tag":[{"value":342,"label":"Men's boutique"}],"product_brands":[{"value":686,"label":"NAE Vegan Shoes"}]},"featured_image_src_large":["https:\/\/ekomfort.lu\/wp-content\/uploads\/2023\/08\/lore-brown.jpg",700,700,false],"author_info":[],"comment_info":0,"_links":{"self":[{"href":"https:\/\/ekomfort.lu\/en\/wp-json\/wp\/v2\/product\/9542","targetHints":{"allow":["GET"]}}],"collection":[{"href":"https:\/\/ekomfort.lu\/en\/wp-json\/wp\/v2\/product"}],"about":[{"href":"https:\/\/ekomfort.lu\/en\/wp-json\/wp\/v2\/types\/product"}],"replies":[{"embeddable":true,"href":"https:\/\/ekomfort.lu\/en\/wp-json\/wp\/v2\/comments?post=9542"}],"wp:featuredmedia":[{"embeddable":true,"href":"https:\/\/ekomfort.lu\/en\/wp-json\/wp\/v2\/media\/8175"}],"wp:attachment":[{"href":"https:\/\/ekomfort.lu\/en\/wp-json\/wp\/v2\/media?parent=9542"}],"wp:term":[{"taxonomy":"product_brand","embeddable":true,"href":"https:\/\/ekomfort.lu\/en\/wp-json\/wp\/v2\/product_brand?post=9542"},{"taxonomy":"product_cat","embeddable":true,"href":"https:\/\/ekomfort.lu\/en\/wp-json\/wp\/v2\/product_cat?post=9542"},{"taxonomy":"product_tag","embeddable":true,"href":"https:\/\/ekomfort.lu\/en\/wp-json\/wp\/v2\/product_tag?post=9542"},{"taxonomy":"product_brands","embeddable":true,"href":"https:\/\/ekomfort.lu\/en\/wp-json\/wp\/v2\/product_brands?post=9542"}],"curies":[{"name":"wp","href":"https:\/\/api.w.org\/{rel}","templated":true}]}}