{"id":17867,"date":"2024-05-29T09:26:13","date_gmt":"2024-05-29T07:26:13","guid":{"rendered":"https:\/\/ekomfort.lu\/?post_type=product&#038;p=17867"},"modified":"2024-07-04T17:47:15","modified_gmt":"2024-07-04T15:47:15","slug":"wika-tennis-faite-de-velours-avec-plateforme","status":"publish","type":"product","link":"https:\/\/ekomfort.lu\/en\/shop\/wika-tennis-faite-de-velours-avec-plateforme\/","title":{"rendered":"Wika &#8211; Tennis faite de velours avec plateforme"},"content":{"rendered":"\n<p>Voici la Wika, une chaussure de tennis v\u00e9g\u00e9talienne chic et contemporaine avec une plateforme \u00e9l\u00e9gante, con\u00e7ue pour la femme moderne qui accorde de l&#8217;importance \u00e0 la mode et \u00e0 la durabilit\u00e9. Fabriqu\u00e9es en velours synth\u00e9tique luxueux, ces chaussures sont dot\u00e9es de lacets pour un maintien s\u00fbr et sont orn\u00e9es d&#8217;\u00e9l\u00e9gants inserts m\u00e9talliques argent\u00e9s sans nickel, qui ajoutent une touche de sophistication. Disponibles en bordeaux, bleu classique et noir intemporel, les chaussures de tennis Wika sont suffisamment polyvalentes pour compl\u00e9ter n&#8217;importe quelle garde-robe. Veuillez noter que le cirage n&#8217;est pas recommand\u00e9 pour l&#8217;entretien de ces chaussures.<\/p>\n\n\n<style>.wp-block-kadence-iconlist.kt-svg-icon-list-items17867_5ed48b-67:not(.this-stops-third-party-issues){margin-top:0px;margin-bottom:0px;}.wp-block-kadence-iconlist.kt-svg-icon-list-items17867_5ed48b-67 ul.kt-svg-icon-list:not(.this-prevents-issues):not(.this-stops-third-party-issues):not(.tijsloc){margin-top:0px;margin-right:0px;margin-bottom:var(--global-kb-spacing-sm, 1.5rem);margin-left:0px;}.wp-block-kadence-iconlist.kt-svg-icon-list-items17867_5ed48b-67 ul.kt-svg-icon-list{grid-row-gap:5px;}.wp-block-kadence-iconlist.kt-svg-icon-list-items17867_5ed48b-67 .kb-svg-icon-wrap{font-size:18px;color:var(--global-palette1, #3182CE);}.wp-block-kadence-iconlist.kt-svg-icon-list-items17867_5ed48b-67 ul.kt-svg-icon-list .kt-svg-icon-list-item-wrap .kt-svg-icon-list-single{margin-right:10px;}.kt-svg-icon-list-items17867_5ed48b-67 ul.kt-svg-icon-list .kt-svg-icon-list-level-0 .kt-svg-icon-list-single svg{font-size:20px;}<\/style>\n<div class=\"wp-block-kadence-iconlist kt-svg-icon-list-items kt-svg-icon-list-items17867_5ed48b-67 kt-svg-icon-list-columns-1 alignnone\"><ul class=\"kt-svg-icon-list\"><style>.kt-svg-icon-list-item-17867_9ddf65-09 .kt-svg-icon-list-text mark.kt-highlight{background-color:unset;font-style:normal;color:#f76a0c;-webkit-box-decoration-break:clone;box-decoration-break:clone;padding-top:0px;padding-right:0px;padding-bottom:0px;padding-left:0px;}<\/style>\n<li class=\"wp-block-kadence-listitem kt-svg-icon-list-item-wrap kt-svg-icon-list-item-17867_9ddf65-09\"><span class=\"kb-svg-icon-wrap kb-svg-icon-fe_checkCircle kt-svg-icon-list-single\"><svg viewBox=\"0 0 24 24\"  fill=\"none\" stroke=\"currentColor\" stroke-width=\"3\" stroke-linecap=\"round\" stroke-linejoin=\"round\" xmlns=\"http:\/\/www.w3.org\/2000\/svg\"  aria-hidden=\"true\"><path d=\"M22 11.08V12a10 10 0 1 1-5.93-9.14\"\/><polyline points=\"22 4 12 14.01 9 11.01\"\/><\/svg><\/span><span class=\"kt-svg-icon-list-text\">Fabriqu\u00e9es en velours synth\u00e9tique, les chaussures de tennis Wika offrent une alternative \u00e9cologique et sans cruaut\u00e9 aux mat\u00e9riaux traditionnels.<\/span><\/li>\n\n\n<style>.kt-svg-icon-list-item-17867_ad4891-52 .kt-svg-icon-list-text mark.kt-highlight{background-color:unset;font-style:normal;color:#f76a0c;-webkit-box-decoration-break:clone;box-decoration-break:clone;padding-top:0px;padding-right:0px;padding-bottom:0px;padding-left:0px;}<\/style>\n<li class=\"wp-block-kadence-listitem kt-svg-icon-list-item-wrap kt-svg-icon-list-item-17867_ad4891-52\"><span class=\"kb-svg-icon-wrap kb-svg-icon-fe_checkCircle kt-svg-icon-list-single\"><svg viewBox=\"0 0 24 24\"  fill=\"none\" stroke=\"currentColor\" stroke-width=\"3\" stroke-linecap=\"round\" stroke-linejoin=\"round\" xmlns=\"http:\/\/www.w3.org\/2000\/svg\"  aria-hidden=\"true\"><path d=\"M22 11.08V12a10 10 0 1 1-5.93-9.14\"\/><polyline points=\"22 4 12 14.01 9 11.01\"\/><\/svg><\/span><span class=\"kt-svg-icon-list-text\">D\u00e9cor\u00e9es avec des inserts m\u00e9talliques argent\u00e9s sans nickel, ces chaussures apportent une touche de style sans danger pour les personnes allergiques aux m\u00e9taux.<\/span><\/li>\n\n\n<style>.kt-svg-icon-list-item-17867_8ab7be-07 .kt-svg-icon-list-text mark.kt-highlight{background-color:unset;font-style:normal;color:#f76a0c;-webkit-box-decoration-break:clone;box-decoration-break:clone;padding-top:0px;padding-right:0px;padding-bottom:0px;padding-left:0px;}<\/style>\n<li class=\"wp-block-kadence-listitem kt-svg-icon-list-item-wrap kt-svg-icon-list-item-17867_8ab7be-07\"><span class=\"kb-svg-icon-wrap kb-svg-icon-fe_checkCircle kt-svg-icon-list-single\"><svg viewBox=\"0 0 24 24\"  fill=\"none\" stroke=\"currentColor\" stroke-width=\"3\" stroke-linecap=\"round\" stroke-linejoin=\"round\" xmlns=\"http:\/\/www.w3.org\/2000\/svg\"  aria-hidden=\"true\"><path d=\"M22 11.08V12a10 10 0 1 1-5.93-9.14\"\/><polyline points=\"22 4 12 14.01 9 11.01\"\/><\/svg><\/span><span class=\"kt-svg-icon-list-text\">Disponibles en bordeaux, bleu et noir, ces chaussures de tennis offrent une gamme de choix de couleurs pour s&#8217;adapter \u00e0 diff\u00e9rents styles et tenues.<\/span><\/li>\n<\/ul><\/div>\n\n\n\n<p>Les chaussures de tennis Wika vous permettent d&#8217;am\u00e9liorer votre collection de chaussures en alliant le meilleur du style, du confort et de la mode \u00e9thique. Parfaites pour toutes les occasions, ces chaussures vous permettent de vous d\u00e9marquer tout en restant fid\u00e8le \u00e0 vos valeurs. Choisissez les Wika pour une option \u00e0 la mode, responsable et anti-allergique qui ne fait pas de compromis sur l&#8217;\u00e9l\u00e9gance.<\/p>\n","protected":false},"excerpt":{"rendered":"<p>Voici la Wika, une chaussure de tennis v\u00e9g\u00e9talienne chic et contemporaine avec une plateforme \u00e9l\u00e9gante, con\u00e7ue pour la femme moderne qui accorde de l&#8217;importance \u00e0 la mode et \u00e0 la durabilit\u00e9. Fabriqu\u00e9es en velours synth\u00e9tique luxueux, ces chaussures sont dot\u00e9es de lacets pour un maintien s\u00fbr et sont orn\u00e9es d&#8217;\u00e9l\u00e9gants inserts m\u00e9talliques argent\u00e9s sans nickel,&#8230;<\/p>\n","protected":false},"featured_media":17864,"comment_status":"open","ping_status":"closed","template":"","meta":{"_acf_changed":false,"_kad_blocks_custom_css":"","_kad_blocks_head_custom_js":"","_kad_blocks_body_custom_js":"","_kad_blocks_footer_custom_js":"","_kad_post_transparent":"","_kad_post_title":"","_kad_post_layout":"","_kad_post_sidebar_id":"","_kad_post_content_style":"","_kad_post_vertical_padding":"","_kad_post_feature":"","_kad_post_feature_position":"","_kad_post_header":false,"_kad_post_footer":false,"_kad_post_classname":""},"product_brand":[],"product_cat":[70,46],"product_tag":[],"product_brands":[],"class_list":{"0":"post-17867","1":"product","2":"type-product","3":"status-publish","4":"has-post-thumbnail","6":"product_cat-sneakers","7":"product_cat-chaussures-vegan","9":"first","10":"outofstock","11":"taxable","12":"shipping-taxable","13":"purchasable","14":"product-type-variable","15":"entry","16":"content-bg","17":"loop-entry"},"acf":{"avantages":"\ud83c\udf3f Les tennis Wika sont fabriqu\u00e9es en velours synth\u00e9tique, offrant une alternative sans cruaut\u00e9 et respectueuse de l'environnement aux mat\u00e9riaux traditionnels.\r\n\r\n\ud83d\udc5f Ces chaussures sont orn\u00e9es d'inserts m\u00e9talliques argent\u00e9s sans nickel, garantissant un look \u00e9l\u00e9gant et sans danger pour les personnes allergiques aux m\u00e9taux.\r\n\r\n\ud83d\udc51 Disponibles en bordeaux, bleu et noir, les chaussures de tennis Wika offrent des options polyvalentes pour s'adapter \u00e0 diverses tenues et styles personnels.","entretien":"1. Enlevez La Poussi\u00e8re Ou La Boue Avec Une Brosse Douce Ou Un Chiffon Sec.\r\n\r\n2. Utilisez Un Chiffon Humide Pour Nettoyer L\u2019ensemble De Votre Produit En Frottant Doucement D\u2019un Geste Circulaire.\r\n\r\n3. Nettoyez R\u00e9guli\u00e8rement Votre Chiffon Pour \u00c9viter De R\u00e9pandre La Salet\u00e9\r\n\r\n4. Pour Les T\u00e2ches Difficiles, Utilisez Une Brosse \u00c0 Poils Doux Et De L\u2019eau En Frottant D\u00e9licatement D\u2019un Geste Circulaire.\r\n\r\n5. Laissez S\u00e9cher \u00c0 L\u2019air Libre Avant D\u2019appliquer Une Cr\u00e8me Nettoyante.\r\n\r\n6. Utilisez Une Cr\u00e8me Nettoyante Pour Donner Plus D\u2019\u00e9clat \u00c0 Votre Produit. Mettez Une Noisette De Produit Sur Une Brosse Ou Un Chiffon Doux Et Sec, Puis Faites P\u00e9n\u00e9trer Compl\u00e8tement Dans Le Tissu En Frottant D\u00e9licatement De Mani\u00e8re Circulaire Jusqu\u2019\u00e0 Totale Absorption.\r\n\r\n7. Enfin, Laissez S\u00e9cher \u00c0 L\u2019air Libre Pendant 24 Heures, \u00c0 L\u2019abri De La Lumi\u00e8re Directe Du Soleil.\r\n\r\n<strong>Attention<\/strong>\u00a0:\r\n\r\n\u2022 Ne Mettez Pas Votre Produit En Machine.\r\n\r\n\u2022 Ne L\u2019immergez Pas Dans L\u2019eau, Cela Pourrait Causer Des Dommages Irr\u00e9versibles.\r\n\r\nLorsque Vos Chaussures V\u00e9ganes Ont Atteint Leur Dur\u00e9e De Vie Ou Que Vous N\u2019en Avez Plus Besoin, Envisagez De Leur Donner Une Seconde Vie.\r\n\r\nDonnez-Leur Un Autre Usage Pour Vous-M\u00eame Ou Offrez-Les \u00c0 Quelqu","marque":""},"taxonomy_info":{"product_cat":[{"value":70,"label":"Sneakers"},{"value":46,"label":"Chaussures vegan"}]},"featured_image_src_large":["https:\/\/ekomfort.lu\/wp-content\/uploads\/2024\/05\/Wika_Bordeaux.jpg",700,700,false],"author_info":[],"comment_info":0,"_links":{"self":[{"href":"https:\/\/ekomfort.lu\/en\/wp-json\/wp\/v2\/product\/17867","targetHints":{"allow":["GET"]}}],"collection":[{"href":"https:\/\/ekomfort.lu\/en\/wp-json\/wp\/v2\/product"}],"about":[{"href":"https:\/\/ekomfort.lu\/en\/wp-json\/wp\/v2\/types\/product"}],"replies":[{"embeddable":true,"href":"https:\/\/ekomfort.lu\/en\/wp-json\/wp\/v2\/comments?post=17867"}],"wp:featuredmedia":[{"embeddable":true,"href":"https:\/\/ekomfort.lu\/en\/wp-json\/wp\/v2\/media\/17864"}],"wp:attachment":[{"href":"https:\/\/ekomfort.lu\/en\/wp-json\/wp\/v2\/media?parent=17867"}],"wp:term":[{"taxonomy":"product_brand","embeddable":true,"href":"https:\/\/ekomfort.lu\/en\/wp-json\/wp\/v2\/product_brand?post=17867"},{"taxonomy":"product_cat","embeddable":true,"href":"https:\/\/ekomfort.lu\/en\/wp-json\/wp\/v2\/product_cat?post=17867"},{"taxonomy":"product_tag","embeddable":true,"href":"https:\/\/ekomfort.lu\/en\/wp-json\/wp\/v2\/product_tag?post=17867"},{"taxonomy":"product_brands","embeddable":true,"href":"https:\/\/ekomfort.lu\/en\/wp-json\/wp\/v2\/product_brands?post=17867"}],"curies":[{"name":"wp","href":"https:\/\/api.w.org\/{rel}","templated":true}]}}