{"id":17802,"date":"2024-05-29T09:23:22","date_gmt":"2024-05-29T07:23:22","guid":{"rendered":"https:\/\/ekomfort.lu\/?post_type=product&#038;p=17802"},"modified":"2024-07-19T16:29:32","modified_gmt":"2024-07-19T14:29:32","slug":"dublin-blue-portefeuille-vegan-a-quatre-volets","status":"publish","type":"product","link":"https:\/\/ekomfort.lu\/en\/shop\/dublin-blue-portefeuille-vegan-a-quatre-volets\/","title":{"rendered":"Dublin Blue portefeuille v\u00e9gan \u00e0 quatre volets"},"content":{"rendered":"\n<p>Voici le Dublin Blue, un portefeuille v\u00e9g\u00e9talien \u00e9l\u00e9gant et fonctionnel, m\u00e9ticuleusement con\u00e7u pour r\u00e9pondre aux besoins de l&#8217;homme moderne. Ce portefeuille \u00e0 quatre volets, con\u00e7u pour \u00eatre pratique et \u00e9l\u00e9gant, est fabriqu\u00e9 en nobuk v\u00e9g\u00e9talien de haute qualit\u00e9, un mat\u00e9riau qui non seulement s&#8217;inscrit dans une d\u00e9marche d&#8217;\u00e9co-responsabilit\u00e9, mais qui pr\u00e9sente \u00e9galement de remarquables propri\u00e9t\u00e9s de r\u00e9sistance \u00e0 l&#8217;eau, garantissant que vos objets de valeur restent en s\u00e9curit\u00e9 dans toutes les situations. Au-del\u00e0 de sa durabilit\u00e9, ce portefeuille incarne un engagement en faveur d&#8217;un artisanat \u00e9thique, puisqu&#8217;il est fabriqu\u00e9 \u00e0 la main par des artisans r\u00e9mun\u00e9r\u00e9s \u00e9quitablement, ce qui t\u00e9moigne de sa qualit\u00e9 sup\u00e9rieure et de sa long\u00e9vit\u00e9.<\/p>\n\n\n<style>.wp-block-kadence-iconlist.kt-svg-icon-list-items17802_8028f7-f8:not(.this-stops-third-party-issues){margin-top:0px;margin-bottom:0px;}.wp-block-kadence-iconlist.kt-svg-icon-list-items17802_8028f7-f8 ul.kt-svg-icon-list:not(.this-prevents-issues):not(.this-stops-third-party-issues):not(.tijsloc){margin-top:0px;margin-right:0px;margin-bottom:var(--global-kb-spacing-sm, 1.5rem);margin-left:0px;}.wp-block-kadence-iconlist.kt-svg-icon-list-items17802_8028f7-f8 ul.kt-svg-icon-list{grid-row-gap:5px;}.wp-block-kadence-iconlist.kt-svg-icon-list-items17802_8028f7-f8 .kb-svg-icon-wrap{font-size:18px;color:var(--global-palette1, #3182CE);}.wp-block-kadence-iconlist.kt-svg-icon-list-items17802_8028f7-f8 ul.kt-svg-icon-list .kt-svg-icon-list-item-wrap .kt-svg-icon-list-single{margin-right:10px;}.kt-svg-icon-list-items17802_8028f7-f8 ul.kt-svg-icon-list .kt-svg-icon-list-level-0 .kt-svg-icon-list-single svg{font-size:20px;}<\/style>\n<div class=\"wp-block-kadence-iconlist kt-svg-icon-list-items kt-svg-icon-list-items17802_8028f7-f8 kt-svg-icon-list-columns-1 alignnone\"><ul class=\"kt-svg-icon-list\"><style>.kt-svg-icon-list-item-17802_e8a342-0b .kt-svg-icon-list-text mark.kt-highlight{background-color:unset;font-style:normal;color:#f76a0c;-webkit-box-decoration-break:clone;box-decoration-break:clone;padding-top:0px;padding-right:0px;padding-bottom:0px;padding-left:0px;}<\/style>\n<li class=\"wp-block-kadence-listitem kt-svg-icon-list-item-wrap kt-svg-icon-list-item-17802_e8a342-0b\"><span class=\"kb-svg-icon-wrap kb-svg-icon-fe_checkCircle kt-svg-icon-list-single\"><svg viewBox=\"0 0 24 24\"  fill=\"none\" stroke=\"currentColor\" stroke-width=\"3\" stroke-linecap=\"round\" stroke-linejoin=\"round\" xmlns=\"http:\/\/www.w3.org\/2000\/svg\"  aria-hidden=\"true\"><path d=\"M22 11.08V12a10 10 0 1 1-5.93-9.14\"\/><polyline points=\"22 4 12 14.01 9 11.01\"\/><\/svg><\/span><span class=\"kt-svg-icon-list-text\">Mat\u00e9riau \u00e9co-responsable et sans cruaut\u00e9** : Fabriqu\u00e9 en nobuk v\u00e9g\u00e9talien, le portefeuille Dublin Blue se fait le champion de la durabilit\u00e9 et de la mode \u00e9thique, offrant une alternative sans cruaut\u00e9 aux portefeuilles en cuir traditionnels.<\/span><\/li>\n\n\n<style>.kt-svg-icon-list-item-17802_156e56-44 .kt-svg-icon-list-text mark.kt-highlight{background-color:unset;font-style:normal;color:#f76a0c;-webkit-box-decoration-break:clone;box-decoration-break:clone;padding-top:0px;padding-right:0px;padding-bottom:0px;padding-left:0px;}<\/style>\n<li class=\"wp-block-kadence-listitem kt-svg-icon-list-item-wrap kt-svg-icon-list-item-17802_156e56-44\"><span class=\"kb-svg-icon-wrap kb-svg-icon-fe_checkCircle kt-svg-icon-list-single\"><svg viewBox=\"0 0 24 24\"  fill=\"none\" stroke=\"currentColor\" stroke-width=\"3\" stroke-linecap=\"round\" stroke-linejoin=\"round\" xmlns=\"http:\/\/www.w3.org\/2000\/svg\"  aria-hidden=\"true\"><path d=\"M22 11.08V12a10 10 0 1 1-5.93-9.14\"\/><polyline points=\"22 4 12 14.01 9 11.01\"\/><\/svg><\/span><span class=\"kt-svg-icon-list-text\">R\u00e9sistant \u00e0 l&#8217;eau et tr\u00e8s durable** : Gr\u00e2ce \u00e0 ses propri\u00e9t\u00e9s de r\u00e9sistance \u00e0 l&#8217;eau et \u00e0 sa durabilit\u00e9 exceptionnelle, ce portefeuille garantit que vos objets de valeur restent prot\u00e9g\u00e9s et s\u00e9curis\u00e9s, m\u00eame dans des conditions impr\u00e9visibles.<\/span><\/li>\n\n\n<style>.kt-svg-icon-list-item-17802_680be3-82 .kt-svg-icon-list-text mark.kt-highlight{background-color:unset;font-style:normal;color:#f76a0c;-webkit-box-decoration-break:clone;box-decoration-break:clone;padding-top:0px;padding-right:0px;padding-bottom:0px;padding-left:0px;}<\/style>\n<li class=\"wp-block-kadence-listitem kt-svg-icon-list-item-wrap kt-svg-icon-list-item-17802_680be3-82\"><span class=\"kb-svg-icon-wrap kb-svg-icon-fe_checkCircle kt-svg-icon-list-single\"><svg viewBox=\"0 0 24 24\"  fill=\"none\" stroke=\"currentColor\" stroke-width=\"3\" stroke-linecap=\"round\" stroke-linejoin=\"round\" xmlns=\"http:\/\/www.w3.org\/2000\/svg\"  aria-hidden=\"true\"><path d=\"M22 11.08V12a10 10 0 1 1-5.93-9.14\"\/><polyline points=\"22 4 12 14.01 9 11.01\"\/><\/svg><\/span><span class=\"kt-svg-icon-list-text\">Organisation compl\u00e8te** : Dot\u00e9 de quatre sections, dont un compartiment spacieux pour les notes, de nombreuses fentes pour 8 cartes de cr\u00e9dit et deux porte-photos transparents, le portefeuille Dublin Blue offre une organisation m\u00e9ticuleuse pour vos documents et cartes essentiels.<\/span><\/li>\n<\/ul><\/div>\n\n\n\n<p>Le portefeuille Dublin Blue, qui allie fonctionnalit\u00e9 et sophistication, rehausse votre quotidien. Que vous naviguiez dans la jungle urbaine ou que vous assistiez \u00e0 un \u00e9v\u00e9nement officiel, cet accessoire polyvalent vous permet d&#8217;\u00eatre toujours pr\u00eat avec style et assurance. Choisissez le Dublin Blue pour un portefeuille qui refl\u00e8te non seulement vos valeurs de durabilit\u00e9 et d&#8217;\u00e9thique, mais aussi de durabilit\u00e9 et d&#8217;\u00e9l\u00e9gance intemporelle.<\/p>\n","protected":false},"excerpt":{"rendered":"<p>Voici le Dublin Blue, un portefeuille v\u00e9g\u00e9talien \u00e9l\u00e9gant et fonctionnel, m\u00e9ticuleusement con\u00e7u pour r\u00e9pondre aux besoins de l&#8217;homme moderne. Ce portefeuille \u00e0 quatre volets, con\u00e7u pour \u00eatre pratique et \u00e9l\u00e9gant, est fabriqu\u00e9 en nobuk v\u00e9g\u00e9talien de haute qualit\u00e9, un mat\u00e9riau qui non seulement s&#8217;inscrit dans une d\u00e9marche d&#8217;\u00e9co-responsabilit\u00e9, mais qui pr\u00e9sente \u00e9galement de remarquables propri\u00e9t\u00e9s&#8230;<\/p>\n","protected":false},"featured_media":17799,"comment_status":"open","ping_status":"closed","template":"","meta":{"_acf_changed":false,"_kad_blocks_custom_css":"","_kad_blocks_head_custom_js":"","_kad_blocks_body_custom_js":"","_kad_blocks_footer_custom_js":"","_kad_post_transparent":"","_kad_post_title":"","_kad_post_layout":"","_kad_post_sidebar_id":"","_kad_post_content_style":"","_kad_post_vertical_padding":"","_kad_post_feature":"","_kad_post_feature_position":"","_kad_post_header":false,"_kad_post_footer":false,"_kad_post_classname":""},"product_brand":[],"product_cat":[128,48],"product_tag":[],"product_brands":[],"class_list":{"0":"post-17802","1":"product","2":"type-product","3":"status-publish","4":"has-post-thumbnail","6":"product_cat-portefeuille-vegan","7":"product_cat-sac-vegan","9":"first","10":"outofstock","11":"taxable","12":"shipping-taxable","13":"purchasable","14":"product-type-simple","15":"entry","16":"content-bg","17":"loop-entry"},"acf":{"avantages":"","entretien":"","marque":""},"taxonomy_info":{"product_cat":[{"value":128,"label":"Portefeuille vegan"},{"value":48,"label":"Sacs vegan"}]},"featured_image_src_large":["https:\/\/ekomfort.lu\/wp-content\/uploads\/2024\/05\/Dublin.jpg",700,700,false],"author_info":[],"comment_info":0,"_links":{"self":[{"href":"https:\/\/ekomfort.lu\/en\/wp-json\/wp\/v2\/product\/17802","targetHints":{"allow":["GET"]}}],"collection":[{"href":"https:\/\/ekomfort.lu\/en\/wp-json\/wp\/v2\/product"}],"about":[{"href":"https:\/\/ekomfort.lu\/en\/wp-json\/wp\/v2\/types\/product"}],"replies":[{"embeddable":true,"href":"https:\/\/ekomfort.lu\/en\/wp-json\/wp\/v2\/comments?post=17802"}],"wp:featuredmedia":[{"embeddable":true,"href":"https:\/\/ekomfort.lu\/en\/wp-json\/wp\/v2\/media\/17799"}],"wp:attachment":[{"href":"https:\/\/ekomfort.lu\/en\/wp-json\/wp\/v2\/media?parent=17802"}],"wp:term":[{"taxonomy":"product_brand","embeddable":true,"href":"https:\/\/ekomfort.lu\/en\/wp-json\/wp\/v2\/product_brand?post=17802"},{"taxonomy":"product_cat","embeddable":true,"href":"https:\/\/ekomfort.lu\/en\/wp-json\/wp\/v2\/product_cat?post=17802"},{"taxonomy":"product_tag","embeddable":true,"href":"https:\/\/ekomfort.lu\/en\/wp-json\/wp\/v2\/product_tag?post=17802"},{"taxonomy":"product_brands","embeddable":true,"href":"https:\/\/ekomfort.lu\/en\/wp-json\/wp\/v2\/product_brands?post=17802"}],"curies":[{"name":"wp","href":"https:\/\/api.w.org\/{rel}","templated":true}]}}