{"id":17766,"date":"2024-05-29T09:22:51","date_gmt":"2024-05-29T07:22:51","guid":{"rendered":"https:\/\/ekomfort.lu\/?post_type=product&#038;p=17766"},"modified":"2024-07-04T17:45:27","modified_gmt":"2024-07-04T15:45:27","slug":"tea-white-bottes-blanches-fermeture-eclair","status":"publish","type":"product","link":"https:\/\/ekomfort.lu\/en\/shop\/tea-white-bottes-blanches-fermeture-eclair\/","title":{"rendered":"Tea White bottes blanches fermeture \u00e9clair"},"content":{"rendered":"\n<p>Les bottes zipp\u00e9es Tea White sont un choix \u00e9l\u00e9gant et respectueux de l&#8217;environnement pour la femme moderne. Fabriqu\u00e9es \u00e0 partir d&#8217;un cuir de pomme innovant, ces bottes offrent un m\u00e9lange unique de durabilit\u00e9 et de design \u00e0 la pointe de la mode. En utilisant des fibres issues de la production industrielle de jus de pomme, les bottes Tea White offrent une alternative \u00e9co-responsable et sans cruaut\u00e9 au cuir traditionnel, ce qui en fait un choix remarquable pour les consommateurs \u00e9thiques. Avec leur tige zipp\u00e9e et leur large semelle, ces bottes offrent non seulement du confort mais ajoutent \u00e9galement une touche de sophistication \u00e0 n&#8217;importe quel ensemble, ce qui en fait un \u00e9l\u00e9ment de base polyvalent de votre garde-robe.<\/p>\n\n\n<style>.wp-block-kadence-iconlist.kt-svg-icon-list-items17766_f8d19d-be:not(.this-stops-third-party-issues){margin-top:0px;margin-bottom:0px;}.wp-block-kadence-iconlist.kt-svg-icon-list-items17766_f8d19d-be ul.kt-svg-icon-list:not(.this-prevents-issues):not(.this-stops-third-party-issues):not(.tijsloc){margin-top:0px;margin-right:0px;margin-bottom:var(--global-kb-spacing-sm, 1.5rem);margin-left:0px;}.wp-block-kadence-iconlist.kt-svg-icon-list-items17766_f8d19d-be ul.kt-svg-icon-list{grid-row-gap:5px;}.wp-block-kadence-iconlist.kt-svg-icon-list-items17766_f8d19d-be .kb-svg-icon-wrap{font-size:18px;color:var(--global-palette1, #3182CE);}.wp-block-kadence-iconlist.kt-svg-icon-list-items17766_f8d19d-be ul.kt-svg-icon-list .kt-svg-icon-list-item-wrap .kt-svg-icon-list-single{margin-right:10px;}.kt-svg-icon-list-items17766_f8d19d-be ul.kt-svg-icon-list .kt-svg-icon-list-level-0 .kt-svg-icon-list-single svg{font-size:20px;}<\/style>\n<div class=\"wp-block-kadence-iconlist kt-svg-icon-list-items kt-svg-icon-list-items17766_f8d19d-be kt-svg-icon-list-columns-1 alignnone\"><ul class=\"kt-svg-icon-list\"><style>.kt-svg-icon-list-item-17766_fe9b08-f8 .kt-svg-icon-list-text mark.kt-highlight{background-color:unset;font-style:normal;color:#f76a0c;-webkit-box-decoration-break:clone;box-decoration-break:clone;padding-top:0px;padding-right:0px;padding-bottom:0px;padding-left:0px;}<\/style>\n<li class=\"wp-block-kadence-listitem kt-svg-icon-list-item-wrap kt-svg-icon-list-item-17766_fe9b08-f8\"><span class=\"kb-svg-icon-wrap kb-svg-icon-fe_checkCircle kt-svg-icon-list-single\"><svg viewBox=\"0 0 24 24\"  fill=\"none\" stroke=\"currentColor\" stroke-width=\"3\" stroke-linecap=\"round\" stroke-linejoin=\"round\" xmlns=\"http:\/\/www.w3.org\/2000\/svg\"  aria-hidden=\"true\"><path d=\"M22 11.08V12a10 10 0 1 1-5.93-9.14\"\/><polyline points=\"22 4 12 14.01 9 11.01\"\/><\/svg><\/span><span class=\"kt-svg-icon-list-text\">Fabriqu\u00e9es en cuir de pomme, les bottes Tea White offrent une alternative durable et sans cruaut\u00e9 au cuir traditionnel, r\u00e9duisant ainsi l&#8217;impact sur l&#8217;environnement.<\/span><\/li>\n\n\n<style>.kt-svg-icon-list-item-17766_dd1fad-87 .kt-svg-icon-list-text mark.kt-highlight{background-color:unset;font-style:normal;color:#f76a0c;-webkit-box-decoration-break:clone;box-decoration-break:clone;padding-top:0px;padding-right:0px;padding-bottom:0px;padding-left:0px;}<\/style>\n<li class=\"wp-block-kadence-listitem kt-svg-icon-list-item-wrap kt-svg-icon-list-item-17766_dd1fad-87\"><span class=\"kb-svg-icon-wrap kb-svg-icon-fe_checkCircle kt-svg-icon-list-single\"><svg viewBox=\"0 0 24 24\"  fill=\"none\" stroke=\"currentColor\" stroke-width=\"3\" stroke-linecap=\"round\" stroke-linejoin=\"round\" xmlns=\"http:\/\/www.w3.org\/2000\/svg\"  aria-hidden=\"true\"><path d=\"M22 11.08V12a10 10 0 1 1-5.93-9.14\"\/><polyline points=\"22 4 12 14.01 9 11.01\"\/><\/svg><\/span><span class=\"kt-svg-icon-list-text\">Dot\u00e9es d&#8217;une tige zipp\u00e9e et d&#8217;une large semelle, ces bottes sont \u00e0 la fois tendance et pratiques, et conviennent \u00e0 diverses occasions et tenues.<\/span><\/li>\n\n\n<style>.kt-svg-icon-list-item-17766_e55b76-51 .kt-svg-icon-list-text mark.kt-highlight{background-color:unset;font-style:normal;color:#f76a0c;-webkit-box-decoration-break:clone;box-decoration-break:clone;padding-top:0px;padding-right:0px;padding-bottom:0px;padding-left:0px;}<\/style>\n<li class=\"wp-block-kadence-listitem kt-svg-icon-list-item-wrap kt-svg-icon-list-item-17766_e55b76-51\"><span class=\"kb-svg-icon-wrap kb-svg-icon-fe_checkCircle kt-svg-icon-list-single\"><svg viewBox=\"0 0 24 24\"  fill=\"none\" stroke=\"currentColor\" stroke-width=\"3\" stroke-linecap=\"round\" stroke-linejoin=\"round\" xmlns=\"http:\/\/www.w3.org\/2000\/svg\"  aria-hidden=\"true\"><path d=\"M22 11.08V12a10 10 0 1 1-5.93-9.14\"\/><polyline points=\"22 4 12 14.01 9 11.01\"\/><\/svg><\/span><span class=\"kt-svg-icon-list-text\">En choisissant les bottes Tea White, vous soutenez une industrie de la mode plus respectueuse de l&#8217;environnement et vous avez un impact positif sur la plan\u00e8te gr\u00e2ce \u00e0 vos choix de chaussures.<\/span><\/li>\n<\/ul><\/div>\n\n\n\n<p>Rehaussez votre style tout en restant fid\u00e8le \u00e0 vos valeurs avec les bottes zipp\u00e9es Tea White. Qu&#8217;il s&#8217;agisse d&#8217;une sortie d\u00e9contract\u00e9e ou d&#8217;une soir\u00e9e habill\u00e9e, ces bottes offrent une combinaison parfaite de mode, de confort et de durabilit\u00e9. Choisissez Tea White pour des bottes qui ne se contentent pas d&#8217;\u00eatre belles, mais qui font aussi la diff\u00e9rence.<\/p>\n","protected":false},"excerpt":{"rendered":"<p>Les bottes zipp\u00e9es Tea White sont un choix \u00e9l\u00e9gant et respectueux de l&#8217;environnement pour la femme moderne. Fabriqu\u00e9es \u00e0 partir d&#8217;un cuir de pomme innovant, ces bottes offrent un m\u00e9lange unique de durabilit\u00e9 et de design \u00e0 la pointe de la mode. En utilisant des fibres issues de la production industrielle de jus de pomme,&#8230;<\/p>\n","protected":false},"featured_media":17763,"comment_status":"open","ping_status":"closed","template":"","meta":{"_acf_changed":false,"_kad_blocks_custom_css":"","_kad_blocks_head_custom_js":"","_kad_blocks_body_custom_js":"","_kad_blocks_footer_custom_js":"","_kad_post_transparent":"","_kad_post_title":"","_kad_post_layout":"","_kad_post_sidebar_id":"","_kad_post_content_style":"","_kad_post_vertical_padding":"","_kad_post_feature":"","_kad_post_feature_position":"","_kad_post_header":false,"_kad_post_footer":false,"_kad_post_classname":""},"product_brand":[],"product_cat":[65,46],"product_tag":[],"product_brands":[],"class_list":{"0":"post-17766","1":"product","2":"type-product","3":"status-publish","4":"has-post-thumbnail","6":"product_cat-bottes","7":"product_cat-chaussures-vegan","9":"first","10":"outofstock","11":"taxable","12":"shipping-taxable","13":"purchasable","14":"product-type-variable","15":"entry","16":"content-bg","17":"loop-entry"},"acf":{"avantages":"Les bottes Tea White sont fabriqu\u00e9es en cuir de pomme, un mat\u00e9riau innovant d\u00e9riv\u00e9 des fibres issues de la production industrielle de jus de pomme. Ce mat\u00e9riau innovant offre une alternative \u00e9co-responsable et sans cruaut\u00e9 au cuir traditionnel.\r\n\r\nCes bottes sont dot\u00e9es d'une tige zipp\u00e9e \u00e0 la cheville et d'une large semelle, ce qui leur conf\u00e8re \u00e0 la fois style et confort. La couleur blanche ajoute une touche chic \u00e0 n'importe quelle tenue, ce qui en fait un choix polyvalent pour diverses occasions.\r\n\r\nEn optant pour des bottes en cuir de pomme, vous faites un choix durable qui r\u00e9duit l'impact sur l'environnement. Ces bottes ne sont pas seulement \u00e9l\u00e9gantes, elles contribuent \u00e9galement \u00e0 une industrie de la mode plus respectueuse de l'environnement.","entretien":"1. Enlevez La Poussi\u00e8re Ou La Boue Avec Une Brosse Douce Ou Un Chiffon Sec.\r\n\r\n2. Utilisez Un Chiffon Humide Pour Nettoyer L\u2019ensemble De Votre Produit En Frottant Doucement D\u2019un Geste Circulaire.\r\n\r\n3. Nettoyez R\u00e9guli\u00e8rement Votre Chiffon Pour \u00c9viter De R\u00e9pandre La Salet\u00e9\r\n\r\n4. Pour Les T\u00e2ches Difficiles, Utilisez Une Brosse \u00c0 Poils Doux Et De L\u2019eau En Frottant D\u00e9licatement D\u2019un Geste Circulaire.\r\n\r\n5. Laissez S\u00e9cher \u00c0 L\u2019air Libre Avant D\u2019appliquer Une Cr\u00e8me Nettoyante.\r\n\r\n6. Utilisez Une Cr\u00e8me Nettoyante Pour Donner Plus D\u2019\u00e9clat \u00c0 Votre Produit. Mettez Une Noisette De Produit Sur Une Brosse Ou Un Chiffon Doux Et Sec, Puis Faites P\u00e9n\u00e9trer Compl\u00e8tement Dans Le Tissu En Frottant D\u00e9licatement De Mani\u00e8re Circulaire Jusqu\u2019\u00e0 Totale Absorption.\r\n\r\n7. Enfin, Laissez S\u00e9cher \u00c0 L\u2019air Libre Pendant 24 Heures, \u00c0 L\u2019abri De La Lumi\u00e8re Directe Du Soleil.\r\n\r\n<strong>Attention<\/strong>\u00a0:\r\n\r\n\u2022 Ne Mettez Pas Votre Produit En Machine.\r\n\r\n\u2022 Ne L\u2019immergez Pas Dans L\u2019eau, Cela Pourrait Causer Des Dommages Irr\u00e9versibles.\r\n\r\nLorsque Vos Chaussures V\u00e9ganes Ont Atteint Leur Dur\u00e9e De Vie Ou Que Vous N\u2019en Avez Plus Besoin, Envisagez De Leur Donner Une Seconde Vie.\r\n\r\nDonnez-Leur Un Autre Usage Pour Vous-M\u00eame Ou Offrez-Les \u00c0 Quelqu","marque":""},"taxonomy_info":{"product_cat":[{"value":65,"label":"Bottes"},{"value":46,"label":"Chaussures vegan"}]},"featured_image_src_large":["https:\/\/ekomfort.lu\/wp-content\/uploads\/2024\/05\/Tea_White.jpg",700,700,false],"author_info":[],"comment_info":0,"_links":{"self":[{"href":"https:\/\/ekomfort.lu\/en\/wp-json\/wp\/v2\/product\/17766","targetHints":{"allow":["GET"]}}],"collection":[{"href":"https:\/\/ekomfort.lu\/en\/wp-json\/wp\/v2\/product"}],"about":[{"href":"https:\/\/ekomfort.lu\/en\/wp-json\/wp\/v2\/types\/product"}],"replies":[{"embeddable":true,"href":"https:\/\/ekomfort.lu\/en\/wp-json\/wp\/v2\/comments?post=17766"}],"wp:featuredmedia":[{"embeddable":true,"href":"https:\/\/ekomfort.lu\/en\/wp-json\/wp\/v2\/media\/17763"}],"wp:attachment":[{"href":"https:\/\/ekomfort.lu\/en\/wp-json\/wp\/v2\/media?parent=17766"}],"wp:term":[{"taxonomy":"product_brand","embeddable":true,"href":"https:\/\/ekomfort.lu\/en\/wp-json\/wp\/v2\/product_brand?post=17766"},{"taxonomy":"product_cat","embeddable":true,"href":"https:\/\/ekomfort.lu\/en\/wp-json\/wp\/v2\/product_cat?post=17766"},{"taxonomy":"product_tag","embeddable":true,"href":"https:\/\/ekomfort.lu\/en\/wp-json\/wp\/v2\/product_tag?post=17766"},{"taxonomy":"product_brands","embeddable":true,"href":"https:\/\/ekomfort.lu\/en\/wp-json\/wp\/v2\/product_brands?post=17766"}],"curies":[{"name":"wp","href":"https:\/\/api.w.org\/{rel}","templated":true}]}}