{"id":17743,"date":"2024-05-29T09:21:10","date_gmt":"2024-05-29T07:21:10","guid":{"rendered":"https:\/\/ekomfort.lu\/?post_type=product&#038;p=17743"},"modified":"2024-07-20T10:16:58","modified_gmt":"2024-07-20T08:16:58","slug":"samui-sandales-vegan-vertes","status":"publish","type":"product","link":"https:\/\/ekomfort.lu\/en\/shop\/samui-sandales-vegan-vertes\/","title":{"rendered":"SAMUI Sandales Vegan Vertes"},"content":{"rendered":"\n<p>Les sandales SAMUI Green Vegan sont un m\u00e9lange captivant de style, de durabilit\u00e9 et de confort. Ces sandales red\u00e9finissent l&#8217;\u00e9l\u00e9gance avec leur nuance rafra\u00eechissante de vert clair et leur design crois\u00e9 accrocheur, mettant en \u00e9vidence l&#8217;harmonie parfaite entre la mode et l&#8217;\u00e9thique. Fabriqu\u00e9es en Pi\u00f1atex, un mat\u00e9riau \u00e9cologique d\u00e9riv\u00e9 des feuilles d&#8217;ananas, ces sandales sont une affirmation audacieuse de la mode durable. La texture unique du Pi\u00f1atex ajoute un \u00e9l\u00e9ment de sophistication au design, faisant des sandales SAMUI un choix remarquable pour ceux qui appr\u00e9cient \u00e0 la fois le style et la conscience environnementale.<\/p>\n\n\n<style>.wp-block-kadence-iconlist.kt-svg-icon-list-items17743_5dee2c-17:not(.this-stops-third-party-issues){margin-top:0px;margin-bottom:0px;}.wp-block-kadence-iconlist.kt-svg-icon-list-items17743_5dee2c-17 ul.kt-svg-icon-list:not(.this-prevents-issues):not(.this-stops-third-party-issues):not(.tijsloc){margin-top:0px;margin-right:0px;margin-bottom:var(--global-kb-spacing-sm, 1.5rem);margin-left:0px;}.wp-block-kadence-iconlist.kt-svg-icon-list-items17743_5dee2c-17 ul.kt-svg-icon-list{grid-row-gap:5px;}.wp-block-kadence-iconlist.kt-svg-icon-list-items17743_5dee2c-17 .kb-svg-icon-wrap{font-size:18px;color:var(--global-palette1, #3182CE);}.wp-block-kadence-iconlist.kt-svg-icon-list-items17743_5dee2c-17 ul.kt-svg-icon-list .kt-svg-icon-list-item-wrap .kt-svg-icon-list-single{margin-right:10px;}.kt-svg-icon-list-items17743_5dee2c-17 ul.kt-svg-icon-list .kt-svg-icon-list-level-0 .kt-svg-icon-list-single svg{font-size:20px;}<\/style>\n<div class=\"wp-block-kadence-iconlist kt-svg-icon-list-items kt-svg-icon-list-items17743_5dee2c-17 kt-svg-icon-list-columns-1 alignnone\"><ul class=\"kt-svg-icon-list\"><style>.kt-svg-icon-list-item-17743_b93f86-f3 .kt-svg-icon-list-text mark.kt-highlight{background-color:unset;font-style:normal;color:#f76a0c;-webkit-box-decoration-break:clone;box-decoration-break:clone;padding-top:0px;padding-right:0px;padding-bottom:0px;padding-left:0px;}<\/style>\n<li class=\"wp-block-kadence-listitem kt-svg-icon-list-item-wrap kt-svg-icon-list-item-17743_b93f86-f3\"><span class=\"kb-svg-icon-wrap kb-svg-icon-fe_checkCircle kt-svg-icon-list-single\"><svg viewBox=\"0 0 24 24\"  fill=\"none\" stroke=\"currentColor\" stroke-width=\"3\" stroke-linecap=\"round\" stroke-linejoin=\"round\" xmlns=\"http:\/\/www.w3.org\/2000\/svg\"  aria-hidden=\"true\"><path d=\"M22 11.08V12a10 10 0 1 1-5.93-9.14\"\/><polyline points=\"22 4 12 14.01 9 11.01\"\/><\/svg><\/span><span class=\"kt-svg-icon-list-text\">Fabriqu\u00e9es en Pi\u00f1atex, un mat\u00e9riau durable d\u00e9riv\u00e9 des feuilles d&#8217;ananas, les sandales SAMUI Green Vegan contribuent \u00e0 r\u00e9duire l&#8217;impact sur l&#8217;environnement et \u00e0 promouvoir des pratiques de mode \u00e9thiques.<\/span><\/li>\n\n\n<style>.kt-svg-icon-list-item-17743_920387-bf .kt-svg-icon-list-text mark.kt-highlight{background-color:unset;font-style:normal;color:#f76a0c;-webkit-box-decoration-break:clone;box-decoration-break:clone;padding-top:0px;padding-right:0px;padding-bottom:0px;padding-left:0px;}<\/style>\n<li class=\"wp-block-kadence-listitem kt-svg-icon-list-item-wrap kt-svg-icon-list-item-17743_920387-bf\"><span class=\"kb-svg-icon-wrap kb-svg-icon-fe_checkCircle kt-svg-icon-list-single\"><svg viewBox=\"0 0 24 24\"  fill=\"none\" stroke=\"currentColor\" stroke-width=\"3\" stroke-linecap=\"round\" stroke-linejoin=\"round\" xmlns=\"http:\/\/www.w3.org\/2000\/svg\"  aria-hidden=\"true\"><path d=\"M22 11.08V12a10 10 0 1 1-5.93-9.14\"\/><polyline points=\"22 4 12 14.01 9 11.01\"\/><\/svg><\/span><span class=\"kt-svg-icon-list-text\">La semelle int\u00e9rieure en li\u00e8ge offre un soutien naturel et une bonne respirabilit\u00e9, garantissant un confort tout au long de la journ\u00e9e, m\u00eame en cas de port prolong\u00e9.<\/span><\/li>\n\n\n<style>.kt-svg-icon-list-item-17743_155f53-ca .kt-svg-icon-list-text mark.kt-highlight{background-color:unset;font-style:normal;color:#f76a0c;-webkit-box-decoration-break:clone;box-decoration-break:clone;padding-top:0px;padding-right:0px;padding-bottom:0px;padding-left:0px;}<\/style>\n<li class=\"wp-block-kadence-listitem kt-svg-icon-list-item-wrap kt-svg-icon-list-item-17743_155f53-ca\"><span class=\"kb-svg-icon-wrap kb-svg-icon-fe_checkCircle kt-svg-icon-list-single\"><svg viewBox=\"0 0 24 24\"  fill=\"none\" stroke=\"currentColor\" stroke-width=\"3\" stroke-linecap=\"round\" stroke-linejoin=\"round\" xmlns=\"http:\/\/www.w3.org\/2000\/svg\"  aria-hidden=\"true\"><path d=\"M22 11.08V12a10 10 0 1 1-5.93-9.14\"\/><polyline points=\"22 4 12 14.01 9 11.01\"\/><\/svg><\/span><span class=\"kt-svg-icon-list-text\">Le Pi\u00f1atex ajoute non seulement de la durabilit\u00e9, mais conf\u00e8re \u00e9galement une texture unique aux sandales, ce qui les rend \u00e0 la fois \u00e9l\u00e9gantes et durables, convenant aux personnes soucieuses de l&#8217;environnement qui recherchent des chaussures fiables.<\/span><\/li>\n<\/ul><\/div>\n\n\n\n<p>Entrez dans le monde de la mode durable avec les sandales SAMUI Green Vegan, o\u00f9 le style rencontre l&#8217;\u00e9thique. Que vous vous promeniez dans les rues de la ville ou que vous vous d\u00e9tendiez lors d&#8217;une escapade \u00e0 la plage, ces sandales offrent la combinaison parfaite d&#8217;un design \u00e0 la pointe de la mode et de mat\u00e9riaux respectueux de l&#8217;environnement. Am\u00e9liorez votre collection de chaussures avec les sandales SAMUI et ayez un impact positif sur la plan\u00e8te \u00e0 chaque pas.<\/p>\n","protected":false},"excerpt":{"rendered":"<p>Les sandales SAMUI Green Vegan sont un m\u00e9lange captivant de style, de durabilit\u00e9 et de confort. Ces sandales red\u00e9finissent l&#8217;\u00e9l\u00e9gance avec leur nuance rafra\u00eechissante de vert clair et leur design crois\u00e9 accrocheur, mettant en \u00e9vidence l&#8217;harmonie parfaite entre la mode et l&#8217;\u00e9thique. Fabriqu\u00e9es en Pi\u00f1atex, un mat\u00e9riau \u00e9cologique d\u00e9riv\u00e9 des feuilles d&#8217;ananas, ces sandales sont&#8230;<\/p>\n","protected":false},"featured_media":17740,"comment_status":"open","ping_status":"closed","template":"","meta":{"_acf_changed":false,"_kad_blocks_custom_css":"","_kad_blocks_head_custom_js":"","_kad_blocks_body_custom_js":"","_kad_blocks_footer_custom_js":"","_kad_post_transparent":"","_kad_post_title":"","_kad_post_layout":"","_kad_post_sidebar_id":"","_kad_post_content_style":"","_kad_post_vertical_padding":"","_kad_post_feature":"","_kad_post_feature_position":"","_kad_post_header":false,"_kad_post_footer":false},"product_brand":[],"product_cat":[72,46],"product_tag":[],"product_brands":[],"class_list":{"0":"post-17743","1":"product","2":"type-product","3":"status-publish","4":"has-post-thumbnail","6":"product_cat-sandales","7":"product_cat-chaussures","9":"first","10":"instock","11":"taxable","12":"shipping-taxable","13":"purchasable","14":"product-type-variable","15":"entry","16":"content-bg","17":"loop-entry"},"acf":{"avantages":"Les sandales SAMUI Green Vegan sont fabriqu\u00e9es en Pi\u00f1atex, un mat\u00e9riau innovant et durable fabriqu\u00e9 \u00e0 partir de feuilles d'ananas. Ce choix \u00e9cologique r\u00e9duit l'impact sur l'environnement et soutient les pratiques de mode \u00e9thiques.\r\n\r\nAvec leur design crois\u00e9 et leurs larges lani\u00e8res, ces sandales privil\u00e9gient le confort sans compromettre le style. La semelle int\u00e9rieure en li\u00e8ge offre un soutien naturel et une bonne respirabilit\u00e9, garantissant une exp\u00e9rience de port confortable pour l'utilisateur.\r\n\r\nLe Pi\u00f1atex n'est pas seulement un mat\u00e9riau durable, il ajoute \u00e9galement une durabilit\u00e9 et une texture unique \u00e0 la conception des sandales. Cela garantit que les sandales SAMUI Green Vegan ne sont pas seulement \u00e9l\u00e9gantes mais aussi durables, ce qui en fait un choix fiable pour les personnes soucieuses de l'environnement.","entretien":"1. Enlevez La Poussi\u00e8re Ou La Boue Avec Une Brosse Douce Ou Un Chiffon Sec.\r\n\r\n2. Utilisez Un Chiffon Humide Pour Nettoyer L\u2019ensemble De Votre Produit En Frottant Doucement D\u2019un Geste Circulaire.\r\n\r\n3. Nettoyez R\u00e9guli\u00e8rement Votre Chiffon Pour \u00c9viter De R\u00e9pandre La Salet\u00e9\r\n\r\n4. Pour Les T\u00e2ches Difficiles, Utilisez Une Brosse \u00c0 Poils Doux Et De L\u2019eau En Frottant D\u00e9licatement D\u2019un Geste Circulaire.\r\n\r\n5. Laissez S\u00e9cher \u00c0 L\u2019air Libre Avant D\u2019appliquer Une Cr\u00e8me Nettoyante.\r\n\r\n6. Utilisez Une Cr\u00e8me Nettoyante Pour Donner Plus D\u2019\u00e9clat \u00c0 Votre Produit. Mettez Une Noisette De Produit Sur Une Brosse Ou Un Chiffon Doux Et Sec, Puis Faites P\u00e9n\u00e9trer Compl\u00e8tement Dans Le Tissu En Frottant D\u00e9licatement De Mani\u00e8re Circulaire Jusqu\u2019\u00e0 Totale Absorption.\r\n\r\n7. Enfin, Laissez S\u00e9cher \u00c0 L\u2019air Libre Pendant 24 Heures, \u00c0 L\u2019abri De La Lumi\u00e8re Directe Du Soleil.\r\n\r\n<strong>Attention<\/strong>\u00a0:\r\n\r\n\u2022 Ne Mettez Pas Votre Produit En Machine.\r\n\r\n\u2022 Ne L\u2019immergez Pas Dans L\u2019eau, Cela Pourrait Causer Des Dommages Irr\u00e9versibles.\r\n\r\nLorsque Vos Chaussures V\u00e9ganes Ont Atteint Leur Dur\u00e9e De Vie Ou Que Vous N\u2019en Avez Plus Besoin, Envisagez De Leur Donner Une Seconde Vie.\r\n\r\nDonnez-Leur Un Autre Usage Pour Vous-M\u00eame Ou Offrez-Les \u00c0 Quelqu","marque":""},"_wp_attached_file":null,"_wp_attachment_image_alt":null,"rank_math_facebook_image":null,"rank_math_facebook_image_id":null,"wpml_language":null,"_wp_attachment_metadata":null,"rank_math_focus_keyword":null,"rank_math_title":null,"rank_math_description":null,"taxonomy_info":{"product_cat":[{"value":72,"label":"Sandales"},{"value":46,"label":"Chaussures"}]},"featured_image_src_large":["https:\/\/ekomfort.lu\/wp-content\/uploads\/2024\/05\/Samui_Green.jpg",700,700,false],"author_info":[],"comment_info":0,"_links":{"self":[{"href":"https:\/\/ekomfort.lu\/en\/wp-json\/wp\/v2\/product\/17743","targetHints":{"allow":["GET"]}}],"collection":[{"href":"https:\/\/ekomfort.lu\/en\/wp-json\/wp\/v2\/product"}],"about":[{"href":"https:\/\/ekomfort.lu\/en\/wp-json\/wp\/v2\/types\/product"}],"replies":[{"embeddable":true,"href":"https:\/\/ekomfort.lu\/en\/wp-json\/wp\/v2\/comments?post=17743"}],"wp:featuredmedia":[{"embeddable":true,"href":"https:\/\/ekomfort.lu\/en\/wp-json\/wp\/v2\/media\/17740"}],"wp:attachment":[{"href":"https:\/\/ekomfort.lu\/en\/wp-json\/wp\/v2\/media?parent=17743"}],"wp:term":[{"taxonomy":"product_brand","embeddable":true,"href":"https:\/\/ekomfort.lu\/en\/wp-json\/wp\/v2\/product_brand?post=17743"},{"taxonomy":"product_cat","embeddable":true,"href":"https:\/\/ekomfort.lu\/en\/wp-json\/wp\/v2\/product_cat?post=17743"},{"taxonomy":"product_tag","embeddable":true,"href":"https:\/\/ekomfort.lu\/en\/wp-json\/wp\/v2\/product_tag?post=17743"},{"taxonomy":"product_brands","embeddable":true,"href":"https:\/\/ekomfort.lu\/en\/wp-json\/wp\/v2\/product_brands?post=17743"}],"curies":[{"name":"wp","href":"https:\/\/api.w.org\/{rel}","templated":true}]}}