{"id":17733,"date":"2024-05-29T09:21:02","date_gmt":"2024-05-29T07:21:02","guid":{"rendered":"https:\/\/ekomfort.lu\/?post_type=product&#038;p=17733"},"modified":"2024-07-04T17:42:58","modified_gmt":"2024-07-04T15:42:58","slug":"samet-sandales-vegan-vertes","status":"publish","type":"product","link":"https:\/\/ekomfort.lu\/en\/shop\/samet-sandales-vegan-vertes\/","title":{"rendered":"SAMET Sandales Vegan Vertes"},"content":{"rendered":"\n<p>Voici les sandales SAMET Green, une fusion de durabilit\u00e9 et de style qui red\u00e9finit les chaussures \u00e9thiques. Ces sandales sont plus qu&#8217;une simple d\u00e9claration de mode ; elles t\u00e9moignent d&#8217;un consum\u00e9risme conscient. Fabriqu\u00e9e en Pi\u00f1atex vert clair, d\u00e9riv\u00e9 de feuilles d&#8217;ananas, chaque paire de sandales SAMET repr\u00e9sente un engagement \u00e0 r\u00e9duire l&#8217;impact sur l&#8217;environnement tout en restant \u00e9l\u00e9gante. Les trois lani\u00e8res sur le devant cr\u00e9ent un design visuellement frappant qui attire l&#8217;attention et fait de ces sandales un symbole de la mode \u00e9co-consciente.<\/p>\n\n\n<style>.wp-block-kadence-iconlist.kt-svg-icon-list-items17733_c1c395-eb:not(.this-stops-third-party-issues){margin-top:0px;margin-bottom:0px;}.wp-block-kadence-iconlist.kt-svg-icon-list-items17733_c1c395-eb ul.kt-svg-icon-list:not(.this-prevents-issues):not(.this-stops-third-party-issues):not(.tijsloc){margin-top:0px;margin-right:0px;margin-bottom:var(--global-kb-spacing-sm, 1.5rem);margin-left:0px;}.wp-block-kadence-iconlist.kt-svg-icon-list-items17733_c1c395-eb ul.kt-svg-icon-list{grid-row-gap:5px;}.wp-block-kadence-iconlist.kt-svg-icon-list-items17733_c1c395-eb .kb-svg-icon-wrap{font-size:18px;color:var(--global-palette1, #3182CE);}.wp-block-kadence-iconlist.kt-svg-icon-list-items17733_c1c395-eb ul.kt-svg-icon-list .kt-svg-icon-list-item-wrap .kt-svg-icon-list-single{margin-right:10px;}.kt-svg-icon-list-items17733_c1c395-eb ul.kt-svg-icon-list .kt-svg-icon-list-level-0 .kt-svg-icon-list-single svg{font-size:20px;}<\/style>\n<div class=\"wp-block-kadence-iconlist kt-svg-icon-list-items kt-svg-icon-list-items17733_c1c395-eb kt-svg-icon-list-columns-1 alignnone\"><ul class=\"kt-svg-icon-list\"><style>.kt-svg-icon-list-item-17733_49a47a-1a .kt-svg-icon-list-text mark.kt-highlight{background-color:unset;font-style:normal;color:#f76a0c;-webkit-box-decoration-break:clone;box-decoration-break:clone;padding-top:0px;padding-right:0px;padding-bottom:0px;padding-left:0px;}<\/style>\n<li class=\"wp-block-kadence-listitem kt-svg-icon-list-item-wrap kt-svg-icon-list-item-17733_49a47a-1a\"><span class=\"kb-svg-icon-wrap kb-svg-icon-fe_checkCircle kt-svg-icon-list-single\"><svg viewBox=\"0 0 24 24\"  fill=\"none\" stroke=\"currentColor\" stroke-width=\"3\" stroke-linecap=\"round\" stroke-linejoin=\"round\" xmlns=\"http:\/\/www.w3.org\/2000\/svg\"  aria-hidden=\"true\"><path d=\"M22 11.08V12a10 10 0 1 1-5.93-9.14\"\/><polyline points=\"22 4 12 14.01 9 11.01\"\/><\/svg><\/span><span class=\"kt-svg-icon-list-text\">Fabriqu\u00e9es en Pi\u00f1atex, les sandales SAMET Green Vegan incarnent des pratiques durables et offrent une alternative sans cruaut\u00e9 aux sandales en cuir traditionnelles.<\/span><\/li>\n\n\n<style>.kt-svg-icon-list-item-17733_ec79aa-60 .kt-svg-icon-list-text mark.kt-highlight{background-color:unset;font-style:normal;color:#f76a0c;-webkit-box-decoration-break:clone;box-decoration-break:clone;padding-top:0px;padding-right:0px;padding-bottom:0px;padding-left:0px;}<\/style>\n<li class=\"wp-block-kadence-listitem kt-svg-icon-list-item-wrap kt-svg-icon-list-item-17733_ec79aa-60\"><span class=\"kb-svg-icon-wrap kb-svg-icon-fe_checkCircle kt-svg-icon-list-single\"><svg viewBox=\"0 0 24 24\"  fill=\"none\" stroke=\"currentColor\" stroke-width=\"3\" stroke-linecap=\"round\" stroke-linejoin=\"round\" xmlns=\"http:\/\/www.w3.org\/2000\/svg\"  aria-hidden=\"true\"><path d=\"M22 11.08V12a10 10 0 1 1-5.93-9.14\"\/><polyline points=\"22 4 12 14.01 9 11.01\"\/><\/svg><\/span><span class=\"kt-svg-icon-list-text\">Avec leurs trois lani\u00e8res sur le devant, ces sandales pr\u00e9sentent une esth\u00e9tique unique et visuellement attrayante qui rehausse n&#8217;importe quelle tenue.<\/span><\/li>\n\n\n<style>.kt-svg-icon-list-item-17733_20e831-19 .kt-svg-icon-list-text mark.kt-highlight{background-color:unset;font-style:normal;color:#f76a0c;-webkit-box-decoration-break:clone;box-decoration-break:clone;padding-top:0px;padding-right:0px;padding-bottom:0px;padding-left:0px;}<\/style>\n<li class=\"wp-block-kadence-listitem kt-svg-icon-list-item-wrap kt-svg-icon-list-item-17733_20e831-19\"><span class=\"kb-svg-icon-wrap kb-svg-icon-fe_checkCircle kt-svg-icon-list-single\"><svg viewBox=\"0 0 24 24\"  fill=\"none\" stroke=\"currentColor\" stroke-width=\"3\" stroke-linecap=\"round\" stroke-linejoin=\"round\" xmlns=\"http:\/\/www.w3.org\/2000\/svg\"  aria-hidden=\"true\"><path d=\"M22 11.08V12a10 10 0 1 1-5.93-9.14\"\/><polyline points=\"22 4 12 14.01 9 11.01\"\/><\/svg><\/span><span class=\"kt-svg-icon-list-text\">Dot\u00e9es d&#8217;une semelle int\u00e9rieure en li\u00e8ge, les sandales SAMET privil\u00e9gient le confort \u00e0 chaque pas, garantissant \u00e0 l&#8217;utilisateur une exp\u00e9rience de soutien et d&#8217;amorti.<\/span><\/li>\n<\/ul><\/div>\n\n\n\n<p>Am\u00e9liorez votre collection de chaussures et ayez un impact positif sur la plan\u00e8te avec les sandales SAMET Green Vegan. Que vous exploriez la jungle urbaine ou que vous preniez le soleil lors d&#8217;une escapade \u00e0 la plage, ces sandales offrent \u00e0 la fois style et durabilit\u00e9. Choisissez SAMET et entrez dans un monde o\u00f9 la mode et l&#8217;\u00e9thique coexistent harmonieusement, une foul\u00e9e \u00e9l\u00e9gante \u00e0 la fois.<\/p>\n","protected":false},"excerpt":{"rendered":"<p>Voici les sandales SAMET Green, une fusion de durabilit\u00e9 et de style qui red\u00e9finit les chaussures \u00e9thiques. Ces sandales sont plus qu&#8217;une simple d\u00e9claration de mode ; elles t\u00e9moignent d&#8217;un consum\u00e9risme conscient. Fabriqu\u00e9e en Pi\u00f1atex vert clair, d\u00e9riv\u00e9 de feuilles d&#8217;ananas, chaque paire de sandales SAMET repr\u00e9sente un engagement \u00e0 r\u00e9duire l&#8217;impact sur l&#8217;environnement tout&#8230;<\/p>\n","protected":false},"featured_media":17730,"comment_status":"open","ping_status":"closed","template":"","meta":{"_acf_changed":false,"_kad_blocks_custom_css":"","_kad_blocks_head_custom_js":"","_kad_blocks_body_custom_js":"","_kad_blocks_footer_custom_js":"","_kad_post_transparent":"","_kad_post_title":"","_kad_post_layout":"","_kad_post_sidebar_id":"","_kad_post_content_style":"","_kad_post_vertical_padding":"","_kad_post_feature":"","_kad_post_feature_position":"","_kad_post_header":false,"_kad_post_footer":false},"product_brand":[],"product_cat":[72,46],"product_tag":[],"product_brands":[],"class_list":{"0":"post-17733","1":"product","2":"type-product","3":"status-publish","4":"has-post-thumbnail","6":"product_cat-sandales","7":"product_cat-chaussures","9":"first","10":"outofstock","11":"taxable","12":"shipping-taxable","13":"purchasable","14":"product-type-variable","15":"entry","16":"content-bg","17":"loop-entry"},"acf":{"avantages":"Les sandales SAMET Green Vegan sont fabriqu\u00e9es en Pi\u00f1atex, un mat\u00e9riau \u00e9cologique fabriqu\u00e9 \u00e0 partir de feuilles d'ananas. Ce choix durable r\u00e9duit l'impact sur l'environnement et soutient les pratiques de mode \u00e9thiques.\r\n\r\nDot\u00e9es de trois brides sur le devant, ces sandales pr\u00e9sentent un design \u00e9poustouflant qui ajoute une touche d'\u00e9l\u00e9gance \u00e0 toutes les tenues. La mati\u00e8re Pi\u00f1atex vert clair rehausse l'attrait esth\u00e9tique, ce qui en fait un choix \u00e0 la mode pour les personnes soucieuses de l'environnement.\r\n\r\nDot\u00e9es d'une semelle int\u00e9rieure en li\u00e8ge, les sandales SAMET Green Vegan offrent un confort et un soutien naturels \u00e0 chaque pas. Le mat\u00e9riau en li\u00e8ge se moule \u00e0 la forme du pied, offrant un amorti et une stabilit\u00e9 pour une utilisation tout au long de la journ\u00e9e.","entretien":"1. Enlevez La Poussi\u00e8re Ou La Boue Avec Une Brosse Douce Ou Un Chiffon Sec.\r\n\r\n2. Utilisez Un Chiffon Humide Pour Nettoyer L\u2019ensemble De Votre Produit En Frottant Doucement D\u2019un Geste Circulaire.\r\n\r\n3. Nettoyez R\u00e9guli\u00e8rement Votre Chiffon Pour \u00c9viter De R\u00e9pandre La Salet\u00e9\r\n\r\n4. Pour Les T\u00e2ches Difficiles, Utilisez Une Brosse \u00c0 Poils Doux Et De L\u2019eau En Frottant D\u00e9licatement D\u2019un Geste Circulaire.\r\n\r\n5. Laissez S\u00e9cher \u00c0 L\u2019air Libre Avant D\u2019appliquer Une Cr\u00e8me Nettoyante.\r\n\r\n6. Utilisez Une Cr\u00e8me Nettoyante Pour Donner Plus D\u2019\u00e9clat \u00c0 Votre Produit. Mettez Une Noisette De Produit Sur Une Brosse Ou Un Chiffon Doux Et Sec, Puis Faites P\u00e9n\u00e9trer Compl\u00e8tement Dans Le Tissu En Frottant D\u00e9licatement De Mani\u00e8re Circulaire Jusqu\u2019\u00e0 Totale Absorption.\r\n\r\n7. Enfin, Laissez S\u00e9cher \u00c0 L\u2019air Libre Pendant 24 Heures, \u00c0 L\u2019abri De La Lumi\u00e8re Directe Du Soleil.\r\n\r\n<strong>Attention<\/strong>\u00a0:\r\n\r\n\u2022 Ne Mettez Pas Votre Produit En Machine.\r\n\r\n\u2022 Ne L\u2019immergez Pas Dans L\u2019eau, Cela Pourrait Causer Des Dommages Irr\u00e9versibles.\r\n\r\nLorsque Vos Chaussures V\u00e9ganes Ont Atteint Leur Dur\u00e9e De Vie Ou Que Vous N\u2019en Avez Plus Besoin, Envisagez De Leur Donner Une Seconde Vie.\r\n\r\nDonnez-Leur Un Autre Usage Pour Vous-M\u00eame Ou Offrez-Les \u00c0 Quelqu","marque":""},"_wp_attached_file":null,"_wp_attachment_image_alt":null,"rank_math_facebook_image":null,"rank_math_facebook_image_id":null,"wpml_language":null,"_wp_attachment_metadata":null,"rank_math_focus_keyword":null,"rank_math_title":null,"rank_math_description":null,"taxonomy_info":{"product_cat":[{"value":72,"label":"Sandales"},{"value":46,"label":"Chaussures"}]},"featured_image_src_large":["https:\/\/ekomfort.lu\/wp-content\/uploads\/2024\/05\/Samet_Green.jpg",700,700,false],"author_info":[],"comment_info":0,"_links":{"self":[{"href":"https:\/\/ekomfort.lu\/en\/wp-json\/wp\/v2\/product\/17733","targetHints":{"allow":["GET"]}}],"collection":[{"href":"https:\/\/ekomfort.lu\/en\/wp-json\/wp\/v2\/product"}],"about":[{"href":"https:\/\/ekomfort.lu\/en\/wp-json\/wp\/v2\/types\/product"}],"replies":[{"embeddable":true,"href":"https:\/\/ekomfort.lu\/en\/wp-json\/wp\/v2\/comments?post=17733"}],"wp:featuredmedia":[{"embeddable":true,"href":"https:\/\/ekomfort.lu\/en\/wp-json\/wp\/v2\/media\/17730"}],"wp:attachment":[{"href":"https:\/\/ekomfort.lu\/en\/wp-json\/wp\/v2\/media?parent=17733"}],"wp:term":[{"taxonomy":"product_brand","embeddable":true,"href":"https:\/\/ekomfort.lu\/en\/wp-json\/wp\/v2\/product_brand?post=17733"},{"taxonomy":"product_cat","embeddable":true,"href":"https:\/\/ekomfort.lu\/en\/wp-json\/wp\/v2\/product_cat?post=17733"},{"taxonomy":"product_tag","embeddable":true,"href":"https:\/\/ekomfort.lu\/en\/wp-json\/wp\/v2\/product_tag?post=17733"},{"taxonomy":"product_brands","embeddable":true,"href":"https:\/\/ekomfort.lu\/en\/wp-json\/wp\/v2\/product_brands?post=17733"}],"curies":[{"name":"wp","href":"https:\/\/api.w.org\/{rel}","templated":true}]}}