{"id":17681,"date":"2024-05-29T09:20:29","date_gmt":"2024-05-29T07:20:29","guid":{"rendered":"https:\/\/ekomfort.lu\/?post_type=product&#038;p=17681"},"modified":"2024-07-20T10:18:29","modified_gmt":"2024-07-20T08:18:29","slug":"nolan-chaussures-vegan-marron","status":"publish","type":"product","link":"https:\/\/ekomfort.lu\/en\/shop\/nolan-chaussures-vegan-marron\/","title":{"rendered":"NOLAN Chaussures Vegan Marron"},"content":{"rendered":"\n<p>Voici les NOLAN Vegan Shoes Brown, un t\u00e9moignage de mode durable et de style intemporel pour les hommes. Fabriqu\u00e9es exclusivement \u00e0 partir de li\u00e8ge naturel, ces chaussures derby red\u00e9finissent les chaussures \u00e9cologiques gr\u00e2ce \u00e0 leur texture unique et \u00e0 leur esth\u00e9tique terreuse. Chaque paire incarne un engagement envers les principes \u00e9thiques, offrant une option sans culpabilit\u00e9 pour les individus \u00e0 la pointe de la mode qui accordent la priorit\u00e9 \u00e0 la durabilit\u00e9. De leur design \u00e9l\u00e9gant \u00e0 leur coupe confortable, chaque aspect des chaussures NOLAN t\u00e9moigne d&#8217;un engagement en faveur de l&#8217;\u00e9cologie et d&#8217;une \u00e9l\u00e9gance sans effort. Entrez dans un avenir plus vert avec confiance et style, en sachant que votre choix de chaussures a un impact positif sur la plan\u00e8te.<\/p>\n\n\n<style>.wp-block-kadence-iconlist.kt-svg-icon-list-items17681_494873-f8:not(.this-stops-third-party-issues){margin-top:0px;margin-bottom:0px;}.wp-block-kadence-iconlist.kt-svg-icon-list-items17681_494873-f8 ul.kt-svg-icon-list:not(.this-prevents-issues):not(.this-stops-third-party-issues):not(.tijsloc){margin-top:0px;margin-right:0px;margin-bottom:var(--global-kb-spacing-sm, 1.5rem);margin-left:0px;}.wp-block-kadence-iconlist.kt-svg-icon-list-items17681_494873-f8 ul.kt-svg-icon-list{grid-row-gap:5px;}.wp-block-kadence-iconlist.kt-svg-icon-list-items17681_494873-f8 .kb-svg-icon-wrap{font-size:18px;color:var(--global-palette1, #3182CE);}.wp-block-kadence-iconlist.kt-svg-icon-list-items17681_494873-f8 ul.kt-svg-icon-list .kt-svg-icon-list-item-wrap .kt-svg-icon-list-single{margin-right:10px;}.kt-svg-icon-list-items17681_494873-f8 ul.kt-svg-icon-list .kt-svg-icon-list-level-0 .kt-svg-icon-list-single svg{font-size:20px;}<\/style>\n<div class=\"wp-block-kadence-iconlist kt-svg-icon-list-items kt-svg-icon-list-items17681_494873-f8 kt-svg-icon-list-columns-1 alignnone\"><ul class=\"kt-svg-icon-list\"><style>.kt-svg-icon-list-item-17681_81c17b-9e .kt-svg-icon-list-text mark.kt-highlight{background-color:unset;font-style:normal;color:#f76a0c;-webkit-box-decoration-break:clone;box-decoration-break:clone;padding-top:0px;padding-right:0px;padding-bottom:0px;padding-left:0px;}<\/style>\n<li class=\"wp-block-kadence-listitem kt-svg-icon-list-item-wrap kt-svg-icon-list-item-17681_81c17b-9e\"><span class=\"kb-svg-icon-wrap kb-svg-icon-fe_checkCircle kt-svg-icon-list-single\"><svg viewBox=\"0 0 24 24\"  fill=\"none\" stroke=\"currentColor\" stroke-width=\"3\" stroke-linecap=\"round\" stroke-linejoin=\"round\" xmlns=\"http:\/\/www.w3.org\/2000\/svg\"  aria-hidden=\"true\"><path d=\"M22 11.08V12a10 10 0 1 1-5.93-9.14\"\/><polyline points=\"22 4 12 14.01 9 11.01\"\/><\/svg><\/span><span class=\"kt-svg-icon-list-text\">Fabriqu\u00e9es exclusivement \u00e0 partir de li\u00e8ge naturel, les chaussures v\u00e9ganes NOLAN Brown sont un choix durable, car le li\u00e8ge est renouvelable, biod\u00e9gradable et respectueux de l&#8217;environnement.<\/span><\/li>\n\n\n<style>.kt-svg-icon-list-item-17681_fc5edf-89 .kt-svg-icon-list-text mark.kt-highlight{background-color:unset;font-style:normal;color:#f76a0c;-webkit-box-decoration-break:clone;box-decoration-break:clone;padding-top:0px;padding-right:0px;padding-bottom:0px;padding-left:0px;}<\/style>\n<li class=\"wp-block-kadence-listitem kt-svg-icon-list-item-wrap kt-svg-icon-list-item-17681_fc5edf-89\"><span class=\"kb-svg-icon-wrap kb-svg-icon-fe_checkCircle kt-svg-icon-list-single\"><svg viewBox=\"0 0 24 24\"  fill=\"none\" stroke=\"currentColor\" stroke-width=\"3\" stroke-linecap=\"round\" stroke-linejoin=\"round\" xmlns=\"http:\/\/www.w3.org\/2000\/svg\"  aria-hidden=\"true\"><path d=\"M22 11.08V12a10 10 0 1 1-5.93-9.14\"\/><polyline points=\"22 4 12 14.01 9 11.01\"\/><\/svg><\/span><span class=\"kt-svg-icon-list-text\">Ces chaussures v\u00e9ganes sont fabriqu\u00e9es sans utiliser de produits d&#8217;origine animale, ce qui garantit qu&#8217;aucun animal n&#8217;a \u00e9t\u00e9 bless\u00e9 lors de leur production, conform\u00e9ment aux valeurs d&#8217;\u00e9thique et de compassion.<\/span><\/li>\n\n\n<style>.kt-svg-icon-list-item-17681_e6c2d2-f5 .kt-svg-icon-list-text mark.kt-highlight{background-color:unset;font-style:normal;color:#f76a0c;-webkit-box-decoration-break:clone;box-decoration-break:clone;padding-top:0px;padding-right:0px;padding-bottom:0px;padding-left:0px;}<\/style>\n<li class=\"wp-block-kadence-listitem kt-svg-icon-list-item-wrap kt-svg-icon-list-item-17681_e6c2d2-f5\"><span class=\"kb-svg-icon-wrap kb-svg-icon-fe_checkCircle kt-svg-icon-list-single\"><svg viewBox=\"0 0 24 24\"  fill=\"none\" stroke=\"currentColor\" stroke-width=\"3\" stroke-linecap=\"round\" stroke-linejoin=\"round\" xmlns=\"http:\/\/www.w3.org\/2000\/svg\"  aria-hidden=\"true\"><path d=\"M22 11.08V12a10 10 0 1 1-5.93-9.14\"\/><polyline points=\"22 4 12 14.01 9 11.01\"\/><\/svg><\/span><span class=\"kt-svg-icon-list-text\">Avec leur aspect terreux et leur texture unique, les chaussures NOLAN constituent un compl\u00e9ment \u00e9l\u00e9gant \u00e0 toute garde-robe. Leur coupe confortable les rend adapt\u00e9es \u00e0 diverses occasions, des \u00e9v\u00e9nements formels aux sorties d\u00e9contract\u00e9es, offrant \u00e0 la fois style et confort.<\/span><\/li>\n<\/ul><\/div>\n\n\n\n<p>Entrez dans un avenir plus vert avec les NOLAN Vegan Shoes Brown, o\u00f9 la durabilit\u00e9 rencontre un style sans effort. Avec leurs mat\u00e9riaux respectueux de l&#8217;environnement, leur production sans cruaut\u00e9 et leur design confortable, ces chaussures constituent un choix convaincant pour les personnes qui recherchent \u00e0 la fois la mode et une conscience \u00e9thique dans leurs chaussures.<\/p>\n","protected":false},"excerpt":{"rendered":"<p>Voici les NOLAN Vegan Shoes Brown, un t\u00e9moignage de mode durable et de style intemporel pour les hommes. Fabriqu\u00e9es exclusivement \u00e0 partir de li\u00e8ge naturel, ces chaussures derby red\u00e9finissent les chaussures \u00e9cologiques gr\u00e2ce \u00e0 leur texture unique et \u00e0 leur esth\u00e9tique terreuse. Chaque paire incarne un engagement envers les principes \u00e9thiques, offrant une option sans&#8230;<\/p>\n","protected":false},"featured_media":17678,"comment_status":"open","ping_status":"closed","template":"","meta":{"_acf_changed":false,"_kad_blocks_custom_css":"","_kad_blocks_head_custom_js":"","_kad_blocks_body_custom_js":"","_kad_blocks_footer_custom_js":"","_kad_post_transparent":"","_kad_post_title":"","_kad_post_layout":"","_kad_post_sidebar_id":"","_kad_post_content_style":"","_kad_post_vertical_padding":"","_kad_post_feature":"","_kad_post_feature_position":"","_kad_post_header":false,"_kad_post_footer":false,"_kad_post_classname":""},"product_brand":[],"product_cat":[705,46],"product_tag":[],"product_brands":[],"class_list":{"0":"post-17681","1":"product","2":"type-product","3":"status-publish","4":"has-post-thumbnail","6":"product_cat-chaussures-plates","7":"product_cat-chaussures","9":"first","10":"instock","11":"taxable","12":"shipping-taxable","13":"purchasable","14":"product-type-variable","15":"entry","16":"content-bg","17":"loop-entry"},"acf":{"avantages":"Fabriqu\u00e9es exclusivement \u00e0 partir de li\u00e8ge naturel, les NOLAN Vegan Shoes Brown incarnent la mode durable dans toute sa splendeur. Le li\u00e8ge est un mat\u00e9riau renouvelable et biod\u00e9gradable, ce qui rend ces chaussures respectueuses de l'environnement et r\u00e9duit l'empreinte carbone associ\u00e9e aux mat\u00e9riaux traditionnels.\r\n\r\nEn tant que chaussures v\u00e9g\u00e9taliennes, les chaussures brunes NOLAN sont exemptes de cruaut\u00e9, ce qui garantit qu'aucun animal n'a \u00e9t\u00e9 bless\u00e9 au cours du processus de production. Elles sont conformes aux principes \u00e9thiques et offrent aux consommateurs une option sans culpabilit\u00e9 pour des chaussures \u00e9l\u00e9gantes.\r\n\r\nDe leur texture unique \u00e0 leur aspect terreux, ces chaussures pr\u00e9sentent un design \u00e9l\u00e9gant qui s'int\u00e8gre sans effort \u00e0 n'importe quelle garde-robe. De plus, leur coupe confortable permet aux utilisateurs de sortir avec confiance et aisance, ce qui les rend adapt\u00e9es aux occasions formelles et d\u00e9contract\u00e9es.","entretien":"1. Enlevez La Poussi\u00e8re Ou La Boue Avec Une Brosse Douce Ou Un Chiffon Sec.\r\n\r\n2. Utilisez Un Chiffon Humide Pour Nettoyer L\u2019ensemble De Votre Produit En Frottant Doucement D\u2019un Geste Circulaire.\r\n\r\n3. Nettoyez R\u00e9guli\u00e8rement Votre Chiffon Pour \u00c9viter De R\u00e9pandre La Salet\u00e9\r\n\r\n4. Pour Les T\u00e2ches Difficiles, Utilisez Une Brosse \u00c0 Poils Doux Et De L\u2019eau En Frottant D\u00e9licatement D\u2019un Geste Circulaire.\r\n\r\n5. Laissez S\u00e9cher \u00c0 L\u2019air Libre Avant D\u2019appliquer Une Cr\u00e8me Nettoyante.\r\n\r\n6. Utilisez Une Cr\u00e8me Nettoyante Pour Donner Plus D\u2019\u00e9clat \u00c0 Votre Produit. Mettez Une Noisette De Produit Sur Une Brosse Ou Un Chiffon Doux Et Sec, Puis Faites P\u00e9n\u00e9trer Compl\u00e8tement Dans Le Tissu En Frottant D\u00e9licatement De Mani\u00e8re Circulaire Jusqu\u2019\u00e0 Totale Absorption.\r\n\r\n7. Enfin, Laissez S\u00e9cher \u00c0 L\u2019air Libre Pendant 24 Heures, \u00c0 L\u2019abri De La Lumi\u00e8re Directe Du Soleil.\r\n\r\n<strong>Attention<\/strong>\u00a0:\r\n\r\n\u2022 Ne Mettez Pas Votre Produit En Machine.\r\n\r\n\u2022 Ne L\u2019immergez Pas Dans L\u2019eau, Cela Pourrait Causer Des Dommages Irr\u00e9versibles.\r\n\r\nLorsque Vos Chaussures V\u00e9ganes Ont Atteint Leur Dur\u00e9e De Vie Ou Que Vous N\u2019en Avez Plus Besoin, Envisagez De Leur Donner Une Seconde Vie.\r\n\r\nDonnez-Leur Un Autre Usage Pour Vous-M\u00eame Ou Offrez-Les \u00c0 Quelqu","marque":""},"taxonomy_info":{"product_cat":[{"value":705,"label":"Chaussures plates"},{"value":46,"label":"Chaussures"}]},"featured_image_src_large":["https:\/\/ekomfort.lu\/wp-content\/uploads\/2024\/05\/Nolan_brown.jpg",700,700,false],"author_info":[],"comment_info":0,"_links":{"self":[{"href":"https:\/\/ekomfort.lu\/en\/wp-json\/wp\/v2\/product\/17681","targetHints":{"allow":["GET"]}}],"collection":[{"href":"https:\/\/ekomfort.lu\/en\/wp-json\/wp\/v2\/product"}],"about":[{"href":"https:\/\/ekomfort.lu\/en\/wp-json\/wp\/v2\/types\/product"}],"replies":[{"embeddable":true,"href":"https:\/\/ekomfort.lu\/en\/wp-json\/wp\/v2\/comments?post=17681"}],"wp:featuredmedia":[{"embeddable":true,"href":"https:\/\/ekomfort.lu\/en\/wp-json\/wp\/v2\/media\/17678"}],"wp:attachment":[{"href":"https:\/\/ekomfort.lu\/en\/wp-json\/wp\/v2\/media?parent=17681"}],"wp:term":[{"taxonomy":"product_brand","embeddable":true,"href":"https:\/\/ekomfort.lu\/en\/wp-json\/wp\/v2\/product_brand?post=17681"},{"taxonomy":"product_cat","embeddable":true,"href":"https:\/\/ekomfort.lu\/en\/wp-json\/wp\/v2\/product_cat?post=17681"},{"taxonomy":"product_tag","embeddable":true,"href":"https:\/\/ekomfort.lu\/en\/wp-json\/wp\/v2\/product_tag?post=17681"},{"taxonomy":"product_brands","embeddable":true,"href":"https:\/\/ekomfort.lu\/en\/wp-json\/wp\/v2\/product_brands?post=17681"}],"curies":[{"name":"wp","href":"https:\/\/api.w.org\/{rel}","templated":true}]}}