{"id":17658,"date":"2024-05-29T09:20:13","date_gmt":"2024-05-29T07:20:13","guid":{"rendered":"https:\/\/ekomfort.lu\/?post_type=product&#038;p=17658"},"modified":"2024-07-04T17:34:55","modified_gmt":"2024-07-04T15:34:55","slug":"maria-sandales-vegan-marron","status":"publish","type":"product","link":"https:\/\/ekomfort.lu\/en\/shop\/maria-sandales-vegan-marron\/","title":{"rendered":"MARIA  Sandales Vegan Marron"},"content":{"rendered":"\n<p>Voici les MARIA Vegan Sandals Brown, o\u00f9 la durabilit\u00e9 rencontre la sophistication \u00e0 chaque pas. M\u00e9ticuleusement fabriqu\u00e9es \u00e0 partir de li\u00e8ge durable, ces sandales \u00e0 talon moyen red\u00e9finissent les chaussures \u00e9cologiques gr\u00e2ce \u00e0 leur design \u00e9l\u00e9gant et \u00e0 leurs mat\u00e9riaux respectueux de l&#8217;environnement. Dot\u00e9es de deux fines lani\u00e8res parall\u00e8les sur le devant, ces sandales offrent une esth\u00e9tique minimaliste mais chic qui rehausse sans effort n&#8217;importe quelle tenue. L&#8217;ajout de deux \u00e9l\u00e9gantes lani\u00e8res passant sur l&#8217;avant du pied et se fixant \u00e0 l&#8217;arri\u00e8re de la cheville assure \u00e0 la fois style et stabilit\u00e9. Entrez dans la mode durable avec confiance et flair avec les sandales MARIA, le choix parfait pour ceux qui recherchent \u00e0 la fois le style et la responsabilit\u00e9 environnementale.<\/p>\n\n\n<style>.wp-block-kadence-iconlist.kt-svg-icon-list-items17658_e1979e-5d:not(.this-stops-third-party-issues){margin-top:0px;margin-bottom:0px;}.wp-block-kadence-iconlist.kt-svg-icon-list-items17658_e1979e-5d ul.kt-svg-icon-list:not(.this-prevents-issues):not(.this-stops-third-party-issues):not(.tijsloc){margin-top:0px;margin-right:0px;margin-bottom:var(--global-kb-spacing-sm, 1.5rem);margin-left:0px;}.wp-block-kadence-iconlist.kt-svg-icon-list-items17658_e1979e-5d ul.kt-svg-icon-list{grid-row-gap:5px;}.wp-block-kadence-iconlist.kt-svg-icon-list-items17658_e1979e-5d .kb-svg-icon-wrap{font-size:18px;color:var(--global-palette1, #3182CE);}.wp-block-kadence-iconlist.kt-svg-icon-list-items17658_e1979e-5d ul.kt-svg-icon-list .kt-svg-icon-list-item-wrap .kt-svg-icon-list-single{margin-right:10px;}.kt-svg-icon-list-items17658_e1979e-5d ul.kt-svg-icon-list .kt-svg-icon-list-level-0 .kt-svg-icon-list-single svg{font-size:20px;}<\/style>\n<div class=\"wp-block-kadence-iconlist kt-svg-icon-list-items kt-svg-icon-list-items17658_e1979e-5d kt-svg-icon-list-columns-1 alignnone\"><ul class=\"kt-svg-icon-list\"><style>.kt-svg-icon-list-item-17658_3fb0ea-8c .kt-svg-icon-list-text mark.kt-highlight{background-color:unset;font-style:normal;color:#f76a0c;-webkit-box-decoration-break:clone;box-decoration-break:clone;padding-top:0px;padding-right:0px;padding-bottom:0px;padding-left:0px;}<\/style>\n<li class=\"wp-block-kadence-listitem kt-svg-icon-list-item-wrap kt-svg-icon-list-item-17658_3fb0ea-8c\"><span class=\"kb-svg-icon-wrap kb-svg-icon-fe_checkCircle kt-svg-icon-list-single\"><svg viewBox=\"0 0 24 24\"  fill=\"none\" stroke=\"currentColor\" stroke-width=\"3\" stroke-linecap=\"round\" stroke-linejoin=\"round\" xmlns=\"http:\/\/www.w3.org\/2000\/svg\"  aria-hidden=\"true\"><path d=\"M22 11.08V12a10 10 0 1 1-5.93-9.14\"\/><polyline points=\"22 4 12 14.01 9 11.01\"\/><\/svg><\/span><span class=\"kt-svg-icon-list-text\">Fabriqu\u00e9es \u00e0 partir de li\u00e8ge durable, les sandales v\u00e9ganes MARIA offrent une alternative \u00e9cologique aux mat\u00e9riaux traditionnels des chaussures, ce qui en fait un choix sans culpabilit\u00e9 pour les consommateurs soucieux de l&#8217;environnement.<\/span><\/li>\n\n\n<style>.kt-svg-icon-list-item-17658_a450a2-68 .kt-svg-icon-list-text mark.kt-highlight{background-color:unset;font-style:normal;color:#f76a0c;-webkit-box-decoration-break:clone;box-decoration-break:clone;padding-top:0px;padding-right:0px;padding-bottom:0px;padding-left:0px;}<\/style>\n<li class=\"wp-block-kadence-listitem kt-svg-icon-list-item-wrap kt-svg-icon-list-item-17658_a450a2-68\"><span class=\"kb-svg-icon-wrap kb-svg-icon-fe_checkCircle kt-svg-icon-list-single\"><svg viewBox=\"0 0 24 24\"  fill=\"none\" stroke=\"currentColor\" stroke-width=\"3\" stroke-linecap=\"round\" stroke-linejoin=\"round\" xmlns=\"http:\/\/www.w3.org\/2000\/svg\"  aria-hidden=\"true\"><path d=\"M22 11.08V12a10 10 0 1 1-5.93-9.14\"\/><polyline points=\"22 4 12 14.01 9 11.01\"\/><\/svg><\/span><span class=\"kt-svg-icon-list-text\">La silhouette \u00e9l\u00e9gante \u00e0 talon moyen et le design sophistiqu\u00e9 des sandales v\u00e9g\u00e9taliennes MARIA exsudent un style intemporel, ajoutant une touche de sophistication \u00e0 n&#8217;importe quel ensemble.<\/span><\/li>\n\n\n<style>.kt-svg-icon-list-item-17658_e5722a-38 .kt-svg-icon-list-text mark.kt-highlight{background-color:unset;font-style:normal;color:#f76a0c;-webkit-box-decoration-break:clone;box-decoration-break:clone;padding-top:0px;padding-right:0px;padding-bottom:0px;padding-left:0px;}<\/style>\n<li class=\"wp-block-kadence-listitem kt-svg-icon-list-item-wrap kt-svg-icon-list-item-17658_e5722a-38\"><span class=\"kb-svg-icon-wrap kb-svg-icon-fe_checkCircle kt-svg-icon-list-single\"><svg viewBox=\"0 0 24 24\"  fill=\"none\" stroke=\"currentColor\" stroke-width=\"3\" stroke-linecap=\"round\" stroke-linejoin=\"round\" xmlns=\"http:\/\/www.w3.org\/2000\/svg\"  aria-hidden=\"true\"><path d=\"M22 11.08V12a10 10 0 1 1-5.93-9.14\"\/><polyline points=\"22 4 12 14.01 9 11.01\"\/><\/svg><\/span><span class=\"kt-svg-icon-list-text\">Avec deux lani\u00e8res suppl\u00e9mentaires passant sur le devant du pied et se fixant \u00e0 l&#8217;arri\u00e8re de la cheville, ces sandales offrent un ajustement s\u00fbr et confortable, garantissant que les personnes qui les portent peuvent sortir avec confiance et facilit\u00e9.<\/span><\/li>\n<\/ul><\/div>\n\n\n\n<p>Entrez dans la mode durable avec confiance et style gr\u00e2ce aux sandales MARIA Vegan Brown. Rehaussez votre collection de chaussures avec ces sandales chics et \u00e9cologiques, en sachant que chaque pas que vous faites est un pas vers un avenir plus vert. Faites une d\u00e9claration avec vos choix de chaussures et adoptez la mode \u00e9thique avec les sandales MARIA.<\/p>\n","protected":false},"excerpt":{"rendered":"<p>Voici les MARIA Vegan Sandals Brown, o\u00f9 la durabilit\u00e9 rencontre la sophistication \u00e0 chaque pas. M\u00e9ticuleusement fabriqu\u00e9es \u00e0 partir de li\u00e8ge durable, ces sandales \u00e0 talon moyen red\u00e9finissent les chaussures \u00e9cologiques gr\u00e2ce \u00e0 leur design \u00e9l\u00e9gant et \u00e0 leurs mat\u00e9riaux respectueux de l&#8217;environnement. Dot\u00e9es de deux fines lani\u00e8res parall\u00e8les sur le devant, ces sandales offrent&#8230;<\/p>\n","protected":false},"featured_media":17655,"comment_status":"open","ping_status":"closed","template":"","meta":{"_acf_changed":false,"_kad_blocks_custom_css":"","_kad_blocks_head_custom_js":"","_kad_blocks_body_custom_js":"","_kad_blocks_footer_custom_js":"","_kad_post_transparent":"","_kad_post_title":"","_kad_post_layout":"","_kad_post_sidebar_id":"","_kad_post_content_style":"","_kad_post_vertical_padding":"","_kad_post_feature":"","_kad_post_feature_position":"","_kad_post_header":false,"_kad_post_footer":false,"_kad_post_classname":""},"product_brand":[],"product_cat":[706,46],"product_tag":[],"product_brands":[],"class_list":{"0":"post-17658","1":"product","2":"type-product","3":"status-publish","4":"has-post-thumbnail","6":"product_cat-pompe","7":"product_cat-chaussures-vegan","9":"first","10":"outofstock","11":"taxable","12":"shipping-taxable","13":"purchasable","14":"product-type-variable","15":"entry","16":"content-bg","17":"loop-entry"},"acf":{"avantages":"Fabriqu\u00e9es \u00e0 partir de li\u00e8ge durable, les sandales v\u00e9g\u00e9taliennes MARIA offrent une option de chaussure \u00e9l\u00e9gante et respectueuse de l'environnement. Le li\u00e8ge est une ressource renouvelable r\u00e9colt\u00e9e \u00e0 partir de l'\u00e9corce des ch\u00eanes-li\u00e8ges sans nuire \u00e0 l'arbre, ce qui fait de ces sandales un choix durable pour les consommateurs soucieux de l'environnement.\r\n\r\nAvec leur \u00e9l\u00e9gante silhouette \u00e0 talon moyen et leur design sophistiqu\u00e9, les sandales v\u00e9ganes MARIA exsudent un style intemporel. Les deux fines lani\u00e8res parall\u00e8les \u00e0 l'avant cr\u00e9ent un look minimaliste mais chic qui s'associe sans effort \u00e0 une vari\u00e9t\u00e9 de tenues, des plus d\u00e9contract\u00e9es aux plus habill\u00e9es.\r\n\r\nCes sandales sont dot\u00e9es de deux lani\u00e8res suppl\u00e9mentaires qui se croisent \u00e9l\u00e9gamment sur le devant du pied et se terminent par une seule lani\u00e8re \u00e0 l'arri\u00e8re de la cheville, ce qui leur conf\u00e8re un maintien s\u00fbr et confortable. Cette conception permet aux utilisateurs de sortir en toute confiance, sachant que leurs chaussures offrent \u00e0 la fois style et stabilit\u00e9.","entretien":"1. Enlevez La Poussi\u00e8re Ou La Boue Avec Une Brosse Douce Ou Un Chiffon Sec.\r\n\r\n2. Utilisez Un Chiffon Humide Pour Nettoyer L\u2019ensemble De Votre Produit En Frottant Doucement D\u2019un Geste Circulaire.\r\n\r\n3. Nettoyez R\u00e9guli\u00e8rement Votre Chiffon Pour \u00c9viter De R\u00e9pandre La Salet\u00e9\r\n\r\n4. Pour Les T\u00e2ches Difficiles, Utilisez Une Brosse \u00c0 Poils Doux Et De L\u2019eau En Frottant D\u00e9licatement D\u2019un Geste Circulaire.\r\n\r\n5. Laissez S\u00e9cher \u00c0 L\u2019air Libre Avant D\u2019appliquer Une Cr\u00e8me Nettoyante.\r\n\r\n6. Utilisez Une Cr\u00e8me Nettoyante Pour Donner Plus D\u2019\u00e9clat \u00c0 Votre Produit. Mettez Une Noisette De Produit Sur Une Brosse Ou Un Chiffon Doux Et Sec, Puis Faites P\u00e9n\u00e9trer Compl\u00e8tement Dans Le Tissu En Frottant D\u00e9licatement De Mani\u00e8re Circulaire Jusqu\u2019\u00e0 Totale Absorption.\r\n\r\n7. Enfin, Laissez S\u00e9cher \u00c0 L\u2019air Libre Pendant 24 Heures, \u00c0 L\u2019abri De La Lumi\u00e8re Directe Du Soleil.\r\n\r\n<strong>Attention<\/strong>\u00a0:\r\n\r\n\u2022 Ne Mettez Pas Votre Produit En Machine.\r\n\r\n\u2022 Ne L\u2019immergez Pas Dans L\u2019eau, Cela Pourrait Causer Des Dommages Irr\u00e9versibles.\r\n\r\nLorsque Vos Chaussures V\u00e9ganes Ont Atteint Leur Dur\u00e9e De Vie Ou Que Vous N\u2019en Avez Plus Besoin, Envisagez De Leur Donner Une Seconde Vie.\r\n\r\nDonnez-Leur Un Autre Usage Pour Vous-M\u00eame Ou Offrez-Les \u00c0 Quelqu","marque":""},"taxonomy_info":{"product_cat":[{"value":706,"label":"Pompe"},{"value":46,"label":"Chaussures vegan"}]},"featured_image_src_large":["https:\/\/ekomfort.lu\/wp-content\/uploads\/2024\/05\/Maria_Brown.jpg",700,700,false],"author_info":[],"comment_info":0,"_links":{"self":[{"href":"https:\/\/ekomfort.lu\/en\/wp-json\/wp\/v2\/product\/17658","targetHints":{"allow":["GET"]}}],"collection":[{"href":"https:\/\/ekomfort.lu\/en\/wp-json\/wp\/v2\/product"}],"about":[{"href":"https:\/\/ekomfort.lu\/en\/wp-json\/wp\/v2\/types\/product"}],"replies":[{"embeddable":true,"href":"https:\/\/ekomfort.lu\/en\/wp-json\/wp\/v2\/comments?post=17658"}],"wp:featuredmedia":[{"embeddable":true,"href":"https:\/\/ekomfort.lu\/en\/wp-json\/wp\/v2\/media\/17655"}],"wp:attachment":[{"href":"https:\/\/ekomfort.lu\/en\/wp-json\/wp\/v2\/media?parent=17658"}],"wp:term":[{"taxonomy":"product_brand","embeddable":true,"href":"https:\/\/ekomfort.lu\/en\/wp-json\/wp\/v2\/product_brand?post=17658"},{"taxonomy":"product_cat","embeddable":true,"href":"https:\/\/ekomfort.lu\/en\/wp-json\/wp\/v2\/product_cat?post=17658"},{"taxonomy":"product_tag","embeddable":true,"href":"https:\/\/ekomfort.lu\/en\/wp-json\/wp\/v2\/product_tag?post=17658"},{"taxonomy":"product_brands","embeddable":true,"href":"https:\/\/ekomfort.lu\/en\/wp-json\/wp\/v2\/product_brands?post=17658"}],"curies":[{"name":"wp","href":"https:\/\/api.w.org\/{rel}","templated":true}]}}