{"id":17632,"date":"2024-05-29T09:19:51","date_gmt":"2024-05-29T07:19:51","guid":{"rendered":"https:\/\/ekomfort.lu\/?post_type=product&#038;p=17632"},"modified":"2024-07-19T16:03:16","modified_gmt":"2024-07-19T14:03:16","slug":"mak-black-vegan-sandals","status":"publish","type":"product","link":"https:\/\/ekomfort.lu\/en\/shop\/mak-black-vegan-sandals\/","title":{"rendered":"MAK Black Vegan Sandals"},"content":{"rendered":"\n<p>Voici les MAK Black Vegan Sandals, o\u00f9 le style et le d\u00e9veloppement durable se rencontrent en parfaite harmonie. Fabriqu\u00e9es avec soin, ces chics sandales plates red\u00e9finissent les chaussures \u00e9cologiques gr\u00e2ce \u00e0 l&#8217;utilisation innovante du cuir de pomme, qui constitue une alternative \u00e9cologique et sans cruaut\u00e9 au cuir traditionnel. Avec leur design tendance \u00e0 trois brides &#8211; deux brides parall\u00e8les \u00e0 l&#8217;avant et une \u00e0 l&#8217;arri\u00e8re &#8211; ces sandales offrent \u00e0 la fois une esth\u00e9tique tendance et un ajustement confortable et s\u00fbr. La semelle int\u00e9rieure en li\u00e8ge ajoute une touche suppl\u00e9mentaire de confort et de respirabilit\u00e9, garantissant un amorti et une fra\u00eecheur \u00e0 chacun de vos pas. Entrez dans le monde de la mode \u00e9thique avec MAK, l&#8217;incarnation du style, du confort et de la responsabilit\u00e9 environnementale.<\/p>\n\n\n<style>.wp-block-kadence-iconlist.kt-svg-icon-list-items17632_607dd3-a5:not(.this-stops-third-party-issues){margin-top:0px;margin-bottom:0px;}.wp-block-kadence-iconlist.kt-svg-icon-list-items17632_607dd3-a5 ul.kt-svg-icon-list:not(.this-prevents-issues):not(.this-stops-third-party-issues):not(.tijsloc){margin-top:0px;margin-right:0px;margin-bottom:var(--global-kb-spacing-sm, 1.5rem);margin-left:0px;}.wp-block-kadence-iconlist.kt-svg-icon-list-items17632_607dd3-a5 ul.kt-svg-icon-list{grid-row-gap:5px;}.wp-block-kadence-iconlist.kt-svg-icon-list-items17632_607dd3-a5 .kb-svg-icon-wrap{font-size:18px;color:var(--global-palette1, #3182CE);}.wp-block-kadence-iconlist.kt-svg-icon-list-items17632_607dd3-a5 ul.kt-svg-icon-list .kt-svg-icon-list-item-wrap .kt-svg-icon-list-single{margin-right:10px;}.kt-svg-icon-list-items17632_607dd3-a5 ul.kt-svg-icon-list .kt-svg-icon-list-level-0 .kt-svg-icon-list-single svg{font-size:20px;}<\/style>\n<div class=\"wp-block-kadence-iconlist kt-svg-icon-list-items kt-svg-icon-list-items17632_607dd3-a5 kt-svg-icon-list-columns-1 alignnone\"><ul class=\"kt-svg-icon-list\"><style>.kt-svg-icon-list-item-17632_61e671-f5 .kt-svg-icon-list-text mark.kt-highlight{background-color:unset;font-style:normal;color:#f76a0c;-webkit-box-decoration-break:clone;box-decoration-break:clone;padding-top:0px;padding-right:0px;padding-bottom:0px;padding-left:0px;}<\/style>\n<li class=\"wp-block-kadence-listitem kt-svg-icon-list-item-wrap kt-svg-icon-list-item-17632_61e671-f5\"><span class=\"kb-svg-icon-wrap kb-svg-icon-fe_checkCircle kt-svg-icon-list-single\"><svg viewBox=\"0 0 24 24\"  fill=\"none\" stroke=\"currentColor\" stroke-width=\"3\" stroke-linecap=\"round\" stroke-linejoin=\"round\" xmlns=\"http:\/\/www.w3.org\/2000\/svg\"  aria-hidden=\"true\"><path d=\"M22 11.08V12a10 10 0 1 1-5.93-9.14\"\/><polyline points=\"22 4 12 14.01 9 11.01\"\/><\/svg><\/span><span class=\"kt-svg-icon-list-text\">Fabriqu\u00e9es en cuir de pomme \u00e9cologique, les sandales v\u00e9ganes noires de MAK offrent un choix durable aux consommateurs consciencieux, r\u00e9duisant l&#8217;impact sur l&#8217;environnement sans compromettre le style.<\/span><\/li>\n\n\n<style>.kt-svg-icon-list-item-17632_df2329-16 .kt-svg-icon-list-text mark.kt-highlight{background-color:unset;font-style:normal;color:#f76a0c;-webkit-box-decoration-break:clone;box-decoration-break:clone;padding-top:0px;padding-right:0px;padding-bottom:0px;padding-left:0px;}<\/style>\n<li class=\"wp-block-kadence-listitem kt-svg-icon-list-item-wrap kt-svg-icon-list-item-17632_df2329-16\"><span class=\"kb-svg-icon-wrap kb-svg-icon-fe_checkCircle kt-svg-icon-list-single\"><svg viewBox=\"0 0 24 24\"  fill=\"none\" stroke=\"currentColor\" stroke-width=\"3\" stroke-linecap=\"round\" stroke-linejoin=\"round\" xmlns=\"http:\/\/www.w3.org\/2000\/svg\"  aria-hidden=\"true\"><path d=\"M22 11.08V12a10 10 0 1 1-5.93-9.14\"\/><polyline points=\"22 4 12 14.01 9 11.01\"\/><\/svg><\/span><span class=\"kt-svg-icon-list-text\">Avec trois lani\u00e8res, dont deux lani\u00e8res parall\u00e8les \u00e0 l&#8217;avant et une \u00e0 l&#8217;arri\u00e8re, ces sandales sont \u00e0 la fois tendance et confortables, assurant un ajustement s\u00fbr qui permet la respiration et la facilit\u00e9 de mouvement.<\/span><\/li>\n\n\n<style>.kt-svg-icon-list-item-17632_d85f2c-f2 .kt-svg-icon-list-text mark.kt-highlight{background-color:unset;font-style:normal;color:#f76a0c;-webkit-box-decoration-break:clone;box-decoration-break:clone;padding-top:0px;padding-right:0px;padding-bottom:0px;padding-left:0px;}<\/style>\n<li class=\"wp-block-kadence-listitem kt-svg-icon-list-item-wrap kt-svg-icon-list-item-17632_d85f2c-f2\"><span class=\"kb-svg-icon-wrap kb-svg-icon-fe_checkCircle kt-svg-icon-list-single\"><svg viewBox=\"0 0 24 24\"  fill=\"none\" stroke=\"currentColor\" stroke-width=\"3\" stroke-linecap=\"round\" stroke-linejoin=\"round\" xmlns=\"http:\/\/www.w3.org\/2000\/svg\"  aria-hidden=\"true\"><path d=\"M22 11.08V12a10 10 0 1 1-5.93-9.14\"\/><polyline points=\"22 4 12 14.01 9 11.01\"\/><\/svg><\/span><span class=\"kt-svg-icon-list-text\">La semelle int\u00e9rieure en li\u00e8ge des MAK Black Vegan Sandals ajoute non seulement une couche suppl\u00e9mentaire de confort mais am\u00e9liore \u00e9galement la respirabilit\u00e9, offrant un soutien naturel \u00e0 chaque pas et contribuant \u00e0 une exp\u00e9rience de port plus fra\u00eeche et plus confortable.<\/span><\/li>\n<\/ul><\/div>\n\n\n\n<p>Entrez dans la mode \u00e9thique avec confiance et style gr\u00e2ce aux sandales v\u00e9ganes noires de MAK. Adoptez la durabilit\u00e9 sans faire de compromis sur le style ou le confort, en sachant que chaque pas que vous faites a un impact positif sur l&#8217;environnement. Rehaussez votre collection de chaussures avec ces sandales chics et durables, le choix parfait pour le consommateur soucieux de l&#8217;environnement.<\/p>\n","protected":false},"excerpt":{"rendered":"<p>Voici les MAK Black Vegan Sandals, o\u00f9 le style et le d\u00e9veloppement durable se rencontrent en parfaite harmonie. Fabriqu\u00e9es avec soin, ces chics sandales plates red\u00e9finissent les chaussures \u00e9cologiques gr\u00e2ce \u00e0 l&#8217;utilisation innovante du cuir de pomme, qui constitue une alternative \u00e9cologique et sans cruaut\u00e9 au cuir traditionnel. Avec leur design tendance \u00e0 trois brides&#8230;<\/p>\n","protected":false},"featured_media":17629,"comment_status":"open","ping_status":"closed","template":"","meta":{"_acf_changed":false,"_kad_blocks_custom_css":"","_kad_blocks_head_custom_js":"","_kad_blocks_body_custom_js":"","_kad_blocks_footer_custom_js":"","_kad_post_transparent":"","_kad_post_title":"","_kad_post_layout":"","_kad_post_sidebar_id":"","_kad_post_content_style":"","_kad_post_vertical_padding":"","_kad_post_feature":"","_kad_post_feature_position":"","_kad_post_header":false,"_kad_post_footer":false},"product_brand":[],"product_cat":[46,72],"product_tag":[],"product_brands":[],"class_list":{"0":"post-17632","1":"product","2":"type-product","3":"status-publish","4":"has-post-thumbnail","6":"product_cat-chaussures","7":"product_cat-sandales","9":"first","10":"outofstock","11":"taxable","12":"shipping-taxable","13":"purchasable","14":"product-type-variable","15":"entry","16":"content-bg","17":"loop-entry"},"acf":{"avantages":"Les MAK Black Vegan Sandals sont fabriqu\u00e9es en cuir de pomme \u00e9cologique, offrant une alternative durable au cuir traditionnel. Ce choix de mat\u00e9riau r\u00e9duit l'impact sur l'environnement et favorise les pratiques de mode \u00e9thiques, ce qui en fait un choix respectueux de l'environnement pour les consommateurs.\r\n\r\nDot\u00e9es d'un design \u00e9l\u00e9gant avec trois brides, dont une \u00e0 l'arri\u00e8re et deux brides parall\u00e8les \u00e0 l'avant, ces sandales sont \u00e0 la fois tendance et confortables. Les lani\u00e8res garantissent un bon maintien tout en permettant une bonne respirabilit\u00e9, ce qui permet aux utilisateurs de sortir avec style sans sacrifier le confort.\r\n\r\nLa semelle int\u00e9rieure en li\u00e8ge des MAK Black Vegan Sandals offre un soutien naturel et une bonne respirabilit\u00e9, am\u00e9liorant le confort de l'utilisateur \u00e0 chaque pas. Le li\u00e8ge est un mat\u00e9riau durable et renouvelable connu pour son confort et sa durabilit\u00e9, ce qui en fait un choix id\u00e9al pour les chaussures soucieuses de l'environnement.","entretien":"1. Enlevez La Poussi\u00e8re Ou La Boue Avec Une Brosse Douce Ou Un Chiffon Sec.\r\n\r\n2. Utilisez Un Chiffon Humide Pour Nettoyer L\u2019ensemble De Votre Produit En Frottant Doucement D\u2019un Geste Circulaire.\r\n\r\n3. Nettoyez R\u00e9guli\u00e8rement Votre Chiffon Pour \u00c9viter De R\u00e9pandre La Salet\u00e9\r\n\r\n4. Pour Les T\u00e2ches Difficiles, Utilisez Une Brosse \u00c0 Poils Doux Et De L\u2019eau En Frottant D\u00e9licatement D\u2019un Geste Circulaire.\r\n\r\n5. Laissez S\u00e9cher \u00c0 L\u2019air Libre Avant D\u2019appliquer Une Cr\u00e8me Nettoyante.\r\n\r\n6. Utilisez Une Cr\u00e8me Nettoyante Pour Donner Plus D\u2019\u00e9clat \u00c0 Votre Produit. Mettez Une Noisette De Produit Sur Une Brosse Ou Un Chiffon Doux Et Sec, Puis Faites P\u00e9n\u00e9trer Compl\u00e8tement Dans Le Tissu En Frottant D\u00e9licatement De Mani\u00e8re Circulaire Jusqu\u2019\u00e0 Totale Absorption.\r\n\r\n7. Enfin, Laissez S\u00e9cher \u00c0 L\u2019air Libre Pendant 24 Heures, \u00c0 L\u2019abri De La Lumi\u00e8re Directe Du Soleil.\r\n\r\n<strong>Attention<\/strong>\u00a0:\r\n\r\n\u2022 Ne Mettez Pas Votre Produit En Machine.\r\n\r\n\u2022 Ne L\u2019immergez Pas Dans L\u2019eau, Cela Pourrait Causer Des Dommages Irr\u00e9versibles.\r\n\r\nLorsque Vos Chaussures V\u00e9ganes Ont Atteint Leur Dur\u00e9e De Vie Ou Que Vous N\u2019en Avez Plus Besoin, Envisagez De Leur Donner Une Seconde Vie.\r\n\r\nDonnez-Leur Un Autre Usage Pour Vous-M\u00eame Ou Offrez-Les \u00c0 Quelqu","marque":""},"_wp_attached_file":null,"_wp_attachment_image_alt":null,"rank_math_facebook_image":null,"rank_math_facebook_image_id":null,"wpml_language":null,"_wp_attachment_metadata":null,"rank_math_focus_keyword":null,"rank_math_title":null,"rank_math_description":null,"taxonomy_info":{"product_cat":[{"value":46,"label":"Chaussures"},{"value":72,"label":"Sandales"}]},"featured_image_src_large":["https:\/\/ekomfort.lu\/wp-content\/uploads\/2024\/05\/Mak_Black.jpg",700,700,false],"author_info":[],"comment_info":0,"_links":{"self":[{"href":"https:\/\/ekomfort.lu\/en\/wp-json\/wp\/v2\/product\/17632","targetHints":{"allow":["GET"]}}],"collection":[{"href":"https:\/\/ekomfort.lu\/en\/wp-json\/wp\/v2\/product"}],"about":[{"href":"https:\/\/ekomfort.lu\/en\/wp-json\/wp\/v2\/types\/product"}],"replies":[{"embeddable":true,"href":"https:\/\/ekomfort.lu\/en\/wp-json\/wp\/v2\/comments?post=17632"}],"wp:featuredmedia":[{"embeddable":true,"href":"https:\/\/ekomfort.lu\/en\/wp-json\/wp\/v2\/media\/17629"}],"wp:attachment":[{"href":"https:\/\/ekomfort.lu\/en\/wp-json\/wp\/v2\/media?parent=17632"}],"wp:term":[{"taxonomy":"product_brand","embeddable":true,"href":"https:\/\/ekomfort.lu\/en\/wp-json\/wp\/v2\/product_brand?post=17632"},{"taxonomy":"product_cat","embeddable":true,"href":"https:\/\/ekomfort.lu\/en\/wp-json\/wp\/v2\/product_cat?post=17632"},{"taxonomy":"product_tag","embeddable":true,"href":"https:\/\/ekomfort.lu\/en\/wp-json\/wp\/v2\/product_tag?post=17632"},{"taxonomy":"product_brands","embeddable":true,"href":"https:\/\/ekomfort.lu\/en\/wp-json\/wp\/v2\/product_brands?post=17632"}],"curies":[{"name":"wp","href":"https:\/\/api.w.org\/{rel}","templated":true}]}}