{"id":17528,"date":"2024-05-29T09:18:01","date_gmt":"2024-05-29T07:18:01","guid":{"rendered":"https:\/\/ekomfort.lu\/?post_type=product&#038;p=17528"},"modified":"2024-07-20T10:17:51","modified_gmt":"2024-07-20T08:17:51","slug":"hebea-black-vegan-sandals","status":"publish","type":"product","link":"https:\/\/ekomfort.lu\/en\/shop\/hebea-black-vegan-sandals\/","title":{"rendered":"HEBEA Black Vegan Sandals"},"content":{"rendered":"\n<p>Voici les sandales HEBEA Black Vegan, o\u00f9 l&#8217;\u00e9l\u00e9gance rencontre l&#8217;\u00e9thique \u00e0 chaque pas. Fabriqu\u00e9es avec une attention m\u00e9ticuleuse aux d\u00e9tails, ces sandales \u00e0 talon moyen red\u00e9finissent le luxe avec leur somptueuse construction en cuir de pomme noir. Le design \u00e9pur\u00e9 pr\u00e9sente deux fines brides sur le devant pour une esth\u00e9tique minimaliste, tandis que l&#8217;ajout de brides crois\u00e9es ajoute une touche contemporaine de sophistication. Chaque paire est compl\u00e9t\u00e9e par une fermeture arri\u00e8re s\u00e9curis\u00e9e, garantissant \u00e0 la fois confort et style. Rehaussez votre collection de chaussures avec ces sandales v\u00e9g\u00e9taliennes, o\u00f9 le d\u00e9veloppement durable est parfaitement int\u00e9gr\u00e9 \u00e0 chaque conception \u00e9l\u00e9gante.<\/p>\n\n\n<style>.wp-block-kadence-iconlist.kt-svg-icon-list-items17528_38a197-51:not(.this-stops-third-party-issues){margin-top:0px;margin-bottom:0px;}.wp-block-kadence-iconlist.kt-svg-icon-list-items17528_38a197-51 ul.kt-svg-icon-list:not(.this-prevents-issues):not(.this-stops-third-party-issues):not(.tijsloc){margin-top:0px;margin-right:0px;margin-bottom:var(--global-kb-spacing-sm, 1.5rem);margin-left:0px;}.wp-block-kadence-iconlist.kt-svg-icon-list-items17528_38a197-51 ul.kt-svg-icon-list{grid-row-gap:5px;}.wp-block-kadence-iconlist.kt-svg-icon-list-items17528_38a197-51 .kb-svg-icon-wrap{font-size:18px;color:var(--global-palette1, #3182CE);}.wp-block-kadence-iconlist.kt-svg-icon-list-items17528_38a197-51 ul.kt-svg-icon-list .kt-svg-icon-list-item-wrap .kt-svg-icon-list-single{margin-right:10px;}.kt-svg-icon-list-items17528_38a197-51 ul.kt-svg-icon-list .kt-svg-icon-list-level-0 .kt-svg-icon-list-single svg{font-size:20px;}<\/style>\n<div class=\"wp-block-kadence-iconlist kt-svg-icon-list-items kt-svg-icon-list-items17528_38a197-51 kt-svg-icon-list-columns-1 alignnone\"><ul class=\"kt-svg-icon-list\"><style>.kt-svg-icon-list-item-17528_bb42a3-35 .kt-svg-icon-list-text mark.kt-highlight{background-color:unset;font-style:normal;color:#f76a0c;-webkit-box-decoration-break:clone;box-decoration-break:clone;padding-top:0px;padding-right:0px;padding-bottom:0px;padding-left:0px;}<\/style>\n<li class=\"wp-block-kadence-listitem kt-svg-icon-list-item-wrap kt-svg-icon-list-item-17528_bb42a3-35\"><span class=\"kb-svg-icon-wrap kb-svg-icon-fe_checkCircle kt-svg-icon-list-single\"><svg viewBox=\"0 0 24 24\"  fill=\"none\" stroke=\"currentColor\" stroke-width=\"3\" stroke-linecap=\"round\" stroke-linejoin=\"round\" xmlns=\"http:\/\/www.w3.org\/2000\/svg\"  aria-hidden=\"true\"><path d=\"M22 11.08V12a10 10 0 1 1-5.93-9.14\"\/><polyline points=\"22 4 12 14.01 9 11.01\"\/><\/svg><\/span><span class=\"kt-svg-icon-list-text\">Profitez de l&#8217;indulgence du luxueux cuir de pomme noir, qui offre une alternative sans cruaut\u00e9 au cuir traditionnel sans compromettre la qualit\u00e9 ou le style.<\/span><\/li>\n\n\n<style>.kt-svg-icon-list-item-17528_1b8a51-d2 .kt-svg-icon-list-text mark.kt-highlight{background-color:unset;font-style:normal;color:#f76a0c;-webkit-box-decoration-break:clone;box-decoration-break:clone;padding-top:0px;padding-right:0px;padding-bottom:0px;padding-left:0px;}<\/style>\n<li class=\"wp-block-kadence-listitem kt-svg-icon-list-item-wrap kt-svg-icon-list-item-17528_1b8a51-d2\"><span class=\"kb-svg-icon-wrap kb-svg-icon-fe_checkCircle kt-svg-icon-list-single\"><svg viewBox=\"0 0 24 24\"  fill=\"none\" stroke=\"currentColor\" stroke-width=\"3\" stroke-linecap=\"round\" stroke-linejoin=\"round\" xmlns=\"http:\/\/www.w3.org\/2000\/svg\"  aria-hidden=\"true\"><path d=\"M22 11.08V12a10 10 0 1 1-5.93-9.14\"\/><polyline points=\"22 4 12 14.01 9 11.01\"\/><\/svg><\/span><span class=\"kt-svg-icon-list-text\">Avec leur design \u00e9l\u00e9gant et leurs lani\u00e8res crois\u00e9es modernes, ces sandales passent sans effort du jour \u00e0 la nuit, parfaites pour un large \u00e9ventail d&#8217;occasions et de tenues.<\/span><\/li>\n\n\n<style>.kt-svg-icon-list-item-17528_84420e-35 .kt-svg-icon-list-text mark.kt-highlight{background-color:unset;font-style:normal;color:#f76a0c;-webkit-box-decoration-break:clone;box-decoration-break:clone;padding-top:0px;padding-right:0px;padding-bottom:0px;padding-left:0px;}<\/style>\n<li class=\"wp-block-kadence-listitem kt-svg-icon-list-item-wrap kt-svg-icon-list-item-17528_84420e-35\"><span class=\"kb-svg-icon-wrap kb-svg-icon-fe_checkCircle kt-svg-icon-list-single\"><svg viewBox=\"0 0 24 24\"  fill=\"none\" stroke=\"currentColor\" stroke-width=\"3\" stroke-linecap=\"round\" stroke-linejoin=\"round\" xmlns=\"http:\/\/www.w3.org\/2000\/svg\"  aria-hidden=\"true\"><path d=\"M22 11.08V12a10 10 0 1 1-5.93-9.14\"\/><polyline points=\"22 4 12 14.01 9 11.01\"\/><\/svg><\/span><span class=\"kt-svg-icon-list-text\">Dot\u00e9es d&#8217;une fermeture \u00e0 l&#8217;arri\u00e8re, ces sandales offrent un ajustement confortable et s\u00fbr, permettant \u00e0 celles qui les portent de marcher avec confiance et gr\u00e2ce tout au long de la journ\u00e9e.<\/span><\/li>\n<\/ul><\/div>\n\n\n\n<p>Entrez dans la mode \u00e9thique avec confiance et gr\u00e2ce gr\u00e2ce aux sandales v\u00e9ganes noires HEBEA. Faites une d\u00e9claration en faveur de la durabilit\u00e9 sans sacrifier une once de style, et marchez vers un avenir plus brillant et plus \u00e9l\u00e9gant \u00e0 chaque pas.<\/p>\n","protected":false},"excerpt":{"rendered":"<p>Voici les sandales HEBEA Black Vegan, o\u00f9 l&#8217;\u00e9l\u00e9gance rencontre l&#8217;\u00e9thique \u00e0 chaque pas. Fabriqu\u00e9es avec une attention m\u00e9ticuleuse aux d\u00e9tails, ces sandales \u00e0 talon moyen red\u00e9finissent le luxe avec leur somptueuse construction en cuir de pomme noir. Le design \u00e9pur\u00e9 pr\u00e9sente deux fines brides sur le devant pour une esth\u00e9tique minimaliste, tandis que l&#8217;ajout de&#8230;<\/p>\n","protected":false},"featured_media":17525,"comment_status":"open","ping_status":"closed","template":"","meta":{"_acf_changed":false,"_kad_blocks_custom_css":"","_kad_blocks_head_custom_js":"","_kad_blocks_body_custom_js":"","_kad_blocks_footer_custom_js":"","_kad_post_transparent":"","_kad_post_title":"","_kad_post_layout":"","_kad_post_sidebar_id":"","_kad_post_content_style":"","_kad_post_vertical_padding":"","_kad_post_feature":"","_kad_post_feature_position":"","_kad_post_header":false,"_kad_post_footer":false,"_kad_post_classname":""},"product_brand":[],"product_cat":[706,46],"product_tag":[],"product_brands":[],"class_list":{"0":"post-17528","1":"product","2":"type-product","3":"status-publish","4":"has-post-thumbnail","6":"product_cat-pompe","7":"product_cat-chaussures-vegan","9":"first","10":"instock","11":"taxable","12":"shipping-taxable","13":"purchasable","14":"product-type-variable","15":"entry","16":"content-bg","17":"loop-entry"},"acf":{"avantages":"Fabriqu\u00e9es en luxueux cuir de pomme noir, ces sandales offrent une alternative de haute qualit\u00e9 et sans cruaut\u00e9 au cuir traditionnel, offrant durabilit\u00e9, douceur et une esth\u00e9tique sophistiqu\u00e9e sans nuire aux animaux.\r\n\r\nAvec leur charme minimaliste et leurs lani\u00e8res crois\u00e9es modernes, ces sandales exsudent l'\u00e9l\u00e9gance et la sophistication, ce qui les rend suffisamment polyvalentes pour s'adapter \u00e0 un large \u00e9ventail de tenues et d'occasions, qu'elles soient d\u00e9contract\u00e9es ou habill\u00e9es.\r\n\r\nDot\u00e9es d'une bride arri\u00e8re pour la fermeture, ces sandales n'offrent pas seulement du style, mais privil\u00e9gient \u00e9galement le confort et la s\u00e9curit\u00e9, garantissant une coupe ajust\u00e9e qui permet aux porteurs de marcher en toute confiance tout au long de la journ\u00e9e.","entretien":"1. Enlevez La Poussi\u00e8re Ou La Boue Avec Une Brosse Douce Ou Un Chiffon Sec.\r\n\r\n2. Utilisez Un Chiffon Humide Pour Nettoyer L\u2019ensemble De Votre Produit En Frottant Doucement D\u2019un Geste Circulaire.\r\n\r\n3. Nettoyez R\u00e9guli\u00e8rement Votre Chiffon Pour \u00c9viter De R\u00e9pandre La Salet\u00e9\r\n\r\n4. Pour Les T\u00e2ches Difficiles, Utilisez Une Brosse \u00c0 Poils Doux Et De L\u2019eau En Frottant D\u00e9licatement D\u2019un Geste Circulaire.\r\n\r\n5. Laissez S\u00e9cher \u00c0 L\u2019air Libre Avant D\u2019appliquer Une Cr\u00e8me Nettoyante.\r\n\r\n6. Utilisez Une Cr\u00e8me Nettoyante Pour Donner Plus D\u2019\u00e9clat \u00c0 Votre Produit. Mettez Une Noisette De Produit Sur Une Brosse Ou Un Chiffon Doux Et Sec, Puis Faites P\u00e9n\u00e9trer Compl\u00e8tement Dans Le Tissu En Frottant D\u00e9licatement De Mani\u00e8re Circulaire Jusqu\u2019\u00e0 Totale Absorption.\r\n\r\n7. Enfin, Laissez S\u00e9cher \u00c0 L\u2019air Libre Pendant 24 Heures, \u00c0 L\u2019abri De La Lumi\u00e8re Directe Du Soleil.\r\n\r\n<strong>Attention<\/strong>\u00a0:\r\n\r\n\u2022 Ne Mettez Pas Votre Produit En Machine.\r\n\r\n\u2022 Ne L\u2019immergez Pas Dans L\u2019eau, Cela Pourrait Causer Des Dommages Irr\u00e9versibles.\r\n\r\nLorsque Vos Chaussures V\u00e9ganes Ont Atteint Leur Dur\u00e9e De Vie Ou Que Vous N\u2019en Avez Plus Besoin, Envisagez De Leur Donner Une Seconde Vie.\r\n\r\nDonnez-Leur Un Autre Usage Pour Vous-M\u00eame Ou Offrez-Les \u00c0 Quelqu","marque":""},"taxonomy_info":{"product_cat":[{"value":706,"label":"Pompe"},{"value":46,"label":"Chaussures vegan"}]},"featured_image_src_large":["https:\/\/ekomfort.lu\/wp-content\/uploads\/2024\/05\/Hebea_Black-1.jpg",700,700,false],"author_info":[],"comment_info":0,"_links":{"self":[{"href":"https:\/\/ekomfort.lu\/en\/wp-json\/wp\/v2\/product\/17528","targetHints":{"allow":["GET"]}}],"collection":[{"href":"https:\/\/ekomfort.lu\/en\/wp-json\/wp\/v2\/product"}],"about":[{"href":"https:\/\/ekomfort.lu\/en\/wp-json\/wp\/v2\/types\/product"}],"replies":[{"embeddable":true,"href":"https:\/\/ekomfort.lu\/en\/wp-json\/wp\/v2\/comments?post=17528"}],"wp:featuredmedia":[{"embeddable":true,"href":"https:\/\/ekomfort.lu\/en\/wp-json\/wp\/v2\/media\/17525"}],"wp:attachment":[{"href":"https:\/\/ekomfort.lu\/en\/wp-json\/wp\/v2\/media?parent=17528"}],"wp:term":[{"taxonomy":"product_brand","embeddable":true,"href":"https:\/\/ekomfort.lu\/en\/wp-json\/wp\/v2\/product_brand?post=17528"},{"taxonomy":"product_cat","embeddable":true,"href":"https:\/\/ekomfort.lu\/en\/wp-json\/wp\/v2\/product_cat?post=17528"},{"taxonomy":"product_tag","embeddable":true,"href":"https:\/\/ekomfort.lu\/en\/wp-json\/wp\/v2\/product_tag?post=17528"},{"taxonomy":"product_brands","embeddable":true,"href":"https:\/\/ekomfort.lu\/en\/wp-json\/wp\/v2\/product_brands?post=17528"}],"curies":[{"name":"wp","href":"https:\/\/api.w.org\/{rel}","templated":true}]}}