{"id":17362,"date":"2024-05-29T09:12:26","date_gmt":"2024-05-29T07:12:26","guid":{"rendered":"https:\/\/ekomfort.lu\/?post_type=product&#038;p=17362"},"modified":"2024-07-04T17:19:36","modified_gmt":"2024-07-04T15:19:36","slug":"devan-black-vegan-sandals","status":"publish","type":"product","link":"https:\/\/ekomfort.lu\/en\/shop\/devan-black-vegan-sandals\/","title":{"rendered":"DEVAN Black Vegan Sandals"},"content":{"rendered":"\n<p>Voici les sandales v\u00e9g\u00e9taliennes noires DEVAN, un m\u00e9lange sophistiqu\u00e9 de style et de durabilit\u00e9. Fabriqu\u00e9es dans un luxueux cuir de pomme noir, ces sandales \u00e0 talon moyen offrent \u00e0 la fois \u00e9l\u00e9gance et conscience dans un ensemble \u00e9l\u00e9gant. Avec leur bout ouvert chic et leurs fines lani\u00e8res entrecrois\u00e9es, elles rehaussent sans effort n&#8217;importe quelle tenue, de la tenue de jour d\u00e9contract\u00e9e \u00e0 l&#8217;ensemble de soir\u00e9e. Con\u00e7ues pour le confort et la durabilit\u00e9, ces sandales ne sont pas seulement une d\u00e9claration de mode, mais un engagement envers la mode \u00e9thique que vous pouvez porter en toute confiance.<\/p>\n\n\n<style>.wp-block-kadence-iconlist.kt-svg-icon-list-items17362_26d3dc-47:not(.this-stops-third-party-issues){margin-top:0px;margin-bottom:0px;}.wp-block-kadence-iconlist.kt-svg-icon-list-items17362_26d3dc-47 ul.kt-svg-icon-list:not(.this-prevents-issues):not(.this-stops-third-party-issues):not(.tijsloc){margin-top:0px;margin-right:0px;margin-bottom:var(--global-kb-spacing-sm, 1.5rem);margin-left:0px;}.wp-block-kadence-iconlist.kt-svg-icon-list-items17362_26d3dc-47 ul.kt-svg-icon-list{grid-row-gap:5px;}.wp-block-kadence-iconlist.kt-svg-icon-list-items17362_26d3dc-47 .kb-svg-icon-wrap{font-size:18px;color:var(--global-palette1, #3182CE);}.wp-block-kadence-iconlist.kt-svg-icon-list-items17362_26d3dc-47 ul.kt-svg-icon-list .kt-svg-icon-list-item-wrap .kt-svg-icon-list-single{margin-right:10px;}.kt-svg-icon-list-items17362_26d3dc-47 ul.kt-svg-icon-list .kt-svg-icon-list-level-0 .kt-svg-icon-list-single svg{font-size:20px;}<\/style>\n<div class=\"wp-block-kadence-iconlist kt-svg-icon-list-items kt-svg-icon-list-items17362_26d3dc-47 kt-svg-icon-list-columns-1 alignnone\"><ul class=\"kt-svg-icon-list\"><style>.kt-svg-icon-list-item-17362_c51d17-89 .kt-svg-icon-list-text mark.kt-highlight{background-color:unset;font-style:normal;color:#f76a0c;-webkit-box-decoration-break:clone;box-decoration-break:clone;padding-top:0px;padding-right:0px;padding-bottom:0px;padding-left:0px;}<\/style>\n<li class=\"wp-block-kadence-listitem kt-svg-icon-list-item-wrap kt-svg-icon-list-item-17362_c51d17-89\"><span class=\"kb-svg-icon-wrap kb-svg-icon-fe_checkCircle kt-svg-icon-list-single\"><svg viewBox=\"0 0 24 24\"  fill=\"none\" stroke=\"currentColor\" stroke-width=\"3\" stroke-linecap=\"round\" stroke-linejoin=\"round\" xmlns=\"http:\/\/www.w3.org\/2000\/svg\"  aria-hidden=\"true\"><path d=\"M22 11.08V12a10 10 0 1 1-5.93-9.14\"\/><polyline points=\"22 4 12 14.01 9 11.01\"\/><\/svg><\/span><span class=\"kt-svg-icon-list-text\">Fabriqu\u00e9es en cuir de pomme noire, ces sandales offrent une alternative sans cruaut\u00e9 au cuir traditionnel, garantissant un plaisir sans culpabilit\u00e9 dans des chaussures de luxe qui s&#8217;alignent sur vos valeurs \u00e9thiques.<\/span><\/li>\n\n\n<style>.kt-svg-icon-list-item-17362_38d059-d3 .kt-svg-icon-list-text mark.kt-highlight{background-color:unset;font-style:normal;color:#f76a0c;-webkit-box-decoration-break:clone;box-decoration-break:clone;padding-top:0px;padding-right:0px;padding-bottom:0px;padding-left:0px;}<\/style>\n<li class=\"wp-block-kadence-listitem kt-svg-icon-list-item-wrap kt-svg-icon-list-item-17362_38d059-d3\"><span class=\"kb-svg-icon-wrap kb-svg-icon-fe_checkCircle kt-svg-icon-list-single\"><svg viewBox=\"0 0 24 24\"  fill=\"none\" stroke=\"currentColor\" stroke-width=\"3\" stroke-linecap=\"round\" stroke-linejoin=\"round\" xmlns=\"http:\/\/www.w3.org\/2000\/svg\"  aria-hidden=\"true\"><path d=\"M22 11.08V12a10 10 0 1 1-5.93-9.14\"\/><polyline points=\"22 4 12 14.01 9 11.01\"\/><\/svg><\/span><span class=\"kt-svg-icon-list-text\">Le design intemporel de ces sandales, avec un bout ouvert et des lani\u00e8res fines, se pr\u00eate \u00e0 un style polyvalent, passant sans probl\u00e8me du jour \u00e0 la nuit et compl\u00e9tant une vari\u00e9t\u00e9 de tenues avec une sophistication sans effort.<\/span><\/li>\n\n\n<style>.kt-svg-icon-list-item-17362_beb209-b1 .kt-svg-icon-list-text mark.kt-highlight{background-color:unset;font-style:normal;color:#f76a0c;-webkit-box-decoration-break:clone;box-decoration-break:clone;padding-top:0px;padding-right:0px;padding-bottom:0px;padding-left:0px;}<\/style>\n<li class=\"wp-block-kadence-listitem kt-svg-icon-list-item-wrap kt-svg-icon-list-item-17362_beb209-b1\"><span class=\"kb-svg-icon-wrap kb-svg-icon-fe_checkCircle kt-svg-icon-list-single\"><svg viewBox=\"0 0 24 24\"  fill=\"none\" stroke=\"currentColor\" stroke-width=\"3\" stroke-linecap=\"round\" stroke-linejoin=\"round\" xmlns=\"http:\/\/www.w3.org\/2000\/svg\"  aria-hidden=\"true\"><path d=\"M22 11.08V12a10 10 0 1 1-5.93-9.14\"\/><polyline points=\"22 4 12 14.01 9 11.01\"\/><\/svg><\/span><span class=\"kt-svg-icon-list-text\">Con\u00e7ues pour le confort et le style, ces sandales offrent un ajustement s\u00fbr et stable gr\u00e2ce \u00e0 leur talon de hauteur moyenne et \u00e0 leur bride \u00e0 la cheville, ce qui vous permet d&#8217;avancer dans votre journ\u00e9e avec aisance et gr\u00e2ce.<\/span><\/li>\n<\/ul><\/div>\n\n\n\n<p>Entrez dans le monde de la mode \u00e9thique avec les sandales v\u00e9ganes noires DEVAN. Rehaussez votre look tout en ayant un impact positif sur la plan\u00e8te, un pas \u00e9l\u00e9gant \u00e0 la fois.<\/p>\n","protected":false},"excerpt":{"rendered":"<p>Voici les sandales v\u00e9g\u00e9taliennes noires DEVAN, un m\u00e9lange sophistiqu\u00e9 de style et de durabilit\u00e9. Fabriqu\u00e9es dans un luxueux cuir de pomme noir, ces sandales \u00e0 talon moyen offrent \u00e0 la fois \u00e9l\u00e9gance et conscience dans un ensemble \u00e9l\u00e9gant. Avec leur bout ouvert chic et leurs fines lani\u00e8res entrecrois\u00e9es, elles rehaussent sans effort n&#8217;importe quelle tenue,&#8230;<\/p>\n","protected":false},"featured_media":17359,"comment_status":"open","ping_status":"closed","template":"","meta":{"_acf_changed":false,"_kad_blocks_custom_css":"","_kad_blocks_head_custom_js":"","_kad_blocks_body_custom_js":"","_kad_blocks_footer_custom_js":"","_kad_post_transparent":"","_kad_post_title":"","_kad_post_layout":"","_kad_post_sidebar_id":"","_kad_post_content_style":"","_kad_post_vertical_padding":"","_kad_post_feature":"","_kad_post_feature_position":"","_kad_post_header":false,"_kad_post_footer":false,"_kad_post_classname":""},"product_brand":[],"product_cat":[706,46],"product_tag":[],"product_brands":[],"class_list":{"0":"post-17362","1":"product","2":"type-product","3":"status-publish","4":"has-post-thumbnail","6":"product_cat-pompe","7":"product_cat-chaussures-vegan","9":"first","10":"outofstock","11":"taxable","12":"shipping-taxable","13":"purchasable","14":"product-type-variable","15":"entry","16":"content-bg","17":"loop-entry"},"acf":{"avantages":"Fabriqu\u00e9es en cuir de pomme noir, ces sandales offrent un aspect et une sensation luxueux sans compromettre l'\u00e9thique. L'utilisation de cuir v\u00e9g\u00e9talien ne se contente pas d'imiter l'apparence du cuir traditionnel, mais s'aligne \u00e9galement sur les principes du d\u00e9veloppement durable et de l'absence de cruaut\u00e9, ce qui s\u00e9duit les consommateurs consciencieux.\r\n\r\nLes sandales pr\u00e9sentent un design sophistiqu\u00e9 avec un bout ouvert et des lani\u00e8res fines qui se croisent sur le devant, ajoutant une touche de modernit\u00e9 \u00e0 n'importe quelle tenue. En outre, la bride qui entoure la cheville est \u00e0 la fois \u00e9l\u00e9gante et fonctionnelle, offrant une fermeture s\u00fbre tout en rehaussant l'attrait esth\u00e9tique g\u00e9n\u00e9ral.\r\n\r\nCon\u00e7ues et fabriqu\u00e9es dans un souci de durabilit\u00e9, ces sandales s'adressent aux personnes soucieuses de l'environnement. En optant pour des mat\u00e9riaux v\u00e9g\u00e9taliens et en donnant la priorit\u00e9 aux pratiques durables, les DEVAN Black Vegan Sandals contribuent \u00e0 r\u00e9duire l'impact environnemental des choix de mode, ce qui en fait une option de chaussure responsable et \u00e9cologique.","entretien":"1. Enlevez La Poussi\u00e8re Ou La Boue Avec Une Brosse Douce Ou Un Chiffon Sec.\r\n\r\n2. Utilisez Un Chiffon Humide Pour Nettoyer L\u2019ensemble De Votre Produit En Frottant Doucement D\u2019un Geste Circulaire.\r\n\r\n3. Nettoyez R\u00e9guli\u00e8rement Votre Chiffon Pour \u00c9viter De R\u00e9pandre La Salet\u00e9\r\n\r\n4. Pour Les T\u00e2ches Difficiles, Utilisez Une Brosse \u00c0 Poils Doux Et De L\u2019eau En Frottant D\u00e9licatement D\u2019un Geste Circulaire.\r\n\r\n5. Laissez S\u00e9cher \u00c0 L\u2019air Libre Avant D\u2019appliquer Une Cr\u00e8me Nettoyante.\r\n\r\n6. Utilisez Une Cr\u00e8me Nettoyante Pour Donner Plus D\u2019\u00e9clat \u00c0 Votre Produit. Mettez Une Noisette De Produit Sur Une Brosse Ou Un Chiffon Doux Et Sec, Puis Faites P\u00e9n\u00e9trer Compl\u00e8tement Dans Le Tissu En Frottant D\u00e9licatement De Mani\u00e8re Circulaire Jusqu\u2019\u00e0 Totale Absorption.\r\n\r\n7. Enfin, Laissez S\u00e9cher \u00c0 L\u2019air Libre Pendant 24 Heures, \u00c0 L\u2019abri De La Lumi\u00e8re Directe Du Soleil.\r\n\r\n<strong>Attention<\/strong>\u00a0:\r\n\r\n\u2022 Ne Mettez Pas Votre Produit En Machine.\r\n\r\n\u2022 Ne L\u2019immergez Pas Dans L\u2019eau, Cela Pourrait Causer Des Dommages Irr\u00e9versibles.\r\n\r\nLorsque Vos Chaussures V\u00e9ganes Ont Atteint Leur Dur\u00e9e De Vie Ou Que Vous N\u2019en Avez Plus Besoin, Envisagez De Leur Donner Une Seconde Vie.\r\n\r\nDonnez-Leur Un Autre Usage Pour Vous-M\u00eame Ou Offrez-Les \u00c0 Quelqu","marque":""},"taxonomy_info":{"product_cat":[{"value":706,"label":"Pompe"},{"value":46,"label":"Chaussures vegan"}]},"featured_image_src_large":["https:\/\/ekomfort.lu\/wp-content\/uploads\/2024\/05\/Devan_Black.jpg",700,700,false],"author_info":[],"comment_info":0,"_links":{"self":[{"href":"https:\/\/ekomfort.lu\/en\/wp-json\/wp\/v2\/product\/17362","targetHints":{"allow":["GET"]}}],"collection":[{"href":"https:\/\/ekomfort.lu\/en\/wp-json\/wp\/v2\/product"}],"about":[{"href":"https:\/\/ekomfort.lu\/en\/wp-json\/wp\/v2\/types\/product"}],"replies":[{"embeddable":true,"href":"https:\/\/ekomfort.lu\/en\/wp-json\/wp\/v2\/comments?post=17362"}],"wp:featuredmedia":[{"embeddable":true,"href":"https:\/\/ekomfort.lu\/en\/wp-json\/wp\/v2\/media\/17359"}],"wp:attachment":[{"href":"https:\/\/ekomfort.lu\/en\/wp-json\/wp\/v2\/media?parent=17362"}],"wp:term":[{"taxonomy":"product_brand","embeddable":true,"href":"https:\/\/ekomfort.lu\/en\/wp-json\/wp\/v2\/product_brand?post=17362"},{"taxonomy":"product_cat","embeddable":true,"href":"https:\/\/ekomfort.lu\/en\/wp-json\/wp\/v2\/product_cat?post=17362"},{"taxonomy":"product_tag","embeddable":true,"href":"https:\/\/ekomfort.lu\/en\/wp-json\/wp\/v2\/product_tag?post=17362"},{"taxonomy":"product_brands","embeddable":true,"href":"https:\/\/ekomfort.lu\/en\/wp-json\/wp\/v2\/product_brands?post=17362"}],"curies":[{"name":"wp","href":"https:\/\/api.w.org\/{rel}","templated":true}]}}