{"id":17349,"date":"2024-05-29T09:12:18","date_gmt":"2024-05-29T07:12:18","guid":{"rendered":"https:\/\/ekomfort.lu\/?post_type=product&#038;p=17349"},"modified":"2024-07-04T17:13:14","modified_gmt":"2024-07-04T15:13:14","slug":"berlin-baskets-vegan-rouge","status":"publish","type":"product","link":"https:\/\/ekomfort.lu\/en\/shop\/berlin-baskets-vegan-rouge\/","title":{"rendered":"BERLIN Baskets Vegan Rouge"},"content":{"rendered":"\n<p>Voici les BERLIN Vegan Sneakers Red, un symbole de durabilit\u00e9 et de style dans le monde de la chaussure. Ces baskets red\u00e9finissent la mode \u00e9co-consciente, en mariant des mat\u00e9riaux innovants \u00e0 un design contemporain. Fabriqu\u00e9es avec une attention m\u00e9ticuleuse aux d\u00e9tails, ces baskets sont orn\u00e9es de Pi\u00f1atex rouge, ajoutant une touche de couleur \u00e0 n&#8217;importe quel ensemble. Associ\u00e9es \u00e0 des touches de cuir de pomme, elles offrent un look luxueux sans compromettre les valeurs \u00e9thiques. Entrez dans un monde o\u00f9 la mode rencontre la conscience \u00e9cologique sans effort avec les BERLIN Vegan Sneakers Red.<\/p>\n\n\n<style>.wp-block-kadence-iconlist.kt-svg-icon-list-items17349_9aa133-4d:not(.this-stops-third-party-issues){margin-top:0px;margin-bottom:0px;}.wp-block-kadence-iconlist.kt-svg-icon-list-items17349_9aa133-4d ul.kt-svg-icon-list:not(.this-prevents-issues):not(.this-stops-third-party-issues):not(.tijsloc){margin-top:0px;margin-right:0px;margin-bottom:var(--global-kb-spacing-sm, 1.5rem);margin-left:0px;}.wp-block-kadence-iconlist.kt-svg-icon-list-items17349_9aa133-4d ul.kt-svg-icon-list{grid-row-gap:5px;}.wp-block-kadence-iconlist.kt-svg-icon-list-items17349_9aa133-4d .kb-svg-icon-wrap{font-size:18px;color:var(--global-palette1, #3182CE);}.wp-block-kadence-iconlist.kt-svg-icon-list-items17349_9aa133-4d ul.kt-svg-icon-list .kt-svg-icon-list-item-wrap .kt-svg-icon-list-single{margin-right:10px;}.kt-svg-icon-list-items17349_9aa133-4d ul.kt-svg-icon-list .kt-svg-icon-list-level-0 .kt-svg-icon-list-single svg{font-size:20px;}<\/style>\n<div class=\"wp-block-kadence-iconlist kt-svg-icon-list-items kt-svg-icon-list-items17349_9aa133-4d kt-svg-icon-list-columns-1 alignnone\"><ul class=\"kt-svg-icon-list\"><style>.kt-svg-icon-list-item-17349_4186c6-20 .kt-svg-icon-list-text mark.kt-highlight{background-color:unset;font-style:normal;color:#f76a0c;-webkit-box-decoration-break:clone;box-decoration-break:clone;padding-top:0px;padding-right:0px;padding-bottom:0px;padding-left:0px;}<\/style>\n<li class=\"wp-block-kadence-listitem kt-svg-icon-list-item-wrap kt-svg-icon-list-item-17349_4186c6-20\"><span class=\"kb-svg-icon-wrap kb-svg-icon-fe_checkCircle kt-svg-icon-list-single\"><svg viewBox=\"0 0 24 24\"  fill=\"none\" stroke=\"currentColor\" stroke-width=\"3\" stroke-linecap=\"round\" stroke-linejoin=\"round\" xmlns=\"http:\/\/www.w3.org\/2000\/svg\"  aria-hidden=\"true\"><path d=\"M22 11.08V12a10 10 0 1 1-5.93-9.14\"\/><polyline points=\"22 4 12 14.01 9 11.01\"\/><\/svg><\/span><span class=\"kt-svg-icon-list-text\">Fabriqu\u00e9es avec des d\u00e9tails en Pi\u00f1atex et du cuir de pomme, ces baskets adoptent des mat\u00e9riaux durables, r\u00e9duisant la d\u00e9pendance au cuir traditionnel et aux tissus synth\u00e9tiques tout en minimisant l&#8217;impact sur l&#8217;environnement.<\/span><\/li>\n\n\n<style>.kt-svg-icon-list-item-17349_a06a18-a4 .kt-svg-icon-list-text mark.kt-highlight{background-color:unset;font-style:normal;color:#f76a0c;-webkit-box-decoration-break:clone;box-decoration-break:clone;padding-top:0px;padding-right:0px;padding-bottom:0px;padding-left:0px;}<\/style>\n<li class=\"wp-block-kadence-listitem kt-svg-icon-list-item-wrap kt-svg-icon-list-item-17349_a06a18-a4\"><span class=\"kb-svg-icon-wrap kb-svg-icon-fe_checkCircle kt-svg-icon-list-single\"><svg viewBox=\"0 0 24 24\"  fill=\"none\" stroke=\"currentColor\" stroke-width=\"3\" stroke-linecap=\"round\" stroke-linejoin=\"round\" xmlns=\"http:\/\/www.w3.org\/2000\/svg\"  aria-hidden=\"true\"><path d=\"M22 11.08V12a10 10 0 1 1-5.93-9.14\"\/><polyline points=\"22 4 12 14.01 9 11.01\"\/><\/svg><\/span><span class=\"kt-svg-icon-list-text\">La combinaison des d\u00e9tails Pi\u00f1atex et du cuir de pomme garantit la durabilit\u00e9, promettant une usure durable sans compromis sur le style. Ces baskets sont con\u00e7ues pour r\u00e9sister aux rigueurs de la vie quotidienne, offrant \u00e0 la fois mode et fonctionnalit\u00e9.<\/span><\/li>\n\n\n<style>.kt-svg-icon-list-item-17349_9e7737-6d .kt-svg-icon-list-text mark.kt-highlight{background-color:unset;font-style:normal;color:#f76a0c;-webkit-box-decoration-break:clone;box-decoration-break:clone;padding-top:0px;padding-right:0px;padding-bottom:0px;padding-left:0px;}<\/style>\n<li class=\"wp-block-kadence-listitem kt-svg-icon-list-item-wrap kt-svg-icon-list-item-17349_9e7737-6d\"><span class=\"kb-svg-icon-wrap kb-svg-icon-fe_checkCircle kt-svg-icon-list-single\"><svg viewBox=\"0 0 24 24\"  fill=\"none\" stroke=\"currentColor\" stroke-width=\"3\" stroke-linecap=\"round\" stroke-linejoin=\"round\" xmlns=\"http:\/\/www.w3.org\/2000\/svg\"  aria-hidden=\"true\"><path d=\"M22 11.08V12a10 10 0 1 1-5.93-9.14\"\/><polyline points=\"22 4 12 14.01 9 11.01\"\/><\/svg><\/span><span class=\"kt-svg-icon-list-text\">La semelle en caoutchouc recycl\u00e9, d\u00e9riv\u00e9e de balles de tennis, assure le confort tout en minimisant les effets n\u00e9fastes sur l&#8217;environnement. En r\u00e9utilisant des mat\u00e9riaux tels que les balles de tennis, les baskets contribuent \u00e0 la r\u00e9duction des d\u00e9chets et offrent une solution durable pour la production de chaussures.<\/span><\/li>\n<\/ul><\/div>\n\n\n\n<p>Am\u00e9liorez votre collection de chaussures avec les BERLIN Vegan Sneakers Red et profitez des avantages de la mode durable sans faire de compromis sur le style ou le confort. Ces baskets basses illustrent la fusion de la mode et de la conscience \u00e9cologique, vous permettant d&#8217;avoir un impact positif sur la plan\u00e8te \u00e0 chaque pas.<\/p>\n","protected":false},"excerpt":{"rendered":"<p>Voici les BERLIN Vegan Sneakers Red, un symbole de durabilit\u00e9 et de style dans le monde de la chaussure. Ces baskets red\u00e9finissent la mode \u00e9co-consciente, en mariant des mat\u00e9riaux innovants \u00e0 un design contemporain. Fabriqu\u00e9es avec une attention m\u00e9ticuleuse aux d\u00e9tails, ces baskets sont orn\u00e9es de Pi\u00f1atex rouge, ajoutant une touche de couleur \u00e0 n&#8217;importe&#8230;<\/p>\n","protected":false},"featured_media":17346,"comment_status":"open","ping_status":"closed","template":"","meta":{"_acf_changed":false,"_kad_blocks_custom_css":"","_kad_blocks_head_custom_js":"","_kad_blocks_body_custom_js":"","_kad_blocks_footer_custom_js":"","_kad_post_transparent":"","_kad_post_title":"","_kad_post_layout":"","_kad_post_sidebar_id":"","_kad_post_content_style":"","_kad_post_vertical_padding":"","_kad_post_feature":"","_kad_post_feature_position":"","_kad_post_header":false,"_kad_post_footer":false,"_kad_post_classname":""},"product_brand":[],"product_cat":[70,46],"product_tag":[],"product_brands":[],"class_list":{"0":"post-17349","1":"product","2":"type-product","3":"status-publish","4":"has-post-thumbnail","6":"product_cat-sneakers","7":"product_cat-chaussures","9":"first","10":"outofstock","11":"taxable","12":"shipping-taxable","13":"purchasable","14":"product-type-variable","15":"entry","16":"content-bg","17":"loop-entry"},"acf":{"avantages":"L'utilisation de Pi\u00f1atex dans le cuir rouge et le cuir de pomme rend ces baskets respectueuses de l'environnement. En optant pour des mat\u00e9riaux \u00e9cologiques, les baskets r\u00e9duisent la d\u00e9pendance au cuir traditionnel et aux tissus synth\u00e9tiques, minimisant ainsi leur impact sur l'environnement.\r\n\r\nLa combinaison des d\u00e9tails Pi\u00f1atex et du cuir de pomme garantit la durabilit\u00e9 de la chaussure. Cette durabilit\u00e9 n'est pas seulement une valeur ajout\u00e9e pour le consommateur, mais elle r\u00e9duit \u00e9galement le besoin de remplacements fr\u00e9quents, contribuant ainsi \u00e0 la durabilit\u00e9 \u00e0 long terme.\r\n\r\nLa semelle en caoutchouc recycl\u00e9, d\u00e9riv\u00e9e des balles de tennis, assure le confort tout en minimisant les effets n\u00e9fastes sur l'environnement. En r\u00e9utilisant des mat\u00e9riaux tels que les balles de tennis, les baskets r\u00e9duisent les d\u00e9chets et contribuent \u00e0 l'\u00e9conomie circulaire, offrant une solution durable pour la production de chaussures.","entretien":"1. Enlevez La Poussi\u00e8re Ou La Boue Avec Une Brosse Douce Ou Un Chiffon Sec.\r\n\r\n2. Utilisez Un Chiffon Humide Pour Nettoyer L\u2019ensemble De Votre Produit En Frottant Doucement D\u2019un Geste Circulaire.\r\n\r\n3. Nettoyez R\u00e9guli\u00e8rement Votre Chiffon Pour \u00c9viter De R\u00e9pandre La Salet\u00e9\r\n\r\n4. Pour Les T\u00e2ches Difficiles, Utilisez Une Brosse \u00c0 Poils Doux Et De L\u2019eau En Frottant D\u00e9licatement D\u2019un Geste Circulaire.\r\n\r\n5. Laissez S\u00e9cher \u00c0 L\u2019air Libre Avant D\u2019appliquer Une Cr\u00e8me Nettoyante.\r\n\r\n6. Utilisez Une Cr\u00e8me Nettoyante Pour Donner Plus D\u2019\u00e9clat \u00c0 Votre Produit. Mettez Une Noisette De Produit Sur Une Brosse Ou Un Chiffon Doux Et Sec, Puis Faites P\u00e9n\u00e9trer Compl\u00e8tement Dans Le Tissu En Frottant D\u00e9licatement De Mani\u00e8re Circulaire Jusqu\u2019\u00e0 Totale Absorption.\r\n\r\n7. Enfin, Laissez S\u00e9cher \u00c0 L\u2019air Libre Pendant 24 Heures, \u00c0 L\u2019abri De La Lumi\u00e8re Directe Du Soleil.\r\n\r\n<strong>Attention<\/strong>\u00a0:\r\n\r\n\u2022 Ne Mettez Pas Votre Produit En Machine.\r\n\r\n\u2022 Ne L\u2019immergez Pas Dans L\u2019eau, Cela Pourrait Causer Des Dommages Irr\u00e9versibles.\r\n\r\nLorsque Vos Chaussures V\u00e9ganes Ont Atteint Leur Dur\u00e9e De Vie Ou Que Vous N\u2019en Avez Plus Besoin, Envisagez De Leur Donner Une Seconde Vie.\r\n\r\nDonnez-Leur Un Autre Usage Pour Vous-M\u00eame Ou Offrez-Les \u00c0 Quelqu","marque":""},"taxonomy_info":{"product_cat":[{"value":70,"label":"Sneakers"},{"value":46,"label":"Chaussures"}]},"featured_image_src_large":["https:\/\/ekomfort.lu\/wp-content\/uploads\/2024\/05\/Berlin_Red.jpg",700,700,false],"author_info":[],"comment_info":0,"_links":{"self":[{"href":"https:\/\/ekomfort.lu\/en\/wp-json\/wp\/v2\/product\/17349","targetHints":{"allow":["GET"]}}],"collection":[{"href":"https:\/\/ekomfort.lu\/en\/wp-json\/wp\/v2\/product"}],"about":[{"href":"https:\/\/ekomfort.lu\/en\/wp-json\/wp\/v2\/types\/product"}],"replies":[{"embeddable":true,"href":"https:\/\/ekomfort.lu\/en\/wp-json\/wp\/v2\/comments?post=17349"}],"wp:featuredmedia":[{"embeddable":true,"href":"https:\/\/ekomfort.lu\/en\/wp-json\/wp\/v2\/media\/17346"}],"wp:attachment":[{"href":"https:\/\/ekomfort.lu\/en\/wp-json\/wp\/v2\/media?parent=17349"}],"wp:term":[{"taxonomy":"product_brand","embeddable":true,"href":"https:\/\/ekomfort.lu\/en\/wp-json\/wp\/v2\/product_brand?post=17349"},{"taxonomy":"product_cat","embeddable":true,"href":"https:\/\/ekomfort.lu\/en\/wp-json\/wp\/v2\/product_cat?post=17349"},{"taxonomy":"product_tag","embeddable":true,"href":"https:\/\/ekomfort.lu\/en\/wp-json\/wp\/v2\/product_tag?post=17349"},{"taxonomy":"product_brands","embeddable":true,"href":"https:\/\/ekomfort.lu\/en\/wp-json\/wp\/v2\/product_brands?post=17349"}],"curies":[{"name":"wp","href":"https:\/\/api.w.org\/{rel}","templated":true}]}}