{"id":17277,"date":"2024-05-29T09:10:54","date_gmt":"2024-05-29T07:10:54","guid":{"rendered":"https:\/\/ekomfort.lu\/?post_type=product&#038;p=17277"},"modified":"2024-07-05T09:15:33","modified_gmt":"2024-07-05T07:15:33","slug":"osona-ceinture-beige-par-nae","status":"publish","type":"product","link":"https:\/\/ekomfort.lu\/en\/shop\/osona-ceinture-beige-par-nae\/","title":{"rendered":"Osona Beige Ceinture femme cuir apple skin"},"content":{"rendered":"<h1>Osona Beige: Ceinture Femme durable par Nae \u2013 Innovante, \u00c9co-responsable, \u00c9l\u00e9gante<\/h1>\n<p>Vous cherchez une ceinture qui allie modernit\u00e9, \u00e9l\u00e9gance et durabilit\u00e9? D\u00e9couvrez l&#8217;Osona Beige par Nae \u2013 une <strong>ceinture \u00e9l\u00e9gante femme<\/strong> innovante, \u00e9co-responsable et \u00e9l\u00e9gante.<\/p>\n<p><\/p>\n<p>Voici ses meilleurs atouts:\n<\/p>\n<p><\/p>\n<ul>\n<li><strong>Fermeture par boucle ovale<\/strong> \u2013 ajoutant une touche de sophistication<\/li>\n<li><strong>Sangle fine et coutures de contour<\/strong> \u2013 pour un look raffin\u00e9<\/li>\n<li><strong>Mat\u00e9riau : AppleSkin<\/strong> \u2013 fait \u00e0 partir de r\u00e9sidus de production de jus de pomme, une <em>ceinture en cuir v\u00e9g\u00e9tal<\/em> alternative v\u00e9gan au cuir<\/li>\n<li><strong>Couleur : Beige<\/strong> \u2013 un classique intemporel<\/li>\n<\/ul>\n<p>D\u00e9couvrez la <strong>ceinture Osona Beige<\/strong>, une pi\u00e8ce unique qui allie \u00e9thique et \u00e9l\u00e9gance \u00e0 la perfection. Achetez-la d\u00e8s maintenant pour 59 \u20ac et apportez une touche de chic \u00e9co-responsable \u00e0 votre garde-robe!<\/p>\n","protected":false},"excerpt":{"rendered":"<p>Osona Beige: Ceinture Femme durable par Nae \u2013 Innovante, \u00c9co-responsable, \u00c9l\u00e9gante Vous cherchez une ceinture qui allie modernit\u00e9, \u00e9l\u00e9gance et durabilit\u00e9? D\u00e9couvrez l&#8217;Osona Beige par Nae \u2013 une ceinture \u00e9l\u00e9gante femme innovante, \u00e9co-responsable et \u00e9l\u00e9gante. Voici ses meilleurs atouts: Fermeture par boucle ovale \u2013 ajoutant une touche de sophistication Sangle fine et coutures de contour&#8230;<\/p>\n","protected":false},"featured_media":17274,"comment_status":"open","ping_status":"closed","template":"","meta":{"_acf_changed":false,"_kad_blocks_custom_css":"","_kad_blocks_head_custom_js":"","_kad_blocks_body_custom_js":"","_kad_blocks_footer_custom_js":"","_kad_post_transparent":"","_kad_post_title":"","_kad_post_layout":"","_kad_post_sidebar_id":"","_kad_post_content_style":"","_kad_post_vertical_padding":"","_kad_post_feature":"","_kad_post_feature_position":"","_kad_post_header":false,"_kad_post_footer":false,"_kad_post_classname":""},"product_brand":[],"product_cat":[129,48],"product_tag":[228],"product_brands":[],"class_list":{"0":"post-17277","1":"product","2":"type-product","3":"status-publish","4":"has-post-thumbnail","6":"product_cat-ceintures-vegan","7":"product_cat-sac-vegan","8":"product_tag-femme","10":"first","11":"outofstock","12":"taxable","13":"shipping-taxable","14":"purchasable","15":"product-type-variable","16":"entry","17":"content-bg","18":"loop-entry"},"acf":{"avantages":"Fabriqu\u00e9e en cuir de peau de pomme, cette ceinture offre une alternative avant-gardiste au cuir traditionnel. Utilisant des fibres provenant de la production industrielle de jus de pomme, elle illustre l'innovation en mati\u00e8re d'approvisionnement en mat\u00e9riaux et promeut la durabilit\u00e9 dans la mode.\r\n\r\nEn r\u00e9utilisant les d\u00e9chets de l'industrie du jus de pomme, la ceinture r\u00e9duit l'impact sur l'environnement et favorise une mode \u00e9co-responsable. Ce choix refl\u00e8te un engagement en faveur de pratiques durables et de la r\u00e9duction des d\u00e9chets dans l'industrie de la mode.\r\n\r\nLe cuir de peau de pomme \u00e9tant d\u00e9riv\u00e9 de fibres v\u00e9g\u00e9tales, la ceinture constitue une alternative sans cruaut\u00e9 au cuir conventionnel. Elle s'aligne sur les principes de la mode \u00e9thique et offre une option compatissante aux personnes qui accordent une grande importance au bien-\u00eatre des animaux.\r\n","entretien":"1. Enlevez La Poussi\u00e8re Ou La Boue Avec Une Brosse Douce Ou Un Chiffon Sec.\r\n\r\n2. Utilisez Un Chiffon Humide Pour Nettoyer L\u2019ensemble De Votre Produit En Frottant Doucement D\u2019un Geste Circulaire.\r\n\r\n3. Nettoyez R\u00e9guli\u00e8rement Votre Chiffon Pour \u00c9viter De R\u00e9pandre La Salet\u00e9\r\n\r\n4. Pour Les T\u00e2ches Difficiles, Utilisez Une Brosse \u00c0 Poils Doux Et De L\u2019eau En Frottant D\u00e9licatement D\u2019un Geste Circulaire.\r\n\r\n5. Laissez S\u00e9cher \u00c0 L\u2019air Libre Avant D\u2019appliquer Une Cr\u00e8me Nettoyante.\r\n\r\n6. Utilisez Une Cr\u00e8me Nettoyante Pour Donner Plus D\u2019\u00e9clat \u00c0 Votre Produit. Mettez Une Noisette De Produit Sur Une Brosse Ou Un Chiffon Doux Et Sec, Puis Faites P\u00e9n\u00e9trer Compl\u00e8tement Dans Le Tissu En Frottant D\u00e9licatement De Mani\u00e8re Circulaire Jusqu\u2019\u00e0 Totale Absorption.\r\n\r\n7. Enfin, Laissez S\u00e9cher \u00c0 L\u2019air Libre Pendant 24 Heures, \u00c0 L\u2019abri De La Lumi\u00e8re Directe Du Soleil.\r\n\r\n<strong>Attention<\/strong>\u00a0:\r\n\r\n\u2022 Ne Mettez Pas Votre Produit En Machine.\r\n\r\n\u2022 Ne L\u2019immergez Pas Dans L\u2019eau, Cela Pourrait Causer Des Dommages Irr\u00e9versibles.\r\n\r\nLorsque Vos Chaussures V\u00e9ganes Ont Atteint Leur Dur\u00e9e De Vie Ou Que Vous N\u2019en Avez Plus Besoin, Envisagez De Leur Donner Une Seconde Vie.\r\n\r\nDonnez-Leur Un Autre Usage Pour Vous-M\u00eame Ou Offrez-Les \u00c0 Quelqu\r\n","marque":""},"taxonomy_info":{"product_cat":[{"value":129,"label":"Ceintures vegan"},{"value":48,"label":"Sacs vegan"}],"product_tag":[{"value":228,"label":"Boutique femme"}]},"featured_image_src_large":["https:\/\/ekomfort.lu\/wp-content\/uploads\/2024\/05\/BeltOsona_Beige.jpg",700,700,false],"author_info":[],"comment_info":0,"_links":{"self":[{"href":"https:\/\/ekomfort.lu\/en\/wp-json\/wp\/v2\/product\/17277","targetHints":{"allow":["GET"]}}],"collection":[{"href":"https:\/\/ekomfort.lu\/en\/wp-json\/wp\/v2\/product"}],"about":[{"href":"https:\/\/ekomfort.lu\/en\/wp-json\/wp\/v2\/types\/product"}],"replies":[{"embeddable":true,"href":"https:\/\/ekomfort.lu\/en\/wp-json\/wp\/v2\/comments?post=17277"}],"wp:featuredmedia":[{"embeddable":true,"href":"https:\/\/ekomfort.lu\/en\/wp-json\/wp\/v2\/media\/17274"}],"wp:attachment":[{"href":"https:\/\/ekomfort.lu\/en\/wp-json\/wp\/v2\/media?parent=17277"}],"wp:term":[{"taxonomy":"product_brand","embeddable":true,"href":"https:\/\/ekomfort.lu\/en\/wp-json\/wp\/v2\/product_brand?post=17277"},{"taxonomy":"product_cat","embeddable":true,"href":"https:\/\/ekomfort.lu\/en\/wp-json\/wp\/v2\/product_cat?post=17277"},{"taxonomy":"product_tag","embeddable":true,"href":"https:\/\/ekomfort.lu\/en\/wp-json\/wp\/v2\/product_tag?post=17277"},{"taxonomy":"product_brands","embeddable":true,"href":"https:\/\/ekomfort.lu\/en\/wp-json\/wp\/v2\/product_brands?post=17277"}],"curies":[{"name":"wp","href":"https:\/\/api.w.org\/{rel}","templated":true}]}}