{"id":17263,"date":"2024-05-29T09:10:44","date_gmt":"2024-05-29T07:10:44","guid":{"rendered":"https:\/\/ekomfort.lu\/?post_type=product&#038;p=17263"},"modified":"2024-07-05T15:57:43","modified_gmt":"2024-07-05T13:57:43","slug":"ordis-black-ceinture-noire-ecologique","status":"publish","type":"product","link":"https:\/\/ekomfort.lu\/en\/shop\/ordis-black-ceinture-noire-ecologique\/","title":{"rendered":"Ordis Black: Ceinture femme noire en Pi\u00f1atex par Nae &#8211; Innovante, \u00c9cologique, Sans cruaut\u00e9"},"content":{"rendered":"\n<p>Cherchez-vous \u00e0 allier <strong>\u00e9l\u00e9gance moderne<\/strong> et <strong>engagement \u00e9cologique<\/strong> ? D\u00e9couvrez l&#8217;Ordis Black : ceinture femme noire en Pi\u00f1atex par Nae &#8211; innovante, \u00e9cologique, sans cruaut\u00e9.<br><br>Cette <strong>ceinture femme \u00e9cologique<\/strong> est con\u00e7ue pour la femme contemporaine qui valorise autant le style que la durabilit\u00e9. Fabriqu\u00e9e en Pi\u00f1atex, un tissu obtenu \u00e0 partir de <strong>fibres de feuilles d&#8217;ananas<\/strong>, elle incarne la mode durable de demain.<br><br>Voici pourquoi vous devez l&#8217;acheter:<\/p>\n\n\n<style>.wp-block-kadence-iconlist.kt-svg-icon-list-items17263_e9cf4a-66:not(.this-stops-third-party-issues){margin-top:0px;margin-bottom:0px;}.wp-block-kadence-iconlist.kt-svg-icon-list-items17263_e9cf4a-66 ul.kt-svg-icon-list:not(.this-prevents-issues):not(.this-stops-third-party-issues):not(.tijsloc){margin-top:var(--global-kb-spacing-sm, 1.5rem);margin-right:0px;margin-bottom:var(--global-kb-spacing-sm, 1.5rem);margin-left:0px;}.wp-block-kadence-iconlist.kt-svg-icon-list-items17263_e9cf4a-66 ul.kt-svg-icon-list{grid-row-gap:7px;}.wp-block-kadence-iconlist.kt-svg-icon-list-items17263_e9cf4a-66 .kb-svg-icon-wrap{color:var(--global-palette1, #3182CE);}.wp-block-kadence-iconlist.kt-svg-icon-list-items17263_e9cf4a-66 ul.kt-svg-icon-list .kt-svg-icon-list-item-wrap .kt-svg-icon-list-single{margin-right:10px;}.kt-svg-icon-list-items17263_e9cf4a-66 ul.kt-svg-icon-list .kt-svg-icon-list-level-0 .kt-svg-icon-list-single svg{font-size:20px;}<\/style>\n<div class=\"wp-block-kadence-iconlist kt-svg-icon-list-items kt-svg-icon-list-items17263_e9cf4a-66 kt-svg-icon-list-columns-1 alignnone\"><ul class=\"kt-svg-icon-list\"><style>.kt-svg-icon-list-item-17263_45eb31-25 .kt-svg-icon-list-text mark.kt-highlight{background-color:unset;font-style:normal;color:#f76a0c;-webkit-box-decoration-break:clone;box-decoration-break:clone;padding-top:0px;padding-right:0px;padding-bottom:0px;padding-left:0px;}<\/style>\n<li class=\"wp-block-kadence-listitem kt-svg-icon-list-item-wrap kt-svg-icon-list-item-17263_45eb31-25\"><span class=\"kb-svg-icon-wrap kb-svg-icon-fe_checkCircle kt-svg-icon-list-single\"><svg viewBox=\"0 0 24 24\"  fill=\"none\" stroke=\"currentColor\" stroke-width=\"2\" stroke-linecap=\"round\" stroke-linejoin=\"round\" xmlns=\"http:\/\/www.w3.org\/2000\/svg\"  aria-hidden=\"true\"><path d=\"M22 11.08V12a10 10 0 1 1-5.93-9.14\"\/><polyline points=\"22 4 12 14.01 9 11.01\"\/><\/svg><\/span><span class=\"kt-svg-icon-list-text\"><strong>Couleur<\/strong>: Noir, une touche d&#8217;\u00e9l\u00e9gance intemporelle.<\/span><\/li>\n\n\n<style>.kt-svg-icon-list-item-17263_8a9ec8-11 .kt-svg-icon-list-text mark.kt-highlight{background-color:unset;font-style:normal;color:#f76a0c;-webkit-box-decoration-break:clone;box-decoration-break:clone;padding-top:0px;padding-right:0px;padding-bottom:0px;padding-left:0px;}<\/style>\n<li class=\"wp-block-kadence-listitem kt-svg-icon-list-item-wrap kt-svg-icon-list-item-17263_8a9ec8-11\"><span class=\"kb-svg-icon-wrap kb-svg-icon-fe_checkCircle kt-svg-icon-list-single\"><svg viewBox=\"0 0 24 24\"  fill=\"none\" stroke=\"currentColor\" stroke-width=\"2\" stroke-linecap=\"round\" stroke-linejoin=\"round\" xmlns=\"http:\/\/www.w3.org\/2000\/svg\"  aria-hidden=\"true\"><path d=\"M22 11.08V12a10 10 0 1 1-5.93-9.14\"\/><polyline points=\"22 4 12 14.01 9 11.01\"\/><\/svg><\/span><span class=\"kt-svg-icon-list-text\"><strong>Mat\u00e9riau<\/strong>: Pi\u00f1atex, <strong>biod\u00e9gradable et renouvelable<\/strong>.<\/span><\/li>\n\n\n<style>.kt-svg-icon-list-item-17263_f5dd00-b9 .kt-svg-icon-list-text mark.kt-highlight{background-color:unset;font-style:normal;color:#f76a0c;-webkit-box-decoration-break:clone;box-decoration-break:clone;padding-top:0px;padding-right:0px;padding-bottom:0px;padding-left:0px;}<\/style>\n<li class=\"wp-block-kadence-listitem kt-svg-icon-list-item-wrap kt-svg-icon-list-item-17263_f5dd00-b9\"><span class=\"kb-svg-icon-wrap kb-svg-icon-fe_checkCircle kt-svg-icon-list-single\"><svg viewBox=\"0 0 24 24\"  fill=\"none\" stroke=\"currentColor\" stroke-width=\"2\" stroke-linecap=\"round\" stroke-linejoin=\"round\" xmlns=\"http:\/\/www.w3.org\/2000\/svg\"  aria-hidden=\"true\"><path d=\"M22 11.08V12a10 10 0 1 1-5.93-9.14\"\/><polyline points=\"22 4 12 14.01 9 11.01\"\/><\/svg><\/span><span class=\"kt-svg-icon-list-text\"><strong>Design<\/strong>: Fermeture par boucle quadrill\u00e9e et bout carr\u00e9.<\/span><\/li>\n<\/ul><\/div>\n\n\n\n<p>L&#8217;Ordis Black repr\u00e9sente bien plus qu&#8217;un simple accessoire : c&#8217;est un <strong>engagement \u00e9cologique<\/strong> sans compromis sur le style. Envie de faire une diff\u00e9rence avec chaque achat ?<br><br><strong>Procurez-vous l&#8217;Ordis Black<\/strong> d\u00e8s maintenant pour seulement 59\u20ac.<\/p>\n","protected":false},"excerpt":{"rendered":"<p>Cherchez-vous \u00e0 allier \u00e9l\u00e9gance moderne et engagement \u00e9cologique ? D\u00e9couvrez l&#8217;Ordis Black : ceinture femme noire en Pi\u00f1atex par Nae &#8211; innovante, \u00e9cologique, sans cruaut\u00e9. Cette ceinture femme \u00e9cologique est con\u00e7ue pour la femme contemporaine qui valorise autant le style que la durabilit\u00e9. Fabriqu\u00e9e en Pi\u00f1atex, un tissu obtenu \u00e0 partir de fibres de feuilles&#8230;<\/p>\n","protected":false},"featured_media":17260,"comment_status":"open","ping_status":"closed","template":"","meta":{"_acf_changed":false,"_kad_blocks_custom_css":"","_kad_blocks_head_custom_js":"","_kad_blocks_body_custom_js":"","_kad_blocks_footer_custom_js":"","_kad_post_transparent":"","_kad_post_title":"","_kad_post_layout":"","_kad_post_sidebar_id":"","_kad_post_content_style":"","_kad_post_vertical_padding":"","_kad_post_feature":"","_kad_post_feature_position":"","_kad_post_header":false,"_kad_post_footer":false,"_kad_post_classname":""},"product_brand":[],"product_cat":[129,48],"product_tag":[228],"product_brands":[28],"class_list":{"0":"post-17263","1":"product","2":"type-product","3":"status-publish","4":"has-post-thumbnail","6":"product_cat-ceintures-vegan","7":"product_cat-sac-vegan","8":"product_tag-femme","9":"product_brands-nae-vegan-shoes","11":"first","12":"outofstock","13":"taxable","14":"shipping-taxable","15":"purchasable","16":"product-type-variable","17":"has-default-attributes","18":"entry","19":"content-bg","20":"loop-entry"},"acf":{"avantages":"La ceinture est fabriqu\u00e9e en Pi\u00f1atex, un mat\u00e9riau innovant d\u00e9riv\u00e9 de fibres de feuilles d'ananas, qui contribue \u00e0 une mode durable en r\u00e9utilisant les r\u00e9sidus de l'industrie de la culture de l'ananas.\r\n\r\nLe Pi\u00f1atex offre une alternative biod\u00e9gradable au cuir traditionnel, ce qui permet \u00e0 la ceinture de se d\u00e9composer naturellement au fil du temps, r\u00e9duisant ainsi l'impact sur l'environnement et encourageant une consommation respectueuse de l'environnement.\r\n\r\nEn optant pour le cuir Pi\u00f1atex, vous choisissez un mat\u00e9riau sans cruaut\u00e9 qui n'implique pas l'exploitation des animaux, ce qui constitue une option d'accessoire sans culpabilit\u00e9 pour les personnes soucieuses de l'\u00e9thique.","entretien":"1. Enlevez La Poussi\u00e8re Ou La Boue Avec Une Brosse Douce Ou Un Chiffon Sec.\r\n\r\n2. Utilisez Un Chiffon Humide Pour Nettoyer L\u2019ensemble De Votre Produit En Frottant Doucement D\u2019un Geste Circulaire.\r\n\r\n3. Nettoyez R\u00e9guli\u00e8rement Votre Chiffon Pour \u00c9viter De R\u00e9pandre La Salet\u00e9\r\n\r\n4. Pour Les T\u00e2ches Difficiles, Utilisez Une Brosse \u00c0 Poils Doux Et De L\u2019eau En Frottant D\u00e9licatement D\u2019un Geste Circulaire.\r\n\r\n5. Laissez S\u00e9cher \u00c0 L\u2019air Libre Avant D\u2019appliquer Une Cr\u00e8me Nettoyante.\r\n\r\n6. Utilisez Une Cr\u00e8me Nettoyante Pour Donner Plus D\u2019\u00e9clat \u00c0 Votre Produit. Mettez Une Noisette De Produit Sur Une Brosse Ou Un Chiffon Doux Et Sec, Puis Faites P\u00e9n\u00e9trer Compl\u00e8tement Dans Le Tissu En Frottant D\u00e9licatement De Mani\u00e8re Circulaire Jusqu\u2019\u00e0 Totale Absorption.\r\n\r\n7. Enfin, Laissez S\u00e9cher \u00c0 L\u2019air Libre Pendant 24 Heures, \u00c0 L\u2019abri De La Lumi\u00e8re Directe Du Soleil.\r\n\r\n<strong>Attention<\/strong>\u00a0:\r\n\r\n\u2022 Ne Mettez Pas Votre Produit En Machine.\r\n\r\n\u2022 Ne L\u2019immergez Pas Dans L\u2019eau, Cela Pourrait Causer Des Dommages Irr\u00e9versibles.\r\n\r\nLorsque Vos Chaussures V\u00e9ganes Ont Atteint Leur Dur\u00e9e De Vie Ou Que Vous N\u2019en Avez Plus Besoin, Envisagez De Leur Donner Une Seconde Vie.\r\n\r\nDonnez-Leur Un Autre Usage Pour Vous-M\u00eame Ou Offrez-Les \u00c0 Quelqu","marque":""},"taxonomy_info":{"product_cat":[{"value":129,"label":"Ceintures vegan"},{"value":48,"label":"Sacs vegan"}],"product_tag":[{"value":228,"label":"Boutique femme"}],"product_brands":[{"value":28,"label":"NAE Vegan Shoes"}]},"featured_image_src_large":["https:\/\/ekomfort.lu\/wp-content\/uploads\/2024\/05\/BeltOrdis_Black.jpg",700,700,false],"author_info":[],"comment_info":0,"_links":{"self":[{"href":"https:\/\/ekomfort.lu\/en\/wp-json\/wp\/v2\/product\/17263","targetHints":{"allow":["GET"]}}],"collection":[{"href":"https:\/\/ekomfort.lu\/en\/wp-json\/wp\/v2\/product"}],"about":[{"href":"https:\/\/ekomfort.lu\/en\/wp-json\/wp\/v2\/types\/product"}],"replies":[{"embeddable":true,"href":"https:\/\/ekomfort.lu\/en\/wp-json\/wp\/v2\/comments?post=17263"}],"wp:featuredmedia":[{"embeddable":true,"href":"https:\/\/ekomfort.lu\/en\/wp-json\/wp\/v2\/media\/17260"}],"wp:attachment":[{"href":"https:\/\/ekomfort.lu\/en\/wp-json\/wp\/v2\/media?parent=17263"}],"wp:term":[{"taxonomy":"product_brand","embeddable":true,"href":"https:\/\/ekomfort.lu\/en\/wp-json\/wp\/v2\/product_brand?post=17263"},{"taxonomy":"product_cat","embeddable":true,"href":"https:\/\/ekomfort.lu\/en\/wp-json\/wp\/v2\/product_cat?post=17263"},{"taxonomy":"product_tag","embeddable":true,"href":"https:\/\/ekomfort.lu\/en\/wp-json\/wp\/v2\/product_tag?post=17263"},{"taxonomy":"product_brands","embeddable":true,"href":"https:\/\/ekomfort.lu\/en\/wp-json\/wp\/v2\/product_brands?post=17263"}],"curies":[{"name":"wp","href":"https:\/\/api.w.org\/{rel}","templated":true}]}}