{"id":17076,"date":"2024-05-29T08:36:23","date_gmt":"2024-05-29T06:36:23","guid":{"rendered":"https:\/\/ekomfort.lu\/?post_type=product&#038;p=17076"},"modified":"2024-07-04T17:34:41","modified_gmt":"2024-07-04T15:34:41","slug":"mara-black-vegan-sandals","status":"publish","type":"product","link":"https:\/\/ekomfort.lu\/en\/shop\/mara-black-vegan-sandals\/","title":{"rendered":"MARA Black Vegan Sandals"},"content":{"rendered":"\n<p>Voici les sandales v\u00e9ganes noires MARA, un m\u00e9lange harmonieux de luxe, de polyvalence et d&#8217;artisanat \u00e9thique. Ces \u00e9l\u00e9gantes sandales \u00e0 talon moyen sont m\u00e9ticuleusement fabriqu\u00e9es \u00e0 partir d&#8217;un somptueux cuir de pomme, offrant une alternative sans cruaut\u00e9 aux chaussures en cuir traditionnelles. Dot\u00e9es d&#8217;un chic bout ouvert, ces sandales sont parfaites pour les sorties par temps chaud, offrant \u00e0 la fois style et confort. Elles se distinguent par leur esth\u00e9tique \u00e0 la fois sophistiqu\u00e9e et polyvalente, avec une bride noire contrastante \u00e0 l&#8217;avant et une bride nude raffin\u00e9e \u00e0 l&#8217;arri\u00e8re, ce qui leur permet de s&#8217;harmoniser avec n&#8217;importe quel ensemble. Rehaussez votre look avec ces sandales v\u00e9g\u00e9taliennes, con\u00e7ues dans un souci de durabilit\u00e9, et entrez avec confiance dans le monde de la mode \u00e9thique.<\/p>\n\n\n<style>.wp-block-kadence-iconlist.kt-svg-icon-list-items17076_687f92-94:not(.this-stops-third-party-issues){margin-top:0px;margin-bottom:0px;}.wp-block-kadence-iconlist.kt-svg-icon-list-items17076_687f92-94 ul.kt-svg-icon-list:not(.this-prevents-issues):not(.this-stops-third-party-issues):not(.tijsloc){margin-top:0px;margin-right:0px;margin-bottom:var(--global-kb-spacing-sm, 1.5rem);margin-left:0px;}.wp-block-kadence-iconlist.kt-svg-icon-list-items17076_687f92-94 ul.kt-svg-icon-list{grid-row-gap:5px;}.wp-block-kadence-iconlist.kt-svg-icon-list-items17076_687f92-94 .kb-svg-icon-wrap{font-size:18px;color:var(--global-palette1, #3182CE);}.wp-block-kadence-iconlist.kt-svg-icon-list-items17076_687f92-94 ul.kt-svg-icon-list .kt-svg-icon-list-item-wrap .kt-svg-icon-list-single{margin-right:10px;}.kt-svg-icon-list-items17076_687f92-94 ul.kt-svg-icon-list .kt-svg-icon-list-level-0 .kt-svg-icon-list-single svg{font-size:20px;}<\/style>\n<div class=\"wp-block-kadence-iconlist kt-svg-icon-list-items kt-svg-icon-list-items17076_687f92-94 kt-svg-icon-list-columns-1 alignnone\"><ul class=\"kt-svg-icon-list\"><style>.kt-svg-icon-list-item-17076_d95b6c-7f .kt-svg-icon-list-text mark.kt-highlight{background-color:unset;font-style:normal;color:#f76a0c;-webkit-box-decoration-break:clone;box-decoration-break:clone;padding-top:0px;padding-right:0px;padding-bottom:0px;padding-left:0px;}<\/style>\n<li class=\"wp-block-kadence-listitem kt-svg-icon-list-item-wrap kt-svg-icon-list-item-17076_d95b6c-7f\"><span class=\"kb-svg-icon-wrap kb-svg-icon-fe_checkCircle kt-svg-icon-list-single\"><svg viewBox=\"0 0 24 24\"  fill=\"none\" stroke=\"currentColor\" stroke-width=\"3\" stroke-linecap=\"round\" stroke-linejoin=\"round\" xmlns=\"http:\/\/www.w3.org\/2000\/svg\"  aria-hidden=\"true\"><path d=\"M22 11.08V12a10 10 0 1 1-5.93-9.14\"\/><polyline points=\"22 4 12 14.01 9 11.01\"\/><\/svg><\/span><span class=\"kt-svg-icon-list-text\">Fabriqu\u00e9es en somptueux cuir de pomme, ces sandales offrent une alternative sans cruaut\u00e9 au cuir traditionnel, alliant style et \u00e9thique.<\/span><\/li>\n\n\n<style>.kt-svg-icon-list-item-17076_beeb1a-84 .kt-svg-icon-list-text mark.kt-highlight{background-color:unset;font-style:normal;color:#f76a0c;-webkit-box-decoration-break:clone;box-decoration-break:clone;padding-top:0px;padding-right:0px;padding-bottom:0px;padding-left:0px;}<\/style>\n<li class=\"wp-block-kadence-listitem kt-svg-icon-list-item-wrap kt-svg-icon-list-item-17076_beeb1a-84\"><span class=\"kb-svg-icon-wrap kb-svg-icon-fe_checkCircle kt-svg-icon-list-single\"><svg viewBox=\"0 0 24 24\"  fill=\"none\" stroke=\"currentColor\" stroke-width=\"3\" stroke-linecap=\"round\" stroke-linejoin=\"round\" xmlns=\"http:\/\/www.w3.org\/2000\/svg\"  aria-hidden=\"true\"><path d=\"M22 11.08V12a10 10 0 1 1-5.93-9.14\"\/><polyline points=\"22 4 12 14.01 9 11.01\"\/><\/svg><\/span><span class=\"kt-svg-icon-list-text\">Avec un contraste sophistiqu\u00e9 de sangles noires et nude, ces sandales pr\u00e9sentent une esth\u00e9tique moderne qui convient \u00e0 de nombreuses occasions.<\/span><\/li>\n\n\n<style>.kt-svg-icon-list-item-17076_852679-08 .kt-svg-icon-list-text mark.kt-highlight{background-color:unset;font-style:normal;color:#f76a0c;-webkit-box-decoration-break:clone;box-decoration-break:clone;padding-top:0px;padding-right:0px;padding-bottom:0px;padding-left:0px;}<\/style>\n<li class=\"wp-block-kadence-listitem kt-svg-icon-list-item-wrap kt-svg-icon-list-item-17076_852679-08\"><span class=\"kb-svg-icon-wrap kb-svg-icon-fe_checkCircle kt-svg-icon-list-single\"><svg viewBox=\"0 0 24 24\"  fill=\"none\" stroke=\"currentColor\" stroke-width=\"3\" stroke-linecap=\"round\" stroke-linejoin=\"round\" xmlns=\"http:\/\/www.w3.org\/2000\/svg\"  aria-hidden=\"true\"><path d=\"M22 11.08V12a10 10 0 1 1-5.93-9.14\"\/><polyline points=\"22 4 12 14.01 9 11.01\"\/><\/svg><\/span><span class=\"kt-svg-icon-list-text\">Con\u00e7ues dans un souci de durabilit\u00e9, ces sandales refl\u00e8tent un engagement envers les pratiques de la mode \u00e9thique, vous permettant d&#8217;adopter la mode \u00e9thique en toute confiance et avec style.<\/span><\/li>\n<\/ul><\/div>\n\n\n\n<p>Entrez dans le monde de la mode \u00e9thique avec les sandales v\u00e9ganes noires MARA, o\u00f9 le luxe rencontre la durabilit\u00e9. Faites-vous remarquer avec ces sandales m\u00e9ticuleusement fabriqu\u00e9es, en sachant que chacun de vos pas contribue \u00e0 un avenir plus \u00e9thique et plus respectueux de l&#8217;environnement.<\/p>\n","protected":false},"excerpt":{"rendered":"<p>Voici les sandales v\u00e9ganes noires MARA, un m\u00e9lange harmonieux de luxe, de polyvalence et d&#8217;artisanat \u00e9thique. Ces \u00e9l\u00e9gantes sandales \u00e0 talon moyen sont m\u00e9ticuleusement fabriqu\u00e9es \u00e0 partir d&#8217;un somptueux cuir de pomme, offrant une alternative sans cruaut\u00e9 aux chaussures en cuir traditionnelles. Dot\u00e9es d&#8217;un chic bout ouvert, ces sandales sont parfaites pour les sorties par&#8230;<\/p>\n","protected":false},"featured_media":17073,"comment_status":"open","ping_status":"closed","template":"","meta":{"_acf_changed":false,"_kad_blocks_custom_css":"","_kad_blocks_head_custom_js":"","_kad_blocks_body_custom_js":"","_kad_blocks_footer_custom_js":"","_kad_post_transparent":"","_kad_post_title":"","_kad_post_layout":"","_kad_post_sidebar_id":"","_kad_post_content_style":"","_kad_post_vertical_padding":"","_kad_post_feature":"","_kad_post_feature_position":"","_kad_post_header":false,"_kad_post_footer":false,"_kad_post_classname":""},"product_brand":[],"product_cat":[706,46],"product_tag":[],"product_brands":[],"class_list":{"0":"post-17076","1":"product","2":"type-product","3":"status-publish","4":"has-post-thumbnail","6":"product_cat-pompe","7":"product_cat-chaussures-vegan","9":"first","10":"outofstock","11":"taxable","12":"shipping-taxable","13":"purchasable","14":"product-type-variable","15":"entry","16":"content-bg","17":"loop-entry"},"acf":{"avantages":"Fabriqu\u00e9es en cuir de pomme luxueux, ces sandales offrent une alternative sans cruaut\u00e9 au cuir traditionnel, alliant style et \u00e9thique.\r\n\r\nDot\u00e9es d'un \u00e9l\u00e9gant bout ouvert, d'une lani\u00e8re noire contrastante \u00e0 l'avant et d'une lani\u00e8re nude sophistiqu\u00e9e \u00e0 l'arri\u00e8re, ces sandales offrent une esth\u00e9tique polyvalente et moderne qui convient \u00e0 diverses occasions.\r\n\r\nCon\u00e7ues et fabriqu\u00e9es dans un souci de durabilit\u00e9, ces sandales t\u00e9moignent d'un engagement envers les pratiques de la mode \u00e9thique, vous permettant d'entrer dans le monde de la mode \u00e9thique en toute confiance et avec style.","entretien":"1. Enlevez La Poussi\u00e8re Ou La Boue Avec Une Brosse Douce Ou Un Chiffon Sec.\r\n\r\n2. Utilisez Un Chiffon Humide Pour Nettoyer L\u2019ensemble De Votre Produit En Frottant Doucement D\u2019un Geste Circulaire.\r\n\r\n3. Nettoyez R\u00e9guli\u00e8rement Votre Chiffon Pour \u00c9viter De R\u00e9pandre La Salet\u00e9\r\n\r\n4. Pour Les T\u00e2ches Difficiles, Utilisez Une Brosse \u00c0 Poils Doux Et De L\u2019eau En Frottant D\u00e9licatement D\u2019un Geste Circulaire.\r\n\r\n5. Laissez S\u00e9cher \u00c0 L\u2019air Libre Avant D\u2019appliquer Une Cr\u00e8me Nettoyante.\r\n\r\n6. Utilisez Une Cr\u00e8me Nettoyante Pour Donner Plus D\u2019\u00e9clat \u00c0 Votre Produit. Mettez Une Noisette De Produit Sur Une Brosse Ou Un Chiffon Doux Et Sec, Puis Faites P\u00e9n\u00e9trer Compl\u00e8tement Dans Le Tissu En Frottant D\u00e9licatement De Mani\u00e8re Circulaire Jusqu\u2019\u00e0 Totale Absorption.\r\n\r\n7. Enfin, Laissez S\u00e9cher \u00c0 L\u2019air Libre Pendant 24 Heures, \u00c0 L\u2019abri De La Lumi\u00e8re Directe Du Soleil.\r\n\r\n<strong>Attention<\/strong>\u00a0:\r\n\r\n\u2022 Ne Mettez Pas Votre Produit En Machine.\r\n\r\n\u2022 Ne L\u2019immergez Pas Dans L\u2019eau, Cela Pourrait Causer Des Dommages Irr\u00e9versibles.\r\n\r\nLorsque Vos Chaussures V\u00e9ganes Ont Atteint Leur Dur\u00e9e De Vie Ou Que Vous N\u2019en Avez Plus Besoin, Envisagez De Leur Donner Une Seconde Vie.\r\n\r\nDonnez-Leur Un Autre Usage Pour Vous-M\u00eame Ou Offrez-Les \u00c0 Quelqu\r\n","marque":""},"taxonomy_info":{"product_cat":[{"value":706,"label":"Pompe"},{"value":46,"label":"Chaussures vegan"}]},"featured_image_src_large":["https:\/\/ekomfort.lu\/wp-content\/uploads\/2024\/05\/Mara_Black.jpg",700,700,false],"author_info":[],"comment_info":0,"_links":{"self":[{"href":"https:\/\/ekomfort.lu\/en\/wp-json\/wp\/v2\/product\/17076","targetHints":{"allow":["GET"]}}],"collection":[{"href":"https:\/\/ekomfort.lu\/en\/wp-json\/wp\/v2\/product"}],"about":[{"href":"https:\/\/ekomfort.lu\/en\/wp-json\/wp\/v2\/types\/product"}],"replies":[{"embeddable":true,"href":"https:\/\/ekomfort.lu\/en\/wp-json\/wp\/v2\/comments?post=17076"}],"wp:featuredmedia":[{"embeddable":true,"href":"https:\/\/ekomfort.lu\/en\/wp-json\/wp\/v2\/media\/17073"}],"wp:attachment":[{"href":"https:\/\/ekomfort.lu\/en\/wp-json\/wp\/v2\/media?parent=17076"}],"wp:term":[{"taxonomy":"product_brand","embeddable":true,"href":"https:\/\/ekomfort.lu\/en\/wp-json\/wp\/v2\/product_brand?post=17076"},{"taxonomy":"product_cat","embeddable":true,"href":"https:\/\/ekomfort.lu\/en\/wp-json\/wp\/v2\/product_cat?post=17076"},{"taxonomy":"product_tag","embeddable":true,"href":"https:\/\/ekomfort.lu\/en\/wp-json\/wp\/v2\/product_tag?post=17076"},{"taxonomy":"product_brands","embeddable":true,"href":"https:\/\/ekomfort.lu\/en\/wp-json\/wp\/v2\/product_brands?post=17076"}],"curies":[{"name":"wp","href":"https:\/\/api.w.org\/{rel}","templated":true}]}}