{"id":17063,"date":"2024-05-29T08:34:20","date_gmt":"2024-05-29T06:34:20","guid":{"rendered":"https:\/\/ekomfort.lu\/?post_type=product&#038;p=17063"},"modified":"2024-07-20T10:17:41","modified_gmt":"2024-07-20T08:17:41","slug":"luke-derby-vegan-beige","status":"publish","type":"product","link":"https:\/\/ekomfort.lu\/en\/shop\/luke-derby-vegan-beige\/","title":{"rendered":"LUKE Derby Vegan Beige"},"content":{"rendered":"\n<p>Voici les LUKE Derby Vegan Beige &#8211; une fusion de sophistication classique et de conscience \u00e9thique. Fabriqu\u00e9es m\u00e9ticuleusement en microfibre de daim v\u00e9g\u00e9tal dans une teinte beige raffin\u00e9e, ces chaussures derby pour homme incarnent l&#8217;\u00e9l\u00e9gance intemporelle avec une touche contemporaine. Au-del\u00e0 de leur \u00e9l\u00e9gance, ces chaussures repr\u00e9sentent un engagement en faveur de pratiques de mode \u00e9thiques. Fabriqu\u00e9es sans cruaut\u00e9 et dans le respect de l&#8217;environnement, elles offrent une alternative d\u00e9culpabilisante aux chaussures en cuir traditionnelles. Enfilez ces chaussures non seulement en ayant confiance en votre style, mais aussi en sachant que chaque pas contribue \u00e0 un avenir plus durable.<\/p>\n\n\n<style>.wp-block-kadence-iconlist.kt-svg-icon-list-items17063_2ea66d-41:not(.this-stops-third-party-issues){margin-top:0px;margin-bottom:0px;}.wp-block-kadence-iconlist.kt-svg-icon-list-items17063_2ea66d-41 ul.kt-svg-icon-list:not(.this-prevents-issues):not(.this-stops-third-party-issues):not(.tijsloc){margin-top:0px;margin-right:0px;margin-bottom:var(--global-kb-spacing-sm, 1.5rem);margin-left:0px;}.wp-block-kadence-iconlist.kt-svg-icon-list-items17063_2ea66d-41 ul.kt-svg-icon-list{grid-row-gap:5px;}.wp-block-kadence-iconlist.kt-svg-icon-list-items17063_2ea66d-41 .kb-svg-icon-wrap{font-size:18px;color:var(--global-palette1, #3182CE);}.wp-block-kadence-iconlist.kt-svg-icon-list-items17063_2ea66d-41 ul.kt-svg-icon-list .kt-svg-icon-list-item-wrap .kt-svg-icon-list-single{margin-right:10px;}.kt-svg-icon-list-items17063_2ea66d-41 ul.kt-svg-icon-list .kt-svg-icon-list-level-0 .kt-svg-icon-list-single svg{font-size:20px;}<\/style>\n<div class=\"wp-block-kadence-iconlist kt-svg-icon-list-items kt-svg-icon-list-items17063_2ea66d-41 kt-svg-icon-list-columns-1 alignnone\"><ul class=\"kt-svg-icon-list\"><style>.kt-svg-icon-list-item-17063_583504-a6 .kt-svg-icon-list-text mark.kt-highlight{background-color:unset;font-style:normal;color:#f76a0c;-webkit-box-decoration-break:clone;box-decoration-break:clone;padding-top:0px;padding-right:0px;padding-bottom:0px;padding-left:0px;}<\/style>\n<li class=\"wp-block-kadence-listitem kt-svg-icon-list-item-wrap kt-svg-icon-list-item-17063_583504-a6\"><span class=\"kb-svg-icon-wrap kb-svg-icon-fe_checkCircle kt-svg-icon-list-single\"><svg viewBox=\"0 0 24 24\"  fill=\"none\" stroke=\"currentColor\" stroke-width=\"3\" stroke-linecap=\"round\" stroke-linejoin=\"round\" xmlns=\"http:\/\/www.w3.org\/2000\/svg\"  aria-hidden=\"true\"><path d=\"M22 11.08V12a10 10 0 1 1-5.93-9.14\"\/><polyline points=\"22 4 12 14.01 9 11.01\"\/><\/svg><\/span><span class=\"kt-svg-icon-list-text\">Ces chaussures sont fabriqu\u00e9es en microfibre de daim v\u00e9g\u00e9tal, offrant une alternative sans cruaut\u00e9 au cuir traditionnel et refl\u00e9tant un engagement en faveur de pratiques de mode \u00e9thiques.<\/span><\/li>\n\n\n<style>.kt-svg-icon-list-item-17063_b46921-32 .kt-svg-icon-list-text mark.kt-highlight{background-color:unset;font-style:normal;color:#f76a0c;-webkit-box-decoration-break:clone;box-decoration-break:clone;padding-top:0px;padding-right:0px;padding-bottom:0px;padding-left:0px;}<\/style>\n<li class=\"wp-block-kadence-listitem kt-svg-icon-list-item-wrap kt-svg-icon-list-item-17063_b46921-32\"><span class=\"kb-svg-icon-wrap kb-svg-icon-fe_checkCircle kt-svg-icon-list-single\"><svg viewBox=\"0 0 24 24\"  fill=\"none\" stroke=\"currentColor\" stroke-width=\"3\" stroke-linecap=\"round\" stroke-linejoin=\"round\" xmlns=\"http:\/\/www.w3.org\/2000\/svg\"  aria-hidden=\"true\"><path d=\"M22 11.08V12a10 10 0 1 1-5.93-9.14\"\/><polyline points=\"22 4 12 14.01 9 11.01\"\/><\/svg><\/span><span class=\"kt-svg-icon-list-text\">Avec leur teinte beige chic et leurs d\u00e9tails m\u00e9ticuleux, ces chaussures derby exsudent la sophistication et le raffinement, rehaussant n&#8217;importe quel ensemble.<\/span><\/li>\n\n\n<style>.kt-svg-icon-list-item-17063_0a3efe-f3 .kt-svg-icon-list-text mark.kt-highlight{background-color:unset;font-style:normal;color:#f76a0c;-webkit-box-decoration-break:clone;box-decoration-break:clone;padding-top:0px;padding-right:0px;padding-bottom:0px;padding-left:0px;}<\/style>\n<li class=\"wp-block-kadence-listitem kt-svg-icon-list-item-wrap kt-svg-icon-list-item-17063_0a3efe-f3\"><span class=\"kb-svg-icon-wrap kb-svg-icon-fe_checkCircle kt-svg-icon-list-single\"><svg viewBox=\"0 0 24 24\"  fill=\"none\" stroke=\"currentColor\" stroke-width=\"3\" stroke-linecap=\"round\" stroke-linejoin=\"round\" xmlns=\"http:\/\/www.w3.org\/2000\/svg\"  aria-hidden=\"true\"><path d=\"M22 11.08V12a10 10 0 1 1-5.93-9.14\"\/><polyline points=\"22 4 12 14.01 9 11.01\"\/><\/svg><\/span><span class=\"kt-svg-icon-list-text\">Con\u00e7ues dans un souci de confort, ces chaussures offrent une coupe ajust\u00e9e et une construction durable, garantissant \u00e0 la fois style et fonctionnalit\u00e9.<\/span><\/li>\n<\/ul><\/div>\n\n\n\n<p>Entrez dans un futur o\u00f9 la mode rencontre l&#8217;\u00e9thique avec les LUKE Derby Vegan Beige. Ces chaussures derby de fabrication consciente rehaussent votre collection de chaussures, chaque pas refl\u00e9tant votre d\u00e9vouement au style, \u00e0 la durabilit\u00e9 et \u00e0 la compassion. Faites une d\u00e9claration non seulement avec votre look, mais aussi avec vos valeurs, en marchant avec confiance dans ces chaussures fabriqu\u00e9es de mani\u00e8re \u00e9thique.<\/p>\n","protected":false},"excerpt":{"rendered":"<p>Voici les LUKE Derby Vegan Beige &#8211; une fusion de sophistication classique et de conscience \u00e9thique. Fabriqu\u00e9es m\u00e9ticuleusement en microfibre de daim v\u00e9g\u00e9tal dans une teinte beige raffin\u00e9e, ces chaussures derby pour homme incarnent l&#8217;\u00e9l\u00e9gance intemporelle avec une touche contemporaine. Au-del\u00e0 de leur \u00e9l\u00e9gance, ces chaussures repr\u00e9sentent un engagement en faveur de pratiques de mode&#8230;<\/p>\n","protected":false},"featured_media":17060,"comment_status":"open","ping_status":"closed","template":"","meta":{"_acf_changed":false,"_kad_blocks_custom_css":"","_kad_blocks_head_custom_js":"","_kad_blocks_body_custom_js":"","_kad_blocks_footer_custom_js":"","_kad_post_transparent":"","_kad_post_title":"","_kad_post_layout":"","_kad_post_sidebar_id":"","_kad_post_content_style":"","_kad_post_vertical_padding":"","_kad_post_feature":"","_kad_post_feature_position":"","_kad_post_header":false,"_kad_post_footer":false,"_kad_post_classname":""},"product_brand":[],"product_cat":[705,46],"product_tag":[],"product_brands":[],"class_list":{"0":"post-17063","1":"product","2":"type-product","3":"status-publish","4":"has-post-thumbnail","6":"product_cat-chaussures-plates","7":"product_cat-chaussures","9":"first","10":"instock","11":"taxable","12":"shipping-taxable","13":"purchasable","14":"product-type-variable","15":"entry","16":"content-bg","17":"loop-entry"},"acf":{"avantages":"Fabriqu\u00e9es en microfibre de daim v\u00e9g\u00e9tal, ces chaussures offrent une alternative sans cruaut\u00e9 au cuir traditionnel, en accord avec les valeurs \u00e9thiques.\r\n\r\nAvec leur teinte beige chic et leur texture distinctive, ces chaussures derby respirent la sophistication et la modernit\u00e9.\r\n\r\nFabriqu\u00e9es avec une attention m\u00e9ticuleuse aux d\u00e9tails, ces chaussures privil\u00e9gient le confort et la durabilit\u00e9, garantissant un port durable sans compromis sur le style.","entretien":"1. Enlevez La Poussi\u00e8re Ou La Boue Avec Une Brosse Douce Ou Un Chiffon Sec.\r\n\r\n2. Utilisez Un Chiffon Humide Pour Nettoyer L\u2019ensemble De Votre Produit En Frottant Doucement D\u2019un Geste Circulaire.\r\n\r\n3. Nettoyez R\u00e9guli\u00e8rement Votre Chiffon Pour \u00c9viter De R\u00e9pandre La Salet\u00e9\r\n\r\n4. Pour Les T\u00e2ches Difficiles, Utilisez Une Brosse \u00c0 Poils Doux Et De L\u2019eau En Frottant D\u00e9licatement D\u2019un Geste Circulaire.\r\n\r\n5. Laissez S\u00e9cher \u00c0 L\u2019air Libre Avant D\u2019appliquer Une Cr\u00e8me Nettoyante.\r\n\r\n6. Utilisez Une Cr\u00e8me Nettoyante Pour Donner Plus D\u2019\u00e9clat \u00c0 Votre Produit. Mettez Une Noisette De Produit Sur Une Brosse Ou Un Chiffon Doux Et Sec, Puis Faites P\u00e9n\u00e9trer Compl\u00e8tement Dans Le Tissu En Frottant D\u00e9licatement De Mani\u00e8re Circulaire Jusqu\u2019\u00e0 Totale Absorption.\r\n\r\n7. Enfin, Laissez S\u00e9cher \u00c0 L\u2019air Libre Pendant 24 Heures, \u00c0 L\u2019abri De La Lumi\u00e8re Directe Du Soleil.\r\n\r\n<strong>Attention<\/strong>\u00a0:\r\n\r\n\u2022 Ne Mettez Pas Votre Produit En Machine.\r\n\r\n\u2022 Ne L\u2019immergez Pas Dans L\u2019eau, Cela Pourrait Causer Des Dommages Irr\u00e9versibles.\r\n\r\nLorsque Vos Chaussures V\u00e9ganes Ont Atteint Leur Dur\u00e9e De Vie Ou Que Vous N\u2019en Avez Plus Besoin, Envisagez De Leur Donner Une Seconde Vie.\r\n\r\nDonnez-Leur Un Autre Usage Pour Vous-M\u00eame Ou Offrez-Les \u00c0 Quelqu\r\n","marque":""},"taxonomy_info":{"product_cat":[{"value":705,"label":"Chaussures plates"},{"value":46,"label":"Chaussures"}]},"featured_image_src_large":["https:\/\/ekomfort.lu\/wp-content\/uploads\/2024\/05\/Luke_Beige.jpg",700,700,false],"author_info":[],"comment_info":0,"_links":{"self":[{"href":"https:\/\/ekomfort.lu\/en\/wp-json\/wp\/v2\/product\/17063","targetHints":{"allow":["GET"]}}],"collection":[{"href":"https:\/\/ekomfort.lu\/en\/wp-json\/wp\/v2\/product"}],"about":[{"href":"https:\/\/ekomfort.lu\/en\/wp-json\/wp\/v2\/types\/product"}],"replies":[{"embeddable":true,"href":"https:\/\/ekomfort.lu\/en\/wp-json\/wp\/v2\/comments?post=17063"}],"wp:featuredmedia":[{"embeddable":true,"href":"https:\/\/ekomfort.lu\/en\/wp-json\/wp\/v2\/media\/17060"}],"wp:attachment":[{"href":"https:\/\/ekomfort.lu\/en\/wp-json\/wp\/v2\/media?parent=17063"}],"wp:term":[{"taxonomy":"product_brand","embeddable":true,"href":"https:\/\/ekomfort.lu\/en\/wp-json\/wp\/v2\/product_brand?post=17063"},{"taxonomy":"product_cat","embeddable":true,"href":"https:\/\/ekomfort.lu\/en\/wp-json\/wp\/v2\/product_cat?post=17063"},{"taxonomy":"product_tag","embeddable":true,"href":"https:\/\/ekomfort.lu\/en\/wp-json\/wp\/v2\/product_tag?post=17063"},{"taxonomy":"product_brands","embeddable":true,"href":"https:\/\/ekomfort.lu\/en\/wp-json\/wp\/v2\/product_brands?post=17063"}],"curies":[{"name":"wp","href":"https:\/\/api.w.org\/{rel}","templated":true}]}}