{"id":16994,"date":"2024-05-29T07:10:52","date_gmt":"2024-05-29T05:10:52","guid":{"rendered":"https:\/\/ekomfort.lu\/?post_type=product&#038;p=16994"},"modified":"2024-07-04T17:17:10","modified_gmt":"2024-07-04T15:17:10","slug":"dario-black-vegan-shoes","status":"publish","type":"product","link":"https:\/\/ekomfort.lu\/en\/shop\/dario-black-vegan-shoes\/","title":{"rendered":"DARIO Black Vegan Shoes"},"content":{"rendered":"\n<p>Voici les chaussures v\u00e9ganes noires DARIO &#8211; une fusion de sophistication intemporelle et de mode \u00e9thique. Fabriqu\u00e9es avec pr\u00e9cision et soin, ces chaussures bateau contemporaines pr\u00e9sentent un design \u00e9l\u00e9gant, m\u00e9ticuleusement r\u00e9alis\u00e9 en microfibre de daim v\u00e9g\u00e9tal noir naturel. Au-del\u00e0 de leur aspect \u00e9l\u00e9gant, ces chaussures repr\u00e9sentent un engagement en faveur de pratiques sans cruaut\u00e9 et respectueuses de l&#8217;environnement, offrant une alternative sans culpabilit\u00e9 qui ne fait aucun compromis sur la qualit\u00e9 ou le confort.<\/p>\n\n\n<style>.wp-block-kadence-iconlist.kt-svg-icon-list-items16994_ddbd7b-3c:not(.this-stops-third-party-issues){margin-top:0px;margin-bottom:0px;}.wp-block-kadence-iconlist.kt-svg-icon-list-items16994_ddbd7b-3c ul.kt-svg-icon-list:not(.this-prevents-issues):not(.this-stops-third-party-issues):not(.tijsloc){margin-top:0px;margin-right:0px;margin-bottom:var(--global-kb-spacing-sm, 1.5rem);margin-left:0px;}.wp-block-kadence-iconlist.kt-svg-icon-list-items16994_ddbd7b-3c ul.kt-svg-icon-list{grid-row-gap:5px;}.wp-block-kadence-iconlist.kt-svg-icon-list-items16994_ddbd7b-3c .kb-svg-icon-wrap{font-size:18px;color:var(--global-palette1, #3182CE);}.wp-block-kadence-iconlist.kt-svg-icon-list-items16994_ddbd7b-3c ul.kt-svg-icon-list .kt-svg-icon-list-item-wrap .kt-svg-icon-list-single{margin-right:10px;}.kt-svg-icon-list-items16994_ddbd7b-3c ul.kt-svg-icon-list .kt-svg-icon-list-level-0 .kt-svg-icon-list-single svg{font-size:20px;}<\/style>\n<div class=\"wp-block-kadence-iconlist kt-svg-icon-list-items kt-svg-icon-list-items16994_ddbd7b-3c kt-svg-icon-list-columns-1 alignnone\"><ul class=\"kt-svg-icon-list\"><style>.kt-svg-icon-list-item-16994_207da5-ce .kt-svg-icon-list-text mark.kt-highlight{background-color:unset;font-style:normal;color:#f76a0c;-webkit-box-decoration-break:clone;box-decoration-break:clone;padding-top:0px;padding-right:0px;padding-bottom:0px;padding-left:0px;}<\/style>\n<li class=\"wp-block-kadence-listitem kt-svg-icon-list-item-wrap kt-svg-icon-list-item-16994_207da5-ce\"><span class=\"kb-svg-icon-wrap kb-svg-icon-fe_checkCircle kt-svg-icon-list-single\"><svg viewBox=\"0 0 24 24\"  fill=\"none\" stroke=\"currentColor\" stroke-width=\"3\" stroke-linecap=\"round\" stroke-linejoin=\"round\" xmlns=\"http:\/\/www.w3.org\/2000\/svg\"  aria-hidden=\"true\"><path d=\"M22 11.08V12a10 10 0 1 1-5.93-9.14\"\/><polyline points=\"22 4 12 14.01 9 11.01\"\/><\/svg><\/span><span class=\"kt-svg-icon-list-text\">D\u00e9couvrez le toucher luxueux des microfibres de daim sans aucune atteinte aux animaux, ce qui fait de ces chaussures un choix compatissant pour les consommateurs conscients.<\/span><\/li>\n\n\n<style>.kt-svg-icon-list-item-16994_1baf28-c4 .kt-svg-icon-list-text mark.kt-highlight{background-color:unset;font-style:normal;color:#f76a0c;-webkit-box-decoration-break:clone;box-decoration-break:clone;padding-top:0px;padding-right:0px;padding-bottom:0px;padding-left:0px;}<\/style>\n<li class=\"wp-block-kadence-listitem kt-svg-icon-list-item-wrap kt-svg-icon-list-item-16994_1baf28-c4\"><span class=\"kb-svg-icon-wrap kb-svg-icon-fe_checkCircle kt-svg-icon-list-single\"><svg viewBox=\"0 0 24 24\"  fill=\"none\" stroke=\"currentColor\" stroke-width=\"3\" stroke-linecap=\"round\" stroke-linejoin=\"round\" xmlns=\"http:\/\/www.w3.org\/2000\/svg\"  aria-hidden=\"true\"><path d=\"M22 11.08V12a10 10 0 1 1-5.93-9.14\"\/><polyline points=\"22 4 12 14.01 9 11.01\"\/><\/svg><\/span><span class=\"kt-svg-icon-list-text\">Avec leur teinte noire classique et leur design sophistiqu\u00e9, ces chaussures red\u00e9finissent l&#8217;\u00e9l\u00e9gance d\u00e9contract\u00e9e, ce qui les rend suffisamment polyvalentes pour compl\u00e9ter n&#8217;importe quelle tenue.<\/span><\/li>\n\n\n<style>.kt-svg-icon-list-item-16994_a96040-e7 .kt-svg-icon-list-text mark.kt-highlight{background-color:unset;font-style:normal;color:#f76a0c;-webkit-box-decoration-break:clone;box-decoration-break:clone;padding-top:0px;padding-right:0px;padding-bottom:0px;padding-left:0px;}<\/style>\n<li class=\"wp-block-kadence-listitem kt-svg-icon-list-item-wrap kt-svg-icon-list-item-16994_a96040-e7\"><span class=\"kb-svg-icon-wrap kb-svg-icon-fe_checkCircle kt-svg-icon-list-single\"><svg viewBox=\"0 0 24 24\"  fill=\"none\" stroke=\"currentColor\" stroke-width=\"3\" stroke-linecap=\"round\" stroke-linejoin=\"round\" xmlns=\"http:\/\/www.w3.org\/2000\/svg\"  aria-hidden=\"true\"><path d=\"M22 11.08V12a10 10 0 1 1-5.93-9.14\"\/><polyline points=\"22 4 12 14.01 9 11.01\"\/><\/svg><\/span><span class=\"kt-svg-icon-list-text\">Con\u00e7ues \u00e0 la fois pour le style et le confort, ces chaussures donnent la priorit\u00e9 \u00e0 votre confort, vous permettant d&#8217;entrer dans l&#8217;avenir de la chaussure avec confiance et aisance.<\/span><\/li>\n<\/ul><\/div>\n\n\n\n<p>Am\u00e9liorez votre collection de chaussures avec les chaussures v\u00e9ganes noires DARIO, o\u00f9 les valeurs \u00e9thiques rencontrent un style sans effort. Faites-vous remarquer avec des chaussures qui ne se contentent pas d&#8217;\u00eatre belles, mais qui contribuent \u00e9galement \u00e0 un monde plus compatissant et plus durable.<\/p>\n","protected":false},"excerpt":{"rendered":"<p>Voici les chaussures v\u00e9ganes noires DARIO &#8211; une fusion de sophistication intemporelle et de mode \u00e9thique. Fabriqu\u00e9es avec pr\u00e9cision et soin, ces chaussures bateau contemporaines pr\u00e9sentent un design \u00e9l\u00e9gant, m\u00e9ticuleusement r\u00e9alis\u00e9 en microfibre de daim v\u00e9g\u00e9tal noir naturel. Au-del\u00e0 de leur aspect \u00e9l\u00e9gant, ces chaussures repr\u00e9sentent un engagement en faveur de pratiques sans cruaut\u00e9 et&#8230;<\/p>\n","protected":false},"featured_media":16991,"comment_status":"open","ping_status":"closed","template":"","meta":{"_acf_changed":false,"_kad_blocks_custom_css":"","_kad_blocks_head_custom_js":"","_kad_blocks_body_custom_js":"","_kad_blocks_footer_custom_js":"","_kad_post_transparent":"","_kad_post_title":"","_kad_post_layout":"","_kad_post_sidebar_id":"","_kad_post_content_style":"","_kad_post_vertical_padding":"","_kad_post_feature":"","_kad_post_feature_position":"","_kad_post_header":false,"_kad_post_footer":false},"product_brand":[],"product_cat":[705,46],"product_tag":[],"product_brands":[],"class_list":{"0":"post-16994","1":"product","2":"type-product","3":"status-publish","4":"has-post-thumbnail","6":"product_cat-chaussures-plates","7":"product_cat-chaussures","9":"first","10":"outofstock","11":"taxable","12":"shipping-taxable","13":"purchasable","14":"product-type-variable","15":"entry","16":"content-bg","17":"loop-entry"},"acf":{"avantages":"Ces chaussures offrent une alternative sans cruaut\u00e9, garantissant qu'aucun animal n'est bless\u00e9 lors de leur production, en accord avec les valeurs \u00e9thiques.\r\n\r\nFabriqu\u00e9es en microfibre de daim v\u00e9g\u00e9tal noir naturel, ces chaussures exsudent une sophistication intemporelle, ajoutant une touche d'\u00e9l\u00e9gance \u00e0 n'importe quel ensemble.\r\n\r\nAvec leur design unique et moderne, ces chaussures red\u00e9finissent l'\u00e9l\u00e9gance d\u00e9contract\u00e9e tout en privil\u00e9giant le confort, ce qui permet de les porter tout au long de la journ\u00e9e sans sacrifier le style.","entretien":"1. Enlevez La Poussi\u00e8re Ou La Boue Avec Une Brosse Douce Ou Un Chiffon Sec.\r\n\r\n2. Utilisez Un Chiffon Humide Pour Nettoyer L\u2019ensemble De Votre Produit En Frottant Doucement D\u2019un Geste Circulaire.\r\n\r\n3. Nettoyez R\u00e9guli\u00e8rement Votre Chiffon Pour \u00c9viter De R\u00e9pandre La Salet\u00e9\r\n\r\n4. Pour Les T\u00e2ches Difficiles, Utilisez Une Brosse \u00c0 Poils Doux Et De L\u2019eau En Frottant D\u00e9licatement D\u2019un Geste Circulaire.\r\n\r\n5. Laissez S\u00e9cher \u00c0 L\u2019air Libre Avant D\u2019appliquer Une Cr\u00e8me Nettoyante.\r\n\r\n6. Utilisez Une Cr\u00e8me Nettoyante Pour Donner Plus D\u2019\u00e9clat \u00c0 Votre Produit. Mettez Une Noisette De Produit Sur Une Brosse Ou Un Chiffon Doux Et Sec, Puis Faites P\u00e9n\u00e9trer Compl\u00e8tement Dans Le Tissu En Frottant D\u00e9licatement De Mani\u00e8re Circulaire Jusqu\u2019\u00e0 Totale Absorption.\r\n\r\n7. Enfin, Laissez S\u00e9cher \u00c0 L\u2019air Libre Pendant 24 Heures, \u00c0 L\u2019abri De La Lumi\u00e8re Directe Du Soleil.\r\n\r\n<strong>Attention<\/strong>\u00a0:\r\n\r\n\u2022 Ne Mettez Pas Votre Produit En Machine.\r\n\r\n\u2022 Ne L\u2019immergez Pas Dans L\u2019eau, Cela Pourrait Causer Des Dommages Irr\u00e9versibles.\r\n\r\nLorsque Vos Chaussures V\u00e9ganes Ont Atteint Leur Dur\u00e9e De Vie Ou Que Vous N\u2019en Avez Plus Besoin, Envisagez De Leur Donner Une Seconde Vie.\r\n\r\nDonnez-Leur Un Autre Usage Pour Vous-M\u00eame Ou Offrez-Les \u00c0 Quelqu\r\n","marque":""},"_wp_attached_file":null,"_wp_attachment_image_alt":null,"rank_math_facebook_image":null,"rank_math_facebook_image_id":null,"wpml_language":null,"_wp_attachment_metadata":null,"rank_math_focus_keyword":null,"rank_math_title":null,"rank_math_description":null,"taxonomy_info":{"product_cat":[{"value":705,"label":"Chaussures plates"},{"value":46,"label":"Chaussures"}]},"featured_image_src_large":["https:\/\/ekomfort.lu\/wp-content\/uploads\/2024\/05\/Dario_Black.jpg",700,700,false],"author_info":[],"comment_info":0,"_links":{"self":[{"href":"https:\/\/ekomfort.lu\/en\/wp-json\/wp\/v2\/product\/16994","targetHints":{"allow":["GET"]}}],"collection":[{"href":"https:\/\/ekomfort.lu\/en\/wp-json\/wp\/v2\/product"}],"about":[{"href":"https:\/\/ekomfort.lu\/en\/wp-json\/wp\/v2\/types\/product"}],"replies":[{"embeddable":true,"href":"https:\/\/ekomfort.lu\/en\/wp-json\/wp\/v2\/comments?post=16994"}],"wp:featuredmedia":[{"embeddable":true,"href":"https:\/\/ekomfort.lu\/en\/wp-json\/wp\/v2\/media\/16991"}],"wp:attachment":[{"href":"https:\/\/ekomfort.lu\/en\/wp-json\/wp\/v2\/media?parent=16994"}],"wp:term":[{"taxonomy":"product_brand","embeddable":true,"href":"https:\/\/ekomfort.lu\/en\/wp-json\/wp\/v2\/product_brand?post=16994"},{"taxonomy":"product_cat","embeddable":true,"href":"https:\/\/ekomfort.lu\/en\/wp-json\/wp\/v2\/product_cat?post=16994"},{"taxonomy":"product_tag","embeddable":true,"href":"https:\/\/ekomfort.lu\/en\/wp-json\/wp\/v2\/product_tag?post=16994"},{"taxonomy":"product_brands","embeddable":true,"href":"https:\/\/ekomfort.lu\/en\/wp-json\/wp\/v2\/product_brands?post=16994"}],"curies":[{"name":"wp","href":"https:\/\/api.w.org\/{rel}","templated":true}]}}