{"id":16968,"date":"2024-05-29T07:10:04","date_gmt":"2024-05-29T05:10:04","guid":{"rendered":"https:\/\/ekomfort.lu\/?post_type=product&#038;p=16968"},"modified":"2024-07-20T10:20:08","modified_gmt":"2024-07-20T08:20:08","slug":"charlie-bottine-vegane-a-lacets","status":"publish","type":"product","link":"https:\/\/ekomfort.lu\/en\/shop\/charlie-bottine-vegane-a-lacets\/","title":{"rendered":"Charlie bottine v\u00e9gane \u00e0 lacets"},"content":{"rendered":"\n<p>Voici les bottes \u00e0 lacets Charlie Vegan, un choix \u00e9l\u00e9gant et respectueux de l&#8217;environnement pour des chaussures d&#8217;hiver modernes et unisexes. Ces bottes associent un design innovant \u00e0 des mat\u00e9riaux durables, offrant \u00e0 la fois fonctionnalit\u00e9 et mode. Fabriqu\u00e9es en cuir v\u00e9g\u00e9talien certifi\u00e9 OEKO-TEX STANDARD 100 et produites selon un processus neutre en CO2, les bottes Charlie sont doubl\u00e9es de coton 100 % biologique pour une chaleur et une douceur in\u00e9gal\u00e9es. Les lacets ornementaux en coton et les \u0153illets en m\u00e9tal sans nickel ajoutent une touche de style, tandis que la fermeture \u00e0 glissi\u00e8re lat\u00e9rale pratique permet de les porter facilement. Parfaites pour rehausser votre look d&#8217;une touche moderne et originale, ces bottes sont fabriqu\u00e9es avec soin au Portugal dans des conditions de travail \u00e9quitables.<\/p>\n\n\n<style>.wp-block-kadence-iconlist.kt-svg-icon-list-items16968_429a9c-eb:not(.this-stops-third-party-issues){margin-top:0px;margin-bottom:0px;}.wp-block-kadence-iconlist.kt-svg-icon-list-items16968_429a9c-eb ul.kt-svg-icon-list:not(.this-prevents-issues):not(.this-stops-third-party-issues):not(.tijsloc){margin-top:0px;margin-right:0px;margin-bottom:var(--global-kb-spacing-sm, 1.5rem);margin-left:0px;}.wp-block-kadence-iconlist.kt-svg-icon-list-items16968_429a9c-eb ul.kt-svg-icon-list{grid-row-gap:5px;}.wp-block-kadence-iconlist.kt-svg-icon-list-items16968_429a9c-eb .kb-svg-icon-wrap{font-size:18px;color:var(--global-palette1, #3182CE);}.wp-block-kadence-iconlist.kt-svg-icon-list-items16968_429a9c-eb ul.kt-svg-icon-list .kt-svg-icon-list-item-wrap .kt-svg-icon-list-single{margin-right:10px;}.kt-svg-icon-list-items16968_429a9c-eb ul.kt-svg-icon-list .kt-svg-icon-list-level-0 .kt-svg-icon-list-single svg{font-size:20px;}<\/style>\n<div class=\"wp-block-kadence-iconlist kt-svg-icon-list-items kt-svg-icon-list-items16968_429a9c-eb kt-svg-icon-list-columns-1 alignnone\"><ul class=\"kt-svg-icon-list\"><style>.kt-svg-icon-list-item-16968_be2d4c-a5 .kt-svg-icon-list-text mark.kt-highlight{background-color:unset;font-style:normal;color:#f76a0c;-webkit-box-decoration-break:clone;box-decoration-break:clone;padding-top:0px;padding-right:0px;padding-bottom:0px;padding-left:0px;}<\/style>\n<li class=\"wp-block-kadence-listitem kt-svg-icon-list-item-wrap kt-svg-icon-list-item-16968_be2d4c-a5\"><span class=\"kb-svg-icon-wrap kb-svg-icon-fe_checkCircle kt-svg-icon-list-single\"><svg viewBox=\"0 0 24 24\"  fill=\"none\" stroke=\"currentColor\" stroke-width=\"3\" stroke-linecap=\"round\" stroke-linejoin=\"round\" xmlns=\"http:\/\/www.w3.org\/2000\/svg\"  aria-hidden=\"true\"><path d=\"M22 11.08V12a10 10 0 1 1-5.93-9.14\"\/><polyline points=\"22 4 12 14.01 9 11.01\"\/><\/svg><\/span><span class=\"kt-svg-icon-list-text\">Fabriqu\u00e9es en cuir v\u00e9g\u00e9talien neutre en CO2 et certifi\u00e9 OEKO-TEX STANDARD 100, ces bottes repr\u00e9sentent un choix durable et \u00e9thique.<\/span><\/li>\n\n\n<style>.kt-svg-icon-list-item-16968_c08bbd-dc .kt-svg-icon-list-text mark.kt-highlight{background-color:unset;font-style:normal;color:#f76a0c;-webkit-box-decoration-break:clone;box-decoration-break:clone;padding-top:0px;padding-right:0px;padding-bottom:0px;padding-left:0px;}<\/style>\n<li class=\"wp-block-kadence-listitem kt-svg-icon-list-item-wrap kt-svg-icon-list-item-16968_c08bbd-dc\"><span class=\"kb-svg-icon-wrap kb-svg-icon-fe_checkCircle kt-svg-icon-list-single\"><svg viewBox=\"0 0 24 24\"  fill=\"none\" stroke=\"currentColor\" stroke-width=\"3\" stroke-linecap=\"round\" stroke-linejoin=\"round\" xmlns=\"http:\/\/www.w3.org\/2000\/svg\"  aria-hidden=\"true\"><path d=\"M22 11.08V12a10 10 0 1 1-5.93-9.14\"\/><polyline points=\"22 4 12 14.01 9 11.01\"\/><\/svg><\/span><span class=\"kt-svg-icon-list-text\">Doubl\u00e9es de coton 100 % biologique, ces bottes offrent chaleur, douceur, respirabilit\u00e9 et r\u00e9sistance \u00e0 l&#8217;eau, ce qui les rend id\u00e9ales pour l&#8217;hiver.<\/span><\/li>\n\n\n<style>.kt-svg-icon-list-item-16968_a0baa1-e9 .kt-svg-icon-list-text mark.kt-highlight{background-color:unset;font-style:normal;color:#f76a0c;-webkit-box-decoration-break:clone;box-decoration-break:clone;padding-top:0px;padding-right:0px;padding-bottom:0px;padding-left:0px;}<\/style>\n<li class=\"wp-block-kadence-listitem kt-svg-icon-list-item-wrap kt-svg-icon-list-item-16968_a0baa1-e9\"><span class=\"kb-svg-icon-wrap kb-svg-icon-fe_checkCircle kt-svg-icon-list-single\"><svg viewBox=\"0 0 24 24\"  fill=\"none\" stroke=\"currentColor\" stroke-width=\"3\" stroke-linecap=\"round\" stroke-linejoin=\"round\" xmlns=\"http:\/\/www.w3.org\/2000\/svg\"  aria-hidden=\"true\"><path d=\"M22 11.08V12a10 10 0 1 1-5.93-9.14\"\/><polyline points=\"22 4 12 14.01 9 11.01\"\/><\/svg><\/span><span class=\"kt-svg-icon-list-text\">Dot\u00e9es de lacets ornementaux et d&#8217;une fermeture \u00e0 glissi\u00e8re lat\u00e9rale pratique, ces bottes allient style moderne et facilit\u00e9 d&#8217;utilisation.<\/span><\/li>\n<\/ul><\/div>\n\n\n\n<p>Entrez dans l&#8217;avenir de la mode avec les bottes \u00e0 lacets Charlie Vegan. Adoptez le d\u00e9veloppement durable et le style en un seul ensemble chic, et profitez du confort et de la commodit\u00e9 de bottes con\u00e7ues pour vous et pour la plan\u00e8te.<\/p>\n","protected":false},"excerpt":{"rendered":"<p>Voici les bottes \u00e0 lacets Charlie Vegan, un choix \u00e9l\u00e9gant et respectueux de l&#8217;environnement pour des chaussures d&#8217;hiver modernes et unisexes. Ces bottes associent un design innovant \u00e0 des mat\u00e9riaux durables, offrant \u00e0 la fois fonctionnalit\u00e9 et mode. Fabriqu\u00e9es en cuir v\u00e9g\u00e9talien certifi\u00e9 OEKO-TEX STANDARD 100 et produites selon un processus neutre en CO2, les&#8230;<\/p>\n","protected":false},"featured_media":16965,"comment_status":"open","ping_status":"closed","template":"","meta":{"_acf_changed":false,"_kad_blocks_custom_css":"","_kad_blocks_head_custom_js":"","_kad_blocks_body_custom_js":"","_kad_blocks_footer_custom_js":"","_kad_post_transparent":"","_kad_post_title":"","_kad_post_layout":"","_kad_post_sidebar_id":"","_kad_post_content_style":"","_kad_post_vertical_padding":"","_kad_post_feature":"","_kad_post_feature_position":"","_kad_post_header":false,"_kad_post_footer":false,"_kad_post_classname":""},"product_brand":[],"product_cat":[65,540],"product_tag":[],"product_brands":[28],"class_list":{"0":"post-16968","1":"product","2":"type-product","3":"status-publish","4":"has-post-thumbnail","6":"product_cat-bottes","7":"product_cat-bottes-vegan-femme","8":"product_brands-nae-vegan-shoes","10":"first","11":"instock","12":"taxable","13":"shipping-taxable","14":"purchasable","15":"product-type-variable","16":"entry","17":"content-bg","18":"loop-entry"},"acf":{"avantages":"Fabriqu\u00e9 en cuir v\u00e9g\u00e9talien certifi\u00e9 OEKO-TEX STANDARD 100, issu d'un processus de fabrication neutre en CO2, ce qui garantit un choix durable et respectueux de l'environnement.\r\n\r\nDoubl\u00e9es de coton biologique \u00e0 100 %, ces bottes procurent chaleur et douceur tout en \u00e9tant respirantes et r\u00e9sistantes \u00e0 l'eau, ce qui est id\u00e9al pour l'hiver.\r\n\r\nDot\u00e9es de lacets ornementaux en coton et d'une fermeture \u00e0 glissi\u00e8re lat\u00e9rale pratique, ces bottes allient style moderne et facilit\u00e9 d'enfilage.","entretien":"1. Enlevez La Poussi\u00e8re Ou La Boue Avec Une Brosse Douce Ou Un Chiffon Sec.\r\n\r\n2. Utilisez Un Chiffon Humide Pour Nettoyer L\u2019ensemble De Votre Produit En Frottant Doucement D\u2019un Geste Circulaire.\r\n\r\n3. Nettoyez R\u00e9guli\u00e8rement Votre Chiffon Pour \u00c9viter De R\u00e9pandre La Salet\u00e9\r\n\r\n4. Pour Les T\u00e2ches Difficiles, Utilisez Une Brosse \u00c0 Poils Doux Et De L\u2019eau En Frottant D\u00e9licatement D\u2019un Geste Circulaire.\r\n\r\n5. Laissez S\u00e9cher \u00c0 L\u2019air Libre Avant D\u2019appliquer Une Cr\u00e8me Nettoyante.\r\n\r\n6. Utilisez Une Cr\u00e8me Nettoyante Pour Donner Plus D\u2019\u00e9clat \u00c0 Votre Produit. Mettez Une Noisette De Produit Sur Une Brosse Ou Un Chiffon Doux Et Sec, Puis Faites P\u00e9n\u00e9trer Compl\u00e8tement Dans Le Tissu En Frottant D\u00e9licatement De Mani\u00e8re Circulaire Jusqu\u2019\u00e0 Totale Absorption.\r\n\r\n7. Enfin, Laissez S\u00e9cher \u00c0 L\u2019air Libre Pendant 24 Heures, \u00c0 L\u2019abri De La Lumi\u00e8re Directe Du Soleil.\r\n\r\n<strong>Attention<\/strong>\u00a0:\r\n\r\n\u2022 Ne Mettez Pas Votre Produit En Machine.\r\n\r\n\u2022 Ne L\u2019immergez Pas Dans L\u2019eau, Cela Pourrait Causer Des Dommages Irr\u00e9versibles.\r\n\r\nLorsque Vos Chaussures V\u00e9ganes Ont Atteint Leur Dur\u00e9e De Vie Ou Que Vous N\u2019en Avez Plus Besoin, Envisagez De Leur Donner Une Seconde Vie.\r\n\r\nDonnez-Leur Un Autre Usage Pour Vous-M\u00eame Ou Offrez-Les \u00c0 Quelqu\r\n","marque":""},"taxonomy_info":{"product_cat":[{"value":65,"label":"Bottes"},{"value":540,"label":"Bottes vegan femme"}],"product_brands":[{"value":28,"label":"NAE Vegan Shoes"}]},"featured_image_src_large":["https:\/\/ekomfort.lu\/wp-content\/uploads\/2024\/05\/Charlie_Black.jpg",700,700,false],"author_info":[],"comment_info":0,"_links":{"self":[{"href":"https:\/\/ekomfort.lu\/en\/wp-json\/wp\/v2\/product\/16968","targetHints":{"allow":["GET"]}}],"collection":[{"href":"https:\/\/ekomfort.lu\/en\/wp-json\/wp\/v2\/product"}],"about":[{"href":"https:\/\/ekomfort.lu\/en\/wp-json\/wp\/v2\/types\/product"}],"replies":[{"embeddable":true,"href":"https:\/\/ekomfort.lu\/en\/wp-json\/wp\/v2\/comments?post=16968"}],"wp:featuredmedia":[{"embeddable":true,"href":"https:\/\/ekomfort.lu\/en\/wp-json\/wp\/v2\/media\/16965"}],"wp:attachment":[{"href":"https:\/\/ekomfort.lu\/en\/wp-json\/wp\/v2\/media?parent=16968"}],"wp:term":[{"taxonomy":"product_brand","embeddable":true,"href":"https:\/\/ekomfort.lu\/en\/wp-json\/wp\/v2\/product_brand?post=16968"},{"taxonomy":"product_cat","embeddable":true,"href":"https:\/\/ekomfort.lu\/en\/wp-json\/wp\/v2\/product_cat?post=16968"},{"taxonomy":"product_tag","embeddable":true,"href":"https:\/\/ekomfort.lu\/en\/wp-json\/wp\/v2\/product_tag?post=16968"},{"taxonomy":"product_brands","embeddable":true,"href":"https:\/\/ekomfort.lu\/en\/wp-json\/wp\/v2\/product_brands?post=16968"}],"curies":[{"name":"wp","href":"https:\/\/api.w.org\/{rel}","templated":true}]}}