{"id":16948,"date":"2024-05-29T07:04:59","date_gmt":"2024-05-29T05:04:59","guid":{"rendered":"https:\/\/ekomfort.lu\/?post_type=product&#038;p=16948"},"modified":"2024-07-04T17:13:04","modified_gmt":"2024-07-04T15:13:04","slug":"seva-bordeaux-ceinture-homme-cuir-pinatex","status":"publish","type":"product","link":"https:\/\/ekomfort.lu\/en\/shop\/seva-bordeaux-ceinture-homme-cuir-pinatex\/","title":{"rendered":"Seva Bordeaux Ceinture homme Cuir Pi\u00f1atex"},"content":{"rendered":"\n<p>La ceinture Pi\u00f1atex pour homme de Seva Bordeaux est un m\u00e9lange parfait de mode, de fonctionnalit\u00e9 et de durabilit\u00e9. Cette \u00e9l\u00e9gante ceinture est fabriqu\u00e9e \u00e0 partir de Pi\u00f1atex, un mat\u00e9riau innovant fabriqu\u00e9 \u00e0 partir de fibres de feuilles d&#8217;ananas, ce qui permet de r\u00e9utiliser les d\u00e9chets agricoles pour en faire un accessoire \u00e9l\u00e9gant. Avec sa boucle carr\u00e9e et son design \u00e9pur\u00e9, la ceinture Seva Bordeaux ajoute une touche de sophistication \u00e0 n&#8217;importe quelle tenue tout en d\u00e9fendant l&#8217;\u00e9co-responsabilit\u00e9.<\/p>\n\n\n<style>.wp-block-kadence-iconlist.kt-svg-icon-list-items16948_4f296a-ff:not(.this-stops-third-party-issues){margin-top:0px;margin-bottom:0px;}.wp-block-kadence-iconlist.kt-svg-icon-list-items16948_4f296a-ff ul.kt-svg-icon-list:not(.this-prevents-issues):not(.this-stops-third-party-issues):not(.tijsloc){margin-top:0px;margin-right:0px;margin-bottom:var(--global-kb-spacing-sm, 1.5rem);margin-left:0px;}.wp-block-kadence-iconlist.kt-svg-icon-list-items16948_4f296a-ff ul.kt-svg-icon-list{grid-row-gap:5px;}.wp-block-kadence-iconlist.kt-svg-icon-list-items16948_4f296a-ff .kb-svg-icon-wrap{font-size:18px;color:var(--global-palette1, #3182CE);}.wp-block-kadence-iconlist.kt-svg-icon-list-items16948_4f296a-ff ul.kt-svg-icon-list .kt-svg-icon-list-item-wrap .kt-svg-icon-list-single{margin-right:10px;}.kt-svg-icon-list-items16948_4f296a-ff ul.kt-svg-icon-list .kt-svg-icon-list-level-0 .kt-svg-icon-list-single svg{font-size:20px;}<\/style>\n<div class=\"wp-block-kadence-iconlist kt-svg-icon-list-items kt-svg-icon-list-items16948_4f296a-ff kt-svg-icon-list-columns-1 alignnone\"><ul class=\"kt-svg-icon-list\"><style>.kt-svg-icon-list-item-16948_2442a2-36 .kt-svg-icon-list-text mark.kt-highlight{background-color:unset;font-style:normal;color:#f76a0c;-webkit-box-decoration-break:clone;box-decoration-break:clone;padding-top:0px;padding-right:0px;padding-bottom:0px;padding-left:0px;}<\/style>\n<li class=\"wp-block-kadence-listitem kt-svg-icon-list-item-wrap kt-svg-icon-list-item-16948_2442a2-36\"><span class=\"kb-svg-icon-wrap kb-svg-icon-fe_checkCircle kt-svg-icon-list-single\"><svg viewBox=\"0 0 24 24\"  fill=\"none\" stroke=\"currentColor\" stroke-width=\"3\" stroke-linecap=\"round\" stroke-linejoin=\"round\" xmlns=\"http:\/\/www.w3.org\/2000\/svg\"  aria-hidden=\"true\"><path d=\"M22 11.08V12a10 10 0 1 1-5.93-9.14\"\/><polyline points=\"22 4 12 14.01 9 11.01\"\/><\/svg><\/span><span class=\"kt-svg-icon-list-text\">Fabriqu\u00e9e en Pi\u00f1atex, un mat\u00e9riau biod\u00e9gradable et renouvelable fabriqu\u00e9 \u00e0 partir de fibres de feuilles d&#8217;ananas, cette ceinture soutient la mode durable et r\u00e9duit les d\u00e9chets agricoles.<\/span><\/li>\n\n\n<style>.kt-svg-icon-list-item-16948_99faea-64 .kt-svg-icon-list-text mark.kt-highlight{background-color:unset;font-style:normal;color:#f76a0c;-webkit-box-decoration-break:clone;box-decoration-break:clone;padding-top:0px;padding-right:0px;padding-bottom:0px;padding-left:0px;}<\/style>\n<li class=\"wp-block-kadence-listitem kt-svg-icon-list-item-wrap kt-svg-icon-list-item-16948_99faea-64\"><span class=\"kb-svg-icon-wrap kb-svg-icon-fe_checkCircle kt-svg-icon-list-single\"><svg viewBox=\"0 0 24 24\"  fill=\"none\" stroke=\"currentColor\" stroke-width=\"3\" stroke-linecap=\"round\" stroke-linejoin=\"round\" xmlns=\"http:\/\/www.w3.org\/2000\/svg\"  aria-hidden=\"true\"><path d=\"M22 11.08V12a10 10 0 1 1-5.93-9.14\"\/><polyline points=\"22 4 12 14.01 9 11.01\"\/><\/svg><\/span><span class=\"kt-svg-icon-list-text\">En tant qu&#8217;alternative sans cruaut\u00e9 au cuir traditionnel, la ceinture Seva Bordeaux garantit qu&#8217;aucun animal n&#8217;est bless\u00e9 lors de sa production, s&#8217;alignant ainsi sur les principes de la mode \u00e9thique.<\/span><\/li>\n\n\n<style>.kt-svg-icon-list-item-16948_08bc6d-74 .kt-svg-icon-list-text mark.kt-highlight{background-color:unset;font-style:normal;color:#f76a0c;-webkit-box-decoration-break:clone;box-decoration-break:clone;padding-top:0px;padding-right:0px;padding-bottom:0px;padding-left:0px;}<\/style>\n<li class=\"wp-block-kadence-listitem kt-svg-icon-list-item-wrap kt-svg-icon-list-item-16948_08bc6d-74\"><span class=\"kb-svg-icon-wrap kb-svg-icon-fe_checkCircle kt-svg-icon-list-single\"><svg viewBox=\"0 0 24 24\"  fill=\"none\" stroke=\"currentColor\" stroke-width=\"3\" stroke-linecap=\"round\" stroke-linejoin=\"round\" xmlns=\"http:\/\/www.w3.org\/2000\/svg\"  aria-hidden=\"true\"><path d=\"M22 11.08V12a10 10 0 1 1-5.93-9.14\"\/><polyline points=\"22 4 12 14.01 9 11.01\"\/><\/svg><\/span><span class=\"kt-svg-icon-list-text\">Dot\u00e9e d&#8217;un design \u00e9l\u00e9gant avec une boucle carr\u00e9e et un bout, cette ceinture s&#8217;adapte parfaitement aux tenues d\u00e9contract\u00e9es et formelles, ce qui en fait un compl\u00e9ment polyvalent \u00e0 toute garde-robe.<\/span><\/li>\n<\/ul><\/div>\n\n\n\n<p>Rehaussez votre style avec la ceinture en Pi\u00f1atex Seva Bordeaux pour homme, o\u00f9 l&#8217;\u00e9l\u00e9gance rencontre la durabilit\u00e9. Faites-vous remarquer avec un accessoire qui refl\u00e8te votre engagement pour des choix de mode \u00e9thiques et respectueux de l&#8217;environnement.<\/p>\n","protected":false},"excerpt":{"rendered":"<p>La ceinture Pi\u00f1atex pour homme de Seva Bordeaux est un m\u00e9lange parfait de mode, de fonctionnalit\u00e9 et de durabilit\u00e9. Cette \u00e9l\u00e9gante ceinture est fabriqu\u00e9e \u00e0 partir de Pi\u00f1atex, un mat\u00e9riau innovant fabriqu\u00e9 \u00e0 partir de fibres de feuilles d&#8217;ananas, ce qui permet de r\u00e9utiliser les d\u00e9chets agricoles pour en faire un accessoire \u00e9l\u00e9gant. Avec sa&#8230;<\/p>\n","protected":false},"featured_media":16945,"comment_status":"open","ping_status":"closed","template":"","meta":{"_acf_changed":false,"_kad_blocks_custom_css":"","_kad_blocks_head_custom_js":"","_kad_blocks_body_custom_js":"","_kad_blocks_footer_custom_js":"","_kad_post_transparent":"","_kad_post_title":"","_kad_post_layout":"","_kad_post_sidebar_id":"","_kad_post_content_style":"","_kad_post_vertical_padding":"","_kad_post_feature":"","_kad_post_feature_position":"","_kad_post_header":false,"_kad_post_footer":false,"_kad_post_classname":""},"product_brand":[],"product_cat":[48,129],"product_tag":[],"product_brands":[],"class_list":{"0":"post-16948","1":"product","2":"type-product","3":"status-publish","4":"has-post-thumbnail","6":"product_cat-sac-vegan","7":"product_cat-ceintures-vegan","9":"first","10":"outofstock","11":"taxable","12":"shipping-taxable","13":"purchasable","14":"product-type-variable","15":"entry","16":"content-bg","17":"loop-entry"},"acf":{"avantages":"Fabriqu\u00e9 en Pi\u00f1atex, un mat\u00e9riau biod\u00e9gradable et renouvelable d\u00e9riv\u00e9 de fibres de feuilles d'ananas, qui favorise le d\u00e9veloppement durable et r\u00e9duit les d\u00e9chets.\r\n\r\nOffre une alternative sans cruaut\u00e9 au cuir traditionnel, garantissant que les animaux ne sont pas maltrait\u00e9s au cours du processus de production.\r\n\r\nCes chaussures sont dot\u00e9es d'une boucle carr\u00e9e et d'un bout de pied tr\u00e8s tendance. Elles sont parfaites pour les occasions d\u00e9contract\u00e9es et formelles.","entretien":"1. Enlevez La Poussi\u00e8re Ou La Boue Avec Une Brosse Douce Ou Un Chiffon Sec.\r\n\r\n2. Utilisez Un Chiffon Humide Pour Nettoyer L\u2019ensemble De Votre Produit En Frottant Doucement D\u2019un Geste Circulaire.\r\n\r\n3. Nettoyez R\u00e9guli\u00e8rement Votre Chiffon Pour \u00c9viter De R\u00e9pandre La Salet\u00e9\r\n\r\n4. Pour Les T\u00e2ches Difficiles, Utilisez Une Brosse \u00c0 Poils Doux Et De L\u2019eau En Frottant D\u00e9licatement D\u2019un Geste Circulaire.\r\n\r\n5. Laissez S\u00e9cher \u00c0 L\u2019air Libre Avant D\u2019appliquer Une Cr\u00e8me Nettoyante.\r\n\r\n6. Utilisez Une Cr\u00e8me Nettoyante Pour Donner Plus D\u2019\u00e9clat \u00c0 Votre Produit. Mettez Une Noisette De Produit Sur Une Brosse Ou Un Chiffon Doux Et Sec, Puis Faites P\u00e9n\u00e9trer Compl\u00e8tement Dans Le Tissu En Frottant D\u00e9licatement De Mani\u00e8re Circulaire Jusqu\u2019\u00e0 Totale Absorption.\r\n\r\n7. Enfin, Laissez S\u00e9cher \u00c0 L\u2019air Libre Pendant 24 Heures, \u00c0 L\u2019abri De La Lumi\u00e8re Directe Du Soleil.\r\n\r\n<strong>Attention<\/strong>\u00a0:\r\n\r\n\u2022 Ne Mettez Pas Votre Produit En Machine.\r\n\r\n\u2022 Ne L\u2019immergez Pas Dans L\u2019eau, Cela Pourrait Causer Des Dommages Irr\u00e9versibles.\r\n\r\nLorsque Vos Chaussures V\u00e9ganes Ont Atteint Leur Dur\u00e9e De Vie Ou Que Vous N\u2019en Avez Plus Besoin, Envisagez De Leur Donner Une Seconde Vie.\r\n\r\nDonnez-Leur Un Autre Usage Pour Vous-M\u00eame Ou Offrez-Les \u00c0 Quelqu\r\n","marque":""},"taxonomy_info":{"product_cat":[{"value":48,"label":"Sacs vegan"},{"value":129,"label":"Ceintures vegan"}]},"featured_image_src_large":["https:\/\/ekomfort.lu\/wp-content\/uploads\/2024\/05\/BeltSeva_Red.jpg",700,700,false],"author_info":[],"comment_info":0,"_links":{"self":[{"href":"https:\/\/ekomfort.lu\/en\/wp-json\/wp\/v2\/product\/16948","targetHints":{"allow":["GET"]}}],"collection":[{"href":"https:\/\/ekomfort.lu\/en\/wp-json\/wp\/v2\/product"}],"about":[{"href":"https:\/\/ekomfort.lu\/en\/wp-json\/wp\/v2\/types\/product"}],"replies":[{"embeddable":true,"href":"https:\/\/ekomfort.lu\/en\/wp-json\/wp\/v2\/comments?post=16948"}],"wp:featuredmedia":[{"embeddable":true,"href":"https:\/\/ekomfort.lu\/en\/wp-json\/wp\/v2\/media\/16945"}],"wp:attachment":[{"href":"https:\/\/ekomfort.lu\/en\/wp-json\/wp\/v2\/media?parent=16948"}],"wp:term":[{"taxonomy":"product_brand","embeddable":true,"href":"https:\/\/ekomfort.lu\/en\/wp-json\/wp\/v2\/product_brand?post=16948"},{"taxonomy":"product_cat","embeddable":true,"href":"https:\/\/ekomfort.lu\/en\/wp-json\/wp\/v2\/product_cat?post=16948"},{"taxonomy":"product_tag","embeddable":true,"href":"https:\/\/ekomfort.lu\/en\/wp-json\/wp\/v2\/product_tag?post=16948"},{"taxonomy":"product_brands","embeddable":true,"href":"https:\/\/ekomfort.lu\/en\/wp-json\/wp\/v2\/product_brands?post=16948"}],"curies":[{"name":"wp","href":"https:\/\/api.w.org\/{rel}","templated":true}]}}