{"id":16887,"date":"2024-05-30T18:15:16","date_gmt":"2024-05-30T16:15:16","guid":{"rendered":"https:\/\/ekomfort.lu\/?post_type=product&#038;p=16887"},"modified":"2025-03-05T23:06:58","modified_gmt":"2025-03-05T22:06:58","slug":"manresa-brown-ceinture-marron-ecoresponsable","status":"publish","type":"product","link":"https:\/\/ekomfort.lu\/en\/shop\/manresa-brown-ceinture-marron-ecoresponsable\/","title":{"rendered":"Manresa Brown: Ceinture Homme Marron par Nae &#8211; Innovante, \u00c9co-responsable, Sans cruaut\u00e9"},"content":{"rendered":"\n<p>Vous recherchez une <strong>ceinture \u00e9l\u00e9gante pour homme<\/strong> et respectueuse de l&#8217;environnement?<br><br>D\u00e9couvrez la &#8220;Manresa Brown: Ceinture Homme Marron par Nae &#8211; Innovante, \u00c9co-responsable, Sans cruaut\u00e9&#8221;. Parfaite pour un look habill\u00e9 et formel, cette ceinture se distingue par sa boucle carr\u00e9e et son bout en trap\u00e8ze, tout en \u00e9tant confectionn\u00e9e en <strong>AppleSkin<\/strong> &#8211; un <strong>cuir v\u00e9g\u00e9tal<\/strong> r\u00e9volutionnaire issu des r\u00e9sidus de production de jus de pomme.<br><br>Voici ce qui la rend particuli\u00e8re:<\/p>\n\n\n<style>.wp-block-kadence-iconlist.kt-svg-icon-list-items16887_c90f1e-c7:not(.this-stops-third-party-issues){margin-top:0px;margin-bottom:0px;}.wp-block-kadence-iconlist.kt-svg-icon-list-items16887_c90f1e-c7 ul.kt-svg-icon-list:not(.this-prevents-issues):not(.this-stops-third-party-issues):not(.tijsloc){margin-top:var(--global-kb-spacing-sm, 1.5rem);margin-right:0px;margin-bottom:var(--global-kb-spacing-sm, 1.5rem);margin-left:0px;}.wp-block-kadence-iconlist.kt-svg-icon-list-items16887_c90f1e-c7 ul.kt-svg-icon-list{grid-row-gap:7px;}.wp-block-kadence-iconlist.kt-svg-icon-list-items16887_c90f1e-c7 .kb-svg-icon-wrap{color:var(--global-palette1, #3182CE);}.wp-block-kadence-iconlist.kt-svg-icon-list-items16887_c90f1e-c7 ul.kt-svg-icon-list .kt-svg-icon-list-item-wrap .kt-svg-icon-list-single{margin-right:10px;}.kt-svg-icon-list-items16887_c90f1e-c7 ul.kt-svg-icon-list .kt-svg-icon-list-level-0 .kt-svg-icon-list-single svg{font-size:20px;}<\/style>\n<div class=\"wp-block-kadence-iconlist kt-svg-icon-list-items kt-svg-icon-list-items16887_c90f1e-c7 kt-svg-icon-list-columns-1 alignnone\"><ul class=\"kt-svg-icon-list\"><style>.kt-svg-icon-list-item-16887_a8d193-4d .kt-svg-icon-list-text mark.kt-highlight{background-color:unset;font-style:normal;color:#f76a0c;-webkit-box-decoration-break:clone;box-decoration-break:clone;padding-top:0px;padding-right:0px;padding-bottom:0px;padding-left:0px;}<\/style>\n<li class=\"wp-block-kadence-listitem kt-svg-icon-list-item-wrap kt-svg-icon-list-item-16887_a8d193-4d\"><span class=\"kb-svg-icon-wrap kb-svg-icon-fe_checkCircle kt-svg-icon-list-single\"><svg viewBox=\"0 0 24 24\"  fill=\"none\" stroke=\"currentColor\" stroke-width=\"2\" stroke-linecap=\"round\" stroke-linejoin=\"round\" xmlns=\"http:\/\/www.w3.org\/2000\/svg\"  aria-hidden=\"true\"><path d=\"M22 11.08V12a10 10 0 1 1-5.93-9.14\"\/><polyline points=\"22 4 12 14.01 9 11.01\"\/><\/svg><\/span><span class=\"kt-svg-icon-list-text\">Couleur: Marron<\/span><\/li>\n\n\n<style>.kt-svg-icon-list-item-16887_fecaea-da .kt-svg-icon-list-text mark.kt-highlight{background-color:unset;font-style:normal;color:#f76a0c;-webkit-box-decoration-break:clone;box-decoration-break:clone;padding-top:0px;padding-right:0px;padding-bottom:0px;padding-left:0px;}<\/style>\n<li class=\"wp-block-kadence-listitem kt-svg-icon-list-item-wrap kt-svg-icon-list-item-16887_fecaea-da\"><span class=\"kb-svg-icon-wrap kb-svg-icon-fe_checkCircle kt-svg-icon-list-single\"><svg viewBox=\"0 0 24 24\"  fill=\"none\" stroke=\"currentColor\" stroke-width=\"2\" stroke-linecap=\"round\" stroke-linejoin=\"round\" xmlns=\"http:\/\/www.w3.org\/2000\/svg\"  aria-hidden=\"true\"><path d=\"M22 11.08V12a10 10 0 1 1-5.93-9.14\"\/><polyline points=\"22 4 12 14.01 9 11.01\"\/><\/svg><\/span><span class=\"kt-svg-icon-list-text\">Mat\u00e9riau: AppleSkin (peau de pomme)<\/span><\/li>\n\n\n<style>.kt-svg-icon-list-item-16887_bcc257-5d .kt-svg-icon-list-text mark.kt-highlight{background-color:unset;font-style:normal;color:#f76a0c;-webkit-box-decoration-break:clone;box-decoration-break:clone;padding-top:0px;padding-right:0px;padding-bottom:0px;padding-left:0px;}<\/style>\n<li class=\"wp-block-kadence-listitem kt-svg-icon-list-item-wrap kt-svg-icon-list-item-16887_bcc257-5d\"><span class=\"kb-svg-icon-wrap kb-svg-icon-fe_checkCircle kt-svg-icon-list-single\"><svg viewBox=\"0 0 24 24\"  fill=\"none\" stroke=\"currentColor\" stroke-width=\"2\" stroke-linecap=\"round\" stroke-linejoin=\"round\" xmlns=\"http:\/\/www.w3.org\/2000\/svg\"  aria-hidden=\"true\"><path d=\"M22 11.08V12a10 10 0 1 1-5.93-9.14\"\/><polyline points=\"22 4 12 14.01 9 11.01\"\/><\/svg><\/span><span class=\"kt-svg-icon-list-text\">Genre: Homme<\/span><\/li>\n<\/ul><\/div>\n\n\n\n<p>Optez pour Manresa Brown, l&#8217;accessoire id\u00e9al qui allie style, \u00e9coresponsabilit\u00e9 et bien-\u00eatre animal pour seulement 64,99\u20ac.<br><br>Faites le choix d&#8217;un avenir plus vert avec un accessoire aussi \u00e9l\u00e9gant que respectueux de l&#8217;environnement \u2013 commandez d\u00e8s maintenant!<\/p>\n","protected":false},"excerpt":{"rendered":"<p>Vous recherchez une ceinture \u00e9l\u00e9gante pour homme et respectueuse de l&#8217;environnement? D\u00e9couvrez la &#8220;Manresa Brown: Ceinture Homme Marron par Nae &#8211; Innovante, \u00c9co-responsable, Sans cruaut\u00e9&#8221;. Parfaite pour un look habill\u00e9 et formel, cette ceinture se distingue par sa boucle carr\u00e9e et son bout en trap\u00e8ze, tout en \u00e9tant confectionn\u00e9e en AppleSkin &#8211; un cuir v\u00e9g\u00e9tal&#8230;<\/p>\n","protected":false},"featured_media":16911,"comment_status":"open","ping_status":"closed","template":"","meta":{"_acf_changed":false,"_kad_blocks_custom_css":"","_kad_blocks_head_custom_js":"","_kad_blocks_body_custom_js":"","_kad_blocks_footer_custom_js":"","_kad_post_transparent":"","_kad_post_title":"","_kad_post_layout":"","_kad_post_sidebar_id":"","_kad_post_content_style":"","_kad_post_vertical_padding":"","_kad_post_feature":"","_kad_post_feature_position":"","_kad_post_header":false,"_kad_post_footer":false,"_kad_post_classname":""},"product_brand":[812],"product_cat":[129,48],"product_tag":[242],"product_brands":[28],"class_list":{"0":"post-16887","1":"product","2":"type-product","3":"status-publish","4":"has-post-thumbnail","6":"product_brand-nae-vegan-shoes","7":"product_cat-ceintures-vegan","8":"product_cat-sac-vegan","9":"product_tag-homme","10":"product_brands-nae-vegan-shoes","12":"first","13":"instock","14":"taxable","15":"shipping-taxable","16":"purchasable","17":"product-type-variable","18":"has-default-attributes","19":"entry","20":"content-bg","21":"loop-entry"},"acf":{"avantages":"Fabriqu\u00e9 \u00e0 partir de peau de pomme, une alternative \u00e9cologique et sans cruaut\u00e9 au cuir traditionnel, utilisant des fibres issues de la production de jus de pomme.\r\n\r\nLa boucle carr\u00e9e classique et la pointe en trap\u00e8ze ajoutent une touche de sophistication formelle qui convient \u00e0 toutes les occasions vestimentaires.\r\n\r\nFavorise le d\u00e9veloppement durable en r\u00e9utilisant les sous-produits agricoles, en r\u00e9duisant les d\u00e9chets et en soutenant les pratiques de mode respectueuses de l'environnement.","entretien":"1. Enlevez La Poussi\u00e8re Ou La Boue Avec Une Brosse Douce Ou Un Chiffon Sec.\r\n\r\n2. Utilisez Un Chiffon Humide Pour Nettoyer L\u2019ensemble De Votre Produit En Frottant Doucement D\u2019un Geste Circulaire.\r\n\r\n3. Nettoyez R\u00e9guli\u00e8rement Votre Chiffon Pour \u00c9viter De R\u00e9pandre La Salet\u00e9\r\n\r\n4. Pour Les T\u00e2ches Difficiles, Utilisez Une Brosse \u00c0 Poils Doux Et De L\u2019eau En Frottant D\u00e9licatement D\u2019un Geste Circulaire.\r\n\r\n5. Laissez S\u00e9cher \u00c0 L\u2019air Libre Avant D\u2019appliquer Une Cr\u00e8me Nettoyante.\r\n\r\n6. Utilisez Une Cr\u00e8me Nettoyante Pour Donner Plus D\u2019\u00e9clat \u00c0 Votre Produit. Mettez Une Noisette De Produit Sur Une Brosse Ou Un Chiffon Doux Et Sec, Puis Faites P\u00e9n\u00e9trer Compl\u00e8tement Dans Le Tissu En Frottant D\u00e9licatement De Mani\u00e8re Circulaire Jusqu\u2019\u00e0 Totale Absorption.\r\n\r\n7. Enfin, Laissez S\u00e9cher \u00c0 L\u2019air Libre Pendant 24 Heures, \u00c0 L\u2019abri De La Lumi\u00e8re Directe Du Soleil.\r\n\r\n<strong>Attention<\/strong>\u00a0:\r\n\r\n\u2022 Ne Mettez Pas Votre Produit En Machine.\r\n\r\n\u2022 Ne L\u2019immergez Pas Dans L\u2019eau, Cela Pourrait Causer Des Dommages Irr\u00e9versibles.\r\n\r\nLorsque Vos Chaussures V\u00e9ganes Ont Atteint Leur Dur\u00e9e De Vie Ou Que Vous N\u2019en Avez Plus Besoin, Envisagez De Leur Donner Une Seconde Vie.\r\n\r\nDonnez-Leur Un Autre Usage Pour Vous-M\u00eame Ou Offrez-Les \u00c0 Quelqu","marque":""},"taxonomy_info":{"product_brand":[{"value":812,"label":"Nae Vegan Shoes"}],"product_cat":[{"value":129,"label":"Ceintures vegan"},{"value":48,"label":"Sacs vegan"}],"product_tag":[{"value":242,"label":"Boutique homme"}],"product_brands":[{"value":28,"label":"NAE Vegan Shoes"}]},"featured_image_src_large":["https:\/\/ekomfort.lu\/wp-content\/uploads\/2024\/05\/BeltManresa_Brown-1.jpg",700,700,false],"author_info":[],"comment_info":0,"_links":{"self":[{"href":"https:\/\/ekomfort.lu\/en\/wp-json\/wp\/v2\/product\/16887","targetHints":{"allow":["GET"]}}],"collection":[{"href":"https:\/\/ekomfort.lu\/en\/wp-json\/wp\/v2\/product"}],"about":[{"href":"https:\/\/ekomfort.lu\/en\/wp-json\/wp\/v2\/types\/product"}],"replies":[{"embeddable":true,"href":"https:\/\/ekomfort.lu\/en\/wp-json\/wp\/v2\/comments?post=16887"}],"wp:featuredmedia":[{"embeddable":true,"href":"https:\/\/ekomfort.lu\/en\/wp-json\/wp\/v2\/media\/16911"}],"wp:attachment":[{"href":"https:\/\/ekomfort.lu\/en\/wp-json\/wp\/v2\/media?parent=16887"}],"wp:term":[{"taxonomy":"product_brand","embeddable":true,"href":"https:\/\/ekomfort.lu\/en\/wp-json\/wp\/v2\/product_brand?post=16887"},{"taxonomy":"product_cat","embeddable":true,"href":"https:\/\/ekomfort.lu\/en\/wp-json\/wp\/v2\/product_cat?post=16887"},{"taxonomy":"product_tag","embeddable":true,"href":"https:\/\/ekomfort.lu\/en\/wp-json\/wp\/v2\/product_tag?post=16887"},{"taxonomy":"product_brands","embeddable":true,"href":"https:\/\/ekomfort.lu\/en\/wp-json\/wp\/v2\/product_brands?post=16887"}],"curies":[{"name":"wp","href":"https:\/\/api.w.org\/{rel}","templated":true}]}}