{"id":16865,"date":"2024-05-25T12:49:00","date_gmt":"2024-05-25T10:49:00","guid":{"rendered":"https:\/\/ekomfort.lu\/?post_type=product&#038;p=16865"},"modified":"2024-07-05T07:33:32","modified_gmt":"2024-07-05T05:33:32","slug":"malda-ceinture-femme-orange-nae-innovante-responsable","status":"publish","type":"product","link":"https:\/\/ekomfort.lu\/en\/shop\/malda-ceinture-femme-orange-nae-innovante-responsable\/","title":{"rendered":"Malda Orange: Ceinture Femme Orange par Nae &#8211; Innovante, \u00c9co-responsable, Sans Cruaut\u00e9"},"content":{"rendered":"\n<p>Vous cherchez une <strong>ceinture moderne femme<\/strong> \u00e9l\u00e9gante et respectueuse de l&#8217;environnement? D\u00e9couvrez la Malda Orange: La ceinture pour Femme Orange de Nae.<br><br>Fabriqu\u00e9e \u00e0 partir de <strong>AppleSkin<\/strong>, un mat\u00e9riau innovant issu de fibres de r\u00e9sidus de jus de pomme :<\/p>\n\n\n<style>.wp-block-kadence-iconlist.kt-svg-icon-list-items16865_c81d17-47:not(.this-stops-third-party-issues){margin-top:0px;margin-bottom:0px;}.wp-block-kadence-iconlist.kt-svg-icon-list-items16865_c81d17-47 ul.kt-svg-icon-list:not(.this-prevents-issues):not(.this-stops-third-party-issues):not(.tijsloc){margin-top:var(--global-kb-spacing-sm, 1.5rem);margin-right:0px;margin-bottom:var(--global-kb-spacing-sm, 1.5rem);margin-left:0px;}.wp-block-kadence-iconlist.kt-svg-icon-list-items16865_c81d17-47 ul.kt-svg-icon-list{grid-row-gap:7px;}.wp-block-kadence-iconlist.kt-svg-icon-list-items16865_c81d17-47 .kb-svg-icon-wrap{color:var(--global-palette1, #3182CE);}.wp-block-kadence-iconlist.kt-svg-icon-list-items16865_c81d17-47 ul.kt-svg-icon-list .kt-svg-icon-list-item-wrap .kt-svg-icon-list-single{margin-right:10px;}.kt-svg-icon-list-items16865_c81d17-47 ul.kt-svg-icon-list .kt-svg-icon-list-level-0 .kt-svg-icon-list-single svg{font-size:20px;}<\/style>\n<div class=\"wp-block-kadence-iconlist kt-svg-icon-list-items kt-svg-icon-list-items16865_c81d17-47 kt-svg-icon-list-columns-1 alignnone\"><ul class=\"kt-svg-icon-list\"><style>.kt-svg-icon-list-item-16865_5837d9-c2 .kt-svg-icon-list-text mark.kt-highlight{background-color:unset;font-style:normal;color:#f76a0c;-webkit-box-decoration-break:clone;box-decoration-break:clone;padding-top:0px;padding-right:0px;padding-bottom:0px;padding-left:0px;}<\/style>\n<li class=\"wp-block-kadence-listitem kt-svg-icon-list-item-wrap kt-svg-icon-list-item-16865_5837d9-c2\"><span class=\"kb-svg-icon-wrap kb-svg-icon-fe_checkCircle kt-svg-icon-list-single\"><svg viewBox=\"0 0 24 24\"  fill=\"none\" stroke=\"currentColor\" stroke-width=\"2\" stroke-linecap=\"round\" stroke-linejoin=\"round\" xmlns=\"http:\/\/www.w3.org\/2000\/svg\"  aria-hidden=\"true\"><path d=\"M22 11.08V12a10 10 0 1 1-5.93-9.14\"\/><polyline points=\"22 4 12 14.01 9 11.01\"\/><\/svg><\/span><span class=\"kt-svg-icon-list-text\"><strong>Design:<\/strong> Fermeture par <strong>boucle quadrill\u00e9e<\/strong> et bout carr\u00e9.<\/span><\/li>\n\n\n<style>.kt-svg-icon-list-item-16865_5572cd-fc .kt-svg-icon-list-text mark.kt-highlight{background-color:unset;font-style:normal;color:#f76a0c;-webkit-box-decoration-break:clone;box-decoration-break:clone;padding-top:0px;padding-right:0px;padding-bottom:0px;padding-left:0px;}<\/style>\n<li class=\"wp-block-kadence-listitem kt-svg-icon-list-item-wrap kt-svg-icon-list-item-16865_5572cd-fc\"><span class=\"kb-svg-icon-wrap kb-svg-icon-fe_checkCircle kt-svg-icon-list-single\"><svg viewBox=\"0 0 24 24\"  fill=\"none\" stroke=\"currentColor\" stroke-width=\"2\" stroke-linecap=\"round\" stroke-linejoin=\"round\" xmlns=\"http:\/\/www.w3.org\/2000\/svg\"  aria-hidden=\"true\"><path d=\"M22 11.08V12a10 10 0 1 1-5.93-9.14\"\/><polyline points=\"22 4 12 14.01 9 11.01\"\/><\/svg><\/span><span class=\"kt-svg-icon-list-text\"><strong>\u00c9co-friendly:<\/strong> <strong>Ceinture en mat\u00e9riaux recycl\u00e9s<\/strong>, une alternative durable au cuir.<\/span><\/li>\n\n\n<style>.kt-svg-icon-list-item-16865_bab64b-76 .kt-svg-icon-list-text mark.kt-highlight{background-color:unset;font-style:normal;color:#f76a0c;-webkit-box-decoration-break:clone;box-decoration-break:clone;padding-top:0px;padding-right:0px;padding-bottom:0px;padding-left:0px;}<\/style>\n<li class=\"wp-block-kadence-listitem kt-svg-icon-list-item-wrap kt-svg-icon-list-item-16865_bab64b-76\"><span class=\"kb-svg-icon-wrap kb-svg-icon-fe_checkCircle kt-svg-icon-list-single\"><svg viewBox=\"0 0 24 24\"  fill=\"none\" stroke=\"currentColor\" stroke-width=\"2\" stroke-linecap=\"round\" stroke-linejoin=\"round\" xmlns=\"http:\/\/www.w3.org\/2000\/svg\"  aria-hidden=\"true\"><path d=\"M22 11.08V12a10 10 0 1 1-5.93-9.14\"\/><polyline points=\"22 4 12 14.01 9 11.01\"\/><\/svg><\/span><span class=\"kt-svg-icon-list-text\"><strong>Sans Cruaut\u00e9:<\/strong> Option <strong>ceinture cruelty-free<\/strong>, aucun animal bless\u00e9.<\/span><\/li>\n<\/ul><\/div>\n\n\n\n<p>\u00c0 seulement 59\u20ac, la Malda Orange est parfaite pour allier style et conscience \u00e9cologique. Soyez tendance avec cette <strong>ceinture vegan femme<\/strong>. Achetez la v\u00f4tre maintenant et ajoutez une touche d&#8217;innovation \u00e0 votre garde-robe!<\/p>\n","protected":false},"excerpt":{"rendered":"<p>Vous cherchez une ceinture moderne femme \u00e9l\u00e9gante et respectueuse de l&#8217;environnement? D\u00e9couvrez la Malda Orange: La ceinture pour Femme Orange de Nae. Fabriqu\u00e9e \u00e0 partir de AppleSkin, un mat\u00e9riau innovant issu de fibres de r\u00e9sidus de jus de pomme : \u00c0 seulement 59\u20ac, la Malda Orange est parfaite pour allier style et conscience \u00e9cologique. Soyez&#8230;<\/p>\n","protected":false},"featured_media":16866,"comment_status":"open","ping_status":"closed","template":"","meta":{"_acf_changed":false,"_kad_blocks_custom_css":"","_kad_blocks_head_custom_js":"","_kad_blocks_body_custom_js":"","_kad_blocks_footer_custom_js":"","_kad_post_transparent":"","_kad_post_title":"","_kad_post_layout":"","_kad_post_sidebar_id":"","_kad_post_content_style":"","_kad_post_vertical_padding":"","_kad_post_feature":"","_kad_post_feature_position":"","_kad_post_header":false,"_kad_post_footer":false,"_kad_post_classname":""},"product_brand":[],"product_cat":[129,48],"product_tag":[228],"product_brands":[28],"class_list":{"0":"post-16865","1":"product","2":"type-product","3":"status-publish","4":"has-post-thumbnail","6":"product_cat-ceintures","7":"product_cat-accessoires","8":"product_tag-femme","9":"product_brands-nae-vegan-shoes","11":"first","12":"outofstock","13":"taxable","14":"shipping-taxable","15":"purchasable","16":"product-type-variable","17":"has-default-attributes","18":"entry","19":"content-bg","20":"loop-entry"},"acf":{"avantages":"","entretien":"<ul>\r\n \t<li>Nettoyez votre ceinture avec un chiffon imbib\u00e9 d'eau savonneuse.<\/li>\r\n \t<li>Laissez s\u00e9cher \u00e0 l'air libre avant d'appliquer une cr\u00e8me nettoyante.<\/li>\r\n \t<li>Pour donner plus d'\u00e9clat \u00e0 votre ceinture, mettez une noisette de cr\u00e8me nettoyante sur une brosse ou un chiffon doux et sec, puis frottez d\u00e9licatement en effectuant des mouvements circulaires jusqu'\u00e0 absorption compl\u00e8te.<\/li>\r\n \t<li>Enfin, laissez s\u00e9cher \u00e0 l'air libre pendant 24 heures, \u00e0 l'abri de la lumi\u00e8re directe du soleil.<\/li>\r\n<\/ul>","marque":"NAE Vegan Shoes propose des chaussures \u00e9l\u00e9gantes et durables, fabriqu\u00e9es sans produits d'origine animale, alliant \u00e9thique et style pour un mode de vie conscient."},"taxonomy_info":{"product_cat":[{"value":129,"label":"Ceintures"},{"value":48,"label":"Accessoires"}],"product_tag":[{"value":228,"label":"Boutique femme"}],"product_brands":[{"value":28,"label":"NAE Vegan Shoes"}]},"featured_image_src_large":["https:\/\/ekomfort.lu\/wp-content\/uploads\/2024\/05\/BeltMalda_Orange.jpg",700,700,false],"author_info":[],"comment_info":0,"_links":{"self":[{"href":"https:\/\/ekomfort.lu\/en\/wp-json\/wp\/v2\/product\/16865","targetHints":{"allow":["GET"]}}],"collection":[{"href":"https:\/\/ekomfort.lu\/en\/wp-json\/wp\/v2\/product"}],"about":[{"href":"https:\/\/ekomfort.lu\/en\/wp-json\/wp\/v2\/types\/product"}],"replies":[{"embeddable":true,"href":"https:\/\/ekomfort.lu\/en\/wp-json\/wp\/v2\/comments?post=16865"}],"wp:featuredmedia":[{"embeddable":true,"href":"https:\/\/ekomfort.lu\/en\/wp-json\/wp\/v2\/media\/16866"}],"wp:attachment":[{"href":"https:\/\/ekomfort.lu\/en\/wp-json\/wp\/v2\/media?parent=16865"}],"wp:term":[{"taxonomy":"product_brand","embeddable":true,"href":"https:\/\/ekomfort.lu\/en\/wp-json\/wp\/v2\/product_brand?post=16865"},{"taxonomy":"product_cat","embeddable":true,"href":"https:\/\/ekomfort.lu\/en\/wp-json\/wp\/v2\/product_cat?post=16865"},{"taxonomy":"product_tag","embeddable":true,"href":"https:\/\/ekomfort.lu\/en\/wp-json\/wp\/v2\/product_tag?post=16865"},{"taxonomy":"product_brands","embeddable":true,"href":"https:\/\/ekomfort.lu\/en\/wp-json\/wp\/v2\/product_brands?post=16865"}],"curies":[{"name":"wp","href":"https:\/\/api.w.org\/{rel}","templated":true}]}}