{"id":16845,"date":"2024-05-30T14:47:03","date_gmt":"2024-05-30T12:47:03","guid":{"rendered":"https:\/\/ekomfort.lu\/?post_type=product&#038;p=16845"},"modified":"2024-07-18T10:59:28","modified_gmt":"2024-07-18T08:59:28","slug":"gavet-black-ceinture-noire-vegan-nae","status":"publish","type":"product","link":"https:\/\/ekomfort.lu\/en\/shop\/gavet-black-ceinture-noire-vegan-nae\/","title":{"rendered":"Gavet Black: Ceinture Homme Vegan par Nae &#8211; \u00c9l\u00e9gante, R\u00e9sistante \u00e0 l&#8217;eau, Long\u00e9vit\u00e9"},"content":{"rendered":"\n<p>D\u00e9couvrez la <strong>Gavet Black<\/strong>: ceinture pour homme par Nae, \u00e9l\u00e9gante, r\u00e9sistante \u00e0 l&#8217;eau, et d&#8217;une long\u00e9vit\u00e9 remarquable. Fabriqu\u00e9e en <strong>cuir v\u00e9gan<\/strong> \u00e0 effet nubuck, cette <strong>ceinture mode<\/strong> allie confort et style avec sa <strong>boucle carr\u00e9<\/strong> et son bout en trap\u00e8ze. L\u00e9g\u00e8re et innovante, elle est con\u00e7ue \u00e0 partir de <strong>microfibres \u00e9cologiques<\/strong>. Un choix <strong>\u00e9co-responsable<\/strong> et sans cruaut\u00e9 \u00e0 seulement 44,99\u20ac. <strong>Ajoutez une touche chic et durable<\/strong> \u00e0 votre garde-robe.<\/p>\n","protected":false},"excerpt":{"rendered":"<p>D\u00e9couvrez la Gavet Black: ceinture pour homme par Nae, \u00e9l\u00e9gante, r\u00e9sistante \u00e0 l&#8217;eau, et d&#8217;une long\u00e9vit\u00e9 remarquable. Fabriqu\u00e9e en cuir v\u00e9gan \u00e0 effet nubuck, cette ceinture mode allie confort et style avec sa boucle carr\u00e9 et son bout en trap\u00e8ze. L\u00e9g\u00e8re et innovante, elle est con\u00e7ue \u00e0 partir de microfibres \u00e9cologiques. Un choix \u00e9co-responsable et&#8230;<\/p>\n","protected":false},"featured_media":19068,"comment_status":"open","ping_status":"closed","template":"","meta":{"_acf_changed":false,"_kad_blocks_custom_css":"","_kad_blocks_head_custom_js":"","_kad_blocks_body_custom_js":"","_kad_blocks_footer_custom_js":"","_kad_post_transparent":"","_kad_post_title":"","_kad_post_layout":"","_kad_post_sidebar_id":"","_kad_post_content_style":"","_kad_post_vertical_padding":"","_kad_post_feature":"","_kad_post_feature_position":"","_kad_post_header":false,"_kad_post_footer":false,"_kad_post_classname":""},"product_brand":[],"product_cat":[129,48],"product_tag":[242],"product_brands":[28],"class_list":{"0":"post-16845","1":"product","2":"type-product","3":"status-publish","4":"has-post-thumbnail","6":"product_cat-ceintures-vegan","7":"product_cat-sac-vegan","8":"product_tag-homme","9":"product_brands-nae-vegan-shoes","11":"first","12":"outofstock","13":"taxable","14":"shipping-taxable","15":"product-type-variable","16":"has-default-attributes","17":"entry","18":"content-bg","19":"loop-entry"},"acf":{"avantages":"Crafted from vegan nubuck made from eco-friendly microfibers, this belt offers a cruelty-free and sustainable alternative to traditional leather.\r\n\r\nThe vegan nubuck material is water-resistant, making it durable for everyday wear, while also being lightweight for added comfort.\r\n\r\nWith its elegant design, square buckle, and trapeze tip, the Gavet Black belt seamlessly combines fashion and functionality, suitable for both casual and formal occasions.\r\n\r\n","entretien":"<ul>\r\n \t<li>Essuyez La Ceinture Avec Un Chiffon Humide Pour Enlever La Salet\u00e9 Et Les Taches.<\/li>\r\n \t<li>Conservez La Courroie \u00c0 L\u2019abri De La Lumi\u00e8re Directe Du Soleil Pour \u00c9viter Que Sa Couleur Ne Se D\u00e9colore Et Ne S\u2019ab\u00eeme.<\/li>\r\n \t<li>Appliquez R\u00e9guli\u00e8rement Un Conditionneur Sp\u00e9cialis\u00e9 Pour Cuir V\u00e9g\u00e9talien Afin De Conserver La Souplesse Et L\u2019aspect De La Mati\u00e8re.<\/li>\r\n<\/ul>","marque":""},"taxonomy_info":{"product_cat":[{"value":129,"label":"Ceintures vegan"},{"value":48,"label":"Sacs vegan"}],"product_tag":[{"value":242,"label":"Boutique homme"}],"product_brands":[{"value":28,"label":"NAE Vegan Shoes"}]},"featured_image_src_large":["https:\/\/ekomfort.lu\/wp-content\/uploads\/2024\/07\/BeltGavet_Black.jpg",700,700,false],"author_info":[],"comment_info":0,"_links":{"self":[{"href":"https:\/\/ekomfort.lu\/en\/wp-json\/wp\/v2\/product\/16845","targetHints":{"allow":["GET"]}}],"collection":[{"href":"https:\/\/ekomfort.lu\/en\/wp-json\/wp\/v2\/product"}],"about":[{"href":"https:\/\/ekomfort.lu\/en\/wp-json\/wp\/v2\/types\/product"}],"replies":[{"embeddable":true,"href":"https:\/\/ekomfort.lu\/en\/wp-json\/wp\/v2\/comments?post=16845"}],"wp:featuredmedia":[{"embeddable":true,"href":"https:\/\/ekomfort.lu\/en\/wp-json\/wp\/v2\/media\/19068"}],"wp:attachment":[{"href":"https:\/\/ekomfort.lu\/en\/wp-json\/wp\/v2\/media?parent=16845"}],"wp:term":[{"taxonomy":"product_brand","embeddable":true,"href":"https:\/\/ekomfort.lu\/en\/wp-json\/wp\/v2\/product_brand?post=16845"},{"taxonomy":"product_cat","embeddable":true,"href":"https:\/\/ekomfort.lu\/en\/wp-json\/wp\/v2\/product_cat?post=16845"},{"taxonomy":"product_tag","embeddable":true,"href":"https:\/\/ekomfort.lu\/en\/wp-json\/wp\/v2\/product_tag?post=16845"},{"taxonomy":"product_brands","embeddable":true,"href":"https:\/\/ekomfort.lu\/en\/wp-json\/wp\/v2\/product_brands?post=16845"}],"curies":[{"name":"wp","href":"https:\/\/api.w.org\/{rel}","templated":true}]}}