{"id":16835,"date":"2024-05-30T14:48:17","date_gmt":"2024-05-30T12:48:17","guid":{"rendered":"https:\/\/ekomfort.lu\/?post_type=product&#038;p=16835"},"modified":"2025-03-05T23:08:02","modified_gmt":"2025-03-05T22:08:02","slug":"gavet-beige-ceinture-beige-nae-ecologique-innovante","status":"publish","type":"product","link":"https:\/\/ekomfort.lu\/en\/shop\/gavet-beige-ceinture-beige-nae-ecologique-innovante\/","title":{"rendered":"Gavet Beige: Ceinture Homme en Nubuck V\u00e9gan par Nae &#8211; \u00c9l\u00e9gante, Innovatrice, R\u00e9sistante \u00e0 l&#8217;eau"},"content":{"rendered":"<h1>Gavet Beige: Ceinture Homme en Nubuck V\u00e9gan par Nae &#8211; \u00c9l\u00e9gante, Innovatrice, R\u00e9sistante \u00e0 l&#8217;eau<\/h1>\n<p>D\u00e9couvrez la <strong>ceinture \u00e9l\u00e9gante homme<\/strong> Gavet Beige, l&#8217;accessoire parfait pour l&#8217;homme moderne. Fabriqu\u00e9e en <strong>cuir v\u00e9gan effet nubuck<\/strong>, cette ceinture allie respect de l\u2019environnement et durabilit\u00e9. Sa <strong>boucle carr\u00e9<\/strong> et son bout en trap\u00e8ze ajoutent une sophistication ind\u00e9niable. R\u00e9sistante \u00e0 l&#8217;eau et l\u00e9g\u00e8re, elle apporte une touche chic et \u00e9thique \u00e0 toute garde-robe.<br \/> <br \/>\nOptez pour la <strong>ceinture \u00e9co-responsable<\/strong> et longue dur\u00e9e par excellence. <em>Commandez maintenant<\/em> et r\u00e9inventez votre style!<\/p>\n","protected":false},"excerpt":{"rendered":"<p>Gavet Beige: Ceinture Homme en Nubuck V\u00e9gan par Nae &#8211; \u00c9l\u00e9gante, Innovatrice, R\u00e9sistante \u00e0 l&#8217;eau D\u00e9couvrez la ceinture \u00e9l\u00e9gante homme Gavet Beige, l&#8217;accessoire parfait pour l&#8217;homme moderne. Fabriqu\u00e9e en cuir v\u00e9gan effet nubuck, cette ceinture allie respect de l\u2019environnement et durabilit\u00e9. Sa boucle carr\u00e9 et son bout en trap\u00e8ze ajoutent une sophistication ind\u00e9niable. R\u00e9sistante \u00e0&#8230;<\/p>\n","protected":false},"featured_media":19080,"comment_status":"open","ping_status":"closed","template":"","meta":{"_acf_changed":false,"_kad_blocks_custom_css":"","_kad_blocks_head_custom_js":"","_kad_blocks_body_custom_js":"","_kad_blocks_footer_custom_js":"","_kad_post_transparent":"","_kad_post_title":"","_kad_post_layout":"","_kad_post_sidebar_id":"","_kad_post_content_style":"","_kad_post_vertical_padding":"","_kad_post_feature":"","_kad_post_feature_position":"","_kad_post_header":false,"_kad_post_footer":false},"product_brand":[],"product_cat":[129,48],"product_tag":[242],"product_brands":[28],"class_list":{"0":"post-16835","1":"product","2":"type-product","3":"status-publish","4":"has-post-thumbnail","6":"product_cat-ceintures","7":"product_cat-accessoires","8":"product_tag-homme","9":"product_brands-nae-vegan-shoes","11":"first","12":"outofstock","13":"taxable","14":"shipping-taxable","15":"purchasable","16":"product-type-variable","17":"has-default-attributes","18":"entry","19":"content-bg","20":"loop-entry"},"acf":{"avantages":"<img class=\"emoji\" role=\"img\" src=\"https:\/\/s.w.org\/images\/core\/emoji\/14.0.0\/svg\/1f9f5.svg\" alt=\"\ud83e\uddf5\" \/> Fabriqu\u00e9 en nobuk v\u00e9g\u00e9talien \u00e0 base de microfibres \u00e9cologiques, r\u00e9duisant l'impact sur l'environnement.\r\n\r\n<img class=\"emoji\" role=\"img\" src=\"https:\/\/s.w.org\/images\/core\/emoji\/14.0.0\/svg\/1f33f.svg\" alt=\"\ud83c\udf3f\" \/> Fabriqu\u00e9 sans nuire aux animaux, il constitue une alternative compatissante au cuir traditionnel.\r\n\r\n<img class=\"emoji\" role=\"img\" src=\"https:\/\/s.w.org\/images\/core\/emoji\/14.0.0\/svg\/1f517.svg\" alt=\"\ud83d\udd17\" \/> R\u00e9sistant \u00e0 l'eau, l\u00e9ger et exceptionnellement durable, il garantit un port durable en toute occasion.","entretien":"<ul>\r\n \t<li>Essuyez La Ceinture Avec Un Chiffon Humide Pour Enlever La Salet\u00e9 Et Les Taches.<\/li>\r\n \t<li>Conservez La Courroie \u00c0 L\u2019abri De La Lumi\u00e8re Directe Du Soleil Pour \u00c9viter Que Sa Couleur Ne Se D\u00e9colore Et Ne S\u2019ab\u00eeme.<\/li>\r\n \t<li>Appliquez R\u00e9guli\u00e8rement Un Conditionneur Sp\u00e9cialis\u00e9 Pour Cuir V\u00e9g\u00e9talien Afin De Conserver La Souplesse Et L\u2019aspect De La Mati\u00e8re.<\/li>\r\n<\/ul>","marque":""},"_wp_attached_file":null,"_wp_attachment_image_alt":null,"rank_math_facebook_image":null,"rank_math_facebook_image_id":null,"wpml_language":null,"_wp_attachment_metadata":null,"rank_math_focus_keyword":"Gavet Beige, Ceinture Homme en Nubuck","rank_math_title":null,"rank_math_description":null,"taxonomy_info":{"product_cat":[{"value":129,"label":"Ceintures"},{"value":48,"label":"Accessoires"}],"product_tag":[{"value":242,"label":"Boutique homme"}],"product_brands":[{"value":28,"label":"NAE Vegan Shoes"}]},"featured_image_src_large":["https:\/\/ekomfort.lu\/wp-content\/uploads\/2024\/07\/BeltGavet_Beige.jpg",700,700,false],"author_info":[],"comment_info":0,"_links":{"self":[{"href":"https:\/\/ekomfort.lu\/en\/wp-json\/wp\/v2\/product\/16835","targetHints":{"allow":["GET"]}}],"collection":[{"href":"https:\/\/ekomfort.lu\/en\/wp-json\/wp\/v2\/product"}],"about":[{"href":"https:\/\/ekomfort.lu\/en\/wp-json\/wp\/v2\/types\/product"}],"replies":[{"embeddable":true,"href":"https:\/\/ekomfort.lu\/en\/wp-json\/wp\/v2\/comments?post=16835"}],"wp:featuredmedia":[{"embeddable":true,"href":"https:\/\/ekomfort.lu\/en\/wp-json\/wp\/v2\/media\/19080"}],"wp:attachment":[{"href":"https:\/\/ekomfort.lu\/en\/wp-json\/wp\/v2\/media?parent=16835"}],"wp:term":[{"taxonomy":"product_brand","embeddable":true,"href":"https:\/\/ekomfort.lu\/en\/wp-json\/wp\/v2\/product_brand?post=16835"},{"taxonomy":"product_cat","embeddable":true,"href":"https:\/\/ekomfort.lu\/en\/wp-json\/wp\/v2\/product_cat?post=16835"},{"taxonomy":"product_tag","embeddable":true,"href":"https:\/\/ekomfort.lu\/en\/wp-json\/wp\/v2\/product_tag?post=16835"},{"taxonomy":"product_brands","embeddable":true,"href":"https:\/\/ekomfort.lu\/en\/wp-json\/wp\/v2\/product_brands?post=16835"}],"curies":[{"name":"wp","href":"https:\/\/api.w.org\/{rel}","templated":true}]}}