{"id":16824,"date":"2024-07-04T22:04:47","date_gmt":"2024-07-04T20:04:47","guid":{"rendered":"https:\/\/ekomfort.lu\/?post_type=product&#038;p=16824"},"modified":"2024-08-08T20:27:43","modified_gmt":"2024-08-08T18:27:43","slug":"batea-bordeaux-ceinture-rouge-cuir-de-pomme-nae","status":"publish","type":"product","link":"https:\/\/ekomfort.lu\/en\/shop\/batea-bordeaux-ceinture-rouge-cuir-de-pomme-nae\/","title":{"rendered":"Batea Bordeaux: Ceinture Femme Rouge par Nae &#8211; Moderne, \u00c9co-responsable, Innovante"},"content":{"rendered":"\n<p>Vous cherchez une ceinture qui allie \u00e9l\u00e9gance moderne et respect de l\u2019environnement? D\u00e9couvrez la &#8220;Batea Bordeaux: Ceinture Femme Rouge par Nae&#8221;, une fusion parfaite de style et d&#8217;innovation. <strong>Con\u00e7ue avec du cuir de pomme durable<\/strong>, un mat\u00e9riau innovant issu des fibres de r\u00e9sidus de jus de pomme, cette ceinture est non seulement \u00e9l\u00e9gante et moderne, mais \u00e9galement \u00e9co-responsable et sans cruaut\u00e9.<\/p>\n\n\n<style>.wp-block-kadence-iconlist.kt-svg-icon-list-items16824_adde0f-13:not(.this-stops-third-party-issues){margin-top:0px;margin-bottom:0px;}.wp-block-kadence-iconlist.kt-svg-icon-list-items16824_adde0f-13 ul.kt-svg-icon-list:not(.this-prevents-issues):not(.this-stops-third-party-issues):not(.tijsloc){margin-top:var(--global-kb-spacing-sm, 1.5rem);margin-right:0px;margin-bottom:var(--global-kb-spacing-sm, 1.5rem);margin-left:0px;}.wp-block-kadence-iconlist.kt-svg-icon-list-items16824_adde0f-13 ul.kt-svg-icon-list{grid-row-gap:7px;}.wp-block-kadence-iconlist.kt-svg-icon-list-items16824_adde0f-13 .kb-svg-icon-wrap{color:var(--global-palette1, #3182CE);}.wp-block-kadence-iconlist.kt-svg-icon-list-items16824_adde0f-13 ul.kt-svg-icon-list .kt-svg-icon-list-item-wrap .kt-svg-icon-list-single{margin-right:10px;}.kt-svg-icon-list-items16824_adde0f-13 ul.kt-svg-icon-list .kt-svg-icon-list-level-0 .kt-svg-icon-list-single svg{font-size:20px;}<\/style>\n<div class=\"wp-block-kadence-iconlist kt-svg-icon-list-items kt-svg-icon-list-items16824_adde0f-13 kt-svg-icon-list-columns-1 alignnone\"><ul class=\"kt-svg-icon-list\"><style>.kt-svg-icon-list-item-16824_9fce39-1b .kt-svg-icon-list-text mark.kt-highlight{background-color:unset;font-style:normal;color:#f76a0c;-webkit-box-decoration-break:clone;box-decoration-break:clone;padding-top:0px;padding-right:0px;padding-bottom:0px;padding-left:0px;}<\/style>\n<li class=\"wp-block-kadence-listitem kt-svg-icon-list-item-wrap kt-svg-icon-list-item-16824_9fce39-1b\"><span class=\"kb-svg-icon-wrap kb-svg-icon-fe_checkCircle kt-svg-icon-list-single\"><svg viewBox=\"0 0 24 24\"  fill=\"none\" stroke=\"currentColor\" stroke-width=\"2\" stroke-linecap=\"round\" stroke-linejoin=\"round\" xmlns=\"http:\/\/www.w3.org\/2000\/svg\"  aria-hidden=\"true\"><path d=\"M22 11.08V12a10 10 0 1 1-5.93-9.14\"\/><polyline points=\"22 4 12 14.01 9 11.01\"\/><\/svg><\/span><span class=\"kt-svg-icon-list-text\"><strong>Mat\u00e9riau<\/strong> : AppleSkin<\/span><\/li>\n\n\n<style>.kt-svg-icon-list-item-16824_330582-49 .kt-svg-icon-list-text mark.kt-highlight{background-color:unset;font-style:normal;color:#f76a0c;-webkit-box-decoration-break:clone;box-decoration-break:clone;padding-top:0px;padding-right:0px;padding-bottom:0px;padding-left:0px;}<\/style>\n<li class=\"wp-block-kadence-listitem kt-svg-icon-list-item-wrap kt-svg-icon-list-item-16824_330582-49\"><span class=\"kb-svg-icon-wrap kb-svg-icon-fe_checkCircle kt-svg-icon-list-single\"><svg viewBox=\"0 0 24 24\"  fill=\"none\" stroke=\"currentColor\" stroke-width=\"2\" stroke-linecap=\"round\" stroke-linejoin=\"round\" xmlns=\"http:\/\/www.w3.org\/2000\/svg\"  aria-hidden=\"true\"><path d=\"M22 11.08V12a10 10 0 1 1-5.93-9.14\"\/><polyline points=\"22 4 12 14.01 9 11.01\"\/><\/svg><\/span><span class=\"kt-svg-icon-list-text\"><strong>Couleur<\/strong> : Rouge \u00e9clatant<\/span><\/li>\n\n\n<style>.kt-svg-icon-list-item-16824_8e3205-cd .kt-svg-icon-list-text mark.kt-highlight{background-color:unset;font-style:normal;color:#f76a0c;-webkit-box-decoration-break:clone;box-decoration-break:clone;padding-top:0px;padding-right:0px;padding-bottom:0px;padding-left:0px;}<\/style>\n<li class=\"wp-block-kadence-listitem kt-svg-icon-list-item-wrap kt-svg-icon-list-item-16824_8e3205-cd\"><span class=\"kb-svg-icon-wrap kb-svg-icon-fe_checkCircle kt-svg-icon-list-single\"><svg viewBox=\"0 0 24 24\"  fill=\"none\" stroke=\"currentColor\" stroke-width=\"2\" stroke-linecap=\"round\" stroke-linejoin=\"round\" xmlns=\"http:\/\/www.w3.org\/2000\/svg\"  aria-hidden=\"true\"><path d=\"M22 11.08V12a10 10 0 1 1-5.93-9.14\"\/><polyline points=\"22 4 12 14.01 9 11.01\"\/><\/svg><\/span><span class=\"kt-svg-icon-list-text\"><strong>Fermeture<\/strong> : Boucle ovale<\/span><\/li>\n\n\n<style>.kt-svg-icon-list-item-16824_61884a-03 .kt-svg-icon-list-text mark.kt-highlight{background-color:unset;font-style:normal;color:#f76a0c;-webkit-box-decoration-break:clone;box-decoration-break:clone;padding-top:0px;padding-right:0px;padding-bottom:0px;padding-left:0px;}<\/style>\n<li class=\"wp-block-kadence-listitem kt-svg-icon-list-item-wrap kt-svg-icon-list-item-16824_61884a-03\"><span class=\"kb-svg-icon-wrap kb-svg-icon-fe_checkCircle kt-svg-icon-list-single\"><svg viewBox=\"0 0 24 24\"  fill=\"none\" stroke=\"currentColor\" stroke-width=\"2\" stroke-linecap=\"round\" stroke-linejoin=\"round\" xmlns=\"http:\/\/www.w3.org\/2000\/svg\"  aria-hidden=\"true\"><path d=\"M22 11.08V12a10 10 0 1 1-5.93-9.14\"\/><polyline points=\"22 4 12 14.01 9 11.01\"\/><\/svg><\/span><span class=\"kt-svg-icon-list-text\"><strong>Design<\/strong> : Coutures de contour et bout carr\u00e9<\/span><\/li>\n<\/ul><\/div>\n\n\n\n<p>Adoptez la <strong>mode durable<\/strong> avec la Batea Bordeaux pour seulement 64,99\u20ac. Ajoutez une touche de sophistication \u00e9thique \u00e0 votre garde-robe d\u00e8s aujourd&#8217;hui!<\/p>\n","protected":false},"excerpt":{"rendered":"<p>Vous cherchez une ceinture qui allie \u00e9l\u00e9gance moderne et respect de l\u2019environnement? D\u00e9couvrez la &#8220;Batea Bordeaux: Ceinture Femme Rouge par Nae&#8221;, une fusion parfaite de style et d&#8217;innovation. Con\u00e7ue avec du cuir de pomme durable, un mat\u00e9riau innovant issu des fibres de r\u00e9sidus de jus de pomme, cette ceinture est non seulement \u00e9l\u00e9gante et moderne,&#8230;<\/p>\n","protected":false},"featured_media":19084,"comment_status":"open","ping_status":"closed","template":"","meta":{"_acf_changed":false,"_kad_blocks_custom_css":"","_kad_blocks_head_custom_js":"","_kad_blocks_body_custom_js":"","_kad_blocks_footer_custom_js":"","_kad_post_transparent":"","_kad_post_title":"","_kad_post_layout":"","_kad_post_sidebar_id":"","_kad_post_content_style":"","_kad_post_vertical_padding":"","_kad_post_feature":"","_kad_post_feature_position":"","_kad_post_header":false,"_kad_post_footer":false,"_kad_post_classname":""},"product_brand":[],"product_cat":[129,48],"product_tag":[228],"product_brands":[28],"class_list":{"0":"post-16824","1":"product","2":"type-product","3":"status-publish","4":"has-post-thumbnail","6":"product_cat-ceintures-vegan","7":"product_cat-sac-vegan","8":"product_tag-femme","9":"product_brands-nae-vegan-shoes","11":"first","12":"outofstock","13":"taxable","14":"shipping-taxable","15":"purchasable","16":"product-type-variable","17":"has-default-attributes","18":"entry","19":"content-bg","20":"loop-entry"},"acf":{"avantages":"<img class=\"emoji\" role=\"img\" draggable=\"false\" src=\"https:\/\/s.w.org\/images\/core\/emoji\/14.0.0\/svg\/1f94b.svg\" alt=\"\ud83e\udd4b\" \/> La ceinture est fabriqu\u00e9e \u00e0 partir de fibres de pomme, offrant une alternative respectueuse de l'environnement au cuir traditionnel.\r\n\r\n<img class=\"emoji\" role=\"img\" draggable=\"false\" src=\"https:\/\/s.w.org\/images\/core\/emoji\/14.0.0\/svg\/1f30f.svg\" alt=\"\ud83c\udf0f\" \/> Contrairement au cuir animal, aucun animal n'est impliqu\u00e9 dans la fabrication de ce mat\u00e9riau, r\u00e9pondant ainsi aux pr\u00e9occupations \u00e9thiques.\r\n\r\n<img class=\"emoji\" role=\"img\" draggable=\"false\" src=\"https:\/\/s.w.org\/images\/core\/emoji\/14.0.0\/svg\/2604.svg\" alt=\"\u2604\ufe0f\" \/> L'utilisation de l'AppleSkin d\u00e9montre un engagement envers l'innovation dans l'industrie de la mode, en explorant de nouvelles voies durables et cr\u00e9atives.","entretien":"<ul>\r\n \t<li>Essuyez la ceinture avec un chiffon humide pour enlever la salet\u00e9 et les taches.<\/li>\r\n \t<li>Conservez la ceinture \u00e0 l'abri de la lumi\u00e8re directe du soleil pour \u00e9viter qu'elle ne se d\u00e9colore et ne se d\u00e9colore.<\/li>\r\n \t<li>Appliquer r\u00e9guli\u00e8rement un revitalisant sp\u00e9cialis\u00e9 pour AppleSkin afin de pr\u00e9server la souplesse et l'aspect du mat\u00e9riau.<\/li>\r\n<\/ul>","marque":""},"taxonomy_info":{"product_cat":[{"value":129,"label":"Ceintures vegan"},{"value":48,"label":"Sacs vegan"}],"product_tag":[{"value":228,"label":"Boutique femme"}],"product_brands":[{"value":28,"label":"NAE Vegan Shoes"}]},"featured_image_src_large":["https:\/\/ekomfort.lu\/wp-content\/uploads\/2024\/07\/BeltBatea_Red.jpg",700,700,false],"author_info":[],"comment_info":0,"_links":{"self":[{"href":"https:\/\/ekomfort.lu\/en\/wp-json\/wp\/v2\/product\/16824","targetHints":{"allow":["GET"]}}],"collection":[{"href":"https:\/\/ekomfort.lu\/en\/wp-json\/wp\/v2\/product"}],"about":[{"href":"https:\/\/ekomfort.lu\/en\/wp-json\/wp\/v2\/types\/product"}],"replies":[{"embeddable":true,"href":"https:\/\/ekomfort.lu\/en\/wp-json\/wp\/v2\/comments?post=16824"}],"wp:featuredmedia":[{"embeddable":true,"href":"https:\/\/ekomfort.lu\/en\/wp-json\/wp\/v2\/media\/19084"}],"wp:attachment":[{"href":"https:\/\/ekomfort.lu\/en\/wp-json\/wp\/v2\/media?parent=16824"}],"wp:term":[{"taxonomy":"product_brand","embeddable":true,"href":"https:\/\/ekomfort.lu\/en\/wp-json\/wp\/v2\/product_brand?post=16824"},{"taxonomy":"product_cat","embeddable":true,"href":"https:\/\/ekomfort.lu\/en\/wp-json\/wp\/v2\/product_cat?post=16824"},{"taxonomy":"product_tag","embeddable":true,"href":"https:\/\/ekomfort.lu\/en\/wp-json\/wp\/v2\/product_tag?post=16824"},{"taxonomy":"product_brands","embeddable":true,"href":"https:\/\/ekomfort.lu\/en\/wp-json\/wp\/v2\/product_brands?post=16824"}],"curies":[{"name":"wp","href":"https:\/\/api.w.org\/{rel}","templated":true}]}}