{"id":16814,"date":"2024-05-30T14:47:54","date_gmt":"2024-05-30T12:47:54","guid":{"rendered":"https:\/\/ekomfort.lu\/?post_type=product&#038;p=16814"},"modified":"2024-07-19T16:29:19","modified_gmt":"2024-07-19T14:29:19","slug":"batea-black-ceinture-noire-cuir-pomme-nae","status":"publish","type":"product","link":"https:\/\/ekomfort.lu\/en\/shop\/batea-black-ceinture-noire-cuir-pomme-nae\/","title":{"rendered":"Batea Black Ceinture femme Noire en cuir apple skin Par Nae"},"content":{"rendered":"\n<p>Envie d&#8217;ajouter une touche moderne et \u00e9l\u00e9gante \u00e0 votre tenue tout en respectant l&#8217;environnement ?<br><br>D\u00e9couvrez la &#8220;Batea Black&#8221; par Nae &#8211; la ceinture noire pour femme qui allie sophistication et responsabilit\u00e9 \u00e9cologique. Faite en AppleSkin, un cuir de pomme novateur, cette ceinture est \u00e0 la fois chic et \u00e9co-responsable. La fermeture par boucle ovale et les coutures de contour rehaussent son allure, tandis que le bout carr\u00e9 ajoute une touche finale raffin\u00e9e.<\/p>\n\n\n<style>.wp-block-kadence-iconlist.kt-svg-icon-list-items16814_3bec29-9b:not(.this-stops-third-party-issues){margin-top:0px;margin-bottom:0px;}.wp-block-kadence-iconlist.kt-svg-icon-list-items16814_3bec29-9b ul.kt-svg-icon-list:not(.this-prevents-issues):not(.this-stops-third-party-issues):not(.tijsloc){margin-top:var(--global-kb-spacing-sm, 1.5rem);margin-right:0px;margin-bottom:var(--global-kb-spacing-sm, 1.5rem);margin-left:0px;}.wp-block-kadence-iconlist.kt-svg-icon-list-items16814_3bec29-9b ul.kt-svg-icon-list{grid-row-gap:7px;}.wp-block-kadence-iconlist.kt-svg-icon-list-items16814_3bec29-9b .kb-svg-icon-wrap{color:var(--global-palette1, #3182CE);}.wp-block-kadence-iconlist.kt-svg-icon-list-items16814_3bec29-9b ul.kt-svg-icon-list .kt-svg-icon-list-item-wrap .kt-svg-icon-list-single{margin-right:10px;}.kt-svg-icon-list-items16814_3bec29-9b ul.kt-svg-icon-list .kt-svg-icon-list-level-0 .kt-svg-icon-list-single svg{font-size:20px;}<\/style>\n<div class=\"wp-block-kadence-iconlist kt-svg-icon-list-items kt-svg-icon-list-items16814_3bec29-9b kt-svg-icon-list-columns-1 alignnone\"><ul class=\"kt-svg-icon-list\"><style>.kt-svg-icon-list-item-16814_794d20-9b .kt-svg-icon-list-text mark.kt-highlight{background-color:unset;font-style:normal;color:#f76a0c;-webkit-box-decoration-break:clone;box-decoration-break:clone;padding-top:0px;padding-right:0px;padding-bottom:0px;padding-left:0px;}<\/style>\n<li class=\"wp-block-kadence-listitem kt-svg-icon-list-item-wrap kt-svg-icon-list-item-16814_794d20-9b\"><span class=\"kb-svg-icon-wrap kb-svg-icon-fe_checkCircle kt-svg-icon-list-single\"><svg viewBox=\"0 0 24 24\"  fill=\"none\" stroke=\"currentColor\" stroke-width=\"2\" stroke-linecap=\"round\" stroke-linejoin=\"round\" xmlns=\"http:\/\/www.w3.org\/2000\/svg\"  aria-hidden=\"true\"><path d=\"M22 11.08V12a10 10 0 1 1-5.93-9.14\"\/><polyline points=\"22 4 12 14.01 9 11.01\"\/><\/svg><\/span><span class=\"kt-svg-icon-list-text\">\u2728 Fabriqu\u00e9e en AppleSkin : cuir de pomme innovant et durable<\/span><\/li>\n\n\n<style>.kt-svg-icon-list-item-16814_c9f338-a9 .kt-svg-icon-list-text mark.kt-highlight{background-color:unset;font-style:normal;color:#f76a0c;-webkit-box-decoration-break:clone;box-decoration-break:clone;padding-top:0px;padding-right:0px;padding-bottom:0px;padding-left:0px;}<\/style>\n<li class=\"wp-block-kadence-listitem kt-svg-icon-list-item-wrap kt-svg-icon-list-item-16814_c9f338-a9\"><span class=\"kb-svg-icon-wrap kb-svg-icon-fe_checkCircle kt-svg-icon-list-single\"><svg viewBox=\"0 0 24 24\"  fill=\"none\" stroke=\"currentColor\" stroke-width=\"2\" stroke-linecap=\"round\" stroke-linejoin=\"round\" xmlns=\"http:\/\/www.w3.org\/2000\/svg\"  aria-hidden=\"true\"><path d=\"M22 11.08V12a10 10 0 1 1-5.93-9.14\"\/><polyline points=\"22 4 12 14.01 9 11.01\"\/><\/svg><\/span><span class=\"kt-svg-icon-list-text\">\u267b\ufe0f Eco-responsable : fabriqu\u00e9e \u00e0 partir de r\u00e9sidus industriels de jus de pomme<\/span><\/li>\n\n\n<style>.kt-svg-icon-list-item-16814_068edc-e7 .kt-svg-icon-list-text mark.kt-highlight{background-color:unset;font-style:normal;color:#f76a0c;-webkit-box-decoration-break:clone;box-decoration-break:clone;padding-top:0px;padding-right:0px;padding-bottom:0px;padding-left:0px;}<\/style>\n<li class=\"wp-block-kadence-listitem kt-svg-icon-list-item-wrap kt-svg-icon-list-item-16814_068edc-e7\"><span class=\"kb-svg-icon-wrap kb-svg-icon-fe_checkCircle kt-svg-icon-list-single\"><svg viewBox=\"0 0 24 24\"  fill=\"none\" stroke=\"currentColor\" stroke-width=\"2\" stroke-linecap=\"round\" stroke-linejoin=\"round\" xmlns=\"http:\/\/www.w3.org\/2000\/svg\"  aria-hidden=\"true\"><path d=\"M22 11.08V12a10 10 0 1 1-5.93-9.14\"\/><polyline points=\"22 4 12 14.01 9 11.01\"\/><\/svg><\/span><span class=\"kt-svg-icon-list-text\">\ud83c\udf31 Cruelty-free : 100% sans cruaut\u00e9 animale<\/span><\/li>\n\n\n<style>.kt-svg-icon-list-item-16814_334875-6e .kt-svg-icon-list-text mark.kt-highlight{background-color:unset;font-style:normal;color:#f76a0c;-webkit-box-decoration-break:clone;box-decoration-break:clone;padding-top:0px;padding-right:0px;padding-bottom:0px;padding-left:0px;}<\/style>\n<li class=\"wp-block-kadence-listitem kt-svg-icon-list-item-wrap kt-svg-icon-list-item-16814_334875-6e\"><span class=\"kb-svg-icon-wrap kb-svg-icon-fe_checkCircle kt-svg-icon-list-single\"><svg viewBox=\"0 0 24 24\"  fill=\"none\" stroke=\"currentColor\" stroke-width=\"2\" stroke-linecap=\"round\" stroke-linejoin=\"round\" xmlns=\"http:\/\/www.w3.org\/2000\/svg\"  aria-hidden=\"true\"><path d=\"M22 11.08V12a10 10 0 1 1-5.93-9.14\"\/><polyline points=\"22 4 12 14.01 9 11.01\"\/><\/svg><\/span><span class=\"kt-svg-icon-list-text\">\ud83d\udda4 \u00c9l\u00e9gance intemporelle : couleur noire et design moderne<\/span><\/li>\n<\/ul><\/div>\n\n\n\n<p>Adoptez la mode durable sans compromis sur le style avec la Batea Black. Commandez d\u00e8s maintenant pour seulement 64,99 \u20ac et faites une d\u00e9claration audacieuse et \u00e9thique.<\/p>\n","protected":false},"excerpt":{"rendered":"<p>Envie d&#8217;ajouter une touche moderne et \u00e9l\u00e9gante \u00e0 votre tenue tout en respectant l&#8217;environnement ? D\u00e9couvrez la &#8220;Batea Black&#8221; par Nae &#8211; la ceinture noire pour femme qui allie sophistication et responsabilit\u00e9 \u00e9cologique. Faite en AppleSkin, un cuir de pomme novateur, cette ceinture est \u00e0 la fois chic et \u00e9co-responsable. La fermeture par boucle ovale&#8230;<\/p>\n","protected":false},"featured_media":19076,"comment_status":"open","ping_status":"closed","template":"","meta":{"_acf_changed":false,"_kad_blocks_custom_css":"","_kad_blocks_head_custom_js":"","_kad_blocks_body_custom_js":"","_kad_blocks_footer_custom_js":"","_kad_post_transparent":"","_kad_post_title":"","_kad_post_layout":"","_kad_post_sidebar_id":"","_kad_post_content_style":"","_kad_post_vertical_padding":"","_kad_post_feature":"","_kad_post_feature_position":"","_kad_post_header":false,"_kad_post_footer":false,"_kad_post_classname":""},"product_brand":[],"product_cat":[129,48],"product_tag":[228],"product_brands":[28],"class_list":{"0":"post-16814","1":"product","2":"type-product","3":"status-publish","4":"has-post-thumbnail","6":"product_cat-ceintures-vegan","7":"product_cat-sac-vegan","8":"product_tag-femme","9":"product_brands-nae-vegan-shoes","11":"first","12":"outofstock","13":"taxable","14":"shipping-taxable","15":"purchasable","16":"product-type-variable","17":"has-default-attributes","18":"entry","19":"content-bg","20":"loop-entry"},"acf":{"avantages":"\ud83e\udd4b La ceinture Batea Black est fabriqu\u00e9e \u00e0 partir du mat\u00e9riau AppleSkin, une alternative innovante, \u00e9cologique et sans cruaut\u00e9 au cuir traditionnel. En choisissant cette ceinture, vous contribuez \u00e0 r\u00e9duire les d\u00e9chets et \u00e0 soutenir des pratiques de fabrication durables.\r\n\r\n\ud83c\udf0f Fabriqu\u00e9e avec des mat\u00e9riaux de haute qualit\u00e9, dont l'AppleSkin, cette ceinture est con\u00e7ue pour r\u00e9sister \u00e0 l'\u00e9preuve du temps. Sa construction robuste garantit une utilisation durable sans compromis sur le style ou la fonctionnalit\u00e9.\r\n\r\n\u2604\ufe0f Le design moderne et \u00e9l\u00e9gant de la ceinture Batea Black en fait un accessoire polyvalent qui compl\u00e8te n'importe quelle tenue, qu'elle soit d\u00e9contract\u00e9e ou habill\u00e9e. Son attrait intemporel en fait un \u00e9l\u00e9ment essentiel de votre garde-robe pour les ann\u00e9es \u00e0 venir.","entretien":"<ul>\r\n \t<li>Essuyez La Ceinture Avec Un Chiffon Humide Pour Enlever La Salet\u00e9 Et Les Taches.<\/li>\r\n \t<li>Conservez La Courroie \u00c0 L\u2019abri De La Lumi\u00e8re Directe Du Soleil Pour \u00c9viter Que Sa Couleur Ne Se D\u00e9colore Et Ne S\u2019ab\u00eeme.<\/li>\r\n \t<li>Appliquez R\u00e9guli\u00e8rement Un Conditionneur Sp\u00e9cialis\u00e9 Pour Cuir V\u00e9g\u00e9talien Afin De Conserver La Souplesse Et L\u2019aspect De La Mati\u00e8re.<\/li>\r\n<\/ul>","marque":""},"taxonomy_info":{"product_cat":[{"value":129,"label":"Ceintures vegan"},{"value":48,"label":"Sacs vegan"}],"product_tag":[{"value":228,"label":"Boutique femme"}],"product_brands":[{"value":28,"label":"NAE Vegan Shoes"}]},"featured_image_src_large":["https:\/\/ekomfort.lu\/wp-content\/uploads\/2024\/07\/BeltBatea_Black.jpg",700,700,false],"author_info":[],"comment_info":0,"_links":{"self":[{"href":"https:\/\/ekomfort.lu\/en\/wp-json\/wp\/v2\/product\/16814","targetHints":{"allow":["GET"]}}],"collection":[{"href":"https:\/\/ekomfort.lu\/en\/wp-json\/wp\/v2\/product"}],"about":[{"href":"https:\/\/ekomfort.lu\/en\/wp-json\/wp\/v2\/types\/product"}],"replies":[{"embeddable":true,"href":"https:\/\/ekomfort.lu\/en\/wp-json\/wp\/v2\/comments?post=16814"}],"wp:featuredmedia":[{"embeddable":true,"href":"https:\/\/ekomfort.lu\/en\/wp-json\/wp\/v2\/media\/19076"}],"wp:attachment":[{"href":"https:\/\/ekomfort.lu\/en\/wp-json\/wp\/v2\/media?parent=16814"}],"wp:term":[{"taxonomy":"product_brand","embeddable":true,"href":"https:\/\/ekomfort.lu\/en\/wp-json\/wp\/v2\/product_brand?post=16814"},{"taxonomy":"product_cat","embeddable":true,"href":"https:\/\/ekomfort.lu\/en\/wp-json\/wp\/v2\/product_cat?post=16814"},{"taxonomy":"product_tag","embeddable":true,"href":"https:\/\/ekomfort.lu\/en\/wp-json\/wp\/v2\/product_tag?post=16814"},{"taxonomy":"product_brands","embeddable":true,"href":"https:\/\/ekomfort.lu\/en\/wp-json\/wp\/v2\/product_brands?post=16814"}],"curies":[{"name":"wp","href":"https:\/\/api.w.org\/{rel}","templated":true}]}}