{"id":16774,"date":"2024-05-25T08:27:19","date_gmt":"2024-05-25T06:27:19","guid":{"rendered":"https:\/\/ekomfort.lu\/?post_type=product&#038;p=16774"},"modified":"2025-03-05T23:09:56","modified_gmt":"2025-03-05T22:09:56","slug":"amer-blue-ceinture-nubuck-vegane","status":"publish","type":"product","link":"https:\/\/ekomfort.lu\/en\/shop\/amer-blue-ceinture-nubuck-vegane\/","title":{"rendered":"Amer Blue : Ceinture Homme Nubuck V\u00e9gan par Nae &#8211; \u00c9l\u00e9gante, \u00c9co-responsable, Innovatrice"},"content":{"rendered":"\n<p>D\u00e9couvrez &#8220;Amer Blue&#8221;, la ceinture homme nubuck v\u00e9gan par Nae \u2013 un bijou d&#8217;\u00e9l\u00e9gance, responsabilit\u00e9 et innovation. Confectionn\u00e9e en cuir v\u00e9gan, cette ceinture \u00e9l\u00e9gante pour homme pr\u00e9sente un magnifique motif de coutures crois\u00e9es formant des losanges.<br><br>Sa boucle carr\u00e9e et son bout en trap\u00e8ze ajoutent une touche sophistiqu\u00e9e et moderne. Fabriqu\u00e9e \u00e0 partir de microfibres \u00e9cologiques, &#8220;Amer Blue&#8221; est \u00e9co-responsable et r\u00e9sistante \u00e0 l&#8217;eau. L\u00e9g\u00e8re et durable, elle symbolise la mode \u00e9thique sans compromissions.<br><br>Faites l&#8217;exp\u00e9rience de la qualit\u00e9 sans cruaut\u00e9 \u00e0 seulement 44,99\u20ac.<\/p>\n","protected":false},"excerpt":{"rendered":"<p>D\u00e9couvrez &#8220;Amer Blue&#8221;, la ceinture homme nubuck v\u00e9gan par Nae \u2013 un bijou d&#8217;\u00e9l\u00e9gance, responsabilit\u00e9 et innovation. Confectionn\u00e9e en cuir v\u00e9gan, cette ceinture \u00e9l\u00e9gante pour homme pr\u00e9sente un magnifique motif de coutures crois\u00e9es formant des losanges. Sa boucle carr\u00e9e et son bout en trap\u00e8ze ajoutent une touche sophistiqu\u00e9e et moderne. Fabriqu\u00e9e \u00e0 partir de microfibres&#8230;<\/p>\n","protected":false},"featured_media":19060,"comment_status":"open","ping_status":"closed","template":"","meta":{"_acf_changed":false,"_kad_blocks_custom_css":"","_kad_blocks_head_custom_js":"","_kad_blocks_body_custom_js":"","_kad_blocks_footer_custom_js":"","_kad_post_transparent":"","_kad_post_title":"","_kad_post_layout":"","_kad_post_sidebar_id":"","_kad_post_content_style":"","_kad_post_vertical_padding":"","_kad_post_feature":"","_kad_post_feature_position":"","_kad_post_header":false,"_kad_post_footer":false,"_kad_post_classname":""},"product_brand":[],"product_cat":[46],"product_tag":[242],"product_brands":[],"class_list":{"0":"post-16774","1":"product","2":"type-product","3":"status-publish","4":"has-post-thumbnail","6":"product_cat-chaussures","7":"product_tag-homme","9":"first","10":"instock","11":"taxable","12":"shipping-taxable","13":"purchasable","14":"product-type-variable","15":"has-default-attributes","16":"entry","17":"content-bg","18":"loop-entry"},"acf":{"avantages":"\ud83e\uddf5 Fabriqu\u00e9 \u00e0 partir de microfibres durables, il garantit une utilisation durable et un impact minimal sur l'environnement.\r\n\r\n\ud83c\udf3f Fabriqu\u00e9 sans nuire aux animaux et con\u00e7u pour r\u00e9sister \u00e0 diverses conditions m\u00e9t\u00e9orologiques.\r\n\r\n\ud83d\udd17 Offre un confort et une facilit\u00e9 d'utilisation tout en ajoutant une touche sophistiqu\u00e9e \u00e0 n'importe quelle tenue.","entretien":"<ul>\r\n \t<li>Essuyez avec un chiffon humide pour enlever la salet\u00e9 et la poussi\u00e8re.<\/li>\r\n \t<li>S\u00e9chez soigneusement l'appareil s'il est mouill\u00e9 et \u00e9vitez de l'immerger dans l'eau.<\/li>\r\n \t<li>Stockez-le dans un endroit frais et sec, \u00e0 l'abri de la lumi\u00e8re directe du soleil, de pr\u00e9f\u00e9rence suspendu ou enroul\u00e9 de mani\u00e8re l\u00e2che.<\/li>\r\n \t<li>Utilisez un savon doux pour le nettoyage et \u00e9vitez les produits chimiques et les solvants agressifs.<\/li>\r\n<\/ul>","marque":""},"taxonomy_info":{"product_cat":[{"value":46,"label":"Chaussures"}],"product_tag":[{"value":242,"label":"Boutique homme"}]},"featured_image_src_large":["https:\/\/ekomfort.lu\/wp-content\/uploads\/2024\/07\/BeltAmer_Blue.jpg",700,700,false],"author_info":[],"comment_info":0,"_links":{"self":[{"href":"https:\/\/ekomfort.lu\/en\/wp-json\/wp\/v2\/product\/16774","targetHints":{"allow":["GET"]}}],"collection":[{"href":"https:\/\/ekomfort.lu\/en\/wp-json\/wp\/v2\/product"}],"about":[{"href":"https:\/\/ekomfort.lu\/en\/wp-json\/wp\/v2\/types\/product"}],"replies":[{"embeddable":true,"href":"https:\/\/ekomfort.lu\/en\/wp-json\/wp\/v2\/comments?post=16774"}],"wp:featuredmedia":[{"embeddable":true,"href":"https:\/\/ekomfort.lu\/en\/wp-json\/wp\/v2\/media\/19060"}],"wp:attachment":[{"href":"https:\/\/ekomfort.lu\/en\/wp-json\/wp\/v2\/media?parent=16774"}],"wp:term":[{"taxonomy":"product_brand","embeddable":true,"href":"https:\/\/ekomfort.lu\/en\/wp-json\/wp\/v2\/product_brand?post=16774"},{"taxonomy":"product_cat","embeddable":true,"href":"https:\/\/ekomfort.lu\/en\/wp-json\/wp\/v2\/product_cat?post=16774"},{"taxonomy":"product_tag","embeddable":true,"href":"https:\/\/ekomfort.lu\/en\/wp-json\/wp\/v2\/product_tag?post=16774"},{"taxonomy":"product_brands","embeddable":true,"href":"https:\/\/ekomfort.lu\/en\/wp-json\/wp\/v2\/product_brands?post=16774"}],"curies":[{"name":"wp","href":"https:\/\/api.w.org\/{rel}","templated":true}]}}