{"id":12420,"date":"2023-08-14T21:30:15","date_gmt":"2023-08-14T19:30:15","guid":{"rendered":"https:\/\/ekomfort.lu\/shop\/bagtara-black-black-shoulder-handbag-by-nae-the-perfect-alliance-between-elegance-and-durability"},"modified":"2024-01-20T13:12:53","modified_gmt":"2024-01-20T12:12:53","slug":"bagtara-black-black-shoulder-handbag-by-nae-the-perfect-alliance-between-elegance-and-durability","status":"publish","type":"product","link":"https:\/\/ekomfort.lu\/en\/shop\/bagtara-black-black-shoulder-handbag-by-nae-the-perfect-alliance-between-elegance-and-durability\/","title":{"rendered":"BagTara Black Black Shoulder Handbag by Nae: The Perfect Alliance between Elegance and Durability"},"content":{"rendered":"\n<p>Tired of bags that are too bulky or lack really practical pockets? Looking for a <strong>modern women&#8217;s shoulder handbag<\/strong> can accommodate your computer in style?<\/p>\n\n\n\n<p>Come discover the <strong>BagTara Black<\/strong>, a <strong>shoulder handbag<\/strong> in Apple Leather, designed to effectively combine practicality, attractive aesthetics and environmental respect.<\/p>\n\n\n\n<p>Avec <strong>BagTara Black<\/strong> :<\/p>\n\n\n<style>.wp-block-kadence-iconlist.kt-svg-icon-list-items12420_ecad53-37:not(.this-stops-third-party-issues){margin-top:0px;margin-bottom:0px;}.wp-block-kadence-iconlist.kt-svg-icon-list-items12420_ecad53-37 ul.kt-svg-icon-list:not(.this-prevents-issues):not(.this-stops-third-party-issues):not(.tijsloc){margin-top:0px;margin-right:0px;margin-bottom:var(--global-kb-spacing-sm, 1.5rem);margin-left:0px;}.wp-block-kadence-iconlist.kt-svg-icon-list-items12420_ecad53-37 ul.kt-svg-icon-list{grid-row-gap:5px;}.wp-block-kadence-iconlist.kt-svg-icon-list-items12420_ecad53-37 .kb-svg-icon-wrap{font-size:18px;color:var(--global-palette1, #3182CE);}.wp-block-kadence-iconlist.kt-svg-icon-list-items12420_ecad53-37 ul.kt-svg-icon-list .kt-svg-icon-list-item-wrap .kt-svg-icon-list-single{margin-right:10px;}.kt-svg-icon-list-items12420_ecad53-37 ul.kt-svg-icon-list .kt-svg-icon-list-level-0 .kt-svg-icon-list-single svg{font-size:20px;}<\/style>\n<div class=\"wp-block-kadence-iconlist kt-svg-icon-list-items kt-svg-icon-list-items12420_ecad53-37 kt-svg-icon-list-columns-1 alignnone\"><ul class=\"kt-svg-icon-list\"><style>.kt-svg-icon-list-item-4409_ddf823-69 .kt-svg-icon-list-text mark.kt-highlight{background-color:unset;font-style:normal;color:#f76a0c;-webkit-box-decoration-break:clone;box-decoration-break:clone;padding-top:0px;padding-right:0px;padding-bottom:0px;padding-left:0px;}<\/style>\n<li class=\"wp-block-kadence-listitem kt-svg-icon-list-item-wrap kt-svg-icon-list-item-4409_ddf823-69\"><span class=\"kb-svg-icon-wrap kb-svg-icon-fe_checkCircle kt-svg-icon-list-single\"><svg viewBox=\"0 0 24 24\"  fill=\"none\" stroke=\"currentColor\" stroke-width=\"3\" stroke-linecap=\"round\" stroke-linejoin=\"round\" xmlns=\"http:\/\/www.w3.org\/2000\/svg\"  aria-hidden=\"true\"><path d=\"M22 11.08V12a10 10 0 1 1-5.93-9.14\"\/><polyline points=\"22 4 12 14.01 9 11.01\"\/><\/svg><\/span><span class=\"kt-svg-icon-list-text\">\n<p>Organize your daily life with two separate internal compartments, including a zipped pocket and an open pocket, accommodating all your essential items.<\/p>\n<\/span><\/li>\n\n\n<style>.kt-svg-icon-list-item-4409_f20071-95 .kt-svg-icon-list-text mark.kt-highlight{background-color:unset;font-style:normal;color:#f76a0c;-webkit-box-decoration-break:clone;box-decoration-break:clone;padding-top:0px;padding-right:0px;padding-bottom:0px;padding-left:0px;}<\/style>\n<li class=\"wp-block-kadence-listitem kt-svg-icon-list-item-wrap kt-svg-icon-list-item-4409_f20071-95\"><span class=\"kb-svg-icon-wrap kb-svg-icon-fe_checkCircle kt-svg-icon-list-single\"><svg viewBox=\"0 0 24 24\"  fill=\"none\" stroke=\"currentColor\" stroke-width=\"3\" stroke-linecap=\"round\" stroke-linejoin=\"round\" xmlns=\"http:\/\/www.w3.org\/2000\/svg\"  aria-hidden=\"true\"><path d=\"M22 11.08V12a10 10 0 1 1-5.93-9.14\"\/><polyline points=\"22 4 12 14.01 9 11.01\"\/><\/svg><\/span><span class=\"kt-svg-icon-list-text\">\n<p>Enjoy an elegant, timeless design that elevates your style, whether you&#8217;re on your way to work or out for a social gathering.<\/p>\n<\/span><\/li>\n\n\n<style>.kt-svg-icon-list-item-4409_7437b1-e9 .kt-svg-icon-list-text mark.kt-highlight{background-color:unset;font-style:normal;color:#f76a0c;-webkit-box-decoration-break:clone;box-decoration-break:clone;padding-top:0px;padding-right:0px;padding-bottom:0px;padding-left:0px;}<\/style>\n<li class=\"wp-block-kadence-listitem kt-svg-icon-list-item-wrap kt-svg-icon-list-item-4409_7437b1-e9\"><span class=\"kb-svg-icon-wrap kb-svg-icon-fe_checkCircle kt-svg-icon-list-single\"><svg viewBox=\"0 0 24 24\"  fill=\"none\" stroke=\"currentColor\" stroke-width=\"3\" stroke-linecap=\"round\" stroke-linejoin=\"round\" xmlns=\"http:\/\/www.w3.org\/2000\/svg\"  aria-hidden=\"true\"><path d=\"M22 11.08V12a10 10 0 1 1-5.93-9.14\"\/><polyline points=\"22 4 12 14.01 9 11.01\"\/><\/svg><\/span><span class=\"kt-svg-icon-list-text\">\n<p>Embody eco-responsibility with a bag made from Apple Leather, an innovative material, respectful of nature, free of cruelty and toxic substances.<\/p>\n<\/span><\/li>\n<\/ul><\/div>\n\n\n\n<p>Without compromising functionality, without resorting to harmful chemicals, without hesitation&#8230;<\/p>\n\n\n\n<p>For the cost of a nice restaurant meal, enrich your collection with a <strong>black women&#8217;s shoulder handbag<\/strong> that highlights both your values \u200b\u200band your style.<\/p>\n\n\n\n<p>So, ready to adopt sustainable fashion without compromising on elegance? Agissez vite, le <strong>BagTara Black<\/strong> est tr\u00e8s recherch\u00e9 et les stocks sont limit\u00e9s.<\/p>\n","protected":false},"excerpt":{"rendered":"<p>Tired of bags that are too bulky or lack really practical pockets? Looking for a modern women&#8217;s shoulder handbag can accommodate your computer in style? Come discover the BagTara Black, a shoulder handbag in Apple Leather, designed to effectively combine practicality, attractive aesthetics and environmental respect. Avec BagTara Black : Without compromising functionality, without resorting&#8230;<\/p>\n","protected":false},"featured_media":7933,"comment_status":"open","ping_status":"closed","template":"","meta":{"_acf_changed":false,"_kad_blocks_custom_css":"","_kad_blocks_head_custom_js":"","_kad_blocks_body_custom_js":"","_kad_blocks_footer_custom_js":"","_kad_post_transparent":"","_kad_post_title":"","_kad_post_layout":"","_kad_post_sidebar_id":"","_kad_post_content_style":"","_kad_post_vertical_padding":"","_kad_post_feature":"","_kad_post_feature_position":"","_kad_post_header":false,"_kad_post_footer":false,"_kad_post_classname":""},"product_brand":[],"product_cat":[365,498],"product_tag":[367],"product_brands":[686],"class_list":{"0":"post-12420","1":"product","2":"type-product","3":"status-publish","4":"has-post-thumbnail","6":"product_cat-accessories","7":"product_cat-luxury-vegan-bag","8":"product_tag-womens","9":"product_brands-nae-vegan-shoes-en","11":"first","12":"outofstock","13":"taxable","14":"shipping-taxable","15":"purchasable","16":"product-type-simple","17":"entry","18":"content-bg","19":"loop-entry"},"acf":{"avantages":"\ud83d\udca6 Water-resistant: Protects your belongings from moisture.\r\n\r\n\ud83c\udf2c\ufe0f Breathable: Prevents moisture buildup inside the bag.\r\n\r\n\ud83c\udf31 Eco-friendly: Uses environmentally friendly materials such as vegan leather made from apple juice waste and GOTS certified organic cotton.\r\n\r\n\ud83e\udda0 Antimicrobial: Ensures cleanliness and hygiene of the bag.\r\n\r\n\ud83d\udeab Safe for Health: Uses materials that are safe for health.\r\n\r\n\ud83e\udd27 Hypoallergenic: Reduces the risk of allergic reactions.\r\n\r\n\ud83d\udd12 Nickel-Free Zippers and Accessories: To avoid skin irritations.\r\n\r\n\ud83d\udc5c Medium One-Size: Convenient dimensions of 11 x 7.1 x 2.4 inches to meet your daily needs.\r\n\r\n\ud83c\udf92 Comfortable Shoulder Strap: Adjustable strap up to 46.5 inches for a perfect fit.\r\n\r\n\ud83c\uddea\ud83c\uddf8 Carefully Made in Spain: Eco-friendly materials and fair manufacturing processes to support sustainable fashion.","entretien":"Water-resistant, breathable, eco-friendly, antimicrobial, safe for the health of the consumer, and hypoallergenic.Materials: Vegan leather made from AppleSkin, made from apple juice production waste, and GOTS certified organic cotton.Closure: Zipper and other metal accessories guaranteed nickel-free.Size: Medium, one size fits all.Dimensions: Width x Height x Depth; 28 x 18 x 6 cm - 11 x 7.1 x 2.4 inches.Strap length (maximum): 118 cm - 46.5 inches.Made with great care in Spain using eco-friendly materials and manufacturing processes, in a fair working environment.","marque":""},"taxonomy_info":{"product_cat":[{"value":365,"label":"Accessories"},{"value":498,"label":"Sacs"}],"product_tag":[{"value":367,"label":"womens boutique"}],"product_brands":[{"value":686,"label":"NAE Vegan Shoes"}]},"featured_image_src_large":["https:\/\/ekomfort.lu\/wp-content\/uploads\/2023\/08\/BagTara_Black-1024x1024.jpg",1024,1024,true],"author_info":[],"comment_info":0,"_links":{"self":[{"href":"https:\/\/ekomfort.lu\/en\/wp-json\/wp\/v2\/product\/12420","targetHints":{"allow":["GET"]}}],"collection":[{"href":"https:\/\/ekomfort.lu\/en\/wp-json\/wp\/v2\/product"}],"about":[{"href":"https:\/\/ekomfort.lu\/en\/wp-json\/wp\/v2\/types\/product"}],"replies":[{"embeddable":true,"href":"https:\/\/ekomfort.lu\/en\/wp-json\/wp\/v2\/comments?post=12420"}],"wp:featuredmedia":[{"embeddable":true,"href":"https:\/\/ekomfort.lu\/en\/wp-json\/wp\/v2\/media\/7933"}],"wp:attachment":[{"href":"https:\/\/ekomfort.lu\/en\/wp-json\/wp\/v2\/media?parent=12420"}],"wp:term":[{"taxonomy":"product_brand","embeddable":true,"href":"https:\/\/ekomfort.lu\/en\/wp-json\/wp\/v2\/product_brand?post=12420"},{"taxonomy":"product_cat","embeddable":true,"href":"https:\/\/ekomfort.lu\/en\/wp-json\/wp\/v2\/product_cat?post=12420"},{"taxonomy":"product_tag","embeddable":true,"href":"https:\/\/ekomfort.lu\/en\/wp-json\/wp\/v2\/product_tag?post=12420"},{"taxonomy":"product_brands","embeddable":true,"href":"https:\/\/ekomfort.lu\/en\/wp-json\/wp\/v2\/product_brands?post=12420"}],"curies":[{"name":"wp","href":"https:\/\/api.w.org\/{rel}","templated":true}]}}