{"id":12404,"date":"2023-08-14T21:48:14","date_gmt":"2023-08-14T19:48:14","guid":{"rendered":"https:\/\/ekomfort.lu\/shop\/comfortable-womens-summer-sandals-basil-bordeaux-from-nae-freshness-and-ethics-for-a-peaceful-summer"},"modified":"2024-07-01T12:11:01","modified_gmt":"2024-07-01T10:11:01","slug":"comfortable-womens-summer-sandals-basil-bordeaux-from-nae-freshness-and-ethics-for-a-peaceful-summer","status":"publish","type":"product","link":"https:\/\/ekomfort.lu\/en\/shop\/comfortable-womens-summer-sandals-basil-bordeaux-from-nae-freshness-and-ethics-for-a-peaceful-summer\/","title":{"rendered":"Comfortable women&#8217;s summer sandals Basil Bordeaux from Nae: Freshness and Ethics for a Peaceful Summer"},"content":{"rendered":"\n<p>Do you cherish sunny days, but the inconvenience of ill-fitting summer shoes spoils these pleasant moments? You are looking for <strong>comfortable women&#8217;s summer sandals<\/strong> as elegant as they are environmentally friendly?<\/p>\n\n\n\n<p>D\u00e9couvrez les <strong>Basil Bordeaux<\/strong>, des <strong>sandales <strong>\u00e9t\u00e9 confortable <strong>femme<\/strong><\/strong> bordeaux<\/strong> plates en Pi\u00f1atex, alliant confort optimal et esth\u00e9tique irr\u00e9prochable, tout en respectant rigoureusement les standards \u00e9thiques.<\/p>\n\n\n\n<p>En optant pour les <strong>Basil Bordeaux<\/strong> :<\/p>\n\n\n<style>.wp-block-kadence-iconlist.kt-svg-icon-list-items12404_da91ca-85:not(.this-stops-third-party-issues){margin-top:0px;margin-bottom:0px;}.wp-block-kadence-iconlist.kt-svg-icon-list-items12404_da91ca-85 ul.kt-svg-icon-list:not(.this-prevents-issues):not(.this-stops-third-party-issues):not(.tijsloc){margin-top:0px;margin-right:0px;margin-bottom:var(--global-kb-spacing-sm, 1.5rem);margin-left:0px;}.wp-block-kadence-iconlist.kt-svg-icon-list-items12404_da91ca-85 ul.kt-svg-icon-list{grid-row-gap:5px;}.wp-block-kadence-iconlist.kt-svg-icon-list-items12404_da91ca-85 .kb-svg-icon-wrap{font-size:18px;color:var(--global-palette1, #3182CE);}.wp-block-kadence-iconlist.kt-svg-icon-list-items12404_da91ca-85 ul.kt-svg-icon-list .kt-svg-icon-list-item-wrap .kt-svg-icon-list-single{margin-right:10px;}.kt-svg-icon-list-items12404_da91ca-85 ul.kt-svg-icon-list .kt-svg-icon-list-level-0 .kt-svg-icon-list-single svg{font-size:20px;}<\/style>\n<div class=\"wp-block-kadence-iconlist kt-svg-icon-list-items kt-svg-icon-list-items12404_da91ca-85 kt-svg-icon-list-columns-1 alignnone\"><ul class=\"kt-svg-icon-list\"><style>.kt-svg-icon-list-item-4418_2aae61-dc .kt-svg-icon-list-text mark.kt-highlight{background-color:unset;font-style:normal;color:#f76a0c;-webkit-box-decoration-break:clone;box-decoration-break:clone;padding-top:0px;padding-right:0px;padding-bottom:0px;padding-left:0px;}<\/style>\n<li class=\"wp-block-kadence-listitem kt-svg-icon-list-item-wrap kt-svg-icon-list-item-4418_2aae61-dc\"><span class=\"kb-svg-icon-wrap kb-svg-icon-fe_checkCircle kt-svg-icon-list-single\"><svg viewBox=\"0 0 24 24\"  fill=\"none\" stroke=\"currentColor\" stroke-width=\"3\" stroke-linecap=\"round\" stroke-linejoin=\"round\" xmlns=\"http:\/\/www.w3.org\/2000\/svg\"  aria-hidden=\"true\"><path d=\"M22 11.08V12a10 10 0 1 1-5.93-9.14\"\/><polyline points=\"22 4 12 14.01 9 11.01\"\/><\/svg><\/span><span class=\"kt-svg-icon-list-text\">Resplendent in lightness and radiance with their harmonious design, their elegantly intertwined straps and their craze for the burgundy color.<\/span><\/li>\n\n\n<style>.kt-svg-icon-list-item-4418_963296-d2 .kt-svg-icon-list-text mark.kt-highlight{background-color:unset;font-style:normal;color:#f76a0c;-webkit-box-decoration-break:clone;box-decoration-break:clone;padding-top:0px;padding-right:0px;padding-bottom:0px;padding-left:0px;}<\/style>\n<li class=\"wp-block-kadence-listitem kt-svg-icon-list-item-wrap kt-svg-icon-list-item-4418_963296-d2\"><span class=\"kb-svg-icon-wrap kb-svg-icon-fe_checkCircle kt-svg-icon-list-single\"><svg viewBox=\"0 0 24 24\"  fill=\"none\" stroke=\"currentColor\" stroke-width=\"3\" stroke-linecap=\"round\" stroke-linejoin=\"round\" xmlns=\"http:\/\/www.w3.org\/2000\/svg\"  aria-hidden=\"true\"><path d=\"M22 11.08V12a10 10 0 1 1-5.93-9.14\"\/><polyline points=\"22 4 12 14.01 9 11.01\"\/><\/svg><\/span><span class=\"kt-svg-icon-list-text\">Experience an exceptional feeling of well-being thanks to antimicrobial materials and a moisture-wicking sole. Goodbye irritations, bad odors and overheated feet.<\/span><\/li>\n\n\n<style>.kt-svg-icon-list-item-4418_901dd4-87 .kt-svg-icon-list-text mark.kt-highlight{background-color:unset;font-style:normal;color:#f76a0c;-webkit-box-decoration-break:clone;box-decoration-break:clone;padding-top:0px;padding-right:0px;padding-bottom:0px;padding-left:0px;}<\/style>\n<li class=\"wp-block-kadence-listitem kt-svg-icon-list-item-wrap kt-svg-icon-list-item-4418_901dd4-87\"><span class=\"kb-svg-icon-wrap kb-svg-icon-fe_checkCircle kt-svg-icon-list-single\"><svg viewBox=\"0 0 24 24\"  fill=\"none\" stroke=\"currentColor\" stroke-width=\"3\" stroke-linecap=\"round\" stroke-linejoin=\"round\" xmlns=\"http:\/\/www.w3.org\/2000\/svg\"  aria-hidden=\"true\"><path d=\"M22 11.08V12a10 10 0 1 1-5.93-9.14\"\/><polyline points=\"22 4 12 14.01 9 11.01\"\/><\/svg><\/span><span class=\"kt-svg-icon-list-text\">Support more responsible fashion by choosing Pi\u00f1atex, an avant-garde, biologically degradable, renewable and cruelty-free material, resulting from the recycling of waste from the pineapple industry.<\/span><\/li>\n<\/ul><\/div>\n\n\n\n<p>without toxic products, without cruelty, without regrets&#8230;<\/p>\n\n\n\n<p>Imagine: for the price of a dinner on the terrace, embrace a whole season of comfort with these <strong>comfortable summer sandals<\/strong> <strong>woman<\/strong>, while affirming your commitment to more respectful fashion.<\/p>\n\n\n\n<p>So, ready to greet summer with elegance and awareness? Our stocks of this favorite model of each season are running out very quickly. Don&#8217;t miss this chance!<\/p>\n","protected":false},"excerpt":{"rendered":"<p>Do you cherish sunny days, but the inconvenience of ill-fitting summer shoes spoils these pleasant moments? You are looking for comfortable women&#8217;s summer sandals as elegant as they are environmentally friendly? D\u00e9couvrez les Basil Bordeaux, des sandales \u00e9t\u00e9 confortable femme bordeaux plates en Pi\u00f1atex, alliant confort optimal et esth\u00e9tique irr\u00e9prochable, tout en respectant rigoureusement les&#8230;<\/p>\n","protected":false},"featured_media":7953,"comment_status":"open","ping_status":"closed","template":"","meta":{"_acf_changed":false,"_kad_blocks_custom_css":"","_kad_blocks_head_custom_js":"","_kad_blocks_body_custom_js":"","_kad_blocks_footer_custom_js":"","_kad_post_transparent":"","_kad_post_title":"","_kad_post_layout":"","_kad_post_sidebar_id":"","_kad_post_content_style":"","_kad_post_vertical_padding":"","_kad_post_feature":"","_kad_post_feature_position":"","_kad_post_header":false,"_kad_post_footer":false,"_kad_post_classname":""},"product_brand":[],"product_cat":[370,340],"product_tag":[367],"product_brands":[686],"class_list":{"0":"post-12404","1":"product","2":"type-product","3":"status-publish","4":"has-post-thumbnail","6":"product_cat-sandales-en","7":"product_cat-shoes","8":"product_tag-womens","9":"product_brands-nae-vegan-shoes-en","11":"first","12":"instock","13":"taxable","14":"shipping-taxable","15":"purchasable","16":"product-type-variable","17":"has-default-attributes","18":"entry","19":"content-bg","20":"loop-entry"},"acf":{"avantages":"\ud83d\udca8 Breathable: Promote good air circulation for cool and dry feet.\r\n\r\n\ud83c\udf0d Eco-friendly: Environmentally friendly materials and manufacturing processes to reduce ecological impact.\r\n\r\n\ud83e\udda0 Antimicrobial: Treatment that prevents the growth of bacteria and microbes, ensuring better hygiene and limiting odors.\r\n\r\n\ud83c\udf3f Hypoallergenic: Materials that reduce allergic reactions and skin irritations.\r\n\r\n\ud83c\udf4d Pi\u00f1atex Straps: Made from pineapple leaf fibers and PLA, an eco-friendly and sustainable alternative.\r\n\r\n\ud83d\udd12 Nickel-Free Buckles: Hypoallergenic and safe for people allergic to nickel.\r\n\r\n\ud83d\udc86 Comfortable Lining: Microfiber and PU lamination for optimal comfort.","entretien":"1. Clean the shoes with a cloth soaked in soapy water.\r\n\r\n2. Use a soft shoe brush soaked in soapy water for tough stains, gently rubbing in a circular motion.\r\n\r\n3. Remove the soap with a damp cloth.\r\n\r\n4. Let them air dry before applying a cleaning cream.\r\n\r\n5. Use a cleaning cream to give your shoes a shine. Put a small amount of product on a soft, dry brush or cloth, then gently rub in a circular motion until fully absorbed into the fabric.\r\n\r\n6. Let them air dry for 24 hours, away from direct sunlight.Caution:\r\n\r\n\u2022 Do not put your shoes in the washing machine.\r\n\r\n\u2022 Do not immerse them in water, as they may suffer irreversible damage.When you feel that your vegan shoes have reached their lifespan or you no longer need them, consider giving them a second life. Repurpose them for yourself, or pass them on to someone else.","marque":""},"taxonomy_info":{"product_cat":[{"value":370,"label":"Sandales"},{"value":340,"label":"Shoes"}],"product_tag":[{"value":367,"label":"womens boutique"}],"product_brands":[{"value":686,"label":"NAE Vegan Shoes"}]},"featured_image_src_large":["https:\/\/ekomfort.lu\/wp-content\/uploads\/2023\/08\/Basil_Bordeaux-1024x1024.jpg",1024,1024,true],"author_info":[],"comment_info":0,"_links":{"self":[{"href":"https:\/\/ekomfort.lu\/en\/wp-json\/wp\/v2\/product\/12404","targetHints":{"allow":["GET"]}}],"collection":[{"href":"https:\/\/ekomfort.lu\/en\/wp-json\/wp\/v2\/product"}],"about":[{"href":"https:\/\/ekomfort.lu\/en\/wp-json\/wp\/v2\/types\/product"}],"replies":[{"embeddable":true,"href":"https:\/\/ekomfort.lu\/en\/wp-json\/wp\/v2\/comments?post=12404"}],"wp:featuredmedia":[{"embeddable":true,"href":"https:\/\/ekomfort.lu\/en\/wp-json\/wp\/v2\/media\/7953"}],"wp:attachment":[{"href":"https:\/\/ekomfort.lu\/en\/wp-json\/wp\/v2\/media?parent=12404"}],"wp:term":[{"taxonomy":"product_brand","embeddable":true,"href":"https:\/\/ekomfort.lu\/en\/wp-json\/wp\/v2\/product_brand?post=12404"},{"taxonomy":"product_cat","embeddable":true,"href":"https:\/\/ekomfort.lu\/en\/wp-json\/wp\/v2\/product_cat?post=12404"},{"taxonomy":"product_tag","embeddable":true,"href":"https:\/\/ekomfort.lu\/en\/wp-json\/wp\/v2\/product_tag?post=12404"},{"taxonomy":"product_brands","embeddable":true,"href":"https:\/\/ekomfort.lu\/en\/wp-json\/wp\/v2\/product_brands?post=12404"}],"curies":[{"name":"wp","href":"https:\/\/api.w.org\/{rel}","templated":true}]}}