{"id":12390,"date":"2023-08-16T14:50:08","date_gmt":"2023-08-16T12:50:08","guid":{"rendered":"https:\/\/ekomfort.lu\/shop\/beltfalset-blue-the-vegan-leather-belt-for-women-blue-a-high-end-accessory-combining-elegance-and-durability"},"modified":"2024-07-01T12:06:40","modified_gmt":"2024-07-01T10:06:40","slug":"beltfalset-blue-the-vegan-leather-belt-for-women-blue-a-high-end-accessory-combining-elegance-and-durability","status":"publish","type":"product","link":"https:\/\/ekomfort.lu\/en\/shop\/beltfalset-blue-the-vegan-leather-belt-for-women-blue-a-high-end-accessory-combining-elegance-and-durability\/","title":{"rendered":"BeltFalset Blue: The vegan leather belt for women Blue: A High-End Accessory Combining Elegance and Durability"},"content":{"rendered":"\n<p>Are you considering adding a finishing touch to your outfits without sacrificing your eco-friendly principles? Would you like a durable, refined and planet-friendly belt?<\/p>\n\n\n\n<p>Pr\u00e9sentons <strong>BeltFalset Blue<\/strong>, la <strong>ceinture en cuir vegan pour femme <\/strong>en cuir v\u00e9gan, incarnant parfaitement style, \u00e9thique et long\u00e9vit\u00e9.<\/p>\n\n\n\n<p>Commandez d\u00e8s maintenant la ceinture en cuir vegan pour femme <strong>BeltFalset Blue<\/strong> et :<\/p>\n\n\n<style>.wp-block-kadence-iconlist.kt-svg-icon-list-items12390_351f8c-d3:not(.this-stops-third-party-issues){margin-top:0px;margin-bottom:0px;}.wp-block-kadence-iconlist.kt-svg-icon-list-items12390_351f8c-d3 ul.kt-svg-icon-list:not(.this-prevents-issues):not(.this-stops-third-party-issues):not(.tijsloc){margin-top:0px;margin-right:0px;margin-bottom:var(--global-kb-spacing-sm, 1.5rem);margin-left:0px;}.wp-block-kadence-iconlist.kt-svg-icon-list-items12390_351f8c-d3 ul.kt-svg-icon-list{grid-row-gap:5px;}.wp-block-kadence-iconlist.kt-svg-icon-list-items12390_351f8c-d3 .kb-svg-icon-wrap{font-size:18px;color:var(--global-palette1, #3182CE);}.wp-block-kadence-iconlist.kt-svg-icon-list-items12390_351f8c-d3 ul.kt-svg-icon-list .kt-svg-icon-list-item-wrap .kt-svg-icon-list-single{margin-right:10px;}.kt-svg-icon-list-items12390_351f8c-d3 ul.kt-svg-icon-list .kt-svg-icon-list-level-0 .kt-svg-icon-list-single svg{font-size:20px;}<\/style>\n<div class=\"wp-block-kadence-iconlist kt-svg-icon-list-items kt-svg-icon-list-items12390_351f8c-d3 kt-svg-icon-list-columns-1 alignnone\"><ul class=\"kt-svg-icon-list\"><style>.kt-svg-icon-list-item-4472_9491eb-8c .kt-svg-icon-list-text mark.kt-highlight{background-color:unset;font-style:normal;color:#f76a0c;-webkit-box-decoration-break:clone;box-decoration-break:clone;padding-top:0px;padding-right:0px;padding-bottom:0px;padding-left:0px;}<\/style>\n<li class=\"wp-block-kadence-listitem kt-svg-icon-list-item-wrap kt-svg-icon-list-item-4472_9491eb-8c\"><span class=\"kb-svg-icon-wrap kb-svg-icon-fe_checkCircle kt-svg-icon-list-single\"><svg viewBox=\"0 0 24 24\"  fill=\"none\" stroke=\"currentColor\" stroke-width=\"3\" stroke-linecap=\"round\" stroke-linejoin=\"round\" xmlns=\"http:\/\/www.w3.org\/2000\/svg\"  aria-hidden=\"true\"><path d=\"M22 11.08V12a10 10 0 1 1-5.93-9.14\"\/><polyline points=\"22 4 12 14.01 9 11.01\"\/><\/svg><\/span><span class=\"kt-svg-icon-list-text\">Embody subtle elegance with a charming <strong>trendy geometric pattern belt<\/strong> plain and a nickel-free silver buckle that bring sophisticated finesse to all your outfits.<\/span><\/li>\n\n\n<style>.kt-svg-icon-list-item-4472_dd00d0-25 .kt-svg-icon-list-text mark.kt-highlight{background-color:unset;font-style:normal;color:#f76a0c;-webkit-box-decoration-break:clone;box-decoration-break:clone;padding-top:0px;padding-right:0px;padding-bottom:0px;padding-left:0px;}<\/style>\n<li class=\"wp-block-kadence-listitem kt-svg-icon-list-item-wrap kt-svg-icon-list-item-4472_dd00d0-25\"><span class=\"kb-svg-icon-wrap kb-svg-icon-fe_checkCircle kt-svg-icon-list-single\"><svg viewBox=\"0 0 24 24\"  fill=\"none\" stroke=\"currentColor\" stroke-width=\"3\" stroke-linecap=\"round\" stroke-linejoin=\"round\" xmlns=\"http:\/\/www.w3.org\/2000\/svg\"  aria-hidden=\"true\"><path d=\"M22 11.08V12a10 10 0 1 1-5.93-9.14\"\/><polyline points=\"22 4 12 14.01 9 11.01\"\/><\/svg><\/span><span class=\"kt-svg-icon-list-text\">Customize your comfort with an adjustable buckle and a perfectly cut end for unparalleled comfort all day long.<\/span><\/li>\n\n\n<style>.kt-svg-icon-list-item-4472_de5893-51 .kt-svg-icon-list-text mark.kt-highlight{background-color:unset;font-style:normal;color:#f76a0c;-webkit-box-decoration-break:clone;box-decoration-break:clone;padding-top:0px;padding-right:0px;padding-bottom:0px;padding-left:0px;}<\/style>\n<li class=\"wp-block-kadence-listitem kt-svg-icon-list-item-wrap kt-svg-icon-list-item-4472_de5893-51\"><span class=\"kb-svg-icon-wrap kb-svg-icon-fe_checkCircle kt-svg-icon-list-single\"><svg viewBox=\"0 0 24 24\"  fill=\"none\" stroke=\"currentColor\" stroke-width=\"3\" stroke-linecap=\"round\" stroke-linejoin=\"round\" xmlns=\"http:\/\/www.w3.org\/2000\/svg\"  aria-hidden=\"true\"><path d=\"M22 11.08V12a10 10 0 1 1-5.93-9.14\"\/><polyline points=\"22 4 12 14.01 9 11.01\"\/><\/svg><\/span><span class=\"kt-svg-icon-list-text\">Make the eco-responsible choice with a belt in vegan nobuk: a water-resistant, durable and environmentally-friendly material.<\/span><\/li>\n<\/ul><\/div>\n\n\n\n<p>Without compromising on style, without cruelty to animals, without a single regret&#8230;<\/p>\n\n\n\n<p>For the price of a meal at a restaurant, opt for a fashion accessory that will follow you for years while reflecting your values.<\/p>\n\n\n\n<p>Ready to add a chic and ethical touch to your wardrobe with the <strong>BeltFalset Blue<\/strong> ? This accessory is a must-have for any eco-responsible wardrobe. Don&#8217;t wait, stocks are limited!<\/p>\n","protected":false},"excerpt":{"rendered":"<p>Are you considering adding a finishing touch to your outfits without sacrificing your eco-friendly principles? Would you like a durable, refined and planet-friendly belt? Pr\u00e9sentons BeltFalset Blue, la ceinture en cuir vegan pour femme en cuir v\u00e9gan, incarnant parfaitement style, \u00e9thique et long\u00e9vit\u00e9. Commandez d\u00e8s maintenant la ceinture en cuir vegan pour femme BeltFalset Blue&#8230;<\/p>\n","protected":false},"featured_media":8111,"comment_status":"open","ping_status":"closed","template":"","meta":{"_acf_changed":false,"_kad_blocks_custom_css":"","_kad_blocks_head_custom_js":"","_kad_blocks_body_custom_js":"","_kad_blocks_footer_custom_js":"","_kad_post_transparent":"","_kad_post_title":"","_kad_post_layout":"","_kad_post_sidebar_id":"","_kad_post_content_style":"","_kad_post_vertical_padding":"","_kad_post_feature":"","_kad_post_feature_position":"","_kad_post_header":false,"_kad_post_footer":false},"product_brand":[],"product_cat":[365,400],"product_tag":[367],"product_brands":[686],"class_list":{"0":"post-12390","1":"product","2":"type-product","3":"status-publish","4":"has-post-thumbnail","6":"product_cat-accessories","7":"product_cat-belts","8":"product_tag-womens","9":"product_brands-nae-vegan-shoes-en","11":"first","12":"outofstock","13":"taxable","14":"shipping-taxable","15":"purchasable","16":"product-type-variable","17":"has-default-attributes","18":"entry","19":"content-bg","20":"loop-entry"},"acf":{"avantages":"\ud83c\udf3f Strap Material: Eco-responsible microfiber vegan nobuck. Free from toxic substances, hypoallergenic, antibacterial, and antimicrobial.\r\n\r\n\u267b\ufe0f Manufacturing Process: Environmentally friendly, does not release CO2 and does not waste water or energy.\r\n\r\n\ud83d\udd12 Closure Type: Rounded buckle, with a smooth silver metal pin without nickel.\r\n\r\n\ud83d\udc5e Toe Type: Saddler, offering an elegant and durable finish.\r\n\r\n\ud83d\udccf Strap Width: 3 cm (1.2 inches), providing good support and a comfortable fit.\r\n\r\n\ud83c\uddea\ud83c\uddf8 Made in Spain: Made with love and expertise in Spain. Focus on eco-responsible materials and fair manufacturing processes.","entretien":"Clean the product with a cloth soaked in soapy water. Use a soft shoe brush soaked in soapy water for tough stains, gently rubbing in a circular motion. Then remove the soap with a damp cloth. Finally, let it air dry for 24 hours, avoiding direct exposure to sunlight.Caution: The use of a cleaning cream is not recommended. Do not put this product in the washing machine. Also, do not immerse it in water, as it may suffer irreversible damage.When you feel that your vegan product has reached its lifespan or you no longer need it, consider giving it a second life. Repurpose it for yourself or pass it on to someone else.","marque":""},"_wp_attached_file":null,"_wp_attachment_image_alt":null,"rank_math_facebook_image":null,"rank_math_facebook_image_id":null,"wpml_language":null,"_wp_attachment_metadata":null,"rank_math_focus_keyword":"BeltFalset Blue, vegan leather belt for women","rank_math_title":"Vegan leather belt for womenBeltFalset Blue - Elegance and Durability","rank_math_description":"Assert your ethical style with our BeltFalset Blue vegan leather belt for women. Add an authentic touch to your outfit. Order now !","taxonomy_info":{"product_cat":[{"value":365,"label":"Accessories"},{"value":400,"label":"Belts"}],"product_tag":[{"value":367,"label":"womens boutique"}],"product_brands":[{"value":686,"label":"NAE Vegan Shoes"}]},"featured_image_src_large":["https:\/\/ekomfort.lu\/wp-content\/uploads\/2023\/08\/belt-falset-blue-1024x1024.jpg",1024,1024,true],"author_info":[],"comment_info":0,"_links":{"self":[{"href":"https:\/\/ekomfort.lu\/en\/wp-json\/wp\/v2\/product\/12390","targetHints":{"allow":["GET"]}}],"collection":[{"href":"https:\/\/ekomfort.lu\/en\/wp-json\/wp\/v2\/product"}],"about":[{"href":"https:\/\/ekomfort.lu\/en\/wp-json\/wp\/v2\/types\/product"}],"replies":[{"embeddable":true,"href":"https:\/\/ekomfort.lu\/en\/wp-json\/wp\/v2\/comments?post=12390"}],"wp:featuredmedia":[{"embeddable":true,"href":"https:\/\/ekomfort.lu\/en\/wp-json\/wp\/v2\/media\/8111"}],"wp:attachment":[{"href":"https:\/\/ekomfort.lu\/en\/wp-json\/wp\/v2\/media?parent=12390"}],"wp:term":[{"taxonomy":"product_brand","embeddable":true,"href":"https:\/\/ekomfort.lu\/en\/wp-json\/wp\/v2\/product_brand?post=12390"},{"taxonomy":"product_cat","embeddable":true,"href":"https:\/\/ekomfort.lu\/en\/wp-json\/wp\/v2\/product_cat?post=12390"},{"taxonomy":"product_tag","embeddable":true,"href":"https:\/\/ekomfort.lu\/en\/wp-json\/wp\/v2\/product_tag?post=12390"},{"taxonomy":"product_brands","embeddable":true,"href":"https:\/\/ekomfort.lu\/en\/wp-json\/wp\/v2\/product_brands?post=12390"}],"curies":[{"name":"wp","href":"https:\/\/api.w.org\/{rel}","templated":true}]}}