{"id":12320,"date":"2023-05-28T09:48:01","date_gmt":"2023-05-28T07:48:01","guid":{"rendered":"https:\/\/ekomfort.lu\/shop\/dara-pink-minimalist-gold-sports-sneaker-from-nae-energize-your-daily-life-with-softness-and-color"},"modified":"2024-07-01T12:10:25","modified_gmt":"2024-07-01T10:10:25","slug":"dara-pink-minimalist-gold-sports-sneaker-from-nae-energize-your-daily-life-with-softness-and-color","status":"publish","type":"product","link":"https:\/\/ekomfort.lu\/en\/shop\/dara-pink-minimalist-gold-sports-sneaker-from-nae-energize-your-daily-life-with-softness-and-color\/","title":{"rendered":"Dara Pink minimalist gold sports sneaker from Nae: Energize your daily life with softness and color"},"content":{"rendered":"\n<p>Do you aspire to combine modernity, activity and concern for the environment in your shoes? You are looking for <strong>minimalist running sports shoe<\/strong>, which underlines your commitments without compromising comfort and style?<\/p>\n\n\n\n<p>D\u00e9couvrez <strong>Dara Pink<\/strong>, des <strong>baskets dor\u00e9 femme<\/strong> \u00e0 la mode, confectionn\u00e9e \u00e0 partir de microfibres recycl\u00e9es. In perfect harmony with your dynamic lifestyle, these sneakers embody the perfect blend of contemporary design, unparalleled comfort and durability.<\/p>\n\n\n\n<p>Take it to the next level with the gold minimalist sports sneaker <strong>Dara Pink<\/strong>:<\/p>\n\n\n<style>.wp-block-kadence-iconlist.kt-svg-icon-list-items12320_c09e5b-a2:not(.this-stops-third-party-issues){margin-top:0px;margin-bottom:0px;}.wp-block-kadence-iconlist.kt-svg-icon-list-items12320_c09e5b-a2 ul.kt-svg-icon-list:not(.this-prevents-issues):not(.this-stops-third-party-issues):not(.tijsloc){margin-top:0px;margin-right:0px;margin-bottom:var(--global-kb-spacing-sm, 1.5rem);margin-left:0px;}.wp-block-kadence-iconlist.kt-svg-icon-list-items12320_c09e5b-a2 ul.kt-svg-icon-list{grid-row-gap:5px;}.wp-block-kadence-iconlist.kt-svg-icon-list-items12320_c09e5b-a2 .kb-svg-icon-wrap{font-size:18px;color:var(--global-palette1, #3182CE);}.wp-block-kadence-iconlist.kt-svg-icon-list-items12320_c09e5b-a2 ul.kt-svg-icon-list .kt-svg-icon-list-item-wrap .kt-svg-icon-list-single{margin-right:10px;}.kt-svg-icon-list-items12320_c09e5b-a2 ul.kt-svg-icon-list .kt-svg-icon-list-level-0 .kt-svg-icon-list-single svg{font-size:20px;}<\/style>\n<div class=\"wp-block-kadence-iconlist kt-svg-icon-list-items kt-svg-icon-list-items12320_c09e5b-a2 kt-svg-icon-list-columns-1 alignnone\"><ul class=\"kt-svg-icon-list\"><style>.kt-svg-icon-list-item-1478_82742d-48 .kt-svg-icon-list-text mark.kt-highlight{background-color:unset;font-style:normal;color:#f76a0c;-webkit-box-decoration-break:clone;box-decoration-break:clone;padding-top:0px;padding-right:0px;padding-bottom:0px;padding-left:0px;}<\/style>\n<li class=\"wp-block-kadence-listitem kt-svg-icon-list-item-wrap kt-svg-icon-list-item-1478_82742d-48\"><span class=\"kb-svg-icon-wrap kb-svg-icon-fe_checkCircle kt-svg-icon-list-single\"><svg viewBox=\"0 0 24 24\"  fill=\"none\" stroke=\"currentColor\" stroke-width=\"3\" stroke-linecap=\"round\" stroke-linejoin=\"round\" xmlns=\"http:\/\/www.w3.org\/2000\/svg\"  aria-hidden=\"true\"><path d=\"M22 11.08V12a10 10 0 1 1-5.93-9.14\"\/><polyline points=\"22 4 12 14.01 9 11.01\"\/><\/svg><\/span><span class=\"kt-svg-icon-list-text\">Make a statement with a simplistic sporty design, in a soft color palette of pink and lilac that blends beautifully against a white background, complementing all your outfits.<\/span><\/li>\n\n\n<style>.kt-svg-icon-list-item-1478_432071-1e .kt-svg-icon-list-text mark.kt-highlight{background-color:unset;font-style:normal;color:#f76a0c;-webkit-box-decoration-break:clone;box-decoration-break:clone;padding-top:0px;padding-right:0px;padding-bottom:0px;padding-left:0px;}<\/style>\n<li class=\"wp-block-kadence-listitem kt-svg-icon-list-item-wrap kt-svg-icon-list-item-1478_432071-1e\"><span class=\"kb-svg-icon-wrap kb-svg-icon-fe_checkCircle kt-svg-icon-list-single\"><svg viewBox=\"0 0 24 24\"  fill=\"none\" stroke=\"currentColor\" stroke-width=\"3\" stroke-linecap=\"round\" stroke-linejoin=\"round\" xmlns=\"http:\/\/www.w3.org\/2000\/svg\"  aria-hidden=\"true\"><path d=\"M22 11.08V12a10 10 0 1 1-5.93-9.14\"\/><polyline points=\"22 4 12 14.01 9 11.01\"\/><\/svg><\/span><span class=\"kt-svg-icon-list-text\">Feel unprecedented comfort thanks to a cushioned moisture-wicking EVA rubber sole and hypoallergenic, breathable and antibacterial material, which protects your feet all day long.<\/span><\/li>\n\n\n<style>.kt-svg-icon-list-item-1478_b19439-1b .kt-svg-icon-list-text mark.kt-highlight{background-color:unset;font-style:normal;color:#f76a0c;-webkit-box-decoration-break:clone;box-decoration-break:clone;padding-top:0px;padding-right:0px;padding-bottom:0px;padding-left:0px;}<\/style>\n<li class=\"wp-block-kadence-listitem kt-svg-icon-list-item-wrap kt-svg-icon-list-item-1478_b19439-1b\"><span class=\"kb-svg-icon-wrap kb-svg-icon-fe_checkCircle kt-svg-icon-list-single\"><svg viewBox=\"0 0 24 24\"  fill=\"none\" stroke=\"currentColor\" stroke-width=\"3\" stroke-linecap=\"round\" stroke-linejoin=\"round\" xmlns=\"http:\/\/www.w3.org\/2000\/svg\"  aria-hidden=\"true\"><path d=\"M22 11.08V12a10 10 0 1 1-5.93-9.14\"\/><polyline points=\"22 4 12 14.01 9 11.01\"\/><\/svg><\/span><span class=\"kt-svg-icon-list-text\">Contribute to a more sustainable world with these sneakers made from fully recycled microfibers, free of environmental toxins and animal cruelty.<\/span><\/li>\n<\/ul><\/div>\n\n\n\n<p>without bulbs, without disturbing odors, without compromising on your values&#8230;<\/p>\n\n\n\n<p>And all this for the cost of a standard pair of sneakers that you would probably have replaced within a few months.<\/p>\n\n\n\n<p>So, are you ready to embrace minimalist sports shoes combining elegance, ecology and exceptional comfort? Our stocks of the minimalist sports sneaker <strong>Dara Pink<\/strong> is shrinking quickly and this model is in high demand. Do not wait any longer !<\/p>\n","protected":false},"excerpt":{"rendered":"<p>Dara Pink minimalist lace-up sports shoe, eco-friendly and trendy. Recycled materials, optimal comfort, timeless urban style. The perfect choice to combine conscious fashion and freedom of movement<\/p>\n","protected":false},"featured_media":7575,"comment_status":"open","ping_status":"closed","template":"","meta":{"_acf_changed":false,"_kad_blocks_custom_css":"","_kad_blocks_head_custom_js":"","_kad_blocks_body_custom_js":"","_kad_blocks_footer_custom_js":"","_kad_post_transparent":"","_kad_post_title":"","_kad_post_layout":"","_kad_post_sidebar_id":"","_kad_post_content_style":"","_kad_post_vertical_padding":"","_kad_post_feature":"","_kad_post_feature_position":"","_kad_post_header":false,"_kad_post_footer":false,"_kad_post_classname":""},"product_brand":[],"product_cat":[385,340],"product_tag":[444,367],"product_brands":[686],"class_list":{"0":"post-12320","1":"product","2":"type-product","3":"status-publish","4":"has-post-thumbnail","6":"product_cat-baskets-en","7":"product_cat-shoes","8":"product_tag-made-in-portugal-en","9":"product_tag-womens","10":"product_brands-nae-vegan-shoes-en","12":"first","13":"instock","14":"taxable","15":"shipping-taxable","16":"purchasable","17":"product-type-variable","18":"has-default-attributes","19":"entry","20":"content-bg","21":"loop-entry"},"acf":{"avantages":"\ud83d\udca7 Water-resistant: To protect your feet from moisture.\r\n\r\n\ud83c\udf2c\ufe0f Breathable: Promote air circulation to keep your feet cool and dry.\r\n\r\n\ud83d\udc8a Antimicrobial and Hypoallergenic: Protect your health and maintain optimal hygiene.\r\n\r\n\ud83c\udf0d Recycled Materials: Upper and laces made from recycled microfibers and polyester to reduce our impact on the environment.\r\n\r\n\ud83c\udf31 Eco-Responsible Lining: 90% microfibers and 10% PU, made in an environmentally friendly manner.\r\n\r\n\ud83d\udee1\ufe0f Cushioned Insole: Comfort and moisture protection with EVA rubber.\r\n\r\n\ud83d\udd1d Non-Slip Outsole: Optimal grip and durability with long-life rubber.\ud83c\uddf5\ud83c\uddf9 Made in Portugal: Carefully made in Portugal using environmentally friendly materials and processes.\r\n\r\n\u270a Fair Working Conditions: Ensure a fair working environment for our workers.","entretien":"1. Clean the shoes with a cloth soaked in soapy water.\r\n\r\n2. Use a soft shoe brush soaked in soapy water for tough stains, gently rubbing in a circular motion.\r\n\r\n3. Remove the soap with a damp cloth.\r\n\r\n4. Let them air dry for 24 hours, avoiding direct exposure to sunlight.Caution:\r\n\r\n\u2022 Do not use cleaning cream.\r\n\r\n\u2022 Do not put your shoes in the washing machine.\r\n\r\n\u2022 Do not immerse them in water, as they may suffer irreversible damage.When you feel that your vegan shoes have reached their lifespan or you no longer need them, consider giving them a second life. Repurpose them for yourself or pass them on to someone else.","marque":""},"taxonomy_info":{"product_cat":[{"value":385,"label":"Baskets"},{"value":340,"label":"Shoes"}],"product_tag":[{"value":444,"label":"Made in Portugal"},{"value":367,"label":"womens boutique"}],"product_brands":[{"value":686,"label":"NAE Vegan Shoes"}]},"featured_image_src_large":["https:\/\/ekomfort.lu\/wp-content\/uploads\/2023\/05\/dara-pink-chaussures-urbaines-eco-responsables-ekomfort.jpg",700,700,false],"author_info":[],"comment_info":0,"_links":{"self":[{"href":"https:\/\/ekomfort.lu\/en\/wp-json\/wp\/v2\/product\/12320","targetHints":{"allow":["GET"]}}],"collection":[{"href":"https:\/\/ekomfort.lu\/en\/wp-json\/wp\/v2\/product"}],"about":[{"href":"https:\/\/ekomfort.lu\/en\/wp-json\/wp\/v2\/types\/product"}],"replies":[{"embeddable":true,"href":"https:\/\/ekomfort.lu\/en\/wp-json\/wp\/v2\/comments?post=12320"}],"wp:featuredmedia":[{"embeddable":true,"href":"https:\/\/ekomfort.lu\/en\/wp-json\/wp\/v2\/media\/7575"}],"wp:attachment":[{"href":"https:\/\/ekomfort.lu\/en\/wp-json\/wp\/v2\/media?parent=12320"}],"wp:term":[{"taxonomy":"product_brand","embeddable":true,"href":"https:\/\/ekomfort.lu\/en\/wp-json\/wp\/v2\/product_brand?post=12320"},{"taxonomy":"product_cat","embeddable":true,"href":"https:\/\/ekomfort.lu\/en\/wp-json\/wp\/v2\/product_cat?post=12320"},{"taxonomy":"product_tag","embeddable":true,"href":"https:\/\/ekomfort.lu\/en\/wp-json\/wp\/v2\/product_tag?post=12320"},{"taxonomy":"product_brands","embeddable":true,"href":"https:\/\/ekomfort.lu\/en\/wp-json\/wp\/v2\/product_brands?post=12320"}],"curies":[{"name":"wp","href":"https:\/\/api.w.org\/{rel}","templated":true}]}}