{"id":12312,"date":"2023-06-08T10:57:18","date_gmt":"2023-06-08T08:57:18","guid":{"rendered":"https:\/\/ekomfort.lu\/shop\/hazel-black-vegan-open-heel-sandal-from-nae-chic-comfort-for-your-feet"},"modified":"2024-07-01T12:10:27","modified_gmt":"2024-07-01T10:10:27","slug":"hazel-black-vegan-open-heel-sandal-from-nae-chic-comfort-for-your-feet","status":"publish","type":"product","link":"https:\/\/ekomfort.lu\/en\/shop\/hazel-black-vegan-open-heel-sandal-from-nae-chic-comfort-for-your-feet\/","title":{"rendered":"Hazel Black vegan open heel sandal from Nae: Chic Comfort for your Feet"},"content":{"rendered":"\n<p>You aspire to a <strong>vegan open heel sandal<\/strong> elegant that does not hinder your comfort? Are you planning to enrich your summer collection with a responsible and durable pair?<\/p>\n\n\n\n<p>D\u00e9couvrez les <strong>Hazel Black<\/strong> : les<strong> sandales plates<\/strong> en nobuk v\u00e9gan, pour un look \u00e0 la fois d\u00e9contract\u00e9 et sophistiqu\u00e9 tout en respectant notre plan\u00e8te.<\/p>\n\n\n\n<p>Choisissez les <strong>Hazel Black<\/strong>, les <strong>sandales, \u00e9co-responsables en microfibre<\/strong> et :<\/p>\n\n\n<style>.wp-block-kadence-iconlist.kt-svg-icon-list-items12312_404a51-5f:not(.this-stops-third-party-issues){margin-top:0px;margin-bottom:0px;}.wp-block-kadence-iconlist.kt-svg-icon-list-items12312_404a51-5f ul.kt-svg-icon-list:not(.this-prevents-issues):not(.this-stops-third-party-issues):not(.tijsloc){margin-top:0px;margin-right:0px;margin-bottom:var(--global-kb-spacing-sm, 1.5rem);margin-left:0px;}.wp-block-kadence-iconlist.kt-svg-icon-list-items12312_404a51-5f ul.kt-svg-icon-list{grid-row-gap:5px;}.wp-block-kadence-iconlist.kt-svg-icon-list-items12312_404a51-5f .kb-svg-icon-wrap{font-size:18px;color:var(--global-palette1, #3182CE);}.wp-block-kadence-iconlist.kt-svg-icon-list-items12312_404a51-5f ul.kt-svg-icon-list .kt-svg-icon-list-item-wrap .kt-svg-icon-list-single{margin-right:10px;}.kt-svg-icon-list-items12312_404a51-5f ul.kt-svg-icon-list .kt-svg-icon-list-level-0 .kt-svg-icon-list-single svg{font-size:20px;}<\/style>\n<div class=\"wp-block-kadence-iconlist kt-svg-icon-list-items kt-svg-icon-list-items12312_404a51-5f kt-svg-icon-list-columns-1 alignnone\"><ul class=\"kt-svg-icon-list\"><style>.kt-svg-icon-list-item-1742_92b223-b7 .kt-svg-icon-list-text mark.kt-highlight{background-color:unset;font-style:normal;color:#f76a0c;-webkit-box-decoration-break:clone;box-decoration-break:clone;padding-top:0px;padding-right:0px;padding-bottom:0px;padding-left:0px;}<\/style>\n<li class=\"wp-block-kadence-listitem kt-svg-icon-list-item-wrap kt-svg-icon-list-item-1742_92b223-b7\"><span class=\"kb-svg-icon-wrap kb-svg-icon-fe_checkCircle kt-svg-icon-list-single\"><svg viewBox=\"0 0 24 24\"  fill=\"none\" stroke=\"currentColor\" stroke-width=\"3\" stroke-linecap=\"round\" stroke-linejoin=\"round\" xmlns=\"http:\/\/www.w3.org\/2000\/svg\"  aria-hidden=\"true\"><path d=\"M22 11.08V12a10 10 0 1 1-5.93-9.14\"\/><polyline points=\"22 4 12 14.01 9 11.01\"\/><\/svg><\/span><span class=\"kt-svg-icon-list-text\"> <p>Enjoy the ultimate comfort of the warm season thanks to their padded sole and open heel design, designed to bring relaxation to your feet.<\/p> <\/span><\/li>\n\n\n<style>.kt-svg-icon-list-item-1742_91fe56-0b .kt-svg-icon-list-text mark.kt-highlight{background-color:unset;font-style:normal;color:#f76a0c;-webkit-box-decoration-break:clone;box-decoration-break:clone;padding-top:0px;padding-right:0px;padding-bottom:0px;padding-left:0px;}<\/style>\n<li class=\"wp-block-kadence-listitem kt-svg-icon-list-item-wrap kt-svg-icon-list-item-1742_91fe56-0b\"><span class=\"kb-svg-icon-wrap kb-svg-icon-fe_checkCircle kt-svg-icon-list-single\"><svg viewBox=\"0 0 24 24\"  fill=\"none\" stroke=\"currentColor\" stroke-width=\"3\" stroke-linecap=\"round\" stroke-linejoin=\"round\" xmlns=\"http:\/\/www.w3.org\/2000\/svg\"  aria-hidden=\"true\"><path d=\"M22 11.08V12a10 10 0 1 1-5.93-9.14\"\/><polyline points=\"22 4 12 14.01 9 11.01\"\/><\/svg><\/span><span class=\"kt-svg-icon-list-text\">\n<p>Make a statement with these<strong>black sandals<\/strong> with a crossed strap design, which goes wonderfully with any outfit in your wardrobe.<\/p>\n<\/span><\/li>\n\n\n<style>.kt-svg-icon-list-item-1742_d97972-f2 .kt-svg-icon-list-text mark.kt-highlight{background-color:unset;font-style:normal;color:#f76a0c;-webkit-box-decoration-break:clone;box-decoration-break:clone;padding-top:0px;padding-right:0px;padding-bottom:0px;padding-left:0px;}<\/style>\n<li class=\"wp-block-kadence-listitem kt-svg-icon-list-item-wrap kt-svg-icon-list-item-1742_d97972-f2\"><span class=\"kb-svg-icon-wrap kb-svg-icon-fe_checkCircle kt-svg-icon-list-single\"><svg viewBox=\"0 0 24 24\"  fill=\"none\" stroke=\"currentColor\" stroke-width=\"3\" stroke-linecap=\"round\" stroke-linejoin=\"round\" xmlns=\"http:\/\/www.w3.org\/2000\/svg\"  aria-hidden=\"true\"><path d=\"M22 11.08V12a10 10 0 1 1-5.93-9.14\"\/><polyline points=\"22 4 12 14.01 9 11.01\"\/><\/svg><\/span><span class=\"kt-svg-icon-list-text\">\n<p>Be a committed player in more sustainable fashion, with these vegan nobuk sandals: an innovative, resistant and environmentally friendly material.<\/p>\n<\/span><\/li>\n<\/ul><\/div>\n\n\n\n<p>Say goodbye to discomfort, bad odors, animal cruelty&#8230;<\/p>\n\n\n\n<p>Imagine all the benefits you could get for just the cost of dining out, by choosing a pair of <strong>humidity-wicking sandals<\/strong> that perfectly combine style, comfort and ethics.<\/p>\n\n\n\n<p>So, are you ready to invest in the well-being of your feet and the good of our planet? Vegan open heel sandal <strong>Hazel Black<\/strong> is very fashionable and could quickly go out of stock. Don&#8217;t let it escape you!<\/p>\n","protected":false},"excerpt":{"rendered":"<p>Discover the Hazel Black quilted sandals, the perfect combination of soft comfort and elegant style for your feet<\/p>\n","protected":false},"featured_media":7581,"comment_status":"open","ping_status":"closed","template":"","meta":{"_acf_changed":false,"_kad_blocks_custom_css":"","_kad_blocks_head_custom_js":"","_kad_blocks_body_custom_js":"","_kad_blocks_footer_custom_js":"","_kad_post_transparent":"","_kad_post_title":"","_kad_post_layout":"","_kad_post_sidebar_id":"","_kad_post_content_style":"","_kad_post_vertical_padding":"","_kad_post_feature":"","_kad_post_feature_position":"","_kad_post_header":false,"_kad_post_footer":false,"_kad_post_classname":""},"product_brand":[],"product_cat":[370,340],"product_tag":[444,367],"product_brands":[686],"class_list":{"0":"post-12312","1":"product","2":"type-product","3":"status-publish","4":"has-post-thumbnail","6":"product_cat-sandales-en","7":"product_cat-shoes","8":"product_tag-made-in-portugal-en","9":"product_tag-womens","10":"product_brands-nae-vegan-shoes-en","12":"first","13":"outofstock","14":"taxable","15":"shipping-taxable","16":"purchasable","17":"product-type-variable","18":"has-default-attributes","19":"entry","20":"content-bg","21":"loop-entry"},"acf":{"avantages":"","entretien":"","marque":""},"taxonomy_info":{"product_cat":[{"value":370,"label":"Sandales"},{"value":340,"label":"Shoes"}],"product_tag":[{"value":444,"label":"Made in Portugal"},{"value":367,"label":"womens boutique"}],"product_brands":[{"value":686,"label":"NAE Vegan Shoes"}]},"featured_image_src_large":["https:\/\/ekomfort.lu\/wp-content\/uploads\/2023\/06\/sandales-matelassees-chic-ekomfort-hazel-black.jpg",700,700,false],"author_info":[],"comment_info":0,"_links":{"self":[{"href":"https:\/\/ekomfort.lu\/en\/wp-json\/wp\/v2\/product\/12312","targetHints":{"allow":["GET"]}}],"collection":[{"href":"https:\/\/ekomfort.lu\/en\/wp-json\/wp\/v2\/product"}],"about":[{"href":"https:\/\/ekomfort.lu\/en\/wp-json\/wp\/v2\/types\/product"}],"replies":[{"embeddable":true,"href":"https:\/\/ekomfort.lu\/en\/wp-json\/wp\/v2\/comments?post=12312"}],"wp:featuredmedia":[{"embeddable":true,"href":"https:\/\/ekomfort.lu\/en\/wp-json\/wp\/v2\/media\/7581"}],"wp:attachment":[{"href":"https:\/\/ekomfort.lu\/en\/wp-json\/wp\/v2\/media?parent=12312"}],"wp:term":[{"taxonomy":"product_brand","embeddable":true,"href":"https:\/\/ekomfort.lu\/en\/wp-json\/wp\/v2\/product_brand?post=12312"},{"taxonomy":"product_cat","embeddable":true,"href":"https:\/\/ekomfort.lu\/en\/wp-json\/wp\/v2\/product_cat?post=12312"},{"taxonomy":"product_tag","embeddable":true,"href":"https:\/\/ekomfort.lu\/en\/wp-json\/wp\/v2\/product_tag?post=12312"},{"taxonomy":"product_brands","embeddable":true,"href":"https:\/\/ekomfort.lu\/en\/wp-json\/wp\/v2\/product_brands?post=12312"}],"curies":[{"name":"wp","href":"https:\/\/api.w.org\/{rel}","templated":true}]}}