{"id":12291,"date":"2023-06-12T22:11:04","date_gmt":"2023-06-12T20:11:04","guid":{"rendered":"https:\/\/ekomfort.lu\/shop\/dara-white-lightweight-vegan-leather-sneakers-from-nae-comfort-and-trend-for-an-eco-conscious-urban-style"},"modified":"2024-07-01T11:51:46","modified_gmt":"2024-07-01T09:51:46","slug":"dara-white-lightweight-vegan-leather-sneakers-from-nae-comfort-and-trend-for-an-eco-conscious-urban-style","status":"publish","type":"product","link":"https:\/\/ekomfort.lu\/en\/shop\/dara-white-lightweight-vegan-leather-sneakers-from-nae-comfort-and-trend-for-an-eco-conscious-urban-style\/","title":{"rendered":"Dara White lightweight vegan leather sneakers from Nae: Comfort and Trend for an Eco-conscious Urban Style"},"content":{"rendered":"\n<p>Do you live a hectic pace and appreciate the relaxed look of urban fashion? You are looking for <strong>trendy women&#8217;s leather sneakers<\/strong>, combining current aesthetics, comfort, and durability, all with uncompromising respect for our environment?<\/p>\n\n\n\n<p>Embrace difference with <strong>Dara White<\/strong> by Nae, the minimalist sneaker in recycled material that is committed to following you in all your daily challenges while affirming your dedication to a way of eco-responsible living.<\/p>\n\n\n\n<p>En chaussant les <strong>Dara White<\/strong> :<\/p>\n\n\n<style>.wp-block-kadence-iconlist.kt-svg-icon-list-items12291_4e8e40-0d:not(.this-stops-third-party-issues){margin-top:0px;margin-bottom:0px;}.wp-block-kadence-iconlist.kt-svg-icon-list-items12291_4e8e40-0d ul.kt-svg-icon-list:not(.this-prevents-issues):not(.this-stops-third-party-issues):not(.tijsloc){margin-top:0px;margin-right:0px;margin-bottom:var(--global-kb-spacing-sm, 1.5rem);margin-left:0px;}.wp-block-kadence-iconlist.kt-svg-icon-list-items12291_4e8e40-0d ul.kt-svg-icon-list{grid-row-gap:5px;}.wp-block-kadence-iconlist.kt-svg-icon-list-items12291_4e8e40-0d .kb-svg-icon-wrap{font-size:18px;color:var(--global-palette1, #3182CE);}.wp-block-kadence-iconlist.kt-svg-icon-list-items12291_4e8e40-0d ul.kt-svg-icon-list .kt-svg-icon-list-item-wrap .kt-svg-icon-list-single{margin-right:10px;}.kt-svg-icon-list-items12291_4e8e40-0d ul.kt-svg-icon-list .kt-svg-icon-list-level-0 .kt-svg-icon-list-single svg{font-size:20px;}<\/style>\n<div class=\"wp-block-kadence-iconlist kt-svg-icon-list-items kt-svg-icon-list-items12291_4e8e40-0d kt-svg-icon-list-columns-1 alignnone\"><ul class=\"kt-svg-icon-list\"><style>.kt-svg-icon-list-item-1813_8e9609-67 .kt-svg-icon-list-text mark.kt-highlight{background-color:unset;font-style:normal;color:#f76a0c;-webkit-box-decoration-break:clone;box-decoration-break:clone;padding-top:0px;padding-right:0px;padding-bottom:0px;padding-left:0px;}<\/style>\n<li class=\"wp-block-kadence-listitem kt-svg-icon-list-item-wrap kt-svg-icon-list-item-1813_8e9609-67\"><span class=\"kb-svg-icon-wrap kb-svg-icon-fe_checkCircle kt-svg-icon-list-single\"><svg viewBox=\"0 0 24 24\"  fill=\"none\" stroke=\"currentColor\" stroke-width=\"3\" stroke-linecap=\"round\" stroke-linejoin=\"round\" xmlns=\"http:\/\/www.w3.org\/2000\/svg\"  aria-hidden=\"true\"><path d=\"M22 11.08V12a10 10 0 1 1-5.93-9.14\"\/><polyline points=\"22 4 12 14.01 9 11.01\"\/><\/svg><\/span><span class=\"kt-svg-icon-list-text\">Imagine a feeling of freedom and comfort in every step, thanks to a moisture-wicking EVA rubber sole and an antibacterial lining that keeps odors at bay.<\/span><\/li>\n\n\n<style>.kt-svg-icon-list-item-1813_6b7c83-c4 .kt-svg-icon-list-text mark.kt-highlight{background-color:unset;font-style:normal;color:#f76a0c;-webkit-box-decoration-break:clone;box-decoration-break:clone;padding-top:0px;padding-right:0px;padding-bottom:0px;padding-left:0px;}<\/style>\n<li class=\"wp-block-kadence-listitem kt-svg-icon-list-item-wrap kt-svg-icon-list-item-1813_6b7c83-c4\"><span class=\"kb-svg-icon-wrap kb-svg-icon-fe_checkCircle kt-svg-icon-list-single\"><svg viewBox=\"0 0 24 24\"  fill=\"none\" stroke=\"currentColor\" stroke-width=\"3\" stroke-linecap=\"round\" stroke-linejoin=\"round\" xmlns=\"http:\/\/www.w3.org\/2000\/svg\"  aria-hidden=\"true\"><path d=\"M22 11.08V12a10 10 0 1 1-5.93-9.14\"\/><polyline points=\"22 4 12 14.01 9 11.01\"\/><\/svg><\/span><span class=\"kt-svg-icon-list-text\">Breathe new life into your everyday wardrobe with these <strong>white leather women&#8217;s sneakers<\/strong>, featuring soft shades of pink and lilac, bringing irresistible modernity to every outfit.<\/span><\/li>\n\n\n<style>.kt-svg-icon-list-item-1813_a5a389-71 .kt-svg-icon-list-text mark.kt-highlight{background-color:unset;font-style:normal;color:#f76a0c;-webkit-box-decoration-break:clone;box-decoration-break:clone;padding-top:0px;padding-right:0px;padding-bottom:0px;padding-left:0px;}<\/style>\n<li class=\"wp-block-kadence-listitem kt-svg-icon-list-item-wrap kt-svg-icon-list-item-1813_a5a389-71\"><span class=\"kb-svg-icon-wrap kb-svg-icon-fe_checkCircle kt-svg-icon-list-single\"><svg viewBox=\"0 0 24 24\"  fill=\"none\" stroke=\"currentColor\" stroke-width=\"3\" stroke-linecap=\"round\" stroke-linejoin=\"round\" xmlns=\"http:\/\/www.w3.org\/2000\/svg\"  aria-hidden=\"true\"><path d=\"M22 11.08V12a10 10 0 1 1-5.93-9.14\"\/><polyline points=\"22 4 12 14.01 9 11.01\"\/><\/svg><\/span><span class=\"kt-svg-icon-list-text\">Walk towards a greener future with every step, thanks to manufacturing from fully recycled microfibers free of toxic substances.<\/span><\/li>\n<\/ul><\/div>\n\n\n\n<p>no blisters, no sweat, no cruelty&#8230;<\/p>\n\n\n\n<p>At the price of a classic pair of sneakers, opt for lasting comfort and a style that expresses your commitment.<\/p>\n\n\n\n<p>Alors, pr\u00eate \u00e0 vivre le style urbain chic avec les <strong>sneakers l\u00e9g\u00e8res en cuir vegan Dara White<\/strong> ? Our stocks are decreasing rapidly and this model is already popular with those who value eco-responsible fashion. Place your order today!<\/p>\n","protected":false},"excerpt":{"rendered":"<p>Dara White: Sports Sneakers for Active and Stylish Women. Opt for the excellence of women&#8217;s running sneakers with our iconic model, combining performance and urban style.\u201d<\/p>\n","protected":false},"featured_media":7589,"comment_status":"open","ping_status":"closed","template":"","meta":{"_acf_changed":false,"_kad_blocks_custom_css":"","_kad_blocks_head_custom_js":"","_kad_blocks_body_custom_js":"","_kad_blocks_footer_custom_js":"","_kad_post_transparent":"","_kad_post_title":"","_kad_post_layout":"","_kad_post_sidebar_id":"","_kad_post_content_style":"","_kad_post_vertical_padding":"","_kad_post_feature":"","_kad_post_feature_position":"","_kad_post_header":false,"_kad_post_footer":false,"_kad_post_classname":""},"product_brand":[],"product_cat":[385,340,386],"product_tag":[444,367],"product_brands":[686],"class_list":{"0":"post-12291","1":"product","2":"type-product","3":"status-publish","4":"has-post-thumbnail","6":"product_cat-baskets-en","7":"product_cat-shoes","8":"product_cat-sneakers-en","9":"product_tag-made-in-portugal-en","10":"product_tag-womens","11":"product_brands-nae-vegan-shoes-en","13":"first","14":"instock","15":"taxable","16":"shipping-taxable","17":"purchasable","18":"product-type-variable","19":"has-default-attributes","20":"entry","21":"content-bg","22":"loop-entry"},"acf":{"avantages":"\ud83d\udca7 Water-resistant to keep feet dry.\r\n\r\n\ud83c\udf2c\ufe0f Breathable for good air circulation and cool, dry feet.\r\n\r\n\ud83e\udda0 Antimicrobial for optimal hygiene and minimizing allergic reactions.\r\n\r\n\ud83c\udf31 Durable Material: Upper made from recycled microfibers and polyester.\r\n\r\n\u267b\ufe0f Recycled Cotton and Polyester Laces to reduce waste.\r\n\r\n\ud83d\udc9a CO2 emissions, water, and energy waste-free lining.\r\n\r\n\ud83d\udca4 Cushioned EVA Rubber Insole for comfort and moisture protection.\r\n\r\n\ud83d\udc5f Long-life, non-slip rubber outsole for optimal grip.\r\n\r\n\ud83c\uddf5\ud83c\uddf9 Made in Portugal with respect for the environment and fair working conditions.","entretien":"1. Clean the shoes with a cloth soaked in soapy water.\r\n\r\n2. Use a soft shoe brush soaked in soapy water for tough stains, gently rubbing in a circular motion.\r\n\r\n3. Remove the soap with a damp cloth.\r\n\r\n4. Let them air dry for 24 hours, avoiding direct exposure to sunlight.Caution:\r\n\r\n\u2022 Do not use cleaning cream.\u2022 Do not put your shoes in the washing machine.\r\n\r\n\u2022 Do not immerse them in water, as they may suffer irreversible damage.When you feel that your vegan shoes have reached their lifespan or you no longer need them, consider giving them a second life. Repurpose them for yourself, or pass them on to someone else.","marque":""},"taxonomy_info":{"product_cat":[{"value":385,"label":"Baskets"},{"value":340,"label":"Shoes"},{"value":386,"label":"Sneakers"}],"product_tag":[{"value":444,"label":"Made in Portugal"},{"value":367,"label":"womens boutique"}],"product_brands":[{"value":686,"label":"NAE Vegan Shoes"}]},"featured_image_src_large":["https:\/\/ekomfort.lu\/wp-content\/uploads\/2023\/06\/Dara-White-Baskets-femme-running-sneakers-sport-ekomfort.jpg",700,700,false],"author_info":[],"comment_info":0,"_links":{"self":[{"href":"https:\/\/ekomfort.lu\/en\/wp-json\/wp\/v2\/product\/12291","targetHints":{"allow":["GET"]}}],"collection":[{"href":"https:\/\/ekomfort.lu\/en\/wp-json\/wp\/v2\/product"}],"about":[{"href":"https:\/\/ekomfort.lu\/en\/wp-json\/wp\/v2\/types\/product"}],"replies":[{"embeddable":true,"href":"https:\/\/ekomfort.lu\/en\/wp-json\/wp\/v2\/comments?post=12291"}],"wp:featuredmedia":[{"embeddable":true,"href":"https:\/\/ekomfort.lu\/en\/wp-json\/wp\/v2\/media\/7589"}],"wp:attachment":[{"href":"https:\/\/ekomfort.lu\/en\/wp-json\/wp\/v2\/media?parent=12291"}],"wp:term":[{"taxonomy":"product_brand","embeddable":true,"href":"https:\/\/ekomfort.lu\/en\/wp-json\/wp\/v2\/product_brand?post=12291"},{"taxonomy":"product_cat","embeddable":true,"href":"https:\/\/ekomfort.lu\/en\/wp-json\/wp\/v2\/product_cat?post=12291"},{"taxonomy":"product_tag","embeddable":true,"href":"https:\/\/ekomfort.lu\/en\/wp-json\/wp\/v2\/product_tag?post=12291"},{"taxonomy":"product_brands","embeddable":true,"href":"https:\/\/ekomfort.lu\/en\/wp-json\/wp\/v2\/product_brands?post=12291"}],"curies":[{"name":"wp","href":"https:\/\/api.w.org\/{rel}","templated":true}]}}