{"id":12229,"date":"2023-06-13T22:10:27","date_gmt":"2023-06-13T20:10:27","guid":{"rendered":"https:\/\/ekomfort.lu\/shop\/nae-bali-green-recycled-pet-flat-sandals-reinvented-comfort-with-a-touch-of-environmental-responsibility"},"modified":"2024-07-01T12:10:34","modified_gmt":"2024-07-01T10:10:34","slug":"nae-bali-green-recycled-pet-flat-sandals-reinvented-comfort-with-a-touch-of-environmental-responsibility","status":"publish","type":"product","link":"https:\/\/ekomfort.lu\/en\/shop\/nae-bali-green-recycled-pet-flat-sandals-reinvented-comfort-with-a-touch-of-environmental-responsibility\/","title":{"rendered":"Nae Bali Green Recycled PET Flat Sandals: Reinvented Comfort With a Touch of Environmental Responsibility"},"content":{"rendered":"\n<p>You are looking for <strong>comfortable flat sandals<\/strong> that combine sustainability, ethics, and give you the feeling of walking on a cushion of softness? Do you want to make each of your steps an act of respect for our planet?<\/p>\n\n\n\n<p>D\u00e9couvrez les <strong>Bali Green<\/strong>, une paire de <strong>belles sandales plates en PET recycl\u00e9<\/strong> \u00e0 talon ouvert et doubles brides crois\u00e9es, fabriqu\u00e9es \u00e0 partir de PET recycl\u00e9.<\/p>\n\n\n\n<p>Sur les pas des <strong>Bali Green<\/strong> :<\/p>\n\n\n<style>.wp-block-kadence-iconlist.kt-svg-icon-list-items12229_966468-7b:not(.this-stops-third-party-issues){margin-top:0px;margin-bottom:0px;}.wp-block-kadence-iconlist.kt-svg-icon-list-items12229_966468-7b ul.kt-svg-icon-list:not(.this-prevents-issues):not(.this-stops-third-party-issues):not(.tijsloc){margin-top:0px;margin-right:0px;margin-bottom:var(--global-kb-spacing-sm, 1.5rem);margin-left:0px;}.wp-block-kadence-iconlist.kt-svg-icon-list-items12229_966468-7b ul.kt-svg-icon-list{grid-row-gap:5px;}.wp-block-kadence-iconlist.kt-svg-icon-list-items12229_966468-7b .kb-svg-icon-wrap{font-size:18px;color:var(--global-palette1, #3182CE);}.wp-block-kadence-iconlist.kt-svg-icon-list-items12229_966468-7b ul.kt-svg-icon-list .kt-svg-icon-list-item-wrap .kt-svg-icon-list-single{margin-right:10px;}.kt-svg-icon-list-items12229_966468-7b ul.kt-svg-icon-list .kt-svg-icon-list-level-0 .kt-svg-icon-list-single svg{font-size:20px;}<\/style>\n<div class=\"wp-block-kadence-iconlist kt-svg-icon-list-items kt-svg-icon-list-items12229_966468-7b kt-svg-icon-list-columns-1 alignnone\"><ul class=\"kt-svg-icon-list\"><style>.kt-svg-icon-list-item-1926_1b789b-cc .kt-svg-icon-list-text mark.kt-highlight{background-color:unset;font-style:normal;color:#f76a0c;-webkit-box-decoration-break:clone;box-decoration-break:clone;padding-top:0px;padding-right:0px;padding-bottom:0px;padding-left:0px;}<\/style>\n<li class=\"wp-block-kadence-listitem kt-svg-icon-list-item-wrap kt-svg-icon-list-item-1926_1b789b-cc\"><span class=\"kb-svg-icon-wrap kb-svg-icon-fe_checkCircle kt-svg-icon-list-single\"><svg viewBox=\"0 0 24 24\"  fill=\"none\" stroke=\"currentColor\" stroke-width=\"3\" stroke-linecap=\"round\" stroke-linejoin=\"round\" xmlns=\"http:\/\/www.w3.org\/2000\/svg\"  aria-hidden=\"true\"><path d=\"M22 11.08V12a10 10 0 1 1-5.93-9.14\"\/><polyline points=\"22 4 12 14.01 9 11.01\"\/><\/svg><\/span><span class=\"kt-svg-icon-list-text\">Walk with complete peace of mind, on country lanes or city streets, thanks to a lightweight, robust and non-slip recycled tire outsole.<\/span><\/li>\n\n\n<style>.kt-svg-icon-list-item-1926_63df47-af .kt-svg-icon-list-text mark.kt-highlight{background-color:unset;font-style:normal;color:#f76a0c;-webkit-box-decoration-break:clone;box-decoration-break:clone;padding-top:0px;padding-right:0px;padding-bottom:0px;padding-left:0px;}<\/style>\n<li class=\"wp-block-kadence-listitem kt-svg-icon-list-item-wrap kt-svg-icon-list-item-1926_63df47-af\"><span class=\"kb-svg-icon-wrap kb-svg-icon-fe_checkCircle kt-svg-icon-list-single\"><svg viewBox=\"0 0 24 24\"  fill=\"none\" stroke=\"currentColor\" stroke-width=\"3\" stroke-linecap=\"round\" stroke-linejoin=\"round\" xmlns=\"http:\/\/www.w3.org\/2000\/svg\"  aria-hidden=\"true\"><path d=\"M22 11.08V12a10 10 0 1 1-5.93-9.14\"\/><polyline points=\"22 4 12 14.01 9 11.01\"\/><\/svg><\/span><span class=\"kt-svg-icon-list-text\">Feel comfort with every step with an ergonomic, soft, breathable and moisture-wicking insole, which regulates your perspiration and perfectly supports the arch of your foot.<\/span><\/li>\n\n\n<style>.kt-svg-icon-list-item-1926_e6c8bb-88 .kt-svg-icon-list-text mark.kt-highlight{background-color:unset;font-style:normal;color:#f76a0c;-webkit-box-decoration-break:clone;box-decoration-break:clone;padding-top:0px;padding-right:0px;padding-bottom:0px;padding-left:0px;}<\/style>\n<li class=\"wp-block-kadence-listitem kt-svg-icon-list-item-wrap kt-svg-icon-list-item-1926_e6c8bb-88\"><span class=\"kb-svg-icon-wrap kb-svg-icon-fe_checkCircle kt-svg-icon-list-single\"><svg viewBox=\"0 0 24 24\"  fill=\"none\" stroke=\"currentColor\" stroke-width=\"3\" stroke-linecap=\"round\" stroke-linejoin=\"round\" xmlns=\"http:\/\/www.w3.org\/2000\/svg\"  aria-hidden=\"true\"><path d=\"M22 11.08V12a10 10 0 1 1-5.93-9.14\"\/><polyline points=\"22 4 12 14.01 9 11.01\"\/><\/svg><\/span><span class=\"kt-svg-icon-list-text\">Show off a fresh and timeless style with the two crossed straps with a clean design, which bring a touch of elegance to all your outfits.<\/span><\/li>\n<\/ul><\/div>\n\n\n\n<p>No cruelty, no toxins, just comfort and satisfaction&#8230;<\/p>\n\n\n\n<p>Imagine the long-term savings by investing in <strong>flat sandals in recycled PET<\/strong> that will withstand the years, while respecting the Earth that welcomes us.<\/p>\n\n\n\n<p>So, are you ready to savor a revolutionary walking experience with the <strong>Bali Green<\/strong>? This model is in high demand and stocks are running out quickly. Don&#8217;t miss this great opportunity!<\/p>\n","protected":false},"excerpt":{"rendered":"<p>On ladies&#8217; feet, the &#8220;Bali Green&#8221; open-toe flat sandals reveal the elegance of preserved nature. Comfortable and eco-responsible, they celebrate the harmonious alliance between style and environmental awareness.<\/p>\n","protected":false},"featured_media":7617,"comment_status":"open","ping_status":"closed","template":"","meta":{"_acf_changed":false,"_kad_blocks_custom_css":"","_kad_blocks_head_custom_js":"","_kad_blocks_body_custom_js":"","_kad_blocks_footer_custom_js":"","_kad_post_transparent":"","_kad_post_title":"","_kad_post_layout":"","_kad_post_sidebar_id":"","_kad_post_content_style":"","_kad_post_vertical_padding":"","_kad_post_feature":"","_kad_post_feature_position":"","_kad_post_header":false,"_kad_post_footer":false,"_kad_post_classname":""},"product_brand":[],"product_cat":[370,340],"product_tag":[444,373],"product_brands":[686],"class_list":{"0":"post-12229","1":"product","2":"type-product","3":"status-publish","4":"has-post-thumbnail","6":"product_cat-sandales-en","7":"product_cat-shoes","8":"product_tag-made-in-portugal-en","9":"product_tag-unisex","10":"product_brands-nae-vegan-shoes-en","12":"first","13":"instock","14":"taxable","15":"shipping-taxable","16":"purchasable","17":"product-type-variable","18":"has-default-attributes","19":"entry","20":"content-bg","21":"loop-entry"},"acf":{"avantages":"\ud83c\udf2c\ufe0f Breathable: Promote good air circulation and prevent excessive sweating.\r\n\r\n\ud83c\udf31 Antimicrobial and Hypoallergenic: Maintain optimal hygiene and minimize allergy risks.\r\n\r\n\ud83d\udc4c Safe for Health: Use materials that are safe for the consumer.\r\n\r\n\ud83c\udf0d Eco-friendly: Straps or outer layer made from recycled PET to reduce plastic waste.\r\n\r\n\ud83d\udc5f Optimal Comfort: Ergonomic insole made of organic cork and rubber, laminated with microfiber.\r\n\r\n\ud83d\udd1d Maximum Durability: Long-life and non-slip outsole made from recycled tire rubber for optimal grip and durability.\r\n\r\n\ud83c\uddf5\ud83c\uddf9 Made in Portugal: Carefully made in Portugal using eco-friendly materials and sustainable manufacturing processes.","entretien":"1. Clean the sandals with a cloth soaked in soapy water.\r\n\r\n2. Use a soft shoe brush, also soaked in soapy water, for tough stains and scrub in a circular motion.\r\n\r\n3. Remove the soap with a damp cloth.4. Before wearing your shoes again, let them air dry without direct exposure to sunlight.Caution:\r\n\r\n\u2022 Do not use cleaning cream.\r\n\r\n\u2022 Do not put your shoes in the washing machine.\r\n\r\n\u2022 Do not immerse them in water, as this could cause irreversible damage.When you feel that your vegan shoes have reached their lifespan or you no longer need them, consider giving them a second life.Repurpose them for yourself or give them to someone else.","marque":""},"taxonomy_info":{"product_cat":[{"value":370,"label":"Sandales"},{"value":340,"label":"Shoes"}],"product_tag":[{"value":444,"label":"Made in Portugal"},{"value":373,"label":"Unisex"}],"product_brands":[{"value":686,"label":"NAE Vegan Shoes"}]},"featured_image_src_large":["https:\/\/ekomfort.lu\/wp-content\/uploads\/2023\/06\/sandales-vegan-bali-green-cuir-naturel-ekomfort-1024x1024.jpg",1024,1024,true],"author_info":[],"comment_info":0,"_links":{"self":[{"href":"https:\/\/ekomfort.lu\/en\/wp-json\/wp\/v2\/product\/12229","targetHints":{"allow":["GET"]}}],"collection":[{"href":"https:\/\/ekomfort.lu\/en\/wp-json\/wp\/v2\/product"}],"about":[{"href":"https:\/\/ekomfort.lu\/en\/wp-json\/wp\/v2\/types\/product"}],"replies":[{"embeddable":true,"href":"https:\/\/ekomfort.lu\/en\/wp-json\/wp\/v2\/comments?post=12229"}],"wp:featuredmedia":[{"embeddable":true,"href":"https:\/\/ekomfort.lu\/en\/wp-json\/wp\/v2\/media\/7617"}],"wp:attachment":[{"href":"https:\/\/ekomfort.lu\/en\/wp-json\/wp\/v2\/media?parent=12229"}],"wp:term":[{"taxonomy":"product_brand","embeddable":true,"href":"https:\/\/ekomfort.lu\/en\/wp-json\/wp\/v2\/product_brand?post=12229"},{"taxonomy":"product_cat","embeddable":true,"href":"https:\/\/ekomfort.lu\/en\/wp-json\/wp\/v2\/product_cat?post=12229"},{"taxonomy":"product_tag","embeddable":true,"href":"https:\/\/ekomfort.lu\/en\/wp-json\/wp\/v2\/product_tag?post=12229"},{"taxonomy":"product_brands","embeddable":true,"href":"https:\/\/ekomfort.lu\/en\/wp-json\/wp\/v2\/product_brands?post=12229"}],"curies":[{"name":"wp","href":"https:\/\/api.w.org\/{rel}","templated":true}]}}